{"id":11669,"date":"2026-02-05T10:30:56","date_gmt":"2026-02-05T10:30:56","guid":{"rendered":"https:\/\/cgf.janz.pt\/?post_type=product&#038;p=11669"},"modified":"2026-02-18T09:10:28","modified_gmt":"2026-02-18T09:10:28","slug":"telemetria-radio-lorawan-wm-bus","status":"publish","type":"product","link":"https:\/\/cgf.janz.pt\/it\/produto\/telemetria-radio-lorawan-wm-bus\/","title":{"rendered":"Radio Add-on LoRaWAN e wM-Bus"},"content":{"rendered":"<p>Radio add-on per la telemetria LPWA LoRaWAN e wM-Bus dei contatori dell&#8217;acqua<\/p>\n","protected":false},"excerpt":{"rendered":"<p>Radio per telemetria LPWA LoRaWAN e wM-Bus<\/p>\n","protected":false},"featured_media":11678,"template":"","meta":{"_acf_changed":false,"_monsterinsights_skip_tracking":false,"_monsterinsights_sitenote_active":false,"_monsterinsights_sitenote_note":"","_monsterinsights_sitenote_category":0},"product_brand":[],"product_cat":[454,455,499],"product_tag":[],"class_list":{"0":"post-11669","1":"product","2":"type-product","3":"status-publish","4":"has-post-thumbnail","6":"product_cat-contatore-dellacqua","7":"product_cat-global-it","8":"product_cat-tecnologia-it","10":"first","11":"instock","12":"shipping-taxable","13":"product-type-simple"},"acf":[],"yoast_head":"<!-- This site is optimized with the Yoast SEO plugin v26.9 - https:\/\/yoast.com\/product\/yoast-seo-wordpress\/ -->\n<title>Telemetria: Radio LoRaWAN e wM-Bus<\/title>\n<meta name=\"description\" content=\"Radio add-on per reti LPWA con telemetria LoRaWAN e wM-Bus offre facilit\u00e0 di implementazione, scalabilit\u00e0 e affidabilit\u00e0. Scopri di pi\u00f9...\" \/>\n<meta name=\"robots\" content=\"index, follow, max-snippet:-1, max-image-preview:large, max-video-preview:-1\" \/>\n<link rel=\"canonical\" href=\"https:\/\/cgf.janz.pt\/it\/produto\/telemetria-radio-lorawan-wm-bus\/\" \/>\n<meta property=\"og:locale\" content=\"it_IT\" \/>\n<meta property=\"og:type\" content=\"article\" \/>\n<meta property=\"og:title\" content=\"Telemetria: Radio LoRaWAN e wM-Bus\" \/>\n<meta property=\"og:description\" content=\"Radio add-on per reti LPWA con telemetria LoRaWAN e wM-Bus offre facilit\u00e0 di implementazione, scalabilit\u00e0 e affidabilit\u00e0. Scopri di pi\u00f9...\" \/>\n<meta property=\"og:url\" content=\"https:\/\/cgf.janz.pt\/it\/produto\/telemetria-radio-lorawan-wm-bus\/\" \/>\n<meta property=\"og:site_name\" content=\"Janz - Contagem e Gest\u00e3o de Flu\u00eddos S.A.\" \/>\n<meta property=\"article:modified_time\" content=\"2026-02-18T09:10:28+00:00\" \/>\n<meta property=\"og:image\" content=\"https:\/\/cgf.janz.pt\/wp-content\/uploads\/2026\/02\/Janz_Radio_LoRaWAN_wM-Bus_short-1024x881.png\" \/>\n\t<meta property=\"og:image:width\" content=\"1024\" \/>\n\t<meta property=\"og:image:height\" content=\"881\" \/>\n\t<meta property=\"og:image:type\" content=\"image\/png\" \/>\n<meta name=\"twitter:card\" content=\"summary_large_image\" \/>\n<meta name=\"twitter:label1\" content=\"Tempo di lettura stimato\" \/>\n\t<meta name=\"twitter:data1\" content=\"1 minuto\" \/>\n<script type=\"application\/ld+json\" class=\"yoast-schema-graph\">{\"@context\":\"https:\/\/schema.org\",\"@graph\":[{\"@type\":\"WebPage\",\"@id\":\"https:\/\/cgf.janz.pt\/it\/produto\/telemetria-radio-lorawan-wm-bus\/\",\"url\":\"https:\/\/cgf.janz.pt\/it\/produto\/telemetria-radio-lorawan-wm-bus\/\",\"name\":\"Telemetria: Radio LoRaWAN e wM-Bus\",\"isPartOf\":{\"@id\":\"https:\/\/cgf.janz.pt\/#website\"},\"primaryImageOfPage\":{\"@id\":\"https:\/\/cgf.janz.pt\/it\/produto\/telemetria-radio-lorawan-wm-bus\/#primaryimage\"},\"image\":{\"@id\":\"https:\/\/cgf.janz.pt\/it\/produto\/telemetria-radio-lorawan-wm-bus\/#primaryimage\"},\"thumbnailUrl\":\"https:\/\/cgf.janz.pt\/wp-content\/uploads\/2026\/02\/Janz_Radio_LoRaWAN_wM-Bus_short.png\",\"datePublished\":\"2026-02-05T10:30:56+00:00\",\"dateModified\":\"2026-02-18T09:10:28+00:00\",\"description\":\"Radio add-on per reti LPWA con telemetria LoRaWAN e wM-Bus offre facilit\u00e0 di implementazione, scalabilit\u00e0 e affidabilit\u00e0. Scopri di pi\u00f9...\",\"breadcrumb\":{\"@id\":\"https:\/\/cgf.janz.pt\/it\/produto\/telemetria-radio-lorawan-wm-bus\/#breadcrumb\"},\"inLanguage\":\"it-IT\",\"potentialAction\":[{\"@type\":\"ReadAction\",\"target\":[\"https:\/\/cgf.janz.pt\/it\/produto\/telemetria-radio-lorawan-wm-bus\/\"]}]},{\"@type\":\"ImageObject\",\"inLanguage\":\"it-IT\",\"@id\":\"https:\/\/cgf.janz.pt\/it\/produto\/telemetria-radio-lorawan-wm-bus\/#primaryimage\",\"url\":\"https:\/\/cgf.janz.pt\/wp-content\/uploads\/2026\/02\/Janz_Radio_LoRaWAN_wM-Bus_short.png\",\"contentUrl\":\"https:\/\/cgf.janz.pt\/wp-content\/uploads\/2026\/02\/Janz_Radio_LoRaWAN_wM-Bus_short.png\",\"width\":1944,\"height\":1672},{\"@type\":\"BreadcrumbList\",\"@id\":\"https:\/\/cgf.janz.pt\/it\/produto\/telemetria-radio-lorawan-wm-bus\/#breadcrumb\",\"itemListElement\":[{\"@type\":\"ListItem\",\"position\":1,\"name\":\"In\u00edcio\",\"item\":\"https:\/\/cgf.janz.pt\/it\/\"},{\"@type\":\"ListItem\",\"position\":2,\"name\":\"Products\",\"item\":\"https:\/\/cgf.janz.pt\/en\/contadores-de-agua\/\"},{\"@type\":\"ListItem\",\"position\":3,\"name\":\"Radio Add-on LoRaWAN e wM-Bus\"}]},{\"@type\":\"WebSite\",\"@id\":\"https:\/\/cgf.janz.pt\/#website\",\"url\":\"https:\/\/cgf.janz.pt\/\",\"name\":\"Janz - Contagem e Gest\u00e3o de Flu\u00eddos S.A.\",\"description\":\"Fabrica, comercializa e distribu\u00ed contadores de \u00e0gua, pe\u00e7as de precis\u00e3o e injec\u00e7\u00e3o de pl\u00e1sticos\",\"potentialAction\":[{\"@type\":\"SearchAction\",\"target\":{\"@type\":\"EntryPoint\",\"urlTemplate\":\"https:\/\/cgf.janz.pt\/?s={search_term_string}\"},\"query-input\":{\"@type\":\"PropertyValueSpecification\",\"valueRequired\":true,\"valueName\":\"search_term_string\"}}],\"inLanguage\":\"it-IT\"}]}<\/script>\n<!-- \/ Yoast SEO plugin. -->","yoast_head_json":{"title":"Telemetria: Radio LoRaWAN e wM-Bus","description":"Radio add-on per reti LPWA con telemetria LoRaWAN e wM-Bus offre facilit\u00e0 di implementazione, scalabilit\u00e0 e affidabilit\u00e0. Scopri di pi\u00f9...","robots":{"index":"index","follow":"follow","max-snippet":"max-snippet:-1","max-image-preview":"max-image-preview:large","max-video-preview":"max-video-preview:-1"},"canonical":"https:\/\/cgf.janz.pt\/it\/produto\/telemetria-radio-lorawan-wm-bus\/","og_locale":"it_IT","og_type":"article","og_title":"Telemetria: Radio LoRaWAN e wM-Bus","og_description":"Radio add-on per reti LPWA con telemetria LoRaWAN e wM-Bus offre facilit\u00e0 di implementazione, scalabilit\u00e0 e affidabilit\u00e0. Scopri di pi\u00f9...","og_url":"https:\/\/cgf.janz.pt\/it\/produto\/telemetria-radio-lorawan-wm-bus\/","og_site_name":"Janz - Contagem e Gest\u00e3o de Flu\u00eddos S.A.","article_modified_time":"2026-02-18T09:10:28+00:00","og_image":[{"width":1024,"height":881,"url":"https:\/\/cgf.janz.pt\/wp-content\/uploads\/2026\/02\/Janz_Radio_LoRaWAN_wM-Bus_short-1024x881.png","type":"image\/png"}],"twitter_card":"summary_large_image","twitter_misc":{"Tempo di lettura stimato":"1 minuto"},"schema":{"@context":"https:\/\/schema.org","@graph":[{"@type":"WebPage","@id":"https:\/\/cgf.janz.pt\/it\/produto\/telemetria-radio-lorawan-wm-bus\/","url":"https:\/\/cgf.janz.pt\/it\/produto\/telemetria-radio-lorawan-wm-bus\/","name":"Telemetria: Radio LoRaWAN e wM-Bus","isPartOf":{"@id":"https:\/\/cgf.janz.pt\/#website"},"primaryImageOfPage":{"@id":"https:\/\/cgf.janz.pt\/it\/produto\/telemetria-radio-lorawan-wm-bus\/#primaryimage"},"image":{"@id":"https:\/\/cgf.janz.pt\/it\/produto\/telemetria-radio-lorawan-wm-bus\/#primaryimage"},"thumbnailUrl":"https:\/\/cgf.janz.pt\/wp-content\/uploads\/2026\/02\/Janz_Radio_LoRaWAN_wM-Bus_short.png","datePublished":"2026-02-05T10:30:56+00:00","dateModified":"2026-02-18T09:10:28+00:00","description":"Radio add-on per reti LPWA con telemetria LoRaWAN e wM-Bus offre facilit\u00e0 di implementazione, scalabilit\u00e0 e affidabilit\u00e0. Scopri di pi\u00f9...","breadcrumb":{"@id":"https:\/\/cgf.janz.pt\/it\/produto\/telemetria-radio-lorawan-wm-bus\/#breadcrumb"},"inLanguage":"it-IT","potentialAction":[{"@type":"ReadAction","target":["https:\/\/cgf.janz.pt\/it\/produto\/telemetria-radio-lorawan-wm-bus\/"]}]},{"@type":"ImageObject","inLanguage":"it-IT","@id":"https:\/\/cgf.janz.pt\/it\/produto\/telemetria-radio-lorawan-wm-bus\/#primaryimage","url":"https:\/\/cgf.janz.pt\/wp-content\/uploads\/2026\/02\/Janz_Radio_LoRaWAN_wM-Bus_short.png","contentUrl":"https:\/\/cgf.janz.pt\/wp-content\/uploads\/2026\/02\/Janz_Radio_LoRaWAN_wM-Bus_short.png","width":1944,"height":1672},{"@type":"BreadcrumbList","@id":"https:\/\/cgf.janz.pt\/it\/produto\/telemetria-radio-lorawan-wm-bus\/#breadcrumb","itemListElement":[{"@type":"ListItem","position":1,"name":"In\u00edcio","item":"https:\/\/cgf.janz.pt\/it\/"},{"@type":"ListItem","position":2,"name":"Products","item":"https:\/\/cgf.janz.pt\/en\/contadores-de-agua\/"},{"@type":"ListItem","position":3,"name":"Radio Add-on LoRaWAN e wM-Bus"}]},{"@type":"WebSite","@id":"https:\/\/cgf.janz.pt\/#website","url":"https:\/\/cgf.janz.pt\/","name":"Janz - Contagem e Gest\u00e3o de Flu\u00eddos S.A.","description":"Fabrica, comercializa e distribu\u00ed contadores de \u00e0gua, pe\u00e7as de precis\u00e3o e injec\u00e7\u00e3o de pl\u00e1sticos","potentialAction":[{"@type":"SearchAction","target":{"@type":"EntryPoint","urlTemplate":"https:\/\/cgf.janz.pt\/?s={search_term_string}"},"query-input":{"@type":"PropertyValueSpecification","valueRequired":true,"valueName":"search_term_string"}}],"inLanguage":"it-IT"}]}},"_links":{"self":[{"href":"https:\/\/cgf.janz.pt\/it\/wp-json\/wp\/v2\/product\/11669","targetHints":{"allow":["GET"]}}],"collection":[{"href":"https:\/\/cgf.janz.pt\/it\/wp-json\/wp\/v2\/product"}],"about":[{"href":"https:\/\/cgf.janz.pt\/it\/wp-json\/wp\/v2\/types\/product"}],"wp:featuredmedia":[{"embeddable":true,"href":"https:\/\/cgf.janz.pt\/it\/wp-json\/wp\/v2\/media\/11678"}],"wp:attachment":[{"href":"https:\/\/cgf.janz.pt\/it\/wp-json\/wp\/v2\/media?parent=11669"}],"wp:term":[{"taxonomy":"product_brand","embeddable":true,"href":"https:\/\/cgf.janz.pt\/it\/wp-json\/wp\/v2\/product_brand?post=11669"},{"taxonomy":"product_cat","embeddable":true,"href":"https:\/\/cgf.janz.pt\/it\/wp-json\/wp\/v2\/product_cat?post=11669"},{"taxonomy":"product_tag","embeddable":true,"href":"https:\/\/cgf.janz.pt\/it\/wp-json\/wp\/v2\/product_tag?post=11669"}],"curies":[{"name":"wp","href":"https:\/\/api.w.org\/{rel}","templated":true}]}}