{"id":11253,"date":"2025-08-25T16:02:33","date_gmt":"2025-08-25T15:02:33","guid":{"rendered":"https:\/\/cgf.janz.pt\/?post_type=product&#038;p=11253"},"modified":"2025-10-01T15:16:11","modified_gmt":"2025-10-01T14:16:11","slug":"telemetria-radio-add-on-esterna","status":"publish","type":"product","link":"https:\/\/cgf.janz.pt\/it\/produto\/telemetria-radio-add-on-esterna\/","title":{"rendered":"Telemetria Radio Add-on Esterna"},"content":{"rendered":"<p>Radio Add-on Esterna per la telemetria LPWA dei contatori dell&#8217;acqua<\/p>\n","protected":false},"excerpt":{"rendered":"<p>Radio Esterna per Telemetria LPWA (LoRaWAN &amp; wM-bus)<\/p>\n","protected":false},"featured_media":11289,"template":"","meta":{"_acf_changed":false,"_monsterinsights_skip_tracking":false,"_monsterinsights_sitenote_active":false,"_monsterinsights_sitenote_note":"","_monsterinsights_sitenote_category":0},"product_brand":[],"product_cat":[454,455,499],"product_tag":[],"class_list":{"0":"post-11253","1":"product","2":"type-product","3":"status-publish","4":"has-post-thumbnail","6":"product_cat-contatore-dellacqua","7":"product_cat-global-it","8":"product_cat-tecnologia-it","10":"first","11":"instock","12":"shipping-taxable","13":"product-type-simple"},"acf":[],"yoast_head":"<!-- This site is optimized with the Yoast SEO plugin v26.9 - https:\/\/yoast.com\/product\/yoast-seo-wordpress\/ -->\n<title>Telemetria: Radio Add-on Esterna<\/title>\n<meta name=\"description\" content=\"Radio Add-on Esterna basa la sua tecnologia sulle reti LPWA, offrendo facilit\u00e0 di implementazione, scalabilit\u00e0 e affidabilit\u00e0. Per saperne di pi\u00f9...\" \/>\n<meta name=\"robots\" content=\"index, follow, max-snippet:-1, max-image-preview:large, max-video-preview:-1\" \/>\n<link rel=\"canonical\" href=\"https:\/\/cgf.janz.pt\/it\/produto\/telemetria-radio-add-on-esterna\/\" \/>\n<meta property=\"og:locale\" content=\"it_IT\" \/>\n<meta property=\"og:type\" content=\"article\" \/>\n<meta property=\"og:title\" content=\"Telemetria: Radio Add-on Esterna\" \/>\n<meta property=\"og:description\" content=\"Radio Add-on Esterna basa la sua tecnologia sulle reti LPWA, offrendo facilit\u00e0 di implementazione, scalabilit\u00e0 e affidabilit\u00e0. Per saperne di pi\u00f9...\" \/>\n<meta property=\"og:url\" content=\"https:\/\/cgf.janz.pt\/it\/produto\/telemetria-radio-add-on-esterna\/\" \/>\n<meta property=\"og:site_name\" content=\"Janz - Contagem e Gest\u00e3o de Flu\u00eddos S.A.\" \/>\n<meta property=\"article:modified_time\" content=\"2025-10-01T14:16:11+00:00\" \/>\n<meta property=\"og:image\" content=\"https:\/\/cgf.janz.pt\/wp-content\/uploads\/2025\/08\/ADD_ON_EXTERNO_05-8-622-9012-0.png\" \/>\n\t<meta property=\"og:image:width\" content=\"1920\" \/>\n\t<meta property=\"og:image:height\" content=\"1080\" \/>\n\t<meta property=\"og:image:type\" content=\"image\/png\" \/>\n<meta name=\"twitter:card\" content=\"summary_large_image\" \/>\n<meta name=\"twitter:label1\" content=\"Tempo di lettura stimato\" \/>\n\t<meta name=\"twitter:data1\" content=\"1 minuto\" \/>\n<script type=\"application\/ld+json\" class=\"yoast-schema-graph\">{\"@context\":\"https:\/\/schema.org\",\"@graph\":[{\"@type\":\"WebPage\",\"@id\":\"https:\/\/cgf.janz.pt\/it\/produto\/telemetria-radio-add-on-esterna\/\",\"url\":\"https:\/\/cgf.janz.pt\/it\/produto\/telemetria-radio-add-on-esterna\/\",\"name\":\"Telemetria: Radio Add-on Esterna\",\"isPartOf\":{\"@id\":\"https:\/\/cgf.janz.pt\/#website\"},\"primaryImageOfPage\":{\"@id\":\"https:\/\/cgf.janz.pt\/it\/produto\/telemetria-radio-add-on-esterna\/#primaryimage\"},\"image\":{\"@id\":\"https:\/\/cgf.janz.pt\/it\/produto\/telemetria-radio-add-on-esterna\/#primaryimage\"},\"thumbnailUrl\":\"https:\/\/cgf.janz.pt\/wp-content\/uploads\/2025\/08\/ADD_ON_EXTERNO_05-8-622-9012-0.png\",\"datePublished\":\"2025-08-25T15:02:33+00:00\",\"dateModified\":\"2025-10-01T14:16:11+00:00\",\"description\":\"Radio Add-on Esterna basa la sua tecnologia sulle reti LPWA, offrendo facilit\u00e0 di implementazione, scalabilit\u00e0 e affidabilit\u00e0. Per saperne di pi\u00f9...\",\"breadcrumb\":{\"@id\":\"https:\/\/cgf.janz.pt\/it\/produto\/telemetria-radio-add-on-esterna\/#breadcrumb\"},\"inLanguage\":\"it-IT\",\"potentialAction\":[{\"@type\":\"ReadAction\",\"target\":[\"https:\/\/cgf.janz.pt\/it\/produto\/telemetria-radio-add-on-esterna\/\"]}]},{\"@type\":\"ImageObject\",\"inLanguage\":\"it-IT\",\"@id\":\"https:\/\/cgf.janz.pt\/it\/produto\/telemetria-radio-add-on-esterna\/#primaryimage\",\"url\":\"https:\/\/cgf.janz.pt\/wp-content\/uploads\/2025\/08\/ADD_ON_EXTERNO_05-8-622-9012-0.png\",\"contentUrl\":\"https:\/\/cgf.janz.pt\/wp-content\/uploads\/2025\/08\/ADD_ON_EXTERNO_05-8-622-9012-0.png\",\"width\":1920,\"height\":1080},{\"@type\":\"BreadcrumbList\",\"@id\":\"https:\/\/cgf.janz.pt\/it\/produto\/telemetria-radio-add-on-esterna\/#breadcrumb\",\"itemListElement\":[{\"@type\":\"ListItem\",\"position\":1,\"name\":\"In\u00edcio\",\"item\":\"https:\/\/cgf.janz.pt\/it\/\"},{\"@type\":\"ListItem\",\"position\":2,\"name\":\"Products\",\"item\":\"https:\/\/cgf.janz.pt\/en\/contadores-de-agua\/\"},{\"@type\":\"ListItem\",\"position\":3,\"name\":\"Telemetria Radio Add-on Esterna\"}]},{\"@type\":\"WebSite\",\"@id\":\"https:\/\/cgf.janz.pt\/#website\",\"url\":\"https:\/\/cgf.janz.pt\/\",\"name\":\"Janz - Contagem e Gest\u00e3o de Flu\u00eddos S.A.\",\"description\":\"Fabrica, comercializa e distribu\u00ed contadores de \u00e0gua, pe\u00e7as de precis\u00e3o e injec\u00e7\u00e3o de pl\u00e1sticos\",\"potentialAction\":[{\"@type\":\"SearchAction\",\"target\":{\"@type\":\"EntryPoint\",\"urlTemplate\":\"https:\/\/cgf.janz.pt\/?s={search_term_string}\"},\"query-input\":{\"@type\":\"PropertyValueSpecification\",\"valueRequired\":true,\"valueName\":\"search_term_string\"}}],\"inLanguage\":\"it-IT\"}]}<\/script>\n<!-- \/ Yoast SEO plugin. -->","yoast_head_json":{"title":"Telemetria: Radio Add-on Esterna","description":"Radio Add-on Esterna basa la sua tecnologia sulle reti LPWA, offrendo facilit\u00e0 di implementazione, scalabilit\u00e0 e affidabilit\u00e0. Per saperne di pi\u00f9...","robots":{"index":"index","follow":"follow","max-snippet":"max-snippet:-1","max-image-preview":"max-image-preview:large","max-video-preview":"max-video-preview:-1"},"canonical":"https:\/\/cgf.janz.pt\/it\/produto\/telemetria-radio-add-on-esterna\/","og_locale":"it_IT","og_type":"article","og_title":"Telemetria: Radio Add-on Esterna","og_description":"Radio Add-on Esterna basa la sua tecnologia sulle reti LPWA, offrendo facilit\u00e0 di implementazione, scalabilit\u00e0 e affidabilit\u00e0. Per saperne di pi\u00f9...","og_url":"https:\/\/cgf.janz.pt\/it\/produto\/telemetria-radio-add-on-esterna\/","og_site_name":"Janz - Contagem e Gest\u00e3o de Flu\u00eddos S.A.","article_modified_time":"2025-10-01T14:16:11+00:00","og_image":[{"width":1920,"height":1080,"url":"https:\/\/cgf.janz.pt\/wp-content\/uploads\/2025\/08\/ADD_ON_EXTERNO_05-8-622-9012-0.png","type":"image\/png"}],"twitter_card":"summary_large_image","twitter_misc":{"Tempo di lettura stimato":"1 minuto"},"schema":{"@context":"https:\/\/schema.org","@graph":[{"@type":"WebPage","@id":"https:\/\/cgf.janz.pt\/it\/produto\/telemetria-radio-add-on-esterna\/","url":"https:\/\/cgf.janz.pt\/it\/produto\/telemetria-radio-add-on-esterna\/","name":"Telemetria: Radio Add-on Esterna","isPartOf":{"@id":"https:\/\/cgf.janz.pt\/#website"},"primaryImageOfPage":{"@id":"https:\/\/cgf.janz.pt\/it\/produto\/telemetria-radio-add-on-esterna\/#primaryimage"},"image":{"@id":"https:\/\/cgf.janz.pt\/it\/produto\/telemetria-radio-add-on-esterna\/#primaryimage"},"thumbnailUrl":"https:\/\/cgf.janz.pt\/wp-content\/uploads\/2025\/08\/ADD_ON_EXTERNO_05-8-622-9012-0.png","datePublished":"2025-08-25T15:02:33+00:00","dateModified":"2025-10-01T14:16:11+00:00","description":"Radio Add-on Esterna basa la sua tecnologia sulle reti LPWA, offrendo facilit\u00e0 di implementazione, scalabilit\u00e0 e affidabilit\u00e0. Per saperne di pi\u00f9...","breadcrumb":{"@id":"https:\/\/cgf.janz.pt\/it\/produto\/telemetria-radio-add-on-esterna\/#breadcrumb"},"inLanguage":"it-IT","potentialAction":[{"@type":"ReadAction","target":["https:\/\/cgf.janz.pt\/it\/produto\/telemetria-radio-add-on-esterna\/"]}]},{"@type":"ImageObject","inLanguage":"it-IT","@id":"https:\/\/cgf.janz.pt\/it\/produto\/telemetria-radio-add-on-esterna\/#primaryimage","url":"https:\/\/cgf.janz.pt\/wp-content\/uploads\/2025\/08\/ADD_ON_EXTERNO_05-8-622-9012-0.png","contentUrl":"https:\/\/cgf.janz.pt\/wp-content\/uploads\/2025\/08\/ADD_ON_EXTERNO_05-8-622-9012-0.png","width":1920,"height":1080},{"@type":"BreadcrumbList","@id":"https:\/\/cgf.janz.pt\/it\/produto\/telemetria-radio-add-on-esterna\/#breadcrumb","itemListElement":[{"@type":"ListItem","position":1,"name":"In\u00edcio","item":"https:\/\/cgf.janz.pt\/it\/"},{"@type":"ListItem","position":2,"name":"Products","item":"https:\/\/cgf.janz.pt\/en\/contadores-de-agua\/"},{"@type":"ListItem","position":3,"name":"Telemetria Radio Add-on Esterna"}]},{"@type":"WebSite","@id":"https:\/\/cgf.janz.pt\/#website","url":"https:\/\/cgf.janz.pt\/","name":"Janz - Contagem e Gest\u00e3o de Flu\u00eddos S.A.","description":"Fabrica, comercializa e distribu\u00ed contadores de \u00e0gua, pe\u00e7as de precis\u00e3o e injec\u00e7\u00e3o de pl\u00e1sticos","potentialAction":[{"@type":"SearchAction","target":{"@type":"EntryPoint","urlTemplate":"https:\/\/cgf.janz.pt\/?s={search_term_string}"},"query-input":{"@type":"PropertyValueSpecification","valueRequired":true,"valueName":"search_term_string"}}],"inLanguage":"it-IT"}]}},"_links":{"self":[{"href":"https:\/\/cgf.janz.pt\/it\/wp-json\/wp\/v2\/product\/11253","targetHints":{"allow":["GET"]}}],"collection":[{"href":"https:\/\/cgf.janz.pt\/it\/wp-json\/wp\/v2\/product"}],"about":[{"href":"https:\/\/cgf.janz.pt\/it\/wp-json\/wp\/v2\/types\/product"}],"wp:featuredmedia":[{"embeddable":true,"href":"https:\/\/cgf.janz.pt\/it\/wp-json\/wp\/v2\/media\/11289"}],"wp:attachment":[{"href":"https:\/\/cgf.janz.pt\/it\/wp-json\/wp\/v2\/media?parent=11253"}],"wp:term":[{"taxonomy":"product_brand","embeddable":true,"href":"https:\/\/cgf.janz.pt\/it\/wp-json\/wp\/v2\/product_brand?post=11253"},{"taxonomy":"product_cat","embeddable":true,"href":"https:\/\/cgf.janz.pt\/it\/wp-json\/wp\/v2\/product_cat?post=11253"},{"taxonomy":"product_tag","embeddable":true,"href":"https:\/\/cgf.janz.pt\/it\/wp-json\/wp\/v2\/product_tag?post=11253"}],"curies":[{"name":"wp","href":"https:\/\/api.w.org\/{rel}","templated":true}]}}