{"id":11070,"date":"2018-04-05T14:54:30","date_gmt":"2018-04-05T14:54:30","guid":{"rendered":"https:\/\/cgf.janz.pt\/produto\/contador-de-agua-monojato-jm300\/"},"modified":"2026-01-13T15:16:56","modified_gmt":"2026-01-13T15:16:56","slug":"contatore-d-acqua-getto-singolo-jm300","status":"publish","type":"product","link":"https:\/\/cgf.janz.pt\/it\/produto\/contatore-d-acqua-getto-singolo-jm300\/","title":{"rendered":"Contatore dell&#8217;acqua JM300"},"content":{"rendered":"<p>Contatore d&#8217;acqua a getto singolo con corpo in ottone per applicazioni residenziali. Sviluppato secondo i pi\u00f9 elevati standard qualitativi e in conformit\u00e0 con la norma OIML-R49.<\/p>\n","protected":false},"excerpt":{"rendered":"<p>Contatore dell&#8217;acqua getto singolo, con corpo in ottone. Per applicazioni residenziali.<\/p>\n","protected":false},"featured_media":11077,"template":"","meta":{"_acf_changed":false,"_monsterinsights_skip_tracking":false,"_monsterinsights_sitenote_active":false,"_monsterinsights_sitenote_note":"","_monsterinsights_sitenote_category":0},"product_brand":[],"product_cat":[454,455],"product_tag":[],"class_list":{"0":"post-11070","1":"product","2":"type-product","3":"status-publish","4":"has-post-thumbnail","6":"product_cat-contatore-dellacqua","7":"product_cat-global-it","9":"first","10":"instock","11":"shipping-taxable","12":"product-type-variable","13":"has-default-attributes"},"acf":[],"yoast_head":"<!-- This site is optimized with the Yoast SEO plugin v26.9 - https:\/\/yoast.com\/product\/yoast-seo-wordpress\/ -->\n<title>Contatore dell&#039;acqua getto singolo | JM300 in ottone<\/title>\n<meta name=\"description\" content=\"Contatore dell&#039;acqua residenziale getto singolo, con corpo in ottone, fino a R200. Sviluppato secondo standard elevati, per saperne di pi\u00f9...\" \/>\n<meta name=\"robots\" content=\"index, follow, max-snippet:-1, max-image-preview:large, max-video-preview:-1\" \/>\n<link rel=\"canonical\" href=\"https:\/\/cgf.janz.pt\/it\/produto\/contatore-d-acqua-getto-singolo-jm300\/\" \/>\n<meta property=\"og:locale\" content=\"it_IT\" \/>\n<meta property=\"og:type\" content=\"article\" \/>\n<meta property=\"og:title\" content=\"Contatore dell&#039;acqua getto singolo | JM300 in ottone\" \/>\n<meta property=\"og:description\" content=\"CGF Janz - Fabrica, comercializa e distribu\u00ed contadores de \u00e1gua, pe\u00e7as de precis\u00e3o e inje\u00e7\u00e3o de pl\u00e1sticos, para mercado nacional e internacional.\" \/>\n<meta property=\"og:url\" content=\"https:\/\/cgf.janz.pt\/it\/produto\/contatore-d-acqua-getto-singolo-jm300\/\" \/>\n<meta property=\"og:site_name\" content=\"Janz - Contagem e Gest\u00e3o de Flu\u00eddos S.A.\" \/>\n<meta property=\"article:modified_time\" content=\"2026-01-13T15:16:56+00:00\" \/>\n<meta property=\"og:image\" content=\"https:\/\/cgf.janz.pt\/wp-content\/uploads\/2018\/10\/cgf.janz_.pt-redes-sociais.png\" \/>\n\t<meta property=\"og:image:width\" content=\"1200\" \/>\n\t<meta property=\"og:image:height\" content=\"628\" \/>\n\t<meta property=\"og:image:type\" content=\"image\/png\" \/>\n<meta name=\"twitter:card\" content=\"summary_large_image\" \/>\n<meta name=\"twitter:label1\" content=\"Tempo di lettura stimato\" \/>\n\t<meta name=\"twitter:data1\" content=\"1 minuto\" \/>\n<script type=\"application\/ld+json\" class=\"yoast-schema-graph\">{\"@context\":\"https:\/\/schema.org\",\"@graph\":[{\"@type\":\"WebPage\",\"@id\":\"https:\/\/cgf.janz.pt\/it\/produto\/contatore-d-acqua-getto-singolo-jm300\/\",\"url\":\"https:\/\/cgf.janz.pt\/it\/produto\/contatore-d-acqua-getto-singolo-jm300\/\",\"name\":\"Contatore dell'acqua getto singolo | JM300 in ottone\",\"isPartOf\":{\"@id\":\"https:\/\/cgf.janz.pt\/#website\"},\"primaryImageOfPage\":{\"@id\":\"https:\/\/cgf.janz.pt\/it\/produto\/contatore-d-acqua-getto-singolo-jm300\/#primaryimage\"},\"image\":{\"@id\":\"https:\/\/cgf.janz.pt\/it\/produto\/contatore-d-acqua-getto-singolo-jm300\/#primaryimage\"},\"thumbnailUrl\":\"https:\/\/cgf.janz.pt\/wp-content\/uploads\/2018\/04\/contador-de-agua-residencial-monojato-jm300.png\",\"datePublished\":\"2018-04-05T14:54:30+00:00\",\"dateModified\":\"2026-01-13T15:16:56+00:00\",\"description\":\"Contatore dell'acqua residenziale getto singolo, con corpo in ottone, fino a R200. Sviluppato secondo standard elevati, per saperne di pi\u00f9...\",\"breadcrumb\":{\"@id\":\"https:\/\/cgf.janz.pt\/it\/produto\/contatore-d-acqua-getto-singolo-jm300\/#breadcrumb\"},\"inLanguage\":\"it-IT\",\"potentialAction\":[{\"@type\":\"ReadAction\",\"target\":[\"https:\/\/cgf.janz.pt\/it\/produto\/contatore-d-acqua-getto-singolo-jm300\/\"]}]},{\"@type\":\"ImageObject\",\"inLanguage\":\"it-IT\",\"@id\":\"https:\/\/cgf.janz.pt\/it\/produto\/contatore-d-acqua-getto-singolo-jm300\/#primaryimage\",\"url\":\"https:\/\/cgf.janz.pt\/wp-content\/uploads\/2018\/04\/contador-de-agua-residencial-monojato-jm300.png\",\"contentUrl\":\"https:\/\/cgf.janz.pt\/wp-content\/uploads\/2018\/04\/contador-de-agua-residencial-monojato-jm300.png\",\"width\":2126,\"height\":2762,\"caption\":\"JM300 \u2013 Contador de \u00e1gua residencial monojato\"},{\"@type\":\"BreadcrumbList\",\"@id\":\"https:\/\/cgf.janz.pt\/it\/produto\/contatore-d-acqua-getto-singolo-jm300\/#breadcrumb\",\"itemListElement\":[{\"@type\":\"ListItem\",\"position\":1,\"name\":\"In\u00edcio\",\"item\":\"https:\/\/cgf.janz.pt\/it\/\"},{\"@type\":\"ListItem\",\"position\":2,\"name\":\"Products\",\"item\":\"https:\/\/cgf.janz.pt\/en\/contadores-de-agua\/\"},{\"@type\":\"ListItem\",\"position\":3,\"name\":\"Contatore dell&#8217;acqua JM300\"}]},{\"@type\":\"WebSite\",\"@id\":\"https:\/\/cgf.janz.pt\/#website\",\"url\":\"https:\/\/cgf.janz.pt\/\",\"name\":\"Janz - Contagem e Gest\u00e3o de Flu\u00eddos S.A.\",\"description\":\"Fabrica, comercializa e distribu\u00ed contadores de \u00e0gua, pe\u00e7as de precis\u00e3o e injec\u00e7\u00e3o de pl\u00e1sticos\",\"potentialAction\":[{\"@type\":\"SearchAction\",\"target\":{\"@type\":\"EntryPoint\",\"urlTemplate\":\"https:\/\/cgf.janz.pt\/?s={search_term_string}\"},\"query-input\":{\"@type\":\"PropertyValueSpecification\",\"valueRequired\":true,\"valueName\":\"search_term_string\"}}],\"inLanguage\":\"it-IT\"}]}<\/script>\n<!-- \/ Yoast SEO plugin. -->","yoast_head_json":{"title":"Contatore dell'acqua getto singolo | JM300 in ottone","description":"Contatore dell'acqua residenziale getto singolo, con corpo in ottone, fino a R200. Sviluppato secondo standard elevati, per saperne di pi\u00f9...","robots":{"index":"index","follow":"follow","max-snippet":"max-snippet:-1","max-image-preview":"max-image-preview:large","max-video-preview":"max-video-preview:-1"},"canonical":"https:\/\/cgf.janz.pt\/it\/produto\/contatore-d-acqua-getto-singolo-jm300\/","og_locale":"it_IT","og_type":"article","og_title":"Contatore dell'acqua getto singolo | JM300 in ottone","og_description":"CGF Janz - Fabrica, comercializa e distribu\u00ed contadores de \u00e1gua, pe\u00e7as de precis\u00e3o e inje\u00e7\u00e3o de pl\u00e1sticos, para mercado nacional e internacional.","og_url":"https:\/\/cgf.janz.pt\/it\/produto\/contatore-d-acqua-getto-singolo-jm300\/","og_site_name":"Janz - Contagem e Gest\u00e3o de Flu\u00eddos S.A.","article_modified_time":"2026-01-13T15:16:56+00:00","og_image":[{"width":1200,"height":628,"url":"https:\/\/cgf.janz.pt\/wp-content\/uploads\/2018\/10\/cgf.janz_.pt-redes-sociais.png","type":"image\/png"}],"twitter_card":"summary_large_image","twitter_misc":{"Tempo di lettura stimato":"1 minuto"},"schema":{"@context":"https:\/\/schema.org","@graph":[{"@type":"WebPage","@id":"https:\/\/cgf.janz.pt\/it\/produto\/contatore-d-acqua-getto-singolo-jm300\/","url":"https:\/\/cgf.janz.pt\/it\/produto\/contatore-d-acqua-getto-singolo-jm300\/","name":"Contatore dell'acqua getto singolo | JM300 in ottone","isPartOf":{"@id":"https:\/\/cgf.janz.pt\/#website"},"primaryImageOfPage":{"@id":"https:\/\/cgf.janz.pt\/it\/produto\/contatore-d-acqua-getto-singolo-jm300\/#primaryimage"},"image":{"@id":"https:\/\/cgf.janz.pt\/it\/produto\/contatore-d-acqua-getto-singolo-jm300\/#primaryimage"},"thumbnailUrl":"https:\/\/cgf.janz.pt\/wp-content\/uploads\/2018\/04\/contador-de-agua-residencial-monojato-jm300.png","datePublished":"2018-04-05T14:54:30+00:00","dateModified":"2026-01-13T15:16:56+00:00","description":"Contatore dell'acqua residenziale getto singolo, con corpo in ottone, fino a R200. Sviluppato secondo standard elevati, per saperne di pi\u00f9...","breadcrumb":{"@id":"https:\/\/cgf.janz.pt\/it\/produto\/contatore-d-acqua-getto-singolo-jm300\/#breadcrumb"},"inLanguage":"it-IT","potentialAction":[{"@type":"ReadAction","target":["https:\/\/cgf.janz.pt\/it\/produto\/contatore-d-acqua-getto-singolo-jm300\/"]}]},{"@type":"ImageObject","inLanguage":"it-IT","@id":"https:\/\/cgf.janz.pt\/it\/produto\/contatore-d-acqua-getto-singolo-jm300\/#primaryimage","url":"https:\/\/cgf.janz.pt\/wp-content\/uploads\/2018\/04\/contador-de-agua-residencial-monojato-jm300.png","contentUrl":"https:\/\/cgf.janz.pt\/wp-content\/uploads\/2018\/04\/contador-de-agua-residencial-monojato-jm300.png","width":2126,"height":2762,"caption":"JM300 \u2013 Contador de \u00e1gua residencial monojato"},{"@type":"BreadcrumbList","@id":"https:\/\/cgf.janz.pt\/it\/produto\/contatore-d-acqua-getto-singolo-jm300\/#breadcrumb","itemListElement":[{"@type":"ListItem","position":1,"name":"In\u00edcio","item":"https:\/\/cgf.janz.pt\/it\/"},{"@type":"ListItem","position":2,"name":"Products","item":"https:\/\/cgf.janz.pt\/en\/contadores-de-agua\/"},{"@type":"ListItem","position":3,"name":"Contatore dell&#8217;acqua JM300"}]},{"@type":"WebSite","@id":"https:\/\/cgf.janz.pt\/#website","url":"https:\/\/cgf.janz.pt\/","name":"Janz - Contagem e Gest\u00e3o de Flu\u00eddos S.A.","description":"Fabrica, comercializa e distribu\u00ed contadores de \u00e0gua, pe\u00e7as de precis\u00e3o e injec\u00e7\u00e3o de pl\u00e1sticos","potentialAction":[{"@type":"SearchAction","target":{"@type":"EntryPoint","urlTemplate":"https:\/\/cgf.janz.pt\/?s={search_term_string}"},"query-input":{"@type":"PropertyValueSpecification","valueRequired":true,"valueName":"search_term_string"}}],"inLanguage":"it-IT"}]}},"_links":{"self":[{"href":"https:\/\/cgf.janz.pt\/it\/wp-json\/wp\/v2\/product\/11070","targetHints":{"allow":["GET"]}}],"collection":[{"href":"https:\/\/cgf.janz.pt\/it\/wp-json\/wp\/v2\/product"}],"about":[{"href":"https:\/\/cgf.janz.pt\/it\/wp-json\/wp\/v2\/types\/product"}],"wp:featuredmedia":[{"embeddable":true,"href":"https:\/\/cgf.janz.pt\/it\/wp-json\/wp\/v2\/media\/11077"}],"wp:attachment":[{"href":"https:\/\/cgf.janz.pt\/it\/wp-json\/wp\/v2\/media?parent=11070"}],"wp:term":[{"taxonomy":"product_brand","embeddable":true,"href":"https:\/\/cgf.janz.pt\/it\/wp-json\/wp\/v2\/product_brand?post=11070"},{"taxonomy":"product_cat","embeddable":true,"href":"https:\/\/cgf.janz.pt\/it\/wp-json\/wp\/v2\/product_cat?post=11070"},{"taxonomy":"product_tag","embeddable":true,"href":"https:\/\/cgf.janz.pt\/it\/wp-json\/wp\/v2\/product_tag?post=11070"}],"curies":[{"name":"wp","href":"https:\/\/api.w.org\/{rel}","templated":true}]}}