{"id":10920,"date":"2024-10-31T15:06:06","date_gmt":"2024-10-31T15:06:06","guid":{"rendered":"https:\/\/cgf.janz.pt\/?post_type=product&#038;p=10920"},"modified":"2025-10-23T07:50:27","modified_gmt":"2025-10-23T06:50:27","slug":"contatore-dell-acqua-totalizzatore-elettronico-jm600e-eregister","status":"publish","type":"product","link":"https:\/\/cgf.janz.pt\/it\/produto\/contatore-dell-acqua-totalizzatore-elettronico-jm600e-eregister\/","title":{"rendered":"Contatore dell&#8217;acqua JM600e | eREGISTER"},"content":{"rendered":"<p>Contatore d&#8217;acqua a getto singolo con totalizzatore elettronico e corpo composito per applicazioni residenziali.<\/p>\n","protected":false},"excerpt":{"rendered":"<p>Contatore dell&#8217;acqua getto singolo con totalizzatore elettronico, con corpo in composito, per acqua potabile. Per applicazioni residenziali.<\/p>\n","protected":false},"featured_media":10923,"template":"","meta":{"_acf_changed":false,"_monsterinsights_skip_tracking":false,"_monsterinsights_sitenote_active":false,"_monsterinsights_sitenote_note":"","_monsterinsights_sitenote_category":0},"product_brand":[],"product_cat":[454,455],"product_tag":[],"class_list":{"0":"post-10920","1":"product","2":"type-product","3":"status-publish","4":"has-post-thumbnail","6":"product_cat-contatore-dellacqua","7":"product_cat-global-it","9":"first","10":"instock","11":"shipping-taxable","12":"product-type-simple"},"acf":[],"yoast_head":"<!-- This site is optimized with the Yoast SEO plugin v26.9 - https:\/\/yoast.com\/product\/yoast-seo-wordpress\/ -->\n<title>Contatore dell&#039;Acqua Elettronico | JM600e<\/title>\n<meta name=\"description\" content=\"Contatore dell&#039;acqua getto singolo con totalizzatore elettronico, corpo in composito per applicazioni residenziali fino a R200.\" \/>\n<meta name=\"robots\" content=\"index, follow, max-snippet:-1, max-image-preview:large, max-video-preview:-1\" \/>\n<link rel=\"canonical\" href=\"https:\/\/cgf.janz.pt\/it\/produto\/contatore-dell-acqua-totalizzatore-elettronico-jm600e-eregister\/\" \/>\n<meta property=\"og:locale\" content=\"it_IT\" \/>\n<meta property=\"og:type\" content=\"article\" \/>\n<meta property=\"og:title\" content=\"Contatore dell&#039;Acqua Elettronico | JM600e\" \/>\n<meta property=\"og:description\" content=\"Contatore dell&#039;acqua getto singolo con totalizzatore elettronico, corpo in composito per applicazioni residenziali fino a R200.\" \/>\n<meta property=\"og:url\" content=\"https:\/\/cgf.janz.pt\/it\/produto\/contatore-dell-acqua-totalizzatore-elettronico-jm600e-eregister\/\" \/>\n<meta property=\"og:site_name\" content=\"Janz - Contagem e Gest\u00e3o de Flu\u00eddos S.A.\" \/>\n<meta property=\"article:modified_time\" content=\"2025-10-23T06:50:27+00:00\" \/>\n<meta property=\"og:image\" content=\"https:\/\/cgf.janz.pt\/wp-content\/uploads\/2023\/12\/water_meter_JM600_eRegister_Render_00-crop-806x1024.png\" \/>\n\t<meta property=\"og:image:width\" content=\"806\" \/>\n\t<meta property=\"og:image:height\" content=\"1024\" \/>\n\t<meta property=\"og:image:type\" content=\"image\/png\" \/>\n<meta name=\"twitter:card\" content=\"summary_large_image\" \/>\n<meta name=\"twitter:label1\" content=\"Tempo di lettura stimato\" \/>\n\t<meta name=\"twitter:data1\" content=\"1 minuto\" \/>\n<script type=\"application\/ld+json\" class=\"yoast-schema-graph\">{\"@context\":\"https:\/\/schema.org\",\"@graph\":[{\"@type\":\"WebPage\",\"@id\":\"https:\/\/cgf.janz.pt\/it\/produto\/contatore-dell-acqua-totalizzatore-elettronico-jm600e-eregister\/\",\"url\":\"https:\/\/cgf.janz.pt\/it\/produto\/contatore-dell-acqua-totalizzatore-elettronico-jm600e-eregister\/\",\"name\":\"Contatore dell'Acqua Elettronico | JM600e\",\"isPartOf\":{\"@id\":\"https:\/\/cgf.janz.pt\/#website\"},\"primaryImageOfPage\":{\"@id\":\"https:\/\/cgf.janz.pt\/it\/produto\/contatore-dell-acqua-totalizzatore-elettronico-jm600e-eregister\/#primaryimage\"},\"image\":{\"@id\":\"https:\/\/cgf.janz.pt\/it\/produto\/contatore-dell-acqua-totalizzatore-elettronico-jm600e-eregister\/#primaryimage\"},\"thumbnailUrl\":\"https:\/\/cgf.janz.pt\/wp-content\/uploads\/2023\/12\/water_meter_JM600_eRegister_Render_00-crop.png\",\"datePublished\":\"2024-10-31T15:06:06+00:00\",\"dateModified\":\"2025-10-23T06:50:27+00:00\",\"description\":\"Contatore dell'acqua getto singolo con totalizzatore elettronico, corpo in composito per applicazioni residenziali fino a R200.\",\"breadcrumb\":{\"@id\":\"https:\/\/cgf.janz.pt\/it\/produto\/contatore-dell-acqua-totalizzatore-elettronico-jm600e-eregister\/#breadcrumb\"},\"inLanguage\":\"it-IT\",\"potentialAction\":[{\"@type\":\"ReadAction\",\"target\":[\"https:\/\/cgf.janz.pt\/it\/produto\/contatore-dell-acqua-totalizzatore-elettronico-jm600e-eregister\/\"]}]},{\"@type\":\"ImageObject\",\"inLanguage\":\"it-IT\",\"@id\":\"https:\/\/cgf.janz.pt\/it\/produto\/contatore-dell-acqua-totalizzatore-elettronico-jm600e-eregister\/#primaryimage\",\"url\":\"https:\/\/cgf.janz.pt\/wp-content\/uploads\/2023\/12\/water_meter_JM600_eRegister_Render_00-crop.png\",\"contentUrl\":\"https:\/\/cgf.janz.pt\/wp-content\/uploads\/2023\/12\/water_meter_JM600_eRegister_Render_00-crop.png\",\"width\":2275,\"height\":2892,\"caption\":\"water meter, contador de agua\"},{\"@type\":\"BreadcrumbList\",\"@id\":\"https:\/\/cgf.janz.pt\/it\/produto\/contatore-dell-acqua-totalizzatore-elettronico-jm600e-eregister\/#breadcrumb\",\"itemListElement\":[{\"@type\":\"ListItem\",\"position\":1,\"name\":\"In\u00edcio\",\"item\":\"https:\/\/cgf.janz.pt\/it\/\"},{\"@type\":\"ListItem\",\"position\":2,\"name\":\"Products\",\"item\":\"https:\/\/cgf.janz.pt\/en\/contadores-de-agua\/\"},{\"@type\":\"ListItem\",\"position\":3,\"name\":\"Contatore dell&#8217;acqua JM600e | eREGISTER\"}]},{\"@type\":\"WebSite\",\"@id\":\"https:\/\/cgf.janz.pt\/#website\",\"url\":\"https:\/\/cgf.janz.pt\/\",\"name\":\"Janz - Contagem e Gest\u00e3o de Flu\u00eddos S.A.\",\"description\":\"Fabrica, comercializa e distribu\u00ed contadores de \u00e0gua, pe\u00e7as de precis\u00e3o e injec\u00e7\u00e3o de pl\u00e1sticos\",\"potentialAction\":[{\"@type\":\"SearchAction\",\"target\":{\"@type\":\"EntryPoint\",\"urlTemplate\":\"https:\/\/cgf.janz.pt\/?s={search_term_string}\"},\"query-input\":{\"@type\":\"PropertyValueSpecification\",\"valueRequired\":true,\"valueName\":\"search_term_string\"}}],\"inLanguage\":\"it-IT\"}]}<\/script>\n<!-- \/ Yoast SEO plugin. -->","yoast_head_json":{"title":"Contatore dell'Acqua Elettronico | JM600e","description":"Contatore dell'acqua getto singolo con totalizzatore elettronico, corpo in composito per applicazioni residenziali fino a R200.","robots":{"index":"index","follow":"follow","max-snippet":"max-snippet:-1","max-image-preview":"max-image-preview:large","max-video-preview":"max-video-preview:-1"},"canonical":"https:\/\/cgf.janz.pt\/it\/produto\/contatore-dell-acqua-totalizzatore-elettronico-jm600e-eregister\/","og_locale":"it_IT","og_type":"article","og_title":"Contatore dell'Acqua Elettronico | JM600e","og_description":"Contatore dell'acqua getto singolo con totalizzatore elettronico, corpo in composito per applicazioni residenziali fino a R200.","og_url":"https:\/\/cgf.janz.pt\/it\/produto\/contatore-dell-acqua-totalizzatore-elettronico-jm600e-eregister\/","og_site_name":"Janz - Contagem e Gest\u00e3o de Flu\u00eddos S.A.","article_modified_time":"2025-10-23T06:50:27+00:00","og_image":[{"width":806,"height":1024,"url":"https:\/\/cgf.janz.pt\/wp-content\/uploads\/2023\/12\/water_meter_JM600_eRegister_Render_00-crop-806x1024.png","type":"image\/png"}],"twitter_card":"summary_large_image","twitter_misc":{"Tempo di lettura stimato":"1 minuto"},"schema":{"@context":"https:\/\/schema.org","@graph":[{"@type":"WebPage","@id":"https:\/\/cgf.janz.pt\/it\/produto\/contatore-dell-acqua-totalizzatore-elettronico-jm600e-eregister\/","url":"https:\/\/cgf.janz.pt\/it\/produto\/contatore-dell-acqua-totalizzatore-elettronico-jm600e-eregister\/","name":"Contatore dell'Acqua Elettronico | JM600e","isPartOf":{"@id":"https:\/\/cgf.janz.pt\/#website"},"primaryImageOfPage":{"@id":"https:\/\/cgf.janz.pt\/it\/produto\/contatore-dell-acqua-totalizzatore-elettronico-jm600e-eregister\/#primaryimage"},"image":{"@id":"https:\/\/cgf.janz.pt\/it\/produto\/contatore-dell-acqua-totalizzatore-elettronico-jm600e-eregister\/#primaryimage"},"thumbnailUrl":"https:\/\/cgf.janz.pt\/wp-content\/uploads\/2023\/12\/water_meter_JM600_eRegister_Render_00-crop.png","datePublished":"2024-10-31T15:06:06+00:00","dateModified":"2025-10-23T06:50:27+00:00","description":"Contatore dell'acqua getto singolo con totalizzatore elettronico, corpo in composito per applicazioni residenziali fino a R200.","breadcrumb":{"@id":"https:\/\/cgf.janz.pt\/it\/produto\/contatore-dell-acqua-totalizzatore-elettronico-jm600e-eregister\/#breadcrumb"},"inLanguage":"it-IT","potentialAction":[{"@type":"ReadAction","target":["https:\/\/cgf.janz.pt\/it\/produto\/contatore-dell-acqua-totalizzatore-elettronico-jm600e-eregister\/"]}]},{"@type":"ImageObject","inLanguage":"it-IT","@id":"https:\/\/cgf.janz.pt\/it\/produto\/contatore-dell-acqua-totalizzatore-elettronico-jm600e-eregister\/#primaryimage","url":"https:\/\/cgf.janz.pt\/wp-content\/uploads\/2023\/12\/water_meter_JM600_eRegister_Render_00-crop.png","contentUrl":"https:\/\/cgf.janz.pt\/wp-content\/uploads\/2023\/12\/water_meter_JM600_eRegister_Render_00-crop.png","width":2275,"height":2892,"caption":"water meter, contador de agua"},{"@type":"BreadcrumbList","@id":"https:\/\/cgf.janz.pt\/it\/produto\/contatore-dell-acqua-totalizzatore-elettronico-jm600e-eregister\/#breadcrumb","itemListElement":[{"@type":"ListItem","position":1,"name":"In\u00edcio","item":"https:\/\/cgf.janz.pt\/it\/"},{"@type":"ListItem","position":2,"name":"Products","item":"https:\/\/cgf.janz.pt\/en\/contadores-de-agua\/"},{"@type":"ListItem","position":3,"name":"Contatore dell&#8217;acqua JM600e | eREGISTER"}]},{"@type":"WebSite","@id":"https:\/\/cgf.janz.pt\/#website","url":"https:\/\/cgf.janz.pt\/","name":"Janz - Contagem e Gest\u00e3o de Flu\u00eddos S.A.","description":"Fabrica, comercializa e distribu\u00ed contadores de \u00e0gua, pe\u00e7as de precis\u00e3o e injec\u00e7\u00e3o de pl\u00e1sticos","potentialAction":[{"@type":"SearchAction","target":{"@type":"EntryPoint","urlTemplate":"https:\/\/cgf.janz.pt\/?s={search_term_string}"},"query-input":{"@type":"PropertyValueSpecification","valueRequired":true,"valueName":"search_term_string"}}],"inLanguage":"it-IT"}]}},"_links":{"self":[{"href":"https:\/\/cgf.janz.pt\/it\/wp-json\/wp\/v2\/product\/10920","targetHints":{"allow":["GET"]}}],"collection":[{"href":"https:\/\/cgf.janz.pt\/it\/wp-json\/wp\/v2\/product"}],"about":[{"href":"https:\/\/cgf.janz.pt\/it\/wp-json\/wp\/v2\/types\/product"}],"wp:featuredmedia":[{"embeddable":true,"href":"https:\/\/cgf.janz.pt\/it\/wp-json\/wp\/v2\/media\/10923"}],"wp:attachment":[{"href":"https:\/\/cgf.janz.pt\/it\/wp-json\/wp\/v2\/media?parent=10920"}],"wp:term":[{"taxonomy":"product_brand","embeddable":true,"href":"https:\/\/cgf.janz.pt\/it\/wp-json\/wp\/v2\/product_brand?post=10920"},{"taxonomy":"product_cat","embeddable":true,"href":"https:\/\/cgf.janz.pt\/it\/wp-json\/wp\/v2\/product_cat?post=10920"},{"taxonomy":"product_tag","embeddable":true,"href":"https:\/\/cgf.janz.pt\/it\/wp-json\/wp\/v2\/product_tag?post=10920"}],"curies":[{"name":"wp","href":"https:\/\/api.w.org\/{rel}","templated":true}]}}