{"id":10797,"date":"2018-03-29T08:15:47","date_gmt":"2018-03-29T08:15:47","guid":{"rendered":"https:\/\/cgf.janz.pt\/impresa\/o-grupo-janz\/"},"modified":"2025-09-25T15:38:10","modified_gmt":"2025-09-25T14:38:10","slug":"il-gruppo","status":"publish","type":"page","link":"https:\/\/cgf.janz.pt\/it\/impresa\/il-gruppo\/","title":{"rendered":"Il Gruppo e l&#8217;attivit\u00e0"},"content":{"rendered":"<div class=\"wpb-content-wrapper\"><p>[vc_row content_placement=&#8221;middle&#8221;][vc_column][vc_single_image image=&#8221;10849&#8243; img_size=&#8221;medium&#8221; alignment=&#8221;center&#8221;][\/vc_column][vc_column][vc_column_text css=&#8221;&#8221;]<a href=\"https:\/\/www.sitgroup.it\/\">SIT<\/a>, con le sue divisioni Riscaldamento e Misurazione, crea soluzioni intelligenti per il controllo climatico e la misurazione dei consumi per un mondo pi\u00f9 sostenibile. Multinazionale leader di mercato, quotata nel segmento MTA della Borsa Italiana, SIT punta a diventare il partner numero uno nelle soluzioni sostenibili per l&#8217;energia e il controllo climatico, con particolare attenzione alla sperimentazione e all&#8217;uso di gas alternativi a basso impatto ambientale.<\/p>\n<p>La divisione Riscaldamento, rappresentata da SIT S.p.A., progetta e produce componenti e sistemi di controllo e sicurezza per il riscaldamento domestico a gas e gli elettrodomestici per la ristorazione, nonch\u00e9 stufe e caldaie a idrogeno, pellet e biomassa. La gamma di prodotti SIT per il riscaldamento comprende controlli meccanici ed elettronici del gas, sistemi integrati, sensori, ventilatori, cappe aspiranti e sistemi di scarico.<\/p>\n<p>La sezione Misurazione comprende le societ\u00e0 Janz, attiva nello sviluppo, nella produzione e nella distribuzione di soluzioni per il mercato della gestione idrica, e MeteRSit, che progetta e produce contatori intelligenti di gas di nuova generazione, con letture dei consumi in tempo reale e comunicazioni innovative nelle tecnologie di misurazione e nelle funzioni di comunicazione. Il gruppo possiede unit\u00e0 produttive e centri di ricerca in Italia (Rovigo e Macerata), Paesi Bassi (Hoogeveen), Romania (Brasov), Tunisia (Tunisi), Portogallo (Lisbona), Messico (Monterrey) e Cina (Suzhou) e uffici commerciali situati in Europa, America, Asia e Australia, con oltre 2.300 dipendenti in tutto il mondo. La sede centrale di SIT si trova a Padova (Italia).<\/p>\n<p>[\/vc_column_text][vc_single_image image=&#8221;10850&#8243; img_size=&#8221;full&#8221; alignment=&#8221;center&#8221;][\/vc_column][vc_column][\/vc_column][\/vc_row][vc_row full_width=&#8221;stretch_row&#8221; equal_height=&#8221;yes&#8221; css=&#8221;.vc_custom_1522666273554{padding-top: 60px !important;padding-bottom: 60px !important;background-image: url(http:\/\/cgf.janz.pt\/wp-content\/uploads\/2018\/03\/06_fundo01.jpg?id=89) !important;background-position: center !important;background-repeat: no-repeat !important;background-size: cover !important;}&#8221; el_class=&#8221;block_01 reverse-grid feature-block&#8221;][vc_column][vc_cta h2=&#8221;Il Gruppo SIT in cifre&#8221; txt_align=&#8221;center&#8221; shape=&#8221;square&#8221; style=&#8221;custom&#8221; css=&#8221;.vc_custom_1757510199772{margin-top: 0px !important;margin-right: 0px !important;margin-bottom: 0px !important;margin-left: 0px !important;border-top-width: 0px !important;border-right-width: 0px !important;border-bottom-width: 0px !important;border-left-width: 0px !important;padding-top: 0px !important;padding-right: 0px !important;padding-bottom: 0px !important;padding-left: 0px !important;}&#8221; el_class=&#8221;special_h2 special_white small_h2&#8243;][\/vc_cta][vc_row_inner content_placement=&#8221;middle&#8221; el_class=&#8221;block_03&#8243;][vc_column_inner width=&#8221;1\/4&#8243; css=&#8221;.vc_custom_1520530073005{padding: 0px !important;}&#8221;][vc_single_image image=&#8221;10847&#8243; alignment=&#8221;center&#8221;][vc_cta h2=&#8221;393,3&#8243; h4=&#8221;MILIONI DI FATTURATO&#8221; txt_align=&#8221;center&#8221; style=&#8221;custom&#8221; css=&#8221;.vc_custom_1757510214112{margin-top: 0px !important;margin-right: 0px !important;margin-bottom: 0px !important;margin-left: 0px !important;border-top-width: 0px !important;border-right-width: 0px !important;border-bottom-width: 0px !important;border-left-width: 0px !important;padding-top: 0px !important;padding-right: 0px !important;padding-bottom: 0px !important;padding-left: 0px !important;}&#8221; custom_background=&#8221;rgba(255,255,255,0.01)&#8221;][\/vc_cta][\/vc_column_inner][vc_column_inner width=&#8221;1\/4&#8243; css=&#8221;.vc_custom_1520530084782{padding: 0px !important;}&#8221;][vc_single_image image=&#8221;103&#8243; alignment=&#8221;center&#8221;][vc_cta h2=&#8221;+2 300&#8243; h4=&#8221;COLLABORATORI&#8221; txt_align=&#8221;center&#8221; style=&#8221;custom&#8221; css=&#8221;.vc_custom_1757510226072{margin-top: 0px !important;margin-right: 0px !important;margin-bottom: 0px !important;margin-left: 0px !important;border-top-width: 0px !important;border-right-width: 0px !important;border-bottom-width: 0px !important;border-left-width: 0px !important;padding-top: 0px !important;padding-right: 0px !important;padding-bottom: 0px !important;padding-left: 0px !important;}&#8221; custom_background=&#8221;rgba(255,255,255,0.01)&#8221;][\/vc_cta][\/vc_column_inner][vc_column_inner width=&#8221;1\/4&#8243; css=&#8221;.vc_custom_1520530095409{padding: 0px !important;}&#8221;][vc_single_image image=&#8221;104&#8243; alignment=&#8221;center&#8221;][vc_cta h2=&#8221;16&#8243; h4=&#8221;UFFICI&#8221; txt_align=&#8221;center&#8221; style=&#8221;custom&#8221; css=&#8221;.vc_custom_1757510243383{margin-top: 0px !important;margin-right: 0px !important;margin-bottom: 0px !important;margin-left: 0px !important;border-top-width: 0px !important;border-right-width: 0px !important;border-bottom-width: 0px !important;border-left-width: 0px !important;padding-top: 0px !important;padding-right: 0px !important;padding-bottom: 0px !important;padding-left: 0px !important;}&#8221; custom_background=&#8221;rgba(255,255,255,0.01)&#8221;][\/vc_cta][\/vc_column_inner][vc_column_inner width=&#8221;1\/4&#8243; css=&#8221;.vc_custom_1520530105982{padding: 0px !important;}&#8221;][vc_single_image image=&#8221;10848&#8243; alignment=&#8221;center&#8221;][vc_cta h2=&#8221;13,6 M\u20ac&#8221; h4=&#8221;INVESTITI IN R&amp;D&#8221; txt_align=&#8221;center&#8221; style=&#8221;custom&#8221; css=&#8221;.vc_custom_1757510270221{margin-top: 0px !important;margin-right: 0px !important;margin-bottom: 0px !important;margin-left: 0px !important;border-top-width: 0px !important;border-right-width: 0px !important;border-bottom-width: 0px !important;border-left-width: 0px !important;padding-top: 0px !important;padding-right: 0px !important;padding-bottom: 0px !important;padding-left: 0px !important;}&#8221; custom_background=&#8221;rgba(255,255,255,0.01)&#8221;][\/vc_cta][\/vc_column_inner][\/vc_row_inner][\/vc_column][\/vc_row][vc_row][vc_column][vc_cta h2=&#8221;Il gruppo SIT nel mondo&#8221; txt_align=&#8221;center&#8221; style=&#8221;custom&#8221; css=&#8221;&#8221; custom_background=&#8221;#ffffff&#8221; custom_text=&#8221;#ffffff&#8221; el_class=&#8221;special_h2 page-title&#8221;][\/vc_cta][vc_single_image image=&#8221;11477&#8243; img_size=&#8221;large&#8221; css=&#8221;&#8221;][\/vc_column][\/vc_row][vc_row full_width=&#8221;stretch_row&#8221; css=&#8221;.vc_custom_1526486814429{background-image: url(http:\/\/cgf.janz.pt\/wp-content\/uploads\/2018\/05\/img-quem-somos.jpeg?id=1345) !important;background-position: center !important;background-repeat: no-repeat !important;background-size: cover !important;}&#8221;][vc_column el_class=&#8221;p-90&#8243;][vc_single_image image=&#8221;10778&#8243; img_size=&#8221;full&#8221; el_class=&#8221;grid_image&#8221;][vc_cta h2=&#8221;Missione&#8221; css=&#8221;&#8221; el_class=&#8221;special_grid&#8221;]<\/p>\n<div class=\"page\" title=\"Page 5\">\n<div class=\"section\">\n<div class=\"layoutArea\">\n<div class=\"column\">\n<p>Creare soluzioni intelligenti per il controllo della temperatura e la misurazione dei consumi per un mondo pi\u00f9 sostenibile.<\/p>\n<\/div>\n<\/div>\n<\/div>\n<\/div>\n<p>[\/vc_cta][vc_single_image image=&#8221;10779&#8243; img_size=&#8221;full&#8221; el_class=&#8221;grid_image&#8221;][vc_cta h2=&#8221;Visione&#8221; css=&#8221;&#8221; el_class=&#8221;special_grid&#8221;]<\/p>\n<div class=\"page\" title=\"Page 5\">\n<div class=\"section\">\n<div class=\"layoutArea\">\n<div class=\"column\">\n<p>Essere riconosciuti come partner sostenibile leader nelle soluzioni per l&#8217;energia e il controllo delle misurazioni.<\/p>\n<\/div>\n<\/div>\n<\/div>\n<\/div>\n<p>[\/vc_cta][\/vc_column][\/vc_row][vc_row][vc_column][\/vc_column][\/vc_row]<\/p>\n<\/div>","protected":false},"excerpt":{"rendered":"<p>[vc_row content_placement=&#8221;middle&#8221;][vc_column][vc_single_image image=&#8221;10849&#8243; img_size=&#8221;medium&#8221; alignment=&#8221;center&#8221;][\/vc_column][vc_column][vc_column_text css=&#8221;&#8221;]SIT, con le sue divisioni Riscaldamento e Misurazione, crea soluzioni intelligenti per il controllo climatico [&hellip;]<\/p>\n","protected":false},"author":1,"featured_media":0,"parent":10767,"menu_order":0,"comment_status":"closed","ping_status":"closed","template":"","meta":{"_acf_changed":false,"_monsterinsights_skip_tracking":false,"_monsterinsights_sitenote_active":false,"_monsterinsights_sitenote_note":"","_monsterinsights_sitenote_category":0,"footnotes":""},"class_list":["post-10797","page","type-page","status-publish","hentry"],"acf":[],"yoast_head":"<!-- This site is optimized with the Yoast SEO plugin v26.9 - https:\/\/yoast.com\/product\/yoast-seo-wordpress\/ -->\n<title>Janz | Fa parte del Gruppo SIT<\/title>\n<meta name=\"description\" content=\"JANZ, produttore di contatori d&#039;acqua, appartiene al gruppo italiano SIT, multinazionale integrata nel segmento MTA di Borsa Italiana.\" \/>\n<meta name=\"robots\" content=\"index, follow, max-snippet:-1, max-image-preview:large, max-video-preview:-1\" \/>\n<link rel=\"canonical\" href=\"https:\/\/cgf.janz.pt\/it\/impresa\/il-gruppo\/\" \/>\n<meta property=\"og:locale\" content=\"it_IT\" \/>\n<meta property=\"og:type\" content=\"article\" \/>\n<meta property=\"og:title\" content=\"Grupo e Neg\u00f3cios - CGF JANZ - Contagem e Gestao de Flu\u00eddos S.A\" \/>\n<meta property=\"og:description\" content=\"O Grupo Janz \u00e9 um grupo industrial portugu\u00eas detentor de um know-how incompar\u00e1vel na fabrica\u00e7\u00e3o de equipamentos de medi\u00e7\u00e3o e contagem de \u00e1gua e energia.\" \/>\n<meta property=\"og:url\" content=\"https:\/\/cgf.janz.pt\/it\/impresa\/il-gruppo\/\" \/>\n<meta property=\"og:site_name\" content=\"Janz - Contagem e Gest\u00e3o de Flu\u00eddos S.A.\" \/>\n<meta property=\"article:modified_time\" content=\"2025-09-25T14:38:10+00:00\" \/>\n<meta property=\"og:image\" content=\"https:\/\/cgf.janz.pt\/wp-content\/uploads\/2018\/10\/cgf.janz_.pt-redes-sociais.png\" \/>\n\t<meta property=\"og:image:width\" content=\"1200\" \/>\n\t<meta property=\"og:image:height\" content=\"628\" \/>\n\t<meta property=\"og:image:type\" content=\"image\/png\" \/>\n<meta name=\"twitter:card\" content=\"summary_large_image\" \/>\n<meta name=\"twitter:label1\" content=\"Tempo di lettura stimato\" \/>\n\t<meta name=\"twitter:data1\" content=\"5 minuti\" \/>\n<script type=\"application\/ld+json\" class=\"yoast-schema-graph\">{\"@context\":\"https:\/\/schema.org\",\"@graph\":[{\"@type\":\"WebPage\",\"@id\":\"https:\/\/cgf.janz.pt\/it\/impresa\/il-gruppo\/\",\"url\":\"https:\/\/cgf.janz.pt\/it\/impresa\/il-gruppo\/\",\"name\":\"Janz | Fa parte del Gruppo SIT\",\"isPartOf\":{\"@id\":\"https:\/\/cgf.janz.pt\/#website\"},\"datePublished\":\"2018-03-29T08:15:47+00:00\",\"dateModified\":\"2025-09-25T14:38:10+00:00\",\"description\":\"JANZ, produttore di contatori d'acqua, appartiene al gruppo italiano SIT, multinazionale integrata nel segmento MTA di Borsa Italiana.\",\"breadcrumb\":{\"@id\":\"https:\/\/cgf.janz.pt\/it\/impresa\/il-gruppo\/#breadcrumb\"},\"inLanguage\":\"it-IT\",\"potentialAction\":[{\"@type\":\"ReadAction\",\"target\":[\"https:\/\/cgf.janz.pt\/it\/impresa\/il-gruppo\/\"]}]},{\"@type\":\"BreadcrumbList\",\"@id\":\"https:\/\/cgf.janz.pt\/it\/impresa\/il-gruppo\/#breadcrumb\",\"itemListElement\":[{\"@type\":\"ListItem\",\"position\":1,\"name\":\"In\u00edcio\",\"item\":\"https:\/\/cgf.janz.pt\/it\/\"},{\"@type\":\"ListItem\",\"position\":2,\"name\":\"Impresa\",\"item\":\"https:\/\/cgf.janz.pt\/it\/impresa\/\"},{\"@type\":\"ListItem\",\"position\":3,\"name\":\"Il Gruppo e l&#8217;attivit\u00e0\"}]},{\"@type\":\"WebSite\",\"@id\":\"https:\/\/cgf.janz.pt\/#website\",\"url\":\"https:\/\/cgf.janz.pt\/\",\"name\":\"Janz - Contagem e Gest\u00e3o de Flu\u00eddos S.A.\",\"description\":\"Fabrica, comercializa e distribu\u00ed contadores de \u00e0gua, pe\u00e7as de precis\u00e3o e injec\u00e7\u00e3o de pl\u00e1sticos\",\"potentialAction\":[{\"@type\":\"SearchAction\",\"target\":{\"@type\":\"EntryPoint\",\"urlTemplate\":\"https:\/\/cgf.janz.pt\/?s={search_term_string}\"},\"query-input\":{\"@type\":\"PropertyValueSpecification\",\"valueRequired\":true,\"valueName\":\"search_term_string\"}}],\"inLanguage\":\"it-IT\"}]}<\/script>\n<!-- \/ Yoast SEO plugin. -->","yoast_head_json":{"title":"Janz | Fa parte del Gruppo SIT","description":"JANZ, produttore di contatori d'acqua, appartiene al gruppo italiano SIT, multinazionale integrata nel segmento MTA di Borsa Italiana.","robots":{"index":"index","follow":"follow","max-snippet":"max-snippet:-1","max-image-preview":"max-image-preview:large","max-video-preview":"max-video-preview:-1"},"canonical":"https:\/\/cgf.janz.pt\/it\/impresa\/il-gruppo\/","og_locale":"it_IT","og_type":"article","og_title":"Grupo e Neg\u00f3cios - CGF JANZ - Contagem e Gestao de Flu\u00eddos S.A","og_description":"O Grupo Janz \u00e9 um grupo industrial portugu\u00eas detentor de um know-how incompar\u00e1vel na fabrica\u00e7\u00e3o de equipamentos de medi\u00e7\u00e3o e contagem de \u00e1gua e energia.","og_url":"https:\/\/cgf.janz.pt\/it\/impresa\/il-gruppo\/","og_site_name":"Janz - Contagem e Gest\u00e3o de Flu\u00eddos S.A.","article_modified_time":"2025-09-25T14:38:10+00:00","og_image":[{"width":1200,"height":628,"url":"https:\/\/cgf.janz.pt\/wp-content\/uploads\/2018\/10\/cgf.janz_.pt-redes-sociais.png","type":"image\/png"}],"twitter_card":"summary_large_image","twitter_misc":{"Tempo di lettura stimato":"5 minuti"},"schema":{"@context":"https:\/\/schema.org","@graph":[{"@type":"WebPage","@id":"https:\/\/cgf.janz.pt\/it\/impresa\/il-gruppo\/","url":"https:\/\/cgf.janz.pt\/it\/impresa\/il-gruppo\/","name":"Janz | Fa parte del Gruppo SIT","isPartOf":{"@id":"https:\/\/cgf.janz.pt\/#website"},"datePublished":"2018-03-29T08:15:47+00:00","dateModified":"2025-09-25T14:38:10+00:00","description":"JANZ, produttore di contatori d'acqua, appartiene al gruppo italiano SIT, multinazionale integrata nel segmento MTA di Borsa Italiana.","breadcrumb":{"@id":"https:\/\/cgf.janz.pt\/it\/impresa\/il-gruppo\/#breadcrumb"},"inLanguage":"it-IT","potentialAction":[{"@type":"ReadAction","target":["https:\/\/cgf.janz.pt\/it\/impresa\/il-gruppo\/"]}]},{"@type":"BreadcrumbList","@id":"https:\/\/cgf.janz.pt\/it\/impresa\/il-gruppo\/#breadcrumb","itemListElement":[{"@type":"ListItem","position":1,"name":"In\u00edcio","item":"https:\/\/cgf.janz.pt\/it\/"},{"@type":"ListItem","position":2,"name":"Impresa","item":"https:\/\/cgf.janz.pt\/it\/impresa\/"},{"@type":"ListItem","position":3,"name":"Il Gruppo e l&#8217;attivit\u00e0"}]},{"@type":"WebSite","@id":"https:\/\/cgf.janz.pt\/#website","url":"https:\/\/cgf.janz.pt\/","name":"Janz - Contagem e Gest\u00e3o de Flu\u00eddos S.A.","description":"Fabrica, comercializa e distribu\u00ed contadores de \u00e0gua, pe\u00e7as de precis\u00e3o e injec\u00e7\u00e3o de pl\u00e1sticos","potentialAction":[{"@type":"SearchAction","target":{"@type":"EntryPoint","urlTemplate":"https:\/\/cgf.janz.pt\/?s={search_term_string}"},"query-input":{"@type":"PropertyValueSpecification","valueRequired":true,"valueName":"search_term_string"}}],"inLanguage":"it-IT"}]}},"_links":{"self":[{"href":"https:\/\/cgf.janz.pt\/it\/wp-json\/wp\/v2\/pages\/10797","targetHints":{"allow":["GET"]}}],"collection":[{"href":"https:\/\/cgf.janz.pt\/it\/wp-json\/wp\/v2\/pages"}],"about":[{"href":"https:\/\/cgf.janz.pt\/it\/wp-json\/wp\/v2\/types\/page"}],"author":[{"embeddable":true,"href":"https:\/\/cgf.janz.pt\/it\/wp-json\/wp\/v2\/users\/1"}],"replies":[{"embeddable":true,"href":"https:\/\/cgf.janz.pt\/it\/wp-json\/wp\/v2\/comments?post=10797"}],"version-history":[{"count":6,"href":"https:\/\/cgf.janz.pt\/it\/wp-json\/wp\/v2\/pages\/10797\/revisions"}],"predecessor-version":[{"id":11482,"href":"https:\/\/cgf.janz.pt\/it\/wp-json\/wp\/v2\/pages\/10797\/revisions\/11482"}],"up":[{"embeddable":true,"href":"https:\/\/cgf.janz.pt\/it\/wp-json\/wp\/v2\/pages\/10767"}],"wp:attachment":[{"href":"https:\/\/cgf.janz.pt\/it\/wp-json\/wp\/v2\/media?parent=10797"}],"curies":[{"name":"wp","href":"https:\/\/api.w.org\/{rel}","templated":true}]}}