{"id":9203,"date":"2022-11-29T13:46:09","date_gmt":"2024-02-02T15:23:39","guid":{"rendered":"https:\/\/cgf.janz.pt\/?post_type=product&#038;p=9203"},"modified":"2024-10-29T09:41:10","modified_gmt":"2024-10-29T09:41:10","slug":"compteurs-deau-avec-enregistreur-electronique","status":"publish","type":"product","link":"https:\/\/cgf.janz.pt\/fr\/produit\/compteurs-deau-avec-enregistreur-electronique\/","title":{"rendered":"Compteurs d&rsquo;eau eREGISTER"},"content":{"rendered":"<p>Compteur d&rsquo;eau volum\u00e9trique ou \u00e0 monojet avec enregistreur \u00e9lectronique<\/p>\n","protected":false},"excerpt":{"rendered":"<p>Compteurs d&rsquo;eau volum\u00e9triques et monojet pour eau potable, avec totalisateur \u00e9lectronique.<\/p>\n","protected":false},"featured_media":9836,"template":"","meta":{"_acf_changed":false,"_monsterinsights_skip_tracking":false,"_monsterinsights_sitenote_active":false,"_monsterinsights_sitenote_note":"","_monsterinsights_sitenote_category":0},"product_brand":[],"product_cat":[224,225],"product_tag":[],"class_list":{"0":"post-9203","1":"product","2":"type-product","3":"status-publish","4":"has-post-thumbnail","6":"product_cat-compteurs-deau","7":"product_cat-global-fr","9":"first","10":"instock","11":"shipping-taxable","12":"product-type-simple"},"acf":[],"yoast_head":"<!-- This site is optimized with the Yoast SEO plugin v26.9 - https:\/\/yoast.com\/product\/yoast-seo-wordpress\/ -->\n<title>Compteur d&#039;eau avec enregistreur \u00e9lectronique<\/title>\n<meta name=\"description\" content=\"compteur d&#039;eau volum\u00e9trique ou \u00e0 monojet eREGISTER, avec enregistreur \u00e9lectronique, pour l&#039;eau potable pour compteur commercial ou r\u00e9sidentiel\" \/>\n<meta name=\"robots\" content=\"index, follow, max-snippet:-1, max-image-preview:large, max-video-preview:-1\" \/>\n<link rel=\"canonical\" href=\"https:\/\/cgf.janz.pt\/fr\/produit\/compteurs-deau-avec-enregistreur-electronique\/\" \/>\n<meta property=\"og:locale\" content=\"fr_FR\" \/>\n<meta property=\"og:type\" content=\"article\" \/>\n<meta property=\"og:title\" content=\"Compteur d&#039;eau avec enregistreur \u00e9lectronique\" \/>\n<meta property=\"og:description\" content=\"compteur d&#039;eau volum\u00e9trique ou \u00e0 monojet eREGISTER, avec enregistreur \u00e9lectronique, pour l&#039;eau potable pour compteur commercial ou r\u00e9sidentiel\" \/>\n<meta property=\"og:url\" content=\"https:\/\/cgf.janz.pt\/fr\/produit\/compteurs-deau-avec-enregistreur-electronique\/\" \/>\n<meta property=\"og:site_name\" content=\"Janz - Contagem e Gest\u00e3o de Flu\u00eddos S.A.\" \/>\n<meta property=\"article:modified_time\" content=\"2024-10-29T09:41:10+00:00\" \/>\n<meta property=\"og:image\" content=\"https:\/\/cgf.janz.pt\/wp-content\/uploads\/2024\/10\/Janz_JV400e-1-1024x683.png\" \/>\n\t<meta property=\"og:image:width\" content=\"1024\" \/>\n\t<meta property=\"og:image:height\" content=\"683\" \/>\n\t<meta property=\"og:image:type\" content=\"image\/png\" \/>\n<meta name=\"twitter:card\" content=\"summary_large_image\" \/>\n<meta name=\"twitter:label1\" content=\"Dur\u00e9e de lecture estim\u00e9e\" \/>\n\t<meta name=\"twitter:data1\" content=\"1 minute\" \/>\n<script type=\"application\/ld+json\" class=\"yoast-schema-graph\">{\"@context\":\"https:\/\/schema.org\",\"@graph\":[{\"@type\":\"WebPage\",\"@id\":\"https:\/\/cgf.janz.pt\/fr\/produit\/compteurs-deau-avec-enregistreur-electronique\/\",\"url\":\"https:\/\/cgf.janz.pt\/fr\/produit\/compteurs-deau-avec-enregistreur-electronique\/\",\"name\":\"Compteur d'eau avec enregistreur \u00e9lectronique\",\"isPartOf\":{\"@id\":\"https:\/\/cgf.janz.pt\/#website\"},\"primaryImageOfPage\":{\"@id\":\"https:\/\/cgf.janz.pt\/fr\/produit\/compteurs-deau-avec-enregistreur-electronique\/#primaryimage\"},\"image\":{\"@id\":\"https:\/\/cgf.janz.pt\/fr\/produit\/compteurs-deau-avec-enregistreur-electronique\/#primaryimage\"},\"thumbnailUrl\":\"https:\/\/cgf.janz.pt\/wp-content\/uploads\/2024\/10\/Janz_JV400e-1.png\",\"datePublished\":\"2024-02-02T15:23:39+00:00\",\"dateModified\":\"2024-10-29T09:41:10+00:00\",\"description\":\"compteur d'eau volum\u00e9trique ou \u00e0 monojet eREGISTER, avec enregistreur \u00e9lectronique, pour l'eau potable pour compteur commercial ou r\u00e9sidentiel\",\"breadcrumb\":{\"@id\":\"https:\/\/cgf.janz.pt\/fr\/produit\/compteurs-deau-avec-enregistreur-electronique\/#breadcrumb\"},\"inLanguage\":\"fr-FR\",\"potentialAction\":[{\"@type\":\"ReadAction\",\"target\":[\"https:\/\/cgf.janz.pt\/fr\/produit\/compteurs-deau-avec-enregistreur-electronique\/\"]}]},{\"@type\":\"ImageObject\",\"inLanguage\":\"fr-FR\",\"@id\":\"https:\/\/cgf.janz.pt\/fr\/produit\/compteurs-deau-avec-enregistreur-electronique\/#primaryimage\",\"url\":\"https:\/\/cgf.janz.pt\/wp-content\/uploads\/2024\/10\/Janz_JV400e-1.png\",\"contentUrl\":\"https:\/\/cgf.janz.pt\/wp-content\/uploads\/2024\/10\/Janz_JV400e-1.png\",\"width\":5760,\"height\":3840},{\"@type\":\"BreadcrumbList\",\"@id\":\"https:\/\/cgf.janz.pt\/fr\/produit\/compteurs-deau-avec-enregistreur-electronique\/#breadcrumb\",\"itemListElement\":[{\"@type\":\"ListItem\",\"position\":1,\"name\":\"In\u00edcio\",\"item\":\"https:\/\/cgf.janz.pt\/fr\/\"},{\"@type\":\"ListItem\",\"position\":2,\"name\":\"Products\",\"item\":\"https:\/\/cgf.janz.pt\/en\/contadores-de-agua\/\"},{\"@type\":\"ListItem\",\"position\":3,\"name\":\"Compteurs d&#8217;eau eREGISTER\"}]},{\"@type\":\"WebSite\",\"@id\":\"https:\/\/cgf.janz.pt\/#website\",\"url\":\"https:\/\/cgf.janz.pt\/\",\"name\":\"Janz - Contagem e Gest\u00e3o de Flu\u00eddos S.A.\",\"description\":\"Fabrica, comercializa e distribu\u00ed contadores de \u00e0gua, pe\u00e7as de precis\u00e3o e injec\u00e7\u00e3o de pl\u00e1sticos\",\"potentialAction\":[{\"@type\":\"SearchAction\",\"target\":{\"@type\":\"EntryPoint\",\"urlTemplate\":\"https:\/\/cgf.janz.pt\/?s={search_term_string}\"},\"query-input\":{\"@type\":\"PropertyValueSpecification\",\"valueRequired\":true,\"valueName\":\"search_term_string\"}}],\"inLanguage\":\"fr-FR\"}]}<\/script>\n<!-- \/ Yoast SEO plugin. -->","yoast_head_json":{"title":"Compteur d'eau avec enregistreur \u00e9lectronique","description":"compteur d'eau volum\u00e9trique ou \u00e0 monojet eREGISTER, avec enregistreur \u00e9lectronique, pour l'eau potable pour compteur commercial ou r\u00e9sidentiel","robots":{"index":"index","follow":"follow","max-snippet":"max-snippet:-1","max-image-preview":"max-image-preview:large","max-video-preview":"max-video-preview:-1"},"canonical":"https:\/\/cgf.janz.pt\/fr\/produit\/compteurs-deau-avec-enregistreur-electronique\/","og_locale":"fr_FR","og_type":"article","og_title":"Compteur d'eau avec enregistreur \u00e9lectronique","og_description":"compteur d'eau volum\u00e9trique ou \u00e0 monojet eREGISTER, avec enregistreur \u00e9lectronique, pour l'eau potable pour compteur commercial ou r\u00e9sidentiel","og_url":"https:\/\/cgf.janz.pt\/fr\/produit\/compteurs-deau-avec-enregistreur-electronique\/","og_site_name":"Janz - Contagem e Gest\u00e3o de Flu\u00eddos S.A.","article_modified_time":"2024-10-29T09:41:10+00:00","og_image":[{"width":1024,"height":683,"url":"https:\/\/cgf.janz.pt\/wp-content\/uploads\/2024\/10\/Janz_JV400e-1-1024x683.png","type":"image\/png"}],"twitter_card":"summary_large_image","twitter_misc":{"Dur\u00e9e de lecture estim\u00e9e":"1 minute"},"schema":{"@context":"https:\/\/schema.org","@graph":[{"@type":"WebPage","@id":"https:\/\/cgf.janz.pt\/fr\/produit\/compteurs-deau-avec-enregistreur-electronique\/","url":"https:\/\/cgf.janz.pt\/fr\/produit\/compteurs-deau-avec-enregistreur-electronique\/","name":"Compteur d'eau avec enregistreur \u00e9lectronique","isPartOf":{"@id":"https:\/\/cgf.janz.pt\/#website"},"primaryImageOfPage":{"@id":"https:\/\/cgf.janz.pt\/fr\/produit\/compteurs-deau-avec-enregistreur-electronique\/#primaryimage"},"image":{"@id":"https:\/\/cgf.janz.pt\/fr\/produit\/compteurs-deau-avec-enregistreur-electronique\/#primaryimage"},"thumbnailUrl":"https:\/\/cgf.janz.pt\/wp-content\/uploads\/2024\/10\/Janz_JV400e-1.png","datePublished":"2024-02-02T15:23:39+00:00","dateModified":"2024-10-29T09:41:10+00:00","description":"compteur d'eau volum\u00e9trique ou \u00e0 monojet eREGISTER, avec enregistreur \u00e9lectronique, pour l'eau potable pour compteur commercial ou r\u00e9sidentiel","breadcrumb":{"@id":"https:\/\/cgf.janz.pt\/fr\/produit\/compteurs-deau-avec-enregistreur-electronique\/#breadcrumb"},"inLanguage":"fr-FR","potentialAction":[{"@type":"ReadAction","target":["https:\/\/cgf.janz.pt\/fr\/produit\/compteurs-deau-avec-enregistreur-electronique\/"]}]},{"@type":"ImageObject","inLanguage":"fr-FR","@id":"https:\/\/cgf.janz.pt\/fr\/produit\/compteurs-deau-avec-enregistreur-electronique\/#primaryimage","url":"https:\/\/cgf.janz.pt\/wp-content\/uploads\/2024\/10\/Janz_JV400e-1.png","contentUrl":"https:\/\/cgf.janz.pt\/wp-content\/uploads\/2024\/10\/Janz_JV400e-1.png","width":5760,"height":3840},{"@type":"BreadcrumbList","@id":"https:\/\/cgf.janz.pt\/fr\/produit\/compteurs-deau-avec-enregistreur-electronique\/#breadcrumb","itemListElement":[{"@type":"ListItem","position":1,"name":"In\u00edcio","item":"https:\/\/cgf.janz.pt\/fr\/"},{"@type":"ListItem","position":2,"name":"Products","item":"https:\/\/cgf.janz.pt\/en\/contadores-de-agua\/"},{"@type":"ListItem","position":3,"name":"Compteurs d&#8217;eau eREGISTER"}]},{"@type":"WebSite","@id":"https:\/\/cgf.janz.pt\/#website","url":"https:\/\/cgf.janz.pt\/","name":"Janz - Contagem e Gest\u00e3o de Flu\u00eddos S.A.","description":"Fabrica, comercializa e distribu\u00ed contadores de \u00e0gua, pe\u00e7as de precis\u00e3o e injec\u00e7\u00e3o de pl\u00e1sticos","potentialAction":[{"@type":"SearchAction","target":{"@type":"EntryPoint","urlTemplate":"https:\/\/cgf.janz.pt\/?s={search_term_string}"},"query-input":{"@type":"PropertyValueSpecification","valueRequired":true,"valueName":"search_term_string"}}],"inLanguage":"fr-FR"}]}},"_links":{"self":[{"href":"https:\/\/cgf.janz.pt\/fr\/wp-json\/wp\/v2\/product\/9203","targetHints":{"allow":["GET"]}}],"collection":[{"href":"https:\/\/cgf.janz.pt\/fr\/wp-json\/wp\/v2\/product"}],"about":[{"href":"https:\/\/cgf.janz.pt\/fr\/wp-json\/wp\/v2\/types\/product"}],"wp:featuredmedia":[{"embeddable":true,"href":"https:\/\/cgf.janz.pt\/fr\/wp-json\/wp\/v2\/media\/9836"}],"wp:attachment":[{"href":"https:\/\/cgf.janz.pt\/fr\/wp-json\/wp\/v2\/media?parent=9203"}],"wp:term":[{"taxonomy":"product_brand","embeddable":true,"href":"https:\/\/cgf.janz.pt\/fr\/wp-json\/wp\/v2\/product_brand?post=9203"},{"taxonomy":"product_cat","embeddable":true,"href":"https:\/\/cgf.janz.pt\/fr\/wp-json\/wp\/v2\/product_cat?post=9203"},{"taxonomy":"product_tag","embeddable":true,"href":"https:\/\/cgf.janz.pt\/fr\/wp-json\/wp\/v2\/product_tag?post=9203"}],"curies":[{"name":"wp","href":"https:\/\/api.w.org\/{rel}","templated":true}]}}