{"id":5145,"date":"2018-05-04T15:44:58","date_gmt":"2018-05-04T15:44:58","guid":{"rendered":"https:\/\/cgf.janz.pt\/produto\/combi\/"},"modified":"2024-12-03T12:35:38","modified_gmt":"2024-12-03T12:35:38","slug":"combi","status":"publish","type":"product","link":"https:\/\/cgf.janz.pt\/fr\/produit\/combi\/","title":{"rendered":"Compteur d&rsquo;eau COMBI"},"content":{"rendered":"<p>Compteur d&rsquo;eau COMBI<\/p>\n","protected":false},"excerpt":{"rendered":"<p>Compteur d\u2019eau \u00e0 jet unique pour eau potable.<\/p>\n","protected":false},"featured_media":10207,"template":"","meta":{"_acf_changed":false,"_monsterinsights_skip_tracking":false,"_monsterinsights_sitenote_active":false,"_monsterinsights_sitenote_note":"","_monsterinsights_sitenote_category":0},"product_brand":[],"product_cat":[224,225],"product_tag":[],"class_list":{"0":"post-5145","1":"product","2":"type-product","3":"status-publish","4":"has-post-thumbnail","6":"product_cat-compteurs-deau","7":"product_cat-global-fr","9":"first","10":"instock","11":"shipping-taxable","12":"product-type-simple"},"acf":[],"yoast_head":"<!-- This site is optimized with the Yoast SEO plugin v26.9 - https:\/\/yoast.com\/product\/yoast-seo-wordpress\/ -->\n<title>Compteur d&#039;eau COMBI - Janz - Contagem e Gest\u00e3o de Flu\u00eddos S.A.<\/title>\n<meta name=\"description\" content=\"CGF Janz - Fabrica, comercializa e distribu\u00ed contadores de \u00e1gua, pe\u00e7as de precis\u00e3o e inje\u00e7\u00e3o de pl\u00e1sticos, para mercado nacional e internacional.\" \/>\n<meta name=\"robots\" content=\"index, follow, max-snippet:-1, max-image-preview:large, max-video-preview:-1\" \/>\n<link rel=\"canonical\" href=\"https:\/\/cgf.janz.pt\/fr\/produit\/combi\/\" \/>\n<meta property=\"og:locale\" content=\"fr_FR\" \/>\n<meta property=\"og:type\" content=\"article\" \/>\n<meta property=\"og:title\" content=\"Compteur d&#039;eau COMBI - Janz - Contagem e Gest\u00e3o de Flu\u00eddos S.A.\" \/>\n<meta property=\"og:description\" content=\"CGF Janz - Fabrica, comercializa e distribu\u00ed contadores de \u00e1gua, pe\u00e7as de precis\u00e3o e inje\u00e7\u00e3o de pl\u00e1sticos, para mercado nacional e internacional.\" \/>\n<meta property=\"og:url\" content=\"https:\/\/cgf.janz.pt\/fr\/produit\/combi\/\" \/>\n<meta property=\"og:site_name\" content=\"Janz - Contagem e Gest\u00e3o de Flu\u00eddos S.A.\" \/>\n<meta property=\"article:modified_time\" content=\"2024-12-03T12:35:38+00:00\" \/>\n<meta property=\"og:image\" content=\"https:\/\/cgf.janz.pt\/wp-content\/uploads\/2018\/10\/cgf.janz_.pt-redes-sociais.png\" \/>\n\t<meta property=\"og:image:width\" content=\"1200\" \/>\n\t<meta property=\"og:image:height\" content=\"628\" \/>\n\t<meta property=\"og:image:type\" content=\"image\/png\" \/>\n<meta name=\"twitter:card\" content=\"summary_large_image\" \/>\n<meta name=\"twitter:label1\" content=\"Dur\u00e9e de lecture estim\u00e9e\" \/>\n\t<meta name=\"twitter:data1\" content=\"1 minute\" \/>\n<script type=\"application\/ld+json\" class=\"yoast-schema-graph\">{\"@context\":\"https:\/\/schema.org\",\"@graph\":[{\"@type\":\"WebPage\",\"@id\":\"https:\/\/cgf.janz.pt\/fr\/produit\/combi\/\",\"url\":\"https:\/\/cgf.janz.pt\/fr\/produit\/combi\/\",\"name\":\"Compteur d'eau COMBI - Janz - Contagem e Gest\u00e3o de Flu\u00eddos S.A.\",\"isPartOf\":{\"@id\":\"https:\/\/cgf.janz.pt\/#website\"},\"primaryImageOfPage\":{\"@id\":\"https:\/\/cgf.janz.pt\/fr\/produit\/combi\/#primaryimage\"},\"image\":{\"@id\":\"https:\/\/cgf.janz.pt\/fr\/produit\/combi\/#primaryimage\"},\"thumbnailUrl\":\"https:\/\/cgf.janz.pt\/wp-content\/uploads\/2024\/12\/Janz_Combi-1_short.png\",\"datePublished\":\"2018-05-04T15:44:58+00:00\",\"dateModified\":\"2024-12-03T12:35:38+00:00\",\"description\":\"CGF Janz - Fabrica, comercializa e distribu\u00ed contadores de \u00e1gua, pe\u00e7as de precis\u00e3o e inje\u00e7\u00e3o de pl\u00e1sticos, para mercado nacional e internacional.\",\"breadcrumb\":{\"@id\":\"https:\/\/cgf.janz.pt\/fr\/produit\/combi\/#breadcrumb\"},\"inLanguage\":\"fr-FR\",\"potentialAction\":[{\"@type\":\"ReadAction\",\"target\":[\"https:\/\/cgf.janz.pt\/fr\/produit\/combi\/\"]}]},{\"@type\":\"ImageObject\",\"inLanguage\":\"fr-FR\",\"@id\":\"https:\/\/cgf.janz.pt\/fr\/produit\/combi\/#primaryimage\",\"url\":\"https:\/\/cgf.janz.pt\/wp-content\/uploads\/2024\/12\/Janz_Combi-1_short.png\",\"contentUrl\":\"https:\/\/cgf.janz.pt\/wp-content\/uploads\/2024\/12\/Janz_Combi-1_short.png\",\"width\":1934,\"height\":1693},{\"@type\":\"BreadcrumbList\",\"@id\":\"https:\/\/cgf.janz.pt\/fr\/produit\/combi\/#breadcrumb\",\"itemListElement\":[{\"@type\":\"ListItem\",\"position\":1,\"name\":\"In\u00edcio\",\"item\":\"https:\/\/cgf.janz.pt\/fr\/\"},{\"@type\":\"ListItem\",\"position\":2,\"name\":\"Products\",\"item\":\"https:\/\/cgf.janz.pt\/en\/contadores-de-agua\/\"},{\"@type\":\"ListItem\",\"position\":3,\"name\":\"Compteur d&#8217;eau COMBI\"}]},{\"@type\":\"WebSite\",\"@id\":\"https:\/\/cgf.janz.pt\/#website\",\"url\":\"https:\/\/cgf.janz.pt\/\",\"name\":\"Janz - Contagem e Gest\u00e3o de Flu\u00eddos S.A.\",\"description\":\"Fabrica, comercializa e distribu\u00ed contadores de \u00e0gua, pe\u00e7as de precis\u00e3o e injec\u00e7\u00e3o de pl\u00e1sticos\",\"potentialAction\":[{\"@type\":\"SearchAction\",\"target\":{\"@type\":\"EntryPoint\",\"urlTemplate\":\"https:\/\/cgf.janz.pt\/?s={search_term_string}\"},\"query-input\":{\"@type\":\"PropertyValueSpecification\",\"valueRequired\":true,\"valueName\":\"search_term_string\"}}],\"inLanguage\":\"fr-FR\"}]}<\/script>\n<!-- \/ Yoast SEO plugin. -->","yoast_head_json":{"title":"Compteur d'eau COMBI - Janz - Contagem e Gest\u00e3o de Flu\u00eddos S.A.","description":"CGF Janz - Fabrica, comercializa e distribu\u00ed contadores de \u00e1gua, pe\u00e7as de precis\u00e3o e inje\u00e7\u00e3o de pl\u00e1sticos, para mercado nacional e internacional.","robots":{"index":"index","follow":"follow","max-snippet":"max-snippet:-1","max-image-preview":"max-image-preview:large","max-video-preview":"max-video-preview:-1"},"canonical":"https:\/\/cgf.janz.pt\/fr\/produit\/combi\/","og_locale":"fr_FR","og_type":"article","og_title":"Compteur d'eau COMBI - Janz - Contagem e Gest\u00e3o de Flu\u00eddos S.A.","og_description":"CGF Janz - Fabrica, comercializa e distribu\u00ed contadores de \u00e1gua, pe\u00e7as de precis\u00e3o e inje\u00e7\u00e3o de pl\u00e1sticos, para mercado nacional e internacional.","og_url":"https:\/\/cgf.janz.pt\/fr\/produit\/combi\/","og_site_name":"Janz - Contagem e Gest\u00e3o de Flu\u00eddos S.A.","article_modified_time":"2024-12-03T12:35:38+00:00","og_image":[{"width":1200,"height":628,"url":"https:\/\/cgf.janz.pt\/wp-content\/uploads\/2018\/10\/cgf.janz_.pt-redes-sociais.png","type":"image\/png"}],"twitter_card":"summary_large_image","twitter_misc":{"Dur\u00e9e de lecture estim\u00e9e":"1 minute"},"schema":{"@context":"https:\/\/schema.org","@graph":[{"@type":"WebPage","@id":"https:\/\/cgf.janz.pt\/fr\/produit\/combi\/","url":"https:\/\/cgf.janz.pt\/fr\/produit\/combi\/","name":"Compteur d'eau COMBI - Janz - Contagem e Gest\u00e3o de Flu\u00eddos S.A.","isPartOf":{"@id":"https:\/\/cgf.janz.pt\/#website"},"primaryImageOfPage":{"@id":"https:\/\/cgf.janz.pt\/fr\/produit\/combi\/#primaryimage"},"image":{"@id":"https:\/\/cgf.janz.pt\/fr\/produit\/combi\/#primaryimage"},"thumbnailUrl":"https:\/\/cgf.janz.pt\/wp-content\/uploads\/2024\/12\/Janz_Combi-1_short.png","datePublished":"2018-05-04T15:44:58+00:00","dateModified":"2024-12-03T12:35:38+00:00","description":"CGF Janz - Fabrica, comercializa e distribu\u00ed contadores de \u00e1gua, pe\u00e7as de precis\u00e3o e inje\u00e7\u00e3o de pl\u00e1sticos, para mercado nacional e internacional.","breadcrumb":{"@id":"https:\/\/cgf.janz.pt\/fr\/produit\/combi\/#breadcrumb"},"inLanguage":"fr-FR","potentialAction":[{"@type":"ReadAction","target":["https:\/\/cgf.janz.pt\/fr\/produit\/combi\/"]}]},{"@type":"ImageObject","inLanguage":"fr-FR","@id":"https:\/\/cgf.janz.pt\/fr\/produit\/combi\/#primaryimage","url":"https:\/\/cgf.janz.pt\/wp-content\/uploads\/2024\/12\/Janz_Combi-1_short.png","contentUrl":"https:\/\/cgf.janz.pt\/wp-content\/uploads\/2024\/12\/Janz_Combi-1_short.png","width":1934,"height":1693},{"@type":"BreadcrumbList","@id":"https:\/\/cgf.janz.pt\/fr\/produit\/combi\/#breadcrumb","itemListElement":[{"@type":"ListItem","position":1,"name":"In\u00edcio","item":"https:\/\/cgf.janz.pt\/fr\/"},{"@type":"ListItem","position":2,"name":"Products","item":"https:\/\/cgf.janz.pt\/en\/contadores-de-agua\/"},{"@type":"ListItem","position":3,"name":"Compteur d&#8217;eau COMBI"}]},{"@type":"WebSite","@id":"https:\/\/cgf.janz.pt\/#website","url":"https:\/\/cgf.janz.pt\/","name":"Janz - Contagem e Gest\u00e3o de Flu\u00eddos S.A.","description":"Fabrica, comercializa e distribu\u00ed contadores de \u00e0gua, pe\u00e7as de precis\u00e3o e injec\u00e7\u00e3o de pl\u00e1sticos","potentialAction":[{"@type":"SearchAction","target":{"@type":"EntryPoint","urlTemplate":"https:\/\/cgf.janz.pt\/?s={search_term_string}"},"query-input":{"@type":"PropertyValueSpecification","valueRequired":true,"valueName":"search_term_string"}}],"inLanguage":"fr-FR"}]}},"_links":{"self":[{"href":"https:\/\/cgf.janz.pt\/fr\/wp-json\/wp\/v2\/product\/5145","targetHints":{"allow":["GET"]}}],"collection":[{"href":"https:\/\/cgf.janz.pt\/fr\/wp-json\/wp\/v2\/product"}],"about":[{"href":"https:\/\/cgf.janz.pt\/fr\/wp-json\/wp\/v2\/types\/product"}],"wp:featuredmedia":[{"embeddable":true,"href":"https:\/\/cgf.janz.pt\/fr\/wp-json\/wp\/v2\/media\/10207"}],"wp:attachment":[{"href":"https:\/\/cgf.janz.pt\/fr\/wp-json\/wp\/v2\/media?parent=5145"}],"wp:term":[{"taxonomy":"product_brand","embeddable":true,"href":"https:\/\/cgf.janz.pt\/fr\/wp-json\/wp\/v2\/product_brand?post=5145"},{"taxonomy":"product_cat","embeddable":true,"href":"https:\/\/cgf.janz.pt\/fr\/wp-json\/wp\/v2\/product_cat?post=5145"},{"taxonomy":"product_tag","embeddable":true,"href":"https:\/\/cgf.janz.pt\/fr\/wp-json\/wp\/v2\/product_tag?post=5145"}],"curies":[{"name":"wp","href":"https:\/\/api.w.org\/{rel}","templated":true}]}}