{"id":11668,"date":"2026-02-05T10:30:56","date_gmt":"2026-02-05T10:30:56","guid":{"rendered":"https:\/\/cgf.janz.pt\/?post_type=product&#038;p=11668"},"modified":"2026-02-05T13:50:05","modified_gmt":"2026-02-05T13:50:05","slug":"telemetrie-radio-lorawan-wm-bus","status":"publish","type":"product","link":"https:\/\/cgf.janz.pt\/fr\/produit\/telemetrie-radio-lorawan-wm-bus\/","title":{"rendered":"Radio Add-on LoRaWAN et wM-Bus"},"content":{"rendered":"<p>Radio Add-on pour les r\u00e9seaux de compteurs d&rsquo;eau LoRaWAN et wM-Bus<\/p>\n","protected":false},"excerpt":{"rendered":"<div class=\"text-wrap tlid-copy-target\">\n<div class=\"result-shield-container tlid-copy-target\" tabindex=\"0\"><span class=\"tlid-translation translation\" lang=\"fr\"><span class=\"\" title=\"\">Radio t\u00e9l\u00e9m\u00e9trie LPWA LoRaWAN et wM-Bus<\/span><\/span><\/div>\n<\/div>\n<div class=\"tlid-result-transliteration-container result-transliteration-container transliteration-container\">\n<div class=\"tlid-transliteration-content transliteration-content full\"><\/div>\n<\/div>\n","protected":false},"featured_media":11677,"template":"","meta":{"_acf_changed":false,"_monsterinsights_skip_tracking":false,"_monsterinsights_sitenote_active":false,"_monsterinsights_sitenote_note":"","_monsterinsights_sitenote_category":0},"product_brand":[],"product_cat":[224,225,227],"product_tag":[],"class_list":{"0":"post-11668","1":"product","2":"type-product","3":"status-publish","4":"has-post-thumbnail","6":"product_cat-compteurs-deau","7":"product_cat-global-fr","8":"product_cat-la-technologie","10":"first","11":"instock","12":"shipping-taxable","13":"product-type-simple"},"acf":[],"yoast_head":"<!-- This site is optimized with the Yoast SEO plugin v26.9 - https:\/\/yoast.com\/product\/yoast-seo-wordpress\/ -->\n<title>T\u00e9l\u00e9m\u00e9trie: Radio LoRaWAN et wM-Bus<\/title>\n<meta name=\"description\" content=\"Ce radio pour r\u00e9seaux LPWA avec t\u00e9l\u00e9m\u00e9trie LoRaWAN et wM-Bus offre une facilit\u00e9 de d\u00e9ploiement, une \u00e9volutivit\u00e9 et une fiabilit\u00e9 optimales. En savoir plus\u2026\" \/>\n<meta name=\"robots\" content=\"index, follow, max-snippet:-1, max-image-preview:large, max-video-preview:-1\" \/>\n<link rel=\"canonical\" href=\"https:\/\/cgf.janz.pt\/fr\/produit\/telemetrie-radio-lorawan-wm-bus\/\" \/>\n<meta property=\"og:locale\" content=\"fr_FR\" \/>\n<meta property=\"og:type\" content=\"article\" \/>\n<meta property=\"og:title\" content=\"T\u00e9l\u00e9m\u00e9trie: Radio LoRaWAN et wM-Bus\" \/>\n<meta property=\"og:description\" content=\"Ce radio pour r\u00e9seaux LPWA avec t\u00e9l\u00e9m\u00e9trie LoRaWAN et wM-Bus offre une facilit\u00e9 de d\u00e9ploiement, une \u00e9volutivit\u00e9 et une fiabilit\u00e9 optimales. En savoir plus\u2026\" \/>\n<meta property=\"og:url\" content=\"https:\/\/cgf.janz.pt\/fr\/produit\/telemetrie-radio-lorawan-wm-bus\/\" \/>\n<meta property=\"og:site_name\" content=\"Janz - Contagem e Gest\u00e3o de Flu\u00eddos S.A.\" \/>\n<meta property=\"article:modified_time\" content=\"2026-02-05T13:50:05+00:00\" \/>\n<meta property=\"og:image\" content=\"https:\/\/cgf.janz.pt\/wp-content\/uploads\/2026\/02\/Janz_Radio_LoRaWAN_wM-Bus_short-1024x881.png\" \/>\n\t<meta property=\"og:image:width\" content=\"1024\" \/>\n\t<meta property=\"og:image:height\" content=\"881\" \/>\n\t<meta property=\"og:image:type\" content=\"image\/png\" \/>\n<meta name=\"twitter:card\" content=\"summary_large_image\" \/>\n<meta name=\"twitter:label1\" content=\"Dur\u00e9e de lecture estim\u00e9e\" \/>\n\t<meta name=\"twitter:data1\" content=\"1 minute\" \/>\n<script type=\"application\/ld+json\" class=\"yoast-schema-graph\">{\"@context\":\"https:\/\/schema.org\",\"@graph\":[{\"@type\":\"WebPage\",\"@id\":\"https:\/\/cgf.janz.pt\/fr\/produit\/telemetrie-radio-lorawan-wm-bus\/\",\"url\":\"https:\/\/cgf.janz.pt\/fr\/produit\/telemetrie-radio-lorawan-wm-bus\/\",\"name\":\"T\u00e9l\u00e9m\u00e9trie: Radio LoRaWAN et wM-Bus\",\"isPartOf\":{\"@id\":\"https:\/\/cgf.janz.pt\/#website\"},\"primaryImageOfPage\":{\"@id\":\"https:\/\/cgf.janz.pt\/fr\/produit\/telemetrie-radio-lorawan-wm-bus\/#primaryimage\"},\"image\":{\"@id\":\"https:\/\/cgf.janz.pt\/fr\/produit\/telemetrie-radio-lorawan-wm-bus\/#primaryimage\"},\"thumbnailUrl\":\"https:\/\/cgf.janz.pt\/wp-content\/uploads\/2026\/02\/Janz_Radio_LoRaWAN_wM-Bus_short.png\",\"datePublished\":\"2026-02-05T10:30:56+00:00\",\"dateModified\":\"2026-02-05T13:50:05+00:00\",\"description\":\"Ce radio pour r\u00e9seaux LPWA avec t\u00e9l\u00e9m\u00e9trie LoRaWAN et wM-Bus offre une facilit\u00e9 de d\u00e9ploiement, une \u00e9volutivit\u00e9 et une fiabilit\u00e9 optimales. En savoir plus\u2026\",\"breadcrumb\":{\"@id\":\"https:\/\/cgf.janz.pt\/fr\/produit\/telemetrie-radio-lorawan-wm-bus\/#breadcrumb\"},\"inLanguage\":\"fr-FR\",\"potentialAction\":[{\"@type\":\"ReadAction\",\"target\":[\"https:\/\/cgf.janz.pt\/fr\/produit\/telemetrie-radio-lorawan-wm-bus\/\"]}]},{\"@type\":\"ImageObject\",\"inLanguage\":\"fr-FR\",\"@id\":\"https:\/\/cgf.janz.pt\/fr\/produit\/telemetrie-radio-lorawan-wm-bus\/#primaryimage\",\"url\":\"https:\/\/cgf.janz.pt\/wp-content\/uploads\/2026\/02\/Janz_Radio_LoRaWAN_wM-Bus_short.png\",\"contentUrl\":\"https:\/\/cgf.janz.pt\/wp-content\/uploads\/2026\/02\/Janz_Radio_LoRaWAN_wM-Bus_short.png\",\"width\":1944,\"height\":1672},{\"@type\":\"BreadcrumbList\",\"@id\":\"https:\/\/cgf.janz.pt\/fr\/produit\/telemetrie-radio-lorawan-wm-bus\/#breadcrumb\",\"itemListElement\":[{\"@type\":\"ListItem\",\"position\":1,\"name\":\"In\u00edcio\",\"item\":\"https:\/\/cgf.janz.pt\/fr\/\"},{\"@type\":\"ListItem\",\"position\":2,\"name\":\"Products\",\"item\":\"https:\/\/cgf.janz.pt\/en\/contadores-de-agua\/\"},{\"@type\":\"ListItem\",\"position\":3,\"name\":\"Radio Add-on LoRaWAN et wM-Bus\"}]},{\"@type\":\"WebSite\",\"@id\":\"https:\/\/cgf.janz.pt\/#website\",\"url\":\"https:\/\/cgf.janz.pt\/\",\"name\":\"Janz - Contagem e Gest\u00e3o de Flu\u00eddos S.A.\",\"description\":\"Fabrica, comercializa e distribu\u00ed contadores de \u00e0gua, pe\u00e7as de precis\u00e3o e injec\u00e7\u00e3o de pl\u00e1sticos\",\"potentialAction\":[{\"@type\":\"SearchAction\",\"target\":{\"@type\":\"EntryPoint\",\"urlTemplate\":\"https:\/\/cgf.janz.pt\/?s={search_term_string}\"},\"query-input\":{\"@type\":\"PropertyValueSpecification\",\"valueRequired\":true,\"valueName\":\"search_term_string\"}}],\"inLanguage\":\"fr-FR\"}]}<\/script>\n<!-- \/ Yoast SEO plugin. -->","yoast_head_json":{"title":"T\u00e9l\u00e9m\u00e9trie: Radio LoRaWAN et wM-Bus","description":"Ce radio pour r\u00e9seaux LPWA avec t\u00e9l\u00e9m\u00e9trie LoRaWAN et wM-Bus offre une facilit\u00e9 de d\u00e9ploiement, une \u00e9volutivit\u00e9 et une fiabilit\u00e9 optimales. En savoir plus\u2026","robots":{"index":"index","follow":"follow","max-snippet":"max-snippet:-1","max-image-preview":"max-image-preview:large","max-video-preview":"max-video-preview:-1"},"canonical":"https:\/\/cgf.janz.pt\/fr\/produit\/telemetrie-radio-lorawan-wm-bus\/","og_locale":"fr_FR","og_type":"article","og_title":"T\u00e9l\u00e9m\u00e9trie: Radio LoRaWAN et wM-Bus","og_description":"Ce radio pour r\u00e9seaux LPWA avec t\u00e9l\u00e9m\u00e9trie LoRaWAN et wM-Bus offre une facilit\u00e9 de d\u00e9ploiement, une \u00e9volutivit\u00e9 et une fiabilit\u00e9 optimales. En savoir plus\u2026","og_url":"https:\/\/cgf.janz.pt\/fr\/produit\/telemetrie-radio-lorawan-wm-bus\/","og_site_name":"Janz - Contagem e Gest\u00e3o de Flu\u00eddos S.A.","article_modified_time":"2026-02-05T13:50:05+00:00","og_image":[{"width":1024,"height":881,"url":"https:\/\/cgf.janz.pt\/wp-content\/uploads\/2026\/02\/Janz_Radio_LoRaWAN_wM-Bus_short-1024x881.png","type":"image\/png"}],"twitter_card":"summary_large_image","twitter_misc":{"Dur\u00e9e de lecture estim\u00e9e":"1 minute"},"schema":{"@context":"https:\/\/schema.org","@graph":[{"@type":"WebPage","@id":"https:\/\/cgf.janz.pt\/fr\/produit\/telemetrie-radio-lorawan-wm-bus\/","url":"https:\/\/cgf.janz.pt\/fr\/produit\/telemetrie-radio-lorawan-wm-bus\/","name":"T\u00e9l\u00e9m\u00e9trie: Radio LoRaWAN et wM-Bus","isPartOf":{"@id":"https:\/\/cgf.janz.pt\/#website"},"primaryImageOfPage":{"@id":"https:\/\/cgf.janz.pt\/fr\/produit\/telemetrie-radio-lorawan-wm-bus\/#primaryimage"},"image":{"@id":"https:\/\/cgf.janz.pt\/fr\/produit\/telemetrie-radio-lorawan-wm-bus\/#primaryimage"},"thumbnailUrl":"https:\/\/cgf.janz.pt\/wp-content\/uploads\/2026\/02\/Janz_Radio_LoRaWAN_wM-Bus_short.png","datePublished":"2026-02-05T10:30:56+00:00","dateModified":"2026-02-05T13:50:05+00:00","description":"Ce radio pour r\u00e9seaux LPWA avec t\u00e9l\u00e9m\u00e9trie LoRaWAN et wM-Bus offre une facilit\u00e9 de d\u00e9ploiement, une \u00e9volutivit\u00e9 et une fiabilit\u00e9 optimales. En savoir plus\u2026","breadcrumb":{"@id":"https:\/\/cgf.janz.pt\/fr\/produit\/telemetrie-radio-lorawan-wm-bus\/#breadcrumb"},"inLanguage":"fr-FR","potentialAction":[{"@type":"ReadAction","target":["https:\/\/cgf.janz.pt\/fr\/produit\/telemetrie-radio-lorawan-wm-bus\/"]}]},{"@type":"ImageObject","inLanguage":"fr-FR","@id":"https:\/\/cgf.janz.pt\/fr\/produit\/telemetrie-radio-lorawan-wm-bus\/#primaryimage","url":"https:\/\/cgf.janz.pt\/wp-content\/uploads\/2026\/02\/Janz_Radio_LoRaWAN_wM-Bus_short.png","contentUrl":"https:\/\/cgf.janz.pt\/wp-content\/uploads\/2026\/02\/Janz_Radio_LoRaWAN_wM-Bus_short.png","width":1944,"height":1672},{"@type":"BreadcrumbList","@id":"https:\/\/cgf.janz.pt\/fr\/produit\/telemetrie-radio-lorawan-wm-bus\/#breadcrumb","itemListElement":[{"@type":"ListItem","position":1,"name":"In\u00edcio","item":"https:\/\/cgf.janz.pt\/fr\/"},{"@type":"ListItem","position":2,"name":"Products","item":"https:\/\/cgf.janz.pt\/en\/contadores-de-agua\/"},{"@type":"ListItem","position":3,"name":"Radio Add-on LoRaWAN et wM-Bus"}]},{"@type":"WebSite","@id":"https:\/\/cgf.janz.pt\/#website","url":"https:\/\/cgf.janz.pt\/","name":"Janz - Contagem e Gest\u00e3o de Flu\u00eddos S.A.","description":"Fabrica, comercializa e distribu\u00ed contadores de \u00e0gua, pe\u00e7as de precis\u00e3o e injec\u00e7\u00e3o de pl\u00e1sticos","potentialAction":[{"@type":"SearchAction","target":{"@type":"EntryPoint","urlTemplate":"https:\/\/cgf.janz.pt\/?s={search_term_string}"},"query-input":{"@type":"PropertyValueSpecification","valueRequired":true,"valueName":"search_term_string"}}],"inLanguage":"fr-FR"}]}},"_links":{"self":[{"href":"https:\/\/cgf.janz.pt\/fr\/wp-json\/wp\/v2\/product\/11668","targetHints":{"allow":["GET"]}}],"collection":[{"href":"https:\/\/cgf.janz.pt\/fr\/wp-json\/wp\/v2\/product"}],"about":[{"href":"https:\/\/cgf.janz.pt\/fr\/wp-json\/wp\/v2\/types\/product"}],"wp:featuredmedia":[{"embeddable":true,"href":"https:\/\/cgf.janz.pt\/fr\/wp-json\/wp\/v2\/media\/11677"}],"wp:attachment":[{"href":"https:\/\/cgf.janz.pt\/fr\/wp-json\/wp\/v2\/media?parent=11668"}],"wp:term":[{"taxonomy":"product_brand","embeddable":true,"href":"https:\/\/cgf.janz.pt\/fr\/wp-json\/wp\/v2\/product_brand?post=11668"},{"taxonomy":"product_cat","embeddable":true,"href":"https:\/\/cgf.janz.pt\/fr\/wp-json\/wp\/v2\/product_cat?post=11668"},{"taxonomy":"product_tag","embeddable":true,"href":"https:\/\/cgf.janz.pt\/fr\/wp-json\/wp\/v2\/product_tag?post=11668"}],"curies":[{"name":"wp","href":"https:\/\/api.w.org\/{rel}","templated":true}]}}