{"id":5045,"date":"2018-05-16T13:08:22","date_gmt":"2018-05-16T13:08:22","guid":{"rendered":"https:\/\/cgf.janz.pt\/termos-condicoes\/"},"modified":"2020-09-23T11:48:14","modified_gmt":"2020-09-23T10:48:14","slug":"termos-condicoes","status":"publish","type":"page","link":"https:\/\/cgf.janz.pt\/fr\/termos-condicoes\/","title":{"rendered":"Termes &#038; Conditions"},"content":{"rendered":"<div class=\"wpb-content-wrapper\"><p>[vc_row][vc_column][vc_column_text]<\/p>\n<h2 style=\"text-align: center;\">CONDITIONS D\u2019UTILISATION<\/h2>\n<p>Le contenu de ce site web est mis \u00e0 disposition dans le but de fournir des informations g\u00e9n\u00e9rales et ne constitue pas une prestation de services.Janz d\u00e9cline toute responsabilit\u00e9 pour les dommages pouvant survenir en liaison avec les informations contenues sur ce site. Ce site a pour but d\u2019informer, sans garantie de la mise \u00e0 jour permanente du contenu.Janz autorise le t\u00e9l\u00e9chargement et le stockage temporaires du contenu de ce site afin de le visualiser sur un ordinateur ou un \u00e9cran. La reproduction, le stockage permanent ou la retransmission du contenu de ce site sont express\u00e9ment interdites sans autorisation \u00e9crite pr\u00e9alable de Janz. Tous les droits relatifs \u00e0 ce site sont la propri\u00e9t\u00e9 exclusive de Janz.<\/p>\n<h4>1. Politique de confidentialit\u00e9<\/h4>\n<p>En lisant cette politique de confidentialit\u00e9, l&rsquo;utilisateur est inform\u00e9 de la mani\u00e8re dont Janz compile, traite et prot\u00e8ge les donn\u00e9es personnelles fournies par le biais des formulaires disponibles sur le site www.cgf.janz.pt, ainsi que les donn\u00e9es r\u00e9sultant de votre navigation et d&rsquo;autres donn\u00e9es que vous pourriez fournir \u00e0 Janz dans le futur.<\/p>\n<p><strong>a) Responsable du traitement des donn\u00e9es<\/strong><\/p>\n<p>Vos donn\u00e9es seront trait\u00e9es par Janz Contagem e Gest\u00e3o de Flu\u00eddos, SA, entit\u00e9 juridique num\u00e9ro 505232235, dont le si\u00e8ge est situ\u00e9 Av. Infante D. Henrique 286|288 1950-421 Lisbonne au Portugal. Cette soci\u00e9t\u00e9 est responsable du traitement des donn\u00e9es \u00e0 caract\u00e8re personnel au sens du r\u00e8glement g\u00e9n\u00e9ral sur la protection des donn\u00e9es.<br \/>\nPour toute question concernant le traitement de vos donn\u00e9es \u00e0 caract\u00e8re personnel, vous pouvez nous contacter par les voies suivantes :<br \/>\ne-mail : rgpd@cgf.janz.pt<br \/>\nt\u00e9l\u00e9phone : +(315) 218 316 044<br \/>\nA tout moment, vous pouvez nous demander :<\/p>\n<ul>\n<li>Pour acc\u00e9der aux informations dont nous disposons \u00e0 votre sujet ;<\/li>\n<li>Pour rectifier les informations si elles sont incorrectes ou incompl\u00e8tes;<\/li>\n<li>Pour supprimer ou limiter le traitement de vos donn\u00e9es personnelles ou leur portabilit\u00e9 ;<\/li>\n<\/ul>\n<p><strong>b)Les informations que nous recueillons et la mani\u00e8re dont elles seront utilis\u00e9es<\/strong><\/p>\n<p>Lorsque vous vous inscrivez sur notre site, nous recueillons les informations que vous choisissez de remplir dans les formulaires du site. Nous recueillons ces informations afin de pouvoir traiter vos demandes et g\u00e9rer efficacement toutes les transactions, ainsi que de les utiliser pour d\u00e9velopper et am\u00e9liorer nos services. Nous pouvons utiliser des informations agr\u00e9g\u00e9es pour contr\u00f4ler l\u2019utilisation de nos services et nous aider \u00e0 d\u00e9velopper et am\u00e9liorer notre site. Les informations et statistiques globales n\u2019incluent toutefois pas de d\u00e9tails pouvant \u00eatre utilis\u00e9s pour les identifier.<br \/>\nNous pouvons avoir re\u00e7u des informations personnelles d\u2019autres soci\u00e9t\u00e9s et organisations (par exemple, \u00e0 des fins de marketing) et nous en remettre \u00e0 ces tiers pour obtenir votre consentement afin que nous puissions utiliser ces informations.<\/p>\n<p>&nbsp;<\/p>\n<h4>2. Les cookies<\/h4>\n<p>Nous utilisons des cookies sur ce site. Un cookie est un petit fichier texte qui identifie votre ordinateur sur notre serveur. Les cookies eux-m\u00eames ne permettent pas d\u2019identifier l\u2019utilisateur individuel, mais uniquement l\u2019ordinateur utilis\u00e9. Les cookies ne sont pas utilis\u00e9s pour collecter des informations personnelles.<\/p>\n<h4>Notre politique de cookie<\/h4>\n<p>Nous avons l\u2019intention de garantir et de prot\u00e9ger la confidentialit\u00e9 et de respecter vos obligations l\u00e9gales. Notre politique de confidentialit\u00e9 et nos cookies d\u00e9finissent le traitement de toutes les informations personnelles qui nous sont fournies lors de l\u2019utilisation de ce site. Il d\u00e9crit \u00e9galement la mani\u00e8re dont nous utilisons les cookies Internet et certaines des mesures de s\u00e9curit\u00e9 que nous utilisons pour prot\u00e9ger votre vie priv\u00e9e, tout en vous donnant des garanties sur ce que vous ne pouvez pas faire.<\/p>\n<h4>Les cookies que nous utilisons<\/h4>\n<ul>\n<li>PHPSESSID Ce cookie est essentiel et permet au site de r\u00e9agir \u00e0 toute action qu\u2019il effectue sur le site, par exemple en remplissant un formulaire. Le site peut ne pas fonctionner correctement si ce cookie n\u2019est pas utilis\u00e9.<\/li>\n<li>xms_user Ce cookie est utilis\u00e9 par les utilisateurs du backoffice. Le site fonctionne correctement si ce cookie n\u2019est pas utilis\u00e9.<\/li>\n<li>__utma, __utmb, __utmc, __utmz Les cookies commen\u00e7ant par \u201c__utm\u201d permettent l\u2019activation d\u2019un logiciel d\u2019analyse. Ce logiciel aide \u00e0 analyser les visiteurs du site et \u00e0 fournir des informations anonymes telles que les navigateurs utilis\u00e9s, les visiteurs revenant et les r\u00e9ponses aux activit\u00e9s marketing. Ces informations nous aident \u00e0 am\u00e9liorer le site et l\u2019exp\u00e9rience utilisateur en ligne.<\/li>\n<li>__atuvc, uid, uit, user_segment Cookies cr\u00e9\u00e9s et lus par le code JavaScript du site qui permettent le partage de contenu sur les r\u00e9seaux sociaux \u201cAddThis\u201d.<\/li>\n<li>GOOGLE MAPS SID, SAPISID, APISID, SSID, HSID, NID, PREF Cookies utilis\u00e9s par Google pour enregistrer les pr\u00e9f\u00e9rences utilis\u00e9es lors de la cr\u00e9ation des cartes utilis\u00e9es par Google.<\/li>\n<\/ul>\n<h4>Contr\u00f4le des cookies<\/h4>\n<p>Les navigateurs Web vous permettent d\u2019exercer un certain contr\u00f4le sur les cookies via les param\u00e8tres de votre navigateur. La plupart des navigateurs vous permettent de bloquer les cookies ou de bloquer les cookies de sites Web sp\u00e9cifiques. Les navigateurs peuvent \u00e9galement vous aider \u00e0 effacer vos cookies lorsque vous fermez le navigateur. Toutefois, vous devez noter que cela peut signifier que toutes les exclusions ou pr\u00e9f\u00e9rences d\u00e9finies sur le site seront perdues. Pour en savoir plus sur les cookies, notamment sur la mani\u00e8re de voir quels cookies ont \u00e9t\u00e9 cr\u00e9\u00e9s, comment les g\u00e9rer et les supprimer, visitez www.allaboutcookies.org\/, qui contient des informations sur la gestion de vos param\u00e8tres pour diff\u00e9rents navigateurs.<\/p>\n<h4>Navigateur de d\u00e9sinscription de Google Analytics<\/h4>\n<p>Pour permettre aux visiteurs de choisir plus facilement les m\u00e9thodes de collecte de leurs donn\u00e9es par Google Analytics, Google a d\u00e9velopp\u00e9 le navigateur de module compl\u00e9mentaire de d\u00e9sactivation de Google Analytics. Le module compl\u00e9mentaire communique avec le code JavaScript Google Analytics (ga.js) pour indiquer que les informations relatives \u00e0 la visite du site ne doivent pas \u00eatre envoy\u00e9es \u00e0 Google Analytics. Le navigateur suppl\u00e9mentaire \u00e0 la d\u00e9sactivation de Google Analytics n\u2019emp\u00eache pas les informations d\u2019\u00eatre envoy\u00e9es au site lui-m\u00eame ou \u00e0 d\u2019autres services d\u2019analyse Web. Pour en savoir plus sur la d\u00e9sactivation suppl\u00e9mentaire du navigateur Google Analytics, consultez la page\u00a0https:\/\/tools.google.com\/dlpage\/gaoptout?hl=None.<\/p>\n<p>&nbsp;<\/p>\n<h4>3. Acceptation de ces termes<\/h4>\n<p>En utilisant ce site, vous acceptez la collecte et l\u2019utilisation de vos informations telles qu\u2019\u00e9nonc\u00e9es dans la pr\u00e9sente politique de cookie et la politique de confidentialit\u00e9. Si nous modifions notre politique de confidentialit\u00e9 ou de cookies de quelque mani\u00e8re que ce soit, ces modifications seront publi\u00e9es sur ce site.[\/vc_column_text][\/vc_column][\/vc_row]<\/p>\n<\/div>","protected":false},"excerpt":{"rendered":"<p>[vc_row][vc_column][vc_column_text] CONDITIONS D\u2019UTILISATION Le contenu de ce site web est mis \u00e0 disposition dans le but de fournir des informations [&hellip;]<\/p>\n","protected":false},"author":7,"featured_media":0,"parent":0,"menu_order":0,"comment_status":"closed","ping_status":"closed","template":"","meta":{"_acf_changed":false,"_monsterinsights_skip_tracking":false,"_monsterinsights_sitenote_active":false,"_monsterinsights_sitenote_note":"","_monsterinsights_sitenote_category":0,"footnotes":""},"class_list":["post-5045","page","type-page","status-publish","hentry"],"acf":[],"yoast_head":"<!-- This site is optimized with the Yoast SEO plugin v26.9 - https:\/\/yoast.com\/product\/yoast-seo-wordpress\/ -->\n<title>Termos &amp; Condi\u00e7\u00f5es - CGF JANZ - Contagem e Gest\u00e3o de Flu\u00eddos<\/title>\n<meta name=\"description\" content=\"Termos de Utiliza\u00e7\u00e3o do site com o objectivo de fornecer informa\u00e7\u00f5es de car\u00e1cter geral da CGF Janz - Contagem e Gest\u00e3o de Flu\u00eddos\" \/>\n<meta name=\"robots\" content=\"index, follow, max-snippet:-1, max-image-preview:large, max-video-preview:-1\" \/>\n<link rel=\"canonical\" href=\"https:\/\/cgf.janz.pt\/fr\/termos-condicoes\/\" \/>\n<meta property=\"og:locale\" content=\"fr_FR\" \/>\n<meta property=\"og:type\" content=\"article\" \/>\n<meta property=\"og:title\" content=\"Termos &amp; Condi\u00e7\u00f5es - CGF JANZ - Contagem e Gest\u00e3o de Flu\u00eddos\" \/>\n<meta property=\"og:description\" content=\"Termos de Utiliza\u00e7\u00e3o do site com o objectivo de fornecer informa\u00e7\u00f5es de car\u00e1cter geral da CGF Janz - Contagem e Gest\u00e3o de Flu\u00eddos\" \/>\n<meta property=\"og:url\" content=\"https:\/\/cgf.janz.pt\/fr\/termos-condicoes\/\" \/>\n<meta property=\"og:site_name\" content=\"Janz - Contagem e Gest\u00e3o de Flu\u00eddos S.A.\" \/>\n<meta property=\"article:modified_time\" content=\"2020-09-23T10:48:14+00:00\" \/>\n<meta property=\"og:image\" content=\"https:\/\/cgf.janz.pt\/wp-content\/uploads\/2018\/10\/cgf.janz_.pt-redes-sociais.png\" \/>\n\t<meta property=\"og:image:width\" content=\"1200\" \/>\n\t<meta property=\"og:image:height\" content=\"628\" \/>\n\t<meta property=\"og:image:type\" content=\"image\/png\" \/>\n<meta name=\"twitter:card\" content=\"summary_large_image\" \/>\n<meta name=\"twitter:label1\" content=\"Dur\u00e9e de lecture estim\u00e9e\" \/>\n\t<meta name=\"twitter:data1\" content=\"6 minutes\" \/>\n<script type=\"application\/ld+json\" class=\"yoast-schema-graph\">{\"@context\":\"https:\/\/schema.org\",\"@graph\":[{\"@type\":\"WebPage\",\"@id\":\"https:\/\/cgf.janz.pt\/fr\/termos-condicoes\/\",\"url\":\"https:\/\/cgf.janz.pt\/fr\/termos-condicoes\/\",\"name\":\"Termos & Condi\u00e7\u00f5es - CGF JANZ - Contagem e Gest\u00e3o de Flu\u00eddos\",\"isPartOf\":{\"@id\":\"https:\/\/cgf.janz.pt\/#website\"},\"datePublished\":\"2018-05-16T13:08:22+00:00\",\"dateModified\":\"2020-09-23T10:48:14+00:00\",\"description\":\"Termos de Utiliza\u00e7\u00e3o do site com o objectivo de fornecer informa\u00e7\u00f5es de car\u00e1cter geral da CGF Janz - Contagem e Gest\u00e3o de Flu\u00eddos\",\"breadcrumb\":{\"@id\":\"https:\/\/cgf.janz.pt\/fr\/termos-condicoes\/#breadcrumb\"},\"inLanguage\":\"fr-FR\",\"potentialAction\":[{\"@type\":\"ReadAction\",\"target\":[\"https:\/\/cgf.janz.pt\/fr\/termos-condicoes\/\"]}]},{\"@type\":\"BreadcrumbList\",\"@id\":\"https:\/\/cgf.janz.pt\/fr\/termos-condicoes\/#breadcrumb\",\"itemListElement\":[{\"@type\":\"ListItem\",\"position\":1,\"name\":\"In\u00edcio\",\"item\":\"https:\/\/cgf.janz.pt\/fr\/\"},{\"@type\":\"ListItem\",\"position\":2,\"name\":\"Termes &#038; Conditions\"}]},{\"@type\":\"WebSite\",\"@id\":\"https:\/\/cgf.janz.pt\/#website\",\"url\":\"https:\/\/cgf.janz.pt\/\",\"name\":\"Janz - Contagem e Gest\u00e3o de Flu\u00eddos S.A.\",\"description\":\"Fabrica, comercializa e distribu\u00ed contadores de \u00e0gua, pe\u00e7as de precis\u00e3o e injec\u00e7\u00e3o de pl\u00e1sticos\",\"potentialAction\":[{\"@type\":\"SearchAction\",\"target\":{\"@type\":\"EntryPoint\",\"urlTemplate\":\"https:\/\/cgf.janz.pt\/?s={search_term_string}\"},\"query-input\":{\"@type\":\"PropertyValueSpecification\",\"valueRequired\":true,\"valueName\":\"search_term_string\"}}],\"inLanguage\":\"fr-FR\"}]}<\/script>\n<!-- \/ Yoast SEO plugin. -->","yoast_head_json":{"title":"Termos & Condi\u00e7\u00f5es - CGF JANZ - Contagem e Gest\u00e3o de Flu\u00eddos","description":"Termos de Utiliza\u00e7\u00e3o do site com o objectivo de fornecer informa\u00e7\u00f5es de car\u00e1cter geral da CGF Janz - Contagem e Gest\u00e3o de Flu\u00eddos","robots":{"index":"index","follow":"follow","max-snippet":"max-snippet:-1","max-image-preview":"max-image-preview:large","max-video-preview":"max-video-preview:-1"},"canonical":"https:\/\/cgf.janz.pt\/fr\/termos-condicoes\/","og_locale":"fr_FR","og_type":"article","og_title":"Termos & Condi\u00e7\u00f5es - CGF JANZ - Contagem e Gest\u00e3o de Flu\u00eddos","og_description":"Termos de Utiliza\u00e7\u00e3o do site com o objectivo de fornecer informa\u00e7\u00f5es de car\u00e1cter geral da CGF Janz - Contagem e Gest\u00e3o de Flu\u00eddos","og_url":"https:\/\/cgf.janz.pt\/fr\/termos-condicoes\/","og_site_name":"Janz - Contagem e Gest\u00e3o de Flu\u00eddos S.A.","article_modified_time":"2020-09-23T10:48:14+00:00","og_image":[{"width":1200,"height":628,"url":"https:\/\/cgf.janz.pt\/wp-content\/uploads\/2018\/10\/cgf.janz_.pt-redes-sociais.png","type":"image\/png"}],"twitter_card":"summary_large_image","twitter_misc":{"Dur\u00e9e de lecture estim\u00e9e":"6 minutes"},"schema":{"@context":"https:\/\/schema.org","@graph":[{"@type":"WebPage","@id":"https:\/\/cgf.janz.pt\/fr\/termos-condicoes\/","url":"https:\/\/cgf.janz.pt\/fr\/termos-condicoes\/","name":"Termos & Condi\u00e7\u00f5es - CGF JANZ - Contagem e Gest\u00e3o de Flu\u00eddos","isPartOf":{"@id":"https:\/\/cgf.janz.pt\/#website"},"datePublished":"2018-05-16T13:08:22+00:00","dateModified":"2020-09-23T10:48:14+00:00","description":"Termos de Utiliza\u00e7\u00e3o do site com o objectivo de fornecer informa\u00e7\u00f5es de car\u00e1cter geral da CGF Janz - Contagem e Gest\u00e3o de Flu\u00eddos","breadcrumb":{"@id":"https:\/\/cgf.janz.pt\/fr\/termos-condicoes\/#breadcrumb"},"inLanguage":"fr-FR","potentialAction":[{"@type":"ReadAction","target":["https:\/\/cgf.janz.pt\/fr\/termos-condicoes\/"]}]},{"@type":"BreadcrumbList","@id":"https:\/\/cgf.janz.pt\/fr\/termos-condicoes\/#breadcrumb","itemListElement":[{"@type":"ListItem","position":1,"name":"In\u00edcio","item":"https:\/\/cgf.janz.pt\/fr\/"},{"@type":"ListItem","position":2,"name":"Termes &#038; Conditions"}]},{"@type":"WebSite","@id":"https:\/\/cgf.janz.pt\/#website","url":"https:\/\/cgf.janz.pt\/","name":"Janz - Contagem e Gest\u00e3o de Flu\u00eddos S.A.","description":"Fabrica, comercializa e distribu\u00ed contadores de \u00e0gua, pe\u00e7as de precis\u00e3o e injec\u00e7\u00e3o de pl\u00e1sticos","potentialAction":[{"@type":"SearchAction","target":{"@type":"EntryPoint","urlTemplate":"https:\/\/cgf.janz.pt\/?s={search_term_string}"},"query-input":{"@type":"PropertyValueSpecification","valueRequired":true,"valueName":"search_term_string"}}],"inLanguage":"fr-FR"}]}},"_links":{"self":[{"href":"https:\/\/cgf.janz.pt\/fr\/wp-json\/wp\/v2\/pages\/5045","targetHints":{"allow":["GET"]}}],"collection":[{"href":"https:\/\/cgf.janz.pt\/fr\/wp-json\/wp\/v2\/pages"}],"about":[{"href":"https:\/\/cgf.janz.pt\/fr\/wp-json\/wp\/v2\/types\/page"}],"author":[{"embeddable":true,"href":"https:\/\/cgf.janz.pt\/fr\/wp-json\/wp\/v2\/users\/7"}],"replies":[{"embeddable":true,"href":"https:\/\/cgf.janz.pt\/fr\/wp-json\/wp\/v2\/comments?post=5045"}],"version-history":[{"count":4,"href":"https:\/\/cgf.janz.pt\/fr\/wp-json\/wp\/v2\/pages\/5045\/revisions"}],"predecessor-version":[{"id":5819,"href":"https:\/\/cgf.janz.pt\/fr\/wp-json\/wp\/v2\/pages\/5045\/revisions\/5819"}],"wp:attachment":[{"href":"https:\/\/cgf.janz.pt\/fr\/wp-json\/wp\/v2\/media?parent=5045"}],"curies":[{"name":"wp","href":"https:\/\/api.w.org\/{rel}","templated":true}]}}