{"id":5035,"date":"2019-03-20T10:30:46","date_gmt":"2019-03-20T10:30:46","guid":{"rendered":"https:\/\/cgf.janz.pt\/servicos\/"},"modified":"2024-10-01T16:54:39","modified_gmt":"2024-10-01T15:54:39","slug":"servicos","status":"publish","type":"page","link":"https:\/\/cgf.janz.pt\/fr\/servicos\/","title":{"rendered":"Services"},"content":{"rendered":"<div class=\"wpb-content-wrapper\"><p>[vc_row][vc_column][vc_cta h2=\u00a0\u00bbServices\u00a0\u00bb h2_font_container=\u00a0\u00bbcolor:%23003139&Prime; h2_use_theme_fonts=\u00a0\u00bbyes\u00a0\u00bb txt_align=\u00a0\u00bbcenter\u00a0\u00bb style=\u00a0\u00bbcustom\u00a0\u00bb use_custom_fonts_h2=\u00a0\u00bbtrue\u00a0\u00bb custom_background=\u00a0\u00bb#ffffff\u00a0\u00bb el_class=\u00a0\u00bbspecial_h2 page-title\u00a0\u00bb][\/vc_cta][vc_column_text]Janz offre le meilleur service d\u2019assistance apr\u00e8s-vente sur le march\u00e9.<\/p>\n<p>Nous mettons \u00e0 la disposition de nos clients, des laboratoires ind\u00e9pendants pour les essais et les \u00e9talonnages des compteurs d\u2019eau.<\/p>\n<p>Nos ateliers offrent \u00e9galement des services de renouvellement des compteurs d\u2019eau qui permettent non seulement l\u2019am\u00e9lioration m\u00e9trologique du compteur, mais aussi sa mise \u00e0 jour technologique, ce qui m\u00e8ne \u00e0 l\u2019association avec des syst\u00e8mes modernes de t\u00e9l\u00e9gestion et de contr\u00f4le, garantissant l\u2019obtention des meilleurs r\u00e9sultats.[\/vc_column_text][\/vc_column][\/vc_row][vc_row][vc_column][vc_column_text]<\/p>\n<h2><strong><br \/>\nD\u00e9couvrez les services que nous tenons \u00e0 votre disposition pour les trois domaines d\u2019activit\u00e9:<\/strong><\/h2>\n<p>[\/vc_column_text][\/vc_column][\/vc_row][vc_row][vc_column width=\u00a0\u00bb1\/3&Prime;][vc_single_image image=\u00a0\u00bb2181&Prime; alignment=\u00a0\u00bbcenter\u00a0\u00bb][vc_cta h2=\u00a0\u00bbCompteurs d&rsquo;eau\u00a0\u00bb]\u2013 Renouvellement<\/p>\n<p>\u2013 \u00c9talonnage et essais[\/vc_cta][\/vc_column][vc_column width=\u00a0\u00bb1\/3&Prime;][vc_single_image image=\u00a0\u00bb6145&Prime; alignment=\u00a0\u00bbcenter\u00a0\u00bb][vc_cta h2=\u00a0\u00bbInjection de Plastique\u00a0\u00bb]\u2013 Maintenance des moules<\/p>\n<p>\u2013 Aide et soutien au processus d\u2019industrialisation[\/vc_cta][\/vc_column][vc_column width=\u00a0\u00bb1\/3&Prime;][\/vc_column][\/vc_row][vc_row][vc_column]<div class=\"contact-form-wrapper\">\n    <div class=\"container\">\n        <div class=\"row\">\n            <div class=\"col-12 col-md-4\">\n                <div class=\"cf-title\">\n                    CONSULTEZ-NOUS                <\/div>\n                <div class=\"cf-text\">\n                    N\u2019h\u00e9sitez pas \u00e0 nous contacter. Nous sommes l\u00e0 pour r\u00e9pondre \u00e0 vos questions.                 <\/div>\n            <\/div>\n            <div class=\"col-12 col-md-8\">\n                \n<div class=\"wpcf7 no-js\" id=\"wpcf7-f4413-o1\" lang=\"pt-PT\" dir=\"ltr\" data-wpcf7-id=\"4413\">\n<div class=\"screen-reader-response\"><p role=\"status\" aria-live=\"polite\" aria-atomic=\"true\"><\/p> <ul><\/ul><\/div>\n<form action=\"\/fr\/wp-json\/wp\/v2\/pages\/5035#wpcf7-f4413-o1\" method=\"post\" class=\"wpcf7-form init\" aria-label=\"Formul\u00e1rio de contacto\" novalidate=\"novalidate\" data-status=\"init\">\n<fieldset class=\"hidden-fields-container\"><input type=\"hidden\" name=\"_wpcf7\" value=\"4413\" \/><input type=\"hidden\" name=\"_wpcf7_version\" value=\"6.1.4\" \/><input type=\"hidden\" name=\"_wpcf7_locale\" value=\"pt_PT\" \/><input type=\"hidden\" name=\"_wpcf7_unit_tag\" value=\"wpcf7-f4413-o1\" \/><input type=\"hidden\" name=\"_wpcf7_container_post\" value=\"0\" \/><input type=\"hidden\" name=\"_wpcf7_posted_data_hash\" value=\"\" \/><input type=\"hidden\" name=\"_wpcf7_recaptcha_response\" value=\"\" \/>\n<\/fieldset>\n<div class=\"form-line-template\">\n<div>\n<label>Pr\u00e9nom*:<\/label>\n<span class=\"wpcf7-form-control-wrap\" data-name=\"your-name\"><input size=\"40\" maxlength=\"400\" class=\"wpcf7-form-control wpcf7-text wpcf7-validates-as-required\" aria-required=\"true\" aria-invalid=\"false\" value=\"\" type=\"text\" name=\"your-name\" \/><\/span>\n<\/div>\n<div>\n\n<label>Nom*:<\/label>\n<span class=\"wpcf7-form-control-wrap\" data-name=\"last-name\"><input size=\"40\" maxlength=\"400\" class=\"wpcf7-form-control wpcf7-text wpcf7-validates-as-required\" aria-required=\"true\" aria-invalid=\"false\" value=\"\" type=\"text\" name=\"last-name\" \/><\/span>\n<\/div>\n\n<div class=\"full\">\n<label>Soci\u00e9t\u00e9*:<\/label>\n<span class=\"wpcf7-form-control-wrap\" data-name=\"company\"><input size=\"40\" maxlength=\"400\" class=\"wpcf7-form-control wpcf7-text wpcf7-validates-as-required\" aria-required=\"true\" aria-invalid=\"false\" value=\"\" type=\"text\" name=\"company\" \/><\/span>\n<\/div>\n    \n<div>\n<label>Email*:<\/label>\n<span class=\"wpcf7-form-control-wrap\" data-name=\"your-email\"><input size=\"40\" maxlength=\"400\" class=\"wpcf7-form-control wpcf7-email wpcf7-validates-as-required wpcf7-text wpcf7-validates-as-email\" aria-required=\"true\" aria-invalid=\"false\" value=\"\" type=\"email\" name=\"your-email\" \/><\/span>\n<\/div>\n\n<div>\n<label>T\u00e9l\u00e9phone*:<\/label>\n<span class=\"wpcf7-form-control-wrap\" data-name=\"phone\"><input size=\"40\" maxlength=\"400\" class=\"wpcf7-form-control wpcf7-text wpcf7-validates-as-required\" aria-required=\"true\" aria-invalid=\"false\" value=\"\" type=\"text\" name=\"phone\" \/><\/span>\n<\/div>\n\n<div class=\"full\">\n<label>Sujet*:<\/label>\n<span class=\"wpcf7-form-control-wrap\" data-name=\"message\"><textarea cols=\"40\" rows=\"10\" maxlength=\"2000\" class=\"wpcf7-form-control wpcf7-textarea\" aria-invalid=\"false\" name=\"message\"><\/textarea><\/span>\n<\/div>\n<div class=\"check full\">\n<span class=\"wpcf7-form-control-wrap\" data-name=\"your-consent\"><span class=\"wpcf7-form-control wpcf7-acceptance\"><span class=\"wpcf7-list-item\"><label><input type=\"checkbox\" name=\"your-consent\" value=\"1\" aria-invalid=\"false\" \/><span class=\"wpcf7-list-item-label\">Conform\u00e9ment au R\u00e8glement g\u00e9n\u00e9ral sur la protection des donn\u00e9es (RGPD), je consens au traitement de mes donn\u00e9es \u00e0 caract\u00e8re personnel et \u00e0 leur traitement \u00e0 des fins exclusivement professionnelles, attestant que les donn\u00e9es fournies sont vraies et que je peux \u00e9ventuellement \u00eatre contact\u00e9, et j\u2019accepte les conditions g\u00e9n\u00e9rales.*<\/span><\/label><\/span><\/span><\/span>\n<\/div>\n<div class=\"full\">\n<p>*Champs obligatoires<\/p>\n<input class=\"wpcf7-form-control wpcf7-submit has-spinner\" type=\"submit\" value=\"Envoyer\" \/>\n<\/div>\n<\/div><div class=\"wpcf7-response-output\" aria-hidden=\"true\"><\/div>\n<\/form>\n<\/div>\n            <\/div>\n        <\/div>\n    <\/div>\n<\/div>\n[\/vc_column][\/vc_row]<\/p>\n<\/div>","protected":false},"excerpt":{"rendered":"<p>[vc_row][vc_column][vc_cta h2=\u00a0\u00bbServices\u00a0\u00bb h2_font_container=\u00a0\u00bbcolor:%23003139&Prime; h2_use_theme_fonts=\u00a0\u00bbyes\u00a0\u00bb txt_align=\u00a0\u00bbcenter\u00a0\u00bb style=\u00a0\u00bbcustom\u00a0\u00bb use_custom_fonts_h2=\u00a0\u00bbtrue\u00a0\u00bb custom_background=\u00a0\u00bb#ffffff\u00a0\u00bb el_class=\u00a0\u00bbspecial_h2 page-title\u00a0\u00bb][\/vc_cta][vc_column_text]Janz offre le meilleur service d\u2019assistance apr\u00e8s-vente sur le march\u00e9. Nous [&hellip;]<\/p>\n","protected":false},"author":7,"featured_media":0,"parent":0,"menu_order":0,"comment_status":"closed","ping_status":"closed","template":"","meta":{"_acf_changed":false,"_monsterinsights_skip_tracking":false,"_monsterinsights_sitenote_active":false,"_monsterinsights_sitenote_note":"","_monsterinsights_sitenote_category":0,"footnotes":""},"class_list":["post-5035","page","type-page","status-publish","hentry"],"acf":[],"yoast_head":"<!-- This site is optimized with the Yoast SEO plugin v26.9 - https:\/\/yoast.com\/product\/yoast-seo-wordpress\/ -->\n<title>Services - Janz - Contagem e Gest\u00e3o de Flu\u00eddos S.A.<\/title>\n<meta name=\"robots\" content=\"index, follow, max-snippet:-1, max-image-preview:large, max-video-preview:-1\" \/>\n<link rel=\"canonical\" href=\"https:\/\/cgf.janz.pt\/fr\/servicos\/\" \/>\n<meta property=\"og:locale\" content=\"fr_FR\" \/>\n<meta property=\"og:type\" content=\"article\" \/>\n<meta property=\"og:title\" content=\"Services - Janz - Contagem e Gest\u00e3o de Flu\u00eddos S.A.\" \/>\n<meta property=\"og:description\" content=\"[vc_row][vc_column][vc_cta h2=\u00a0\u00bbServices\u00a0\u00bb h2_font_container=\u00a0\u00bbcolor:%23003139&Prime; h2_use_theme_fonts=\u00a0\u00bbyes\u00a0\u00bb txt_align=\u00a0\u00bbcenter\u00a0\u00bb style=\u00a0\u00bbcustom\u00a0\u00bb use_custom_fonts_h2=\u00a0\u00bbtrue\u00a0\u00bb custom_background=\u00a0\u00bb#ffffff\u00a0\u00bb el_class=\u00a0\u00bbspecial_h2 page-title\u00a0\u00bb][\/vc_cta][vc_column_text]Janz offre le meilleur service d\u2019assistance apr\u00e8s-vente sur le march\u00e9. Nous [&hellip;]\" \/>\n<meta property=\"og:url\" content=\"https:\/\/cgf.janz.pt\/fr\/servicos\/\" \/>\n<meta property=\"og:site_name\" content=\"Janz - Contagem e Gest\u00e3o de Flu\u00eddos S.A.\" \/>\n<meta property=\"article:modified_time\" content=\"2024-10-01T15:54:39+00:00\" \/>\n<meta property=\"og:image\" content=\"https:\/\/cgf.janz.pt\/wp-content\/uploads\/2018\/10\/cgf.janz_.pt-redes-sociais.png\" \/>\n\t<meta property=\"og:image:width\" content=\"1200\" \/>\n\t<meta property=\"og:image:height\" content=\"628\" \/>\n\t<meta property=\"og:image:type\" content=\"image\/png\" \/>\n<meta name=\"twitter:card\" content=\"summary_large_image\" \/>\n<meta name=\"twitter:label1\" content=\"Dur\u00e9e de lecture estim\u00e9e\" \/>\n\t<meta name=\"twitter:data1\" content=\"1 minute\" \/>\n<script type=\"application\/ld+json\" class=\"yoast-schema-graph\">{\"@context\":\"https:\/\/schema.org\",\"@graph\":[{\"@type\":\"WebPage\",\"@id\":\"https:\/\/cgf.janz.pt\/fr\/servicos\/\",\"url\":\"https:\/\/cgf.janz.pt\/fr\/servicos\/\",\"name\":\"Services - Janz - Contagem e Gest\u00e3o de Flu\u00eddos S.A.\",\"isPartOf\":{\"@id\":\"https:\/\/cgf.janz.pt\/#website\"},\"datePublished\":\"2019-03-20T10:30:46+00:00\",\"dateModified\":\"2024-10-01T15:54:39+00:00\",\"breadcrumb\":{\"@id\":\"https:\/\/cgf.janz.pt\/fr\/servicos\/#breadcrumb\"},\"inLanguage\":\"fr-FR\",\"potentialAction\":[{\"@type\":\"ReadAction\",\"target\":[\"https:\/\/cgf.janz.pt\/fr\/servicos\/\"]}]},{\"@type\":\"BreadcrumbList\",\"@id\":\"https:\/\/cgf.janz.pt\/fr\/servicos\/#breadcrumb\",\"itemListElement\":[{\"@type\":\"ListItem\",\"position\":1,\"name\":\"In\u00edcio\",\"item\":\"https:\/\/cgf.janz.pt\/fr\/\"},{\"@type\":\"ListItem\",\"position\":2,\"name\":\"Services\"}]},{\"@type\":\"WebSite\",\"@id\":\"https:\/\/cgf.janz.pt\/#website\",\"url\":\"https:\/\/cgf.janz.pt\/\",\"name\":\"Janz - Contagem e Gest\u00e3o de Flu\u00eddos S.A.\",\"description\":\"Fabrica, comercializa e distribu\u00ed contadores de \u00e0gua, pe\u00e7as de precis\u00e3o e injec\u00e7\u00e3o de pl\u00e1sticos\",\"potentialAction\":[{\"@type\":\"SearchAction\",\"target\":{\"@type\":\"EntryPoint\",\"urlTemplate\":\"https:\/\/cgf.janz.pt\/?s={search_term_string}\"},\"query-input\":{\"@type\":\"PropertyValueSpecification\",\"valueRequired\":true,\"valueName\":\"search_term_string\"}}],\"inLanguage\":\"fr-FR\"}]}<\/script>\n<!-- \/ Yoast SEO plugin. -->","yoast_head_json":{"title":"Services - Janz - Contagem e Gest\u00e3o de Flu\u00eddos S.A.","robots":{"index":"index","follow":"follow","max-snippet":"max-snippet:-1","max-image-preview":"max-image-preview:large","max-video-preview":"max-video-preview:-1"},"canonical":"https:\/\/cgf.janz.pt\/fr\/servicos\/","og_locale":"fr_FR","og_type":"article","og_title":"Services - Janz - Contagem e Gest\u00e3o de Flu\u00eddos S.A.","og_description":"[vc_row][vc_column][vc_cta h2=\u00a0\u00bbServices\u00a0\u00bb h2_font_container=\u00a0\u00bbcolor:%23003139&Prime; h2_use_theme_fonts=\u00a0\u00bbyes\u00a0\u00bb txt_align=\u00a0\u00bbcenter\u00a0\u00bb style=\u00a0\u00bbcustom\u00a0\u00bb use_custom_fonts_h2=\u00a0\u00bbtrue\u00a0\u00bb custom_background=\u00a0\u00bb#ffffff\u00a0\u00bb el_class=\u00a0\u00bbspecial_h2 page-title\u00a0\u00bb][\/vc_cta][vc_column_text]Janz offre le meilleur service d\u2019assistance apr\u00e8s-vente sur le march\u00e9. Nous [&hellip;]","og_url":"https:\/\/cgf.janz.pt\/fr\/servicos\/","og_site_name":"Janz - Contagem e Gest\u00e3o de Flu\u00eddos S.A.","article_modified_time":"2024-10-01T15:54:39+00:00","og_image":[{"width":1200,"height":628,"url":"https:\/\/cgf.janz.pt\/wp-content\/uploads\/2018\/10\/cgf.janz_.pt-redes-sociais.png","type":"image\/png"}],"twitter_card":"summary_large_image","twitter_misc":{"Dur\u00e9e de lecture estim\u00e9e":"1 minute"},"schema":{"@context":"https:\/\/schema.org","@graph":[{"@type":"WebPage","@id":"https:\/\/cgf.janz.pt\/fr\/servicos\/","url":"https:\/\/cgf.janz.pt\/fr\/servicos\/","name":"Services - Janz - Contagem e Gest\u00e3o de Flu\u00eddos S.A.","isPartOf":{"@id":"https:\/\/cgf.janz.pt\/#website"},"datePublished":"2019-03-20T10:30:46+00:00","dateModified":"2024-10-01T15:54:39+00:00","breadcrumb":{"@id":"https:\/\/cgf.janz.pt\/fr\/servicos\/#breadcrumb"},"inLanguage":"fr-FR","potentialAction":[{"@type":"ReadAction","target":["https:\/\/cgf.janz.pt\/fr\/servicos\/"]}]},{"@type":"BreadcrumbList","@id":"https:\/\/cgf.janz.pt\/fr\/servicos\/#breadcrumb","itemListElement":[{"@type":"ListItem","position":1,"name":"In\u00edcio","item":"https:\/\/cgf.janz.pt\/fr\/"},{"@type":"ListItem","position":2,"name":"Services"}]},{"@type":"WebSite","@id":"https:\/\/cgf.janz.pt\/#website","url":"https:\/\/cgf.janz.pt\/","name":"Janz - Contagem e Gest\u00e3o de Flu\u00eddos S.A.","description":"Fabrica, comercializa e distribu\u00ed contadores de \u00e0gua, pe\u00e7as de precis\u00e3o e injec\u00e7\u00e3o de pl\u00e1sticos","potentialAction":[{"@type":"SearchAction","target":{"@type":"EntryPoint","urlTemplate":"https:\/\/cgf.janz.pt\/?s={search_term_string}"},"query-input":{"@type":"PropertyValueSpecification","valueRequired":true,"valueName":"search_term_string"}}],"inLanguage":"fr-FR"}]}},"_links":{"self":[{"href":"https:\/\/cgf.janz.pt\/fr\/wp-json\/wp\/v2\/pages\/5035","targetHints":{"allow":["GET"]}}],"collection":[{"href":"https:\/\/cgf.janz.pt\/fr\/wp-json\/wp\/v2\/pages"}],"about":[{"href":"https:\/\/cgf.janz.pt\/fr\/wp-json\/wp\/v2\/types\/page"}],"author":[{"embeddable":true,"href":"https:\/\/cgf.janz.pt\/fr\/wp-json\/wp\/v2\/users\/7"}],"replies":[{"embeddable":true,"href":"https:\/\/cgf.janz.pt\/fr\/wp-json\/wp\/v2\/comments?post=5035"}],"version-history":[{"count":8,"href":"https:\/\/cgf.janz.pt\/fr\/wp-json\/wp\/v2\/pages\/5035\/revisions"}],"predecessor-version":[{"id":9778,"href":"https:\/\/cgf.janz.pt\/fr\/wp-json\/wp\/v2\/pages\/5035\/revisions\/9778"}],"wp:attachment":[{"href":"https:\/\/cgf.janz.pt\/fr\/wp-json\/wp\/v2\/media?parent=5035"}],"curies":[{"name":"wp","href":"https:\/\/api.w.org\/{rel}","templated":true}]}}