{"id":4987,"date":"2018-04-16T10:42:48","date_gmt":"2018-04-16T10:42:48","guid":{"rendered":"https:\/\/cgf.janz.pt\/pieces-de-precision\/dispositivos-medicos\/"},"modified":"2022-06-23T16:32:53","modified_gmt":"2022-06-23T15:32:53","slug":"dispositifs-medicaux","status":"publish","type":"page","link":"https:\/\/cgf.janz.pt\/fr\/pieces-de-precision\/dispositifs-medicaux\/","title":{"rendered":"Dispositifs M\u00e9dicaux"},"content":{"rendered":"<div class=\"wpb-content-wrapper\"><p>[vc_row css=\u00a0\u00bb.vc_custom_1524136040991{margin-bottom: 90px !important;}\u00a0\u00bb][vc_column width=\u00a0\u00bb1\/2&Prime;][vc_cta h2=\u00a0\u00bbDISPOSITIFS M\u00c9DICAUX\u00a0\u00bb h2_font_container=\u00a0\u00bbcolor:%23003139&Prime; h2_use_theme_fonts=\u00a0\u00bbyes\u00a0\u00bb txt_align=\u00a0\u00bbcenter\u00a0\u00bb shape=\u00a0\u00bbsquare\u00a0\u00bb style=\u00a0\u00bbcustom\u00a0\u00bb use_custom_fonts_h2=\u00a0\u00bbtrue\u00a0\u00bb el_class=\u00a0\u00bbspecial_h2 special_white\u00a0\u00bb css=\u00a0\u00bb.vc_custom_1563453358649{border-top-width: 0px !important;border-right-width: 0px !important;border-bottom-width: 0px !important;border-left-width: 0px !important;}\u00a0\u00bb custom_background=\u00a0\u00bb#ffffff\u00a0\u00bb][\/vc_cta][vc_column_text]<\/p>\n<div class=\"text-wrap tlid-copy-target\">\n<div class=\"result-shield-container tlid-copy-target\" tabindex=\"0\"><span class=\"tlid-translation translation\" lang=\"fr\"><span class=\"\" title=\"\">La fabrication de composants pour dispositifs m\u00e9dicaux est le dernier grand pari de Janz sur le march\u00e9 des pi\u00e8ces techniques.<\/span> <span class=\"\" title=\"\">L&rsquo;investissement r\u00e9alis\u00e9 dans des \u00e9quipements sp\u00e9cifiques \u00e0 ce domaine, la constitution d&rsquo;une \u00e9quipe sp\u00e9cialis\u00e9e et la mise en place de proc\u00e9dures adapt\u00e9es \u00e0 la fabrication de pi\u00e8ces m\u00e9dicales nous garantissent les conditions pour m\u00e9riter la confiance d&rsquo;un march\u00e9 exigeant et en pleine expansion.<\/span><\/span><\/div>\n<\/div>\n<div class=\"tlid-result-transliteration-container result-transliteration-container transliteration-container\">\n<div class=\"tlid-transliteration-content transliteration-content full\"><\/div>\n<\/div>\n<p>[\/vc_column_text][\/vc_column][vc_column width=\u00a0\u00bb1\/2&Prime;]    <div class=\"pecas-img\" style=\"background-image:url('https:\/\/cgf.janz.pt\/wp-content\/uploads\/2018\/05\/1-2.jpg');\">\r\n    <\/div>\r\n    [\/vc_column][\/vc_row][vc_row css=\u00a0\u00bb.vc_custom_1524136159556{margin-bottom: 100px !important;}\u00a0\u00bb][vc_column][vc_cta h2=\u00a0\u00bbComp\u00e9tences et Technologies\u00a0\u00bb h2_font_container=\u00a0\u00bbcolor:%23003139&Prime; h2_use_theme_fonts=\u00a0\u00bbyes\u00a0\u00bb txt_align=\u00a0\u00bbcenter\u00a0\u00bb shape=\u00a0\u00bbsquare\u00a0\u00bb style=\u00a0\u00bbcustom\u00a0\u00bb use_custom_fonts_h2=\u00a0\u00bbtrue\u00a0\u00bb el_class=\u00a0\u00bbspecial_h2 special_white\u00a0\u00bb css=\u00a0\u00bb.vc_custom_1563453428536{border-top-width: 0px !important;border-right-width: 0px !important;border-bottom-width: 0px !important;border-left-width: 0px !important;}\u00a0\u00bb custom_background=\u00a0\u00bb#ffffff\u00a0\u00bb][\/vc_cta][vc_column_text]<span class=\"tlid-translation translation\" lang=\"fr\"><span title=\"\">Proc\u00e9d\u00e9s d\u00e9velopp\u00e9s avec le souci permanent du respect de la r\u00e9glementation sp\u00e9cifique \u00e0 la fabrication de dispositifs m\u00e9dicaux (ISO 13485).<\/span> <span title=\"\">D\u00e9veloppement de processus propres pour l&rsquo;usinage de mat\u00e9riaux m\u00e9dicaux (Titane, Cromocobalt, Inox).<\/span> <span class=\"\" title=\"\">Exigences \u00e9lev\u00e9es en mati\u00e8re de sp\u00e9cification des mati\u00e8res premi\u00e8res utilis\u00e9es et de s\u00e9lection de fournisseurs qualifi\u00e9s.<\/span><\/span><\/p>\n<p><span class=\"\" title=\"\">S\u00e9lection et formation des ressources humaines orient\u00e9es vers les comp\u00e9tences les plus appropri\u00e9es \u00e0 cette activit\u00e9.<\/span> <span class=\"\" title=\"\">Formation continue et mise \u00e0 jour pour les nouveaux produits sur le march\u00e9.<\/span> <span class=\"\" title=\"\">Equipements d\u00e9di\u00e9s (tours suisses \u00e9quip\u00e9s de commande num\u00e9rique, jusqu&rsquo;\u00e0 11 axes, usinage grande vitesse, traitement angulaire, etc.), outils sp\u00e9cifiques d\u00e9velopp\u00e9s pour optimiser l&rsquo;usinage des mat\u00e9riaux m\u00e9dicaux.<\/span> <span class=\"\" title=\"\">Les appareils de mesure et de contr\u00f4le visuels ont \u00e9t\u00e9 mis \u00e0 jour et adapt\u00e9s aux sp\u00e9cifications les plus exigeantes de ce domaine.<\/span>[\/vc_column_text]    <div class=\"container\">\n        <div class=\"row\">\n            <div class=\"col-12\">\n                <div class=\"gallery-container\">\n                                            <div class=\"image-wrapper\">\n                            <a href=\"https:\/\/cgf.janz.pt\/wp-content\/uploads\/2018\/05\/IMG_1712.jpg\" data-lightbox=\"https:\/\/cgf.janz.pt\/wp-content\/uploads\/2018\/05\/IMG_1712.jpg\">\n                                <div class=\"image\" style=\"background-image:url('https:\/\/cgf.janz.pt\/wp-content\/uploads\/2018\/05\/IMG_1712.jpg')\"><\/div>\n                            <\/a>\n                        <\/div>\n                                                <div class=\"image-wrapper\">\n                            <a href=\"https:\/\/cgf.janz.pt\/wp-content\/uploads\/2018\/05\/IMG_1701.jpg\" data-lightbox=\"https:\/\/cgf.janz.pt\/wp-content\/uploads\/2018\/05\/IMG_1701.jpg\">\n                                <div class=\"image\" style=\"background-image:url('https:\/\/cgf.janz.pt\/wp-content\/uploads\/2018\/05\/IMG_1701.jpg')\"><\/div>\n                            <\/a>\n                        <\/div>\n                                                <div class=\"image-wrapper\">\n                            <a href=\"https:\/\/cgf.janz.pt\/wp-content\/uploads\/2018\/05\/2-2.jpg\" data-lightbox=\"https:\/\/cgf.janz.pt\/wp-content\/uploads\/2018\/05\/2-2.jpg\">\n                                <div class=\"image\" style=\"background-image:url('https:\/\/cgf.janz.pt\/wp-content\/uploads\/2018\/05\/2-2.jpg')\"><\/div>\n                            <\/a>\n                        <\/div>\n                                                <div class=\"image-wrapper\">\n                            <a href=\"https:\/\/cgf.janz.pt\/wp-content\/uploads\/2018\/05\/4-2.jpg\" data-lightbox=\"https:\/\/cgf.janz.pt\/wp-content\/uploads\/2018\/05\/4-2.jpg\">\n                                <div class=\"image\" style=\"background-image:url('https:\/\/cgf.janz.pt\/wp-content\/uploads\/2018\/05\/4-2.jpg')\"><\/div>\n                            <\/a>\n                        <\/div>\n                                                <div class=\"image-wrapper\">\n                            <a href=\"https:\/\/cgf.janz.pt\/wp-content\/uploads\/2018\/05\/3-2.jpg\" data-lightbox=\"https:\/\/cgf.janz.pt\/wp-content\/uploads\/2018\/05\/3-2.jpg\">\n                                <div class=\"image\" style=\"background-image:url('https:\/\/cgf.janz.pt\/wp-content\/uploads\/2018\/05\/3-2.jpg')\"><\/div>\n                            <\/a>\n                        <\/div>\n                                        <\/div>\n            <\/div>\n        <\/div>\n    <\/div>\n    [\/vc_column][\/vc_row][vc_row full_width=\u00a0\u00bbstretch_row\u00a0\u00bb css=\u00a0\u00bb.vc_custom_1524148242577{padding-top: 75px !important;padding-bottom: 75px !important;background-image: url(http:\/\/cgf.janz.pt\/wp-content\/uploads\/2018\/03\/06_fundo01.jpg?id=89) !important;background-position: center !important;background-repeat: no-repeat !important;background-size: cover !important;}\u00a0\u00bb][vc_column][vc_cta h2=\u00a0\u00bbDESCARREGUE AS NOSSAS CERTIFICA\u00c7\u00d5ES\u00a0\u00bb txt_align=\u00a0\u00bbcenter\u00a0\u00bb shape=\u00a0\u00bbsquare\u00a0\u00bb style=\u00a0\u00bbcustom\u00a0\u00bb el_class=\u00a0\u00bbspecial_h2 special_white white-text small\u00a0\u00bb css=\u00a0\u00bb.vc_custom_1524148637797{margin-bottom: -70px !important;border-top-width: 0px !important;border-right-width: 0px !important;border-bottom-width: 0px !important;border-left-width: 0px !important;}\u00a0\u00bb custom_background=\u00a0\u00bbtransparent\u00a0\u00bb][\/vc_cta][vc_single_image image=\u00a0\u00bb7731&Prime; alignment=\u00a0\u00bbcenter\u00a0\u00bb]            <a href=\"https:\/\/cgf.janz.pt\/wp-content\/uploads\/2019\/03\/CERTIFICADO-APCER-JANZ-CGF-1.pdf\" class=\"dwnld-btn \" download=\"\">APCER<\/a>\n        [\/vc_column][\/vc_row][vc_row full_width=\u00a0\u00bbstretch_row\u00a0\u00bb][vc_column css=\u00a0\u00bb.vc_custom_1525103968571{padding-top: 0px !important;}\u00a0\u00bb]<div class=\"contact-form-wrapper\">\n    <div class=\"container\">\n        <div class=\"row\">\n            <div class=\"col-12 col-md-4\">\n                <div class=\"cf-title\">\n                    Fale connosco                <\/div>\n                <div class=\"cf-text\">\n                    N\u00e3o hesite em contactar-nos. Estamos aqui para esclarecer as suas d\u00favidas.                <\/div>\n            <\/div>\n            <div class=\"col-12 col-md-8\">\n                \n<div class=\"wpcf7 no-js\" id=\"wpcf7-f4413-o1\" lang=\"pt-PT\" dir=\"ltr\" data-wpcf7-id=\"4413\">\n<div class=\"screen-reader-response\"><p role=\"status\" aria-live=\"polite\" aria-atomic=\"true\"><\/p> <ul><\/ul><\/div>\n<form action=\"\/fr\/wp-json\/wp\/v2\/pages\/4987#wpcf7-f4413-o1\" method=\"post\" class=\"wpcf7-form init\" aria-label=\"Formul\u00e1rio de contacto\" novalidate=\"novalidate\" data-status=\"init\">\n<fieldset class=\"hidden-fields-container\"><input type=\"hidden\" name=\"_wpcf7\" value=\"4413\" \/><input type=\"hidden\" name=\"_wpcf7_version\" value=\"6.1.4\" \/><input type=\"hidden\" name=\"_wpcf7_locale\" value=\"pt_PT\" \/><input type=\"hidden\" name=\"_wpcf7_unit_tag\" value=\"wpcf7-f4413-o1\" \/><input type=\"hidden\" name=\"_wpcf7_container_post\" value=\"0\" \/><input type=\"hidden\" name=\"_wpcf7_posted_data_hash\" value=\"\" \/><input type=\"hidden\" name=\"_wpcf7_recaptcha_response\" value=\"\" \/>\n<\/fieldset>\n<div class=\"form-line-template\">\n<div>\n<label>Pr\u00e9nom*:<\/label>\n<span class=\"wpcf7-form-control-wrap\" data-name=\"your-name\"><input size=\"40\" maxlength=\"400\" class=\"wpcf7-form-control wpcf7-text wpcf7-validates-as-required\" aria-required=\"true\" aria-invalid=\"false\" value=\"\" type=\"text\" name=\"your-name\" \/><\/span>\n<\/div>\n<div>\n\n<label>Nom*:<\/label>\n<span class=\"wpcf7-form-control-wrap\" data-name=\"last-name\"><input size=\"40\" maxlength=\"400\" class=\"wpcf7-form-control wpcf7-text wpcf7-validates-as-required\" aria-required=\"true\" aria-invalid=\"false\" value=\"\" type=\"text\" name=\"last-name\" \/><\/span>\n<\/div>\n\n<div class=\"full\">\n<label>Soci\u00e9t\u00e9*:<\/label>\n<span class=\"wpcf7-form-control-wrap\" data-name=\"company\"><input size=\"40\" maxlength=\"400\" class=\"wpcf7-form-control wpcf7-text wpcf7-validates-as-required\" aria-required=\"true\" aria-invalid=\"false\" value=\"\" type=\"text\" name=\"company\" \/><\/span>\n<\/div>\n    \n<div>\n<label>Email*:<\/label>\n<span class=\"wpcf7-form-control-wrap\" data-name=\"your-email\"><input size=\"40\" maxlength=\"400\" class=\"wpcf7-form-control wpcf7-email wpcf7-validates-as-required wpcf7-text wpcf7-validates-as-email\" aria-required=\"true\" aria-invalid=\"false\" value=\"\" type=\"email\" name=\"your-email\" \/><\/span>\n<\/div>\n\n<div>\n<label>T\u00e9l\u00e9phone*:<\/label>\n<span class=\"wpcf7-form-control-wrap\" data-name=\"phone\"><input size=\"40\" maxlength=\"400\" class=\"wpcf7-form-control wpcf7-text wpcf7-validates-as-required\" aria-required=\"true\" aria-invalid=\"false\" value=\"\" type=\"text\" name=\"phone\" \/><\/span>\n<\/div>\n\n<div class=\"full\">\n<label>Sujet*:<\/label>\n<span class=\"wpcf7-form-control-wrap\" data-name=\"message\"><textarea cols=\"40\" rows=\"10\" maxlength=\"2000\" class=\"wpcf7-form-control wpcf7-textarea\" aria-invalid=\"false\" name=\"message\"><\/textarea><\/span>\n<\/div>\n<div class=\"check full\">\n<span class=\"wpcf7-form-control-wrap\" data-name=\"your-consent\"><span class=\"wpcf7-form-control wpcf7-acceptance\"><span class=\"wpcf7-list-item\"><label><input type=\"checkbox\" name=\"your-consent\" value=\"1\" aria-invalid=\"false\" \/><span class=\"wpcf7-list-item-label\">Conform\u00e9ment au R\u00e8glement g\u00e9n\u00e9ral sur la protection des donn\u00e9es (RGPD), je consens au traitement de mes donn\u00e9es \u00e0 caract\u00e8re personnel et \u00e0 leur traitement \u00e0 des fins exclusivement professionnelles, attestant que les donn\u00e9es fournies sont vraies et que je peux \u00e9ventuellement \u00eatre contact\u00e9, et j\u2019accepte les conditions g\u00e9n\u00e9rales.*<\/span><\/label><\/span><\/span><\/span>\n<\/div>\n<div class=\"full\">\n<p>*Champs obligatoires<\/p>\n<input class=\"wpcf7-form-control wpcf7-submit has-spinner\" type=\"submit\" value=\"Envoyer\" \/>\n<\/div>\n<\/div><div class=\"wpcf7-response-output\" aria-hidden=\"true\"><\/div>\n<\/form>\n<\/div>\n            <\/div>\n        <\/div>\n    <\/div>\n<\/div>\n[\/vc_column][\/vc_row]<\/p>\n<\/div>","protected":false},"excerpt":{"rendered":"<p>[vc_row css=\u00a0\u00bb.vc_custom_1524136040991{margin-bottom: 90px !important;}\u00a0\u00bb][vc_column width=\u00a0\u00bb1\/2&Prime;][vc_cta h2=\u00a0\u00bbDISPOSITIFS M\u00c9DICAUX\u00a0\u00bb h2_font_container=\u00a0\u00bbcolor:%23003139&Prime; h2_use_theme_fonts=\u00a0\u00bbyes\u00a0\u00bb txt_align=\u00a0\u00bbcenter\u00a0\u00bb shape=\u00a0\u00bbsquare\u00a0\u00bb style=\u00a0\u00bbcustom\u00a0\u00bb use_custom_fonts_h2=\u00a0\u00bbtrue\u00a0\u00bb el_class=\u00a0\u00bbspecial_h2 special_white\u00a0\u00bb css=\u00a0\u00bb.vc_custom_1563453358649{border-top-width: 0px !important;border-right-width: 0px !important;border-bottom-width: [&hellip;]<\/p>\n","protected":false},"author":1,"featured_media":7591,"parent":4982,"menu_order":0,"comment_status":"closed","ping_status":"closed","template":"","meta":{"_acf_changed":false,"_monsterinsights_skip_tracking":false,"_monsterinsights_sitenote_active":false,"_monsterinsights_sitenote_note":"","_monsterinsights_sitenote_category":0,"footnotes":""},"class_list":["post-4987","page","type-page","status-publish","has-post-thumbnail","hentry"],"acf":[],"yoast_head":"<!-- This site is optimized with the Yoast SEO plugin v26.9 - https:\/\/yoast.com\/product\/yoast-seo-wordpress\/ -->\n<title>Dispositivos M\u00e9dicos - CGF Janz - Contagem e Gest\u00e3o de Flu\u00eddos<\/title>\n<meta name=\"description\" content=\"Fabrico de componentes para dispositivos m\u00e9dicos CGJ JANZ, no mercado das pe\u00e7as t\u00e9cnicas. Produ\u00e7\u00e3o de pe\u00e7as m\u00e9dicas, pec\u0327as de precisa\u0303o.\" \/>\n<meta name=\"robots\" content=\"index, follow, max-snippet:-1, max-image-preview:large, max-video-preview:-1\" \/>\n<link rel=\"canonical\" href=\"https:\/\/cgf.janz.pt\/fr\/pieces-de-precision\/dispositifs-medicaux\/\" \/>\n<meta property=\"og:locale\" content=\"fr_FR\" \/>\n<meta property=\"og:type\" content=\"article\" \/>\n<meta property=\"og:title\" content=\"Dispositivos M\u00e9dicos - CGF Janz - Contagem e Gest\u00e3o de Flu\u00eddos\" \/>\n<meta property=\"og:description\" content=\"CGF Janz - Fabrica, comercializa e distribui\u0301 contadores de a\u0301gua, pec\u0327as de precisa\u0303o e injec\u0327a\u0303o de pla\u0301sticos, para mercado nacional e internacional.\" \/>\n<meta property=\"og:url\" content=\"https:\/\/cgf.janz.pt\/fr\/pieces-de-precision\/dispositifs-medicaux\/\" \/>\n<meta property=\"og:site_name\" content=\"Janz - Contagem e Gest\u00e3o de Flu\u00eddos S.A.\" \/>\n<meta property=\"article:modified_time\" content=\"2022-06-23T15:32:53+00:00\" \/>\n<meta property=\"og:image\" content=\"https:\/\/cgf.janz.pt\/wp-content\/uploads\/2018\/10\/cgf.janz_.pt-redes-sociais.png\" \/>\n\t<meta property=\"og:image:width\" content=\"1200\" \/>\n\t<meta property=\"og:image:height\" content=\"628\" \/>\n\t<meta property=\"og:image:type\" content=\"image\/png\" \/>\n<meta name=\"twitter:card\" content=\"summary_large_image\" \/>\n<meta name=\"twitter:label1\" content=\"Dur\u00e9e de lecture estim\u00e9e\" \/>\n\t<meta name=\"twitter:data1\" content=\"2 minutes\" \/>\n<script type=\"application\/ld+json\" class=\"yoast-schema-graph\">{\"@context\":\"https:\/\/schema.org\",\"@graph\":[{\"@type\":\"WebPage\",\"@id\":\"https:\/\/cgf.janz.pt\/fr\/pieces-de-precision\/dispositifs-medicaux\/\",\"url\":\"https:\/\/cgf.janz.pt\/fr\/pieces-de-precision\/dispositifs-medicaux\/\",\"name\":\"Dispositivos M\u00e9dicos - CGF Janz - Contagem e Gest\u00e3o de Flu\u00eddos\",\"isPartOf\":{\"@id\":\"https:\/\/cgf.janz.pt\/#website\"},\"primaryImageOfPage\":{\"@id\":\"https:\/\/cgf.janz.pt\/fr\/pieces-de-precision\/dispositifs-medicaux\/#primaryimage\"},\"image\":{\"@id\":\"https:\/\/cgf.janz.pt\/fr\/pieces-de-precision\/dispositifs-medicaux\/#primaryimage\"},\"thumbnailUrl\":\"https:\/\/cgf.janz.pt\/wp-content\/uploads\/2022\/06\/IMG_1718.jpg\",\"datePublished\":\"2018-04-16T10:42:48+00:00\",\"dateModified\":\"2022-06-23T15:32:53+00:00\",\"description\":\"Fabrico de componentes para dispositivos m\u00e9dicos CGJ JANZ, no mercado das pe\u00e7as t\u00e9cnicas. Produ\u00e7\u00e3o de pe\u00e7as m\u00e9dicas, pec\u0327as de precisa\u0303o.\",\"breadcrumb\":{\"@id\":\"https:\/\/cgf.janz.pt\/fr\/pieces-de-precision\/dispositifs-medicaux\/#breadcrumb\"},\"inLanguage\":\"fr-FR\",\"potentialAction\":[{\"@type\":\"ReadAction\",\"target\":[\"https:\/\/cgf.janz.pt\/fr\/pieces-de-precision\/dispositifs-medicaux\/\"]}]},{\"@type\":\"ImageObject\",\"inLanguage\":\"fr-FR\",\"@id\":\"https:\/\/cgf.janz.pt\/fr\/pieces-de-precision\/dispositifs-medicaux\/#primaryimage\",\"url\":\"https:\/\/cgf.janz.pt\/wp-content\/uploads\/2022\/06\/IMG_1718.jpg\",\"contentUrl\":\"https:\/\/cgf.janz.pt\/wp-content\/uploads\/2022\/06\/IMG_1718.jpg\",\"width\":1000,\"height\":1500},{\"@type\":\"BreadcrumbList\",\"@id\":\"https:\/\/cgf.janz.pt\/fr\/pieces-de-precision\/dispositifs-medicaux\/#breadcrumb\",\"itemListElement\":[{\"@type\":\"ListItem\",\"position\":1,\"name\":\"In\u00edcio\",\"item\":\"https:\/\/cgf.janz.pt\/fr\/\"},{\"@type\":\"ListItem\",\"position\":2,\"name\":\"Pi\u00e8ces de pr\u00e9cision\",\"item\":\"https:\/\/cgf.janz.pt\/fr\/pieces-de-precision\/\"},{\"@type\":\"ListItem\",\"position\":3,\"name\":\"Dispositifs M\u00e9dicaux\"}]},{\"@type\":\"WebSite\",\"@id\":\"https:\/\/cgf.janz.pt\/#website\",\"url\":\"https:\/\/cgf.janz.pt\/\",\"name\":\"Janz - Contagem e Gest\u00e3o de Flu\u00eddos S.A.\",\"description\":\"Fabrica, comercializa e distribu\u00ed contadores de \u00e0gua, pe\u00e7as de precis\u00e3o e injec\u00e7\u00e3o de pl\u00e1sticos\",\"potentialAction\":[{\"@type\":\"SearchAction\",\"target\":{\"@type\":\"EntryPoint\",\"urlTemplate\":\"https:\/\/cgf.janz.pt\/?s={search_term_string}\"},\"query-input\":{\"@type\":\"PropertyValueSpecification\",\"valueRequired\":true,\"valueName\":\"search_term_string\"}}],\"inLanguage\":\"fr-FR\"}]}<\/script>\n<!-- \/ Yoast SEO plugin. -->","yoast_head_json":{"title":"Dispositivos M\u00e9dicos - CGF Janz - Contagem e Gest\u00e3o de Flu\u00eddos","description":"Fabrico de componentes para dispositivos m\u00e9dicos CGJ JANZ, no mercado das pe\u00e7as t\u00e9cnicas. Produ\u00e7\u00e3o de pe\u00e7as m\u00e9dicas, pec\u0327as de precisa\u0303o.","robots":{"index":"index","follow":"follow","max-snippet":"max-snippet:-1","max-image-preview":"max-image-preview:large","max-video-preview":"max-video-preview:-1"},"canonical":"https:\/\/cgf.janz.pt\/fr\/pieces-de-precision\/dispositifs-medicaux\/","og_locale":"fr_FR","og_type":"article","og_title":"Dispositivos M\u00e9dicos - CGF Janz - Contagem e Gest\u00e3o de Flu\u00eddos","og_description":"CGF Janz - Fabrica, comercializa e distribui\u0301 contadores de a\u0301gua, pec\u0327as de precisa\u0303o e injec\u0327a\u0303o de pla\u0301sticos, para mercado nacional e internacional.","og_url":"https:\/\/cgf.janz.pt\/fr\/pieces-de-precision\/dispositifs-medicaux\/","og_site_name":"Janz - Contagem e Gest\u00e3o de Flu\u00eddos S.A.","article_modified_time":"2022-06-23T15:32:53+00:00","og_image":[{"width":1200,"height":628,"url":"https:\/\/cgf.janz.pt\/wp-content\/uploads\/2018\/10\/cgf.janz_.pt-redes-sociais.png","type":"image\/png"}],"twitter_card":"summary_large_image","twitter_misc":{"Dur\u00e9e de lecture estim\u00e9e":"2 minutes"},"schema":{"@context":"https:\/\/schema.org","@graph":[{"@type":"WebPage","@id":"https:\/\/cgf.janz.pt\/fr\/pieces-de-precision\/dispositifs-medicaux\/","url":"https:\/\/cgf.janz.pt\/fr\/pieces-de-precision\/dispositifs-medicaux\/","name":"Dispositivos M\u00e9dicos - CGF Janz - Contagem e Gest\u00e3o de Flu\u00eddos","isPartOf":{"@id":"https:\/\/cgf.janz.pt\/#website"},"primaryImageOfPage":{"@id":"https:\/\/cgf.janz.pt\/fr\/pieces-de-precision\/dispositifs-medicaux\/#primaryimage"},"image":{"@id":"https:\/\/cgf.janz.pt\/fr\/pieces-de-precision\/dispositifs-medicaux\/#primaryimage"},"thumbnailUrl":"https:\/\/cgf.janz.pt\/wp-content\/uploads\/2022\/06\/IMG_1718.jpg","datePublished":"2018-04-16T10:42:48+00:00","dateModified":"2022-06-23T15:32:53+00:00","description":"Fabrico de componentes para dispositivos m\u00e9dicos CGJ JANZ, no mercado das pe\u00e7as t\u00e9cnicas. Produ\u00e7\u00e3o de pe\u00e7as m\u00e9dicas, pec\u0327as de precisa\u0303o.","breadcrumb":{"@id":"https:\/\/cgf.janz.pt\/fr\/pieces-de-precision\/dispositifs-medicaux\/#breadcrumb"},"inLanguage":"fr-FR","potentialAction":[{"@type":"ReadAction","target":["https:\/\/cgf.janz.pt\/fr\/pieces-de-precision\/dispositifs-medicaux\/"]}]},{"@type":"ImageObject","inLanguage":"fr-FR","@id":"https:\/\/cgf.janz.pt\/fr\/pieces-de-precision\/dispositifs-medicaux\/#primaryimage","url":"https:\/\/cgf.janz.pt\/wp-content\/uploads\/2022\/06\/IMG_1718.jpg","contentUrl":"https:\/\/cgf.janz.pt\/wp-content\/uploads\/2022\/06\/IMG_1718.jpg","width":1000,"height":1500},{"@type":"BreadcrumbList","@id":"https:\/\/cgf.janz.pt\/fr\/pieces-de-precision\/dispositifs-medicaux\/#breadcrumb","itemListElement":[{"@type":"ListItem","position":1,"name":"In\u00edcio","item":"https:\/\/cgf.janz.pt\/fr\/"},{"@type":"ListItem","position":2,"name":"Pi\u00e8ces de pr\u00e9cision","item":"https:\/\/cgf.janz.pt\/fr\/pieces-de-precision\/"},{"@type":"ListItem","position":3,"name":"Dispositifs M\u00e9dicaux"}]},{"@type":"WebSite","@id":"https:\/\/cgf.janz.pt\/#website","url":"https:\/\/cgf.janz.pt\/","name":"Janz - Contagem e Gest\u00e3o de Flu\u00eddos S.A.","description":"Fabrica, comercializa e distribu\u00ed contadores de \u00e0gua, pe\u00e7as de precis\u00e3o e injec\u00e7\u00e3o de pl\u00e1sticos","potentialAction":[{"@type":"SearchAction","target":{"@type":"EntryPoint","urlTemplate":"https:\/\/cgf.janz.pt\/?s={search_term_string}"},"query-input":{"@type":"PropertyValueSpecification","valueRequired":true,"valueName":"search_term_string"}}],"inLanguage":"fr-FR"}]}},"_links":{"self":[{"href":"https:\/\/cgf.janz.pt\/fr\/wp-json\/wp\/v2\/pages\/4987","targetHints":{"allow":["GET"]}}],"collection":[{"href":"https:\/\/cgf.janz.pt\/fr\/wp-json\/wp\/v2\/pages"}],"about":[{"href":"https:\/\/cgf.janz.pt\/fr\/wp-json\/wp\/v2\/types\/page"}],"author":[{"embeddable":true,"href":"https:\/\/cgf.janz.pt\/fr\/wp-json\/wp\/v2\/users\/1"}],"replies":[{"embeddable":true,"href":"https:\/\/cgf.janz.pt\/fr\/wp-json\/wp\/v2\/comments?post=4987"}],"version-history":[{"count":6,"href":"https:\/\/cgf.janz.pt\/fr\/wp-json\/wp\/v2\/pages\/4987\/revisions"}],"predecessor-version":[{"id":7736,"href":"https:\/\/cgf.janz.pt\/fr\/wp-json\/wp\/v2\/pages\/4987\/revisions\/7736"}],"up":[{"embeddable":true,"href":"https:\/\/cgf.janz.pt\/fr\/wp-json\/wp\/v2\/pages\/4982"}],"wp:featuredmedia":[{"embeddable":true,"href":"https:\/\/cgf.janz.pt\/fr\/wp-json\/wp\/v2\/media\/7591"}],"wp:attachment":[{"href":"https:\/\/cgf.janz.pt\/fr\/wp-json\/wp\/v2\/media?parent=4987"}],"curies":[{"name":"wp","href":"https:\/\/api.w.org\/{rel}","templated":true}]}}