{"id":4941,"date":"2018-03-29T08:15:47","date_gmt":"2018-03-29T08:15:47","guid":{"rendered":"https:\/\/cgf.janz.pt\/quem-somos\/o-grupo-janz\/"},"modified":"2025-07-18T11:40:53","modified_gmt":"2025-07-18T10:40:53","slug":"le-groupe-et-les-affaires","status":"publish","type":"page","link":"https:\/\/cgf.janz.pt\/fr\/societe\/le-groupe-et-les-affaires\/","title":{"rendered":"Le groupe et les affaires"},"content":{"rendered":"<div class=\"wpb-content-wrapper\"><p>[vc_row content_placement=\u00a0\u00bbmiddle\u00a0\u00bb][vc_column][vc_single_image image=\u00a0\u00bb6608&Prime; img_size=\u00a0\u00bbmedium\u00a0\u00bb alignment=\u00a0\u00bbcenter\u00a0\u00bb][\/vc_column][vc_column][vc_column_text]<a href=\"https:\/\/www.sitgroup.it\/en\/\">SIT<\/a>, avec ses sections Chauffage et Comptage, cr\u00e9e des solutions intelligentes de contr\u00f4le climatique et de comptage de consommation pour un monde plus durable. Multinationale leader sur le march\u00e9, int\u00e9gr\u00e9e dans le segment MTA de Borsa Italiana, SIT vise \u00e0 \u00eatre le partenaire num\u00e9ro un dans les solutions d&rsquo;\u00e9nergie durable et de contr\u00f4le climatique, en se concentrant sur l&rsquo;exp\u00e9rimentation et l&rsquo;utilisation de gaz alternatifs \u00e0 faible impact environnemental.<\/p>\n<p>La section Chauffage, repr\u00e9sent\u00e9e par SIT S.p.A., con\u00e7oit et fabrique des composants et des syst\u00e8mes de contr\u00f4le et de s\u00e9curit\u00e9 pour le chauffage domestique au gaz et les appareils \u00e9lectrom\u00e9nagers pour la restauration, ainsi que des po\u00eales et chaudi\u00e8res \u00e0 hydrog\u00e8ne, \u00e0 granul\u00e9s et \u00e0 biomasse. La gamme de produits SIT pour le chauffage comprend des commandes de gaz m\u00e9caniques et \u00e9lectroniques, des syst\u00e8mes int\u00e9gr\u00e9s, des capteurs, des ventilateurs, des extracteurs et des syst\u00e8mes d&rsquo;extraction.<\/p>\n<p>Le p\u00f4le Mesure comprend les soci\u00e9t\u00e9s Janz, qui op\u00e8re dans le d\u00e9veloppement, la production et la distribution de solutions pour le march\u00e9 de la gestion de l&rsquo;eau, et MeteRSit, qui con\u00e7oit et fabrique des compteurs de gaz intelligents de nouvelle g\u00e9n\u00e9ration, avec des relev\u00e9s de consommation en temps r\u00e9el et des technologies de communication innovantes dans la mesure. et les fonctions de communication. Le groupe dispose d&rsquo;installations de production et de centres de recherche en Italie (Rovigo et Macerata), aux Pays-Bas (Hoogeveen), en Roumanie (Brasov), en Tunisie (Tunis), au Portugal (Lisbonne), au Mexique (Monterrey) et en Chine (Suzhou) et des ventes situ\u00e9es \u00e0 Europe, Am\u00e9rique, Asie et Australie avec plus de 2 300 employ\u00e9s dans le monde. Le si\u00e8ge social de SIT est situ\u00e9 \u00e0 Padoue (Italie).[\/vc_column_text][\/vc_column][vc_column][\/vc_column][\/vc_row][vc_row][vc_column][vc_single_image image=\u00a0\u00bb6992&Prime; img_size=\u00a0\u00bbfull\u00a0\u00bb][\/vc_column][\/vc_row][vc_row full_width=\u00a0\u00bbstretch_row\u00a0\u00bb equal_height=\u00a0\u00bbyes\u00a0\u00bb css=\u00a0\u00bb.vc_custom_1522666273554{padding-top: 60px !important;padding-bottom: 60px !important;background-image: url(http:\/\/cgf.janz.pt\/wp-content\/uploads\/2018\/03\/06_fundo01.jpg?id=89) !important;background-position: center !important;background-repeat: no-repeat !important;background-size: cover !important;}\u00a0\u00bb el_class=\u00a0\u00bbblock_01 reverse-grid feature-block\u00a0\u00bb][vc_column][vc_cta h2=\u00a0\u00bbSIT en chiffres\u00a0\u00bb txt_align=\u00a0\u00bbcenter\u00a0\u00bb shape=\u00a0\u00bbsquare\u00a0\u00bb style=\u00a0\u00bbcustom\u00a0\u00bb css=\u00a0\u00bb.vc_custom_1644420121710{margin-top: 0px !important;margin-right: 0px !important;margin-bottom: 0px !important;margin-left: 0px !important;border-top-width: 0px !important;border-right-width: 0px !important;border-bottom-width: 0px !important;border-left-width: 0px !important;padding-top: 0px !important;padding-right: 0px !important;padding-bottom: 0px !important;padding-left: 0px !important;}\u00a0\u00bb el_class=\u00a0\u00bbspecial_h2 special_white small_h2&Prime; custom_background=\u00a0\u00bbrgba(0,0,0,0.01)\u00a0\u00bb][\/vc_cta][vc_row_inner content_placement=\u00a0\u00bbmiddle\u00a0\u00bb el_class=\u00a0\u00bbblock_03&Prime;][vc_column_inner width=\u00a0\u00bb1\/4&Prime; css=\u00a0\u00bb.vc_custom_1520530073005{padding: 0px !important;}\u00a0\u00bb][vc_single_image image=\u00a0\u00bb6600&Prime; alignment=\u00a0\u00bbcenter\u00a0\u00bb][vc_cta h2=\u00a0\u00bb393,3&Prime; h4=\u00a0\u00bbMILLIONS DE CHIFFRE D&rsquo;AFFAIRES\u00a0\u00bb txt_align=\u00a0\u00bbcenter\u00a0\u00bb style=\u00a0\u00bbcustom\u00a0\u00bb css=\u00a0\u00bb.vc_custom_1714739663407{margin-top: 0px !important;margin-right: 0px !important;margin-bottom: 0px !important;margin-left: 0px !important;border-top-width: 0px !important;border-right-width: 0px !important;border-bottom-width: 0px !important;border-left-width: 0px !important;padding-top: 0px !important;padding-right: 0px !important;padding-bottom: 0px !important;padding-left: 0px !important;}\u00a0\u00bb custom_background=\u00a0\u00bbrgba(255,255,255,0.01)\u00a0\u00bb][\/vc_cta][\/vc_column_inner][vc_column_inner width=\u00a0\u00bb1\/4&Prime; css=\u00a0\u00bb.vc_custom_1520530084782{padding: 0px !important;}\u00a0\u00bb][vc_single_image image=\u00a0\u00bb103&Prime; alignment=\u00a0\u00bbcenter\u00a0\u00bb][vc_cta h2=\u00a0\u00bb2 300&Prime; h4=\u00a0\u00bbCOLLABORATEURS\u00a0\u00bb txt_align=\u00a0\u00bbcenter\u00a0\u00bb style=\u00a0\u00bbcustom\u00a0\u00bb css=\u00a0\u00bb.vc_custom_1714739672275{margin-top: 0px !important;margin-right: 0px !important;margin-bottom: 0px !important;margin-left: 0px !important;border-top-width: 0px !important;border-right-width: 0px !important;border-bottom-width: 0px !important;border-left-width: 0px !important;padding-top: 0px !important;padding-right: 0px !important;padding-bottom: 0px !important;padding-left: 0px !important;}\u00a0\u00bb custom_background=\u00a0\u00bbrgba(255,255,255,0.01)\u00a0\u00bb][\/vc_cta][\/vc_column_inner][vc_column_inner width=\u00a0\u00bb1\/4&Prime; css=\u00a0\u00bb.vc_custom_1520530095409{padding: 0px !important;}\u00a0\u00bb][vc_single_image image=\u00a0\u00bb104&Prime; alignment=\u00a0\u00bbcenter\u00a0\u00bb][vc_cta h2=\u00a0\u00bb16&Prime; h4=\u00a0\u00bbBUREAUX\u00a0\u00bb txt_align=\u00a0\u00bbcenter\u00a0\u00bb style=\u00a0\u00bbcustom\u00a0\u00bb css=\u00a0\u00bb.vc_custom_1644420669661{margin-top: 0px !important;margin-right: 0px !important;margin-bottom: 0px !important;margin-left: 0px !important;border-top-width: 0px !important;border-right-width: 0px !important;border-bottom-width: 0px !important;border-left-width: 0px !important;padding-top: 0px !important;padding-right: 0px !important;padding-bottom: 0px !important;padding-left: 0px !important;}\u00a0\u00bb custom_background=\u00a0\u00bbrgba(255,255,255,0.01)\u00a0\u00bb][\/vc_cta][\/vc_column_inner][vc_column_inner width=\u00a0\u00bb1\/4&Prime; css=\u00a0\u00bb.vc_custom_1520530105982{padding: 0px !important;}\u00a0\u00bb][vc_single_image image=\u00a0\u00bb6604&Prime; alignment=\u00a0\u00bbcenter\u00a0\u00bb][vc_cta h2=\u00a0\u00bb13,6 M\u20ac\u00a0\u00bb h4=\u00a0\u00bbINVESTI EN R&amp;D\u00a0\u00bb txt_align=\u00a0\u00bbcenter\u00a0\u00bb style=\u00a0\u00bbcustom\u00a0\u00bb css=\u00a0\u00bb.vc_custom_1714739800049{margin-top: 0px !important;margin-right: 0px !important;margin-bottom: 0px !important;margin-left: 0px !important;border-top-width: 0px !important;border-right-width: 0px !important;border-bottom-width: 0px !important;border-left-width: 0px !important;padding-top: 0px !important;padding-right: 0px !important;padding-bottom: 0px !important;padding-left: 0px !important;}\u00a0\u00bb custom_background=\u00a0\u00bbrgba(255,255,255,0.01)\u00a0\u00bb][\/vc_cta][\/vc_column_inner][\/vc_row_inner][\/vc_column][\/vc_row][vc_row][vc_column][vc_cta h2=\u00a0\u00bbSIT dans le monde\u00a0\u00bb txt_align=\u00a0\u00bbcenter\u00a0\u00bb style=\u00a0\u00bbcustom\u00a0\u00bb custom_background=\u00a0\u00bb#ffffff\u00a0\u00bb custom_text=\u00a0\u00bb#ffffff\u00a0\u00bb el_class=\u00a0\u00bbspecial_h2 page-title\u00a0\u00bb][\/vc_cta][vc_single_image image=\u00a0\u00bb9399&Prime; img_size=\u00a0\u00bbfull\u00a0\u00bb][\/vc_column][\/vc_row][vc_row full_width=\u00a0\u00bbstretch_row\u00a0\u00bb css=\u00a0\u00bb.vc_custom_1526486814429{background-image: url(http:\/\/cgf.janz.pt\/wp-content\/uploads\/2018\/05\/img-quem-somos.jpeg?id=1345) !important;background-position: center !important;background-repeat: no-repeat !important;background-size: cover !important;}\u00a0\u00bb][vc_column el_class=\u00a0\u00bbp-90&Prime;][vc_single_image image=\u00a0\u00bb4926&Prime; img_size=\u00a0\u00bbfull\u00a0\u00bb el_class=\u00a0\u00bbgrid_image\u00a0\u00bb][vc_cta h2=\u00a0\u00bbNotre mission\u00a0\u00bb color=\u00a0\u00bbwhite\u00a0\u00bb el_class=\u00a0\u00bbspecial_grid\u00a0\u00bb]Cr\u00e9ez des solutions intelligentes de contr\u00f4le de la temp\u00e9rature et de mesure de la consommation pour un monde plus durable.[\/vc_cta][vc_single_image image=\u00a0\u00bb4927&Prime; img_size=\u00a0\u00bbfull\u00a0\u00bb el_class=\u00a0\u00bbgrid_image\u00a0\u00bb][vc_cta h2=\u00a0\u00bbNotre vision\u00a0\u00bb color=\u00a0\u00bbwhite\u00a0\u00bb el_class=\u00a0\u00bbspecial_grid\u00a0\u00bb]<\/p>\n<div class=\"page\" title=\"Page 5\">\n<div class=\"section\">\n<div class=\"layoutArea\">\n<div class=\"column\">\n<p>\u00catre reconnu comme le principal partenaire durable en mati\u00e8re de solutions de contr\u00f4le de l\u2019\u00e9nergie et des compteurs.<\/p>\n<\/div>\n<\/div>\n<\/div>\n<\/div>\n<p>[\/vc_cta][\/vc_column][\/vc_row]<\/p>\n<\/div>","protected":false},"excerpt":{"rendered":"<p>[vc_row content_placement=\u00a0\u00bbmiddle\u00a0\u00bb][vc_column][vc_single_image image=\u00a0\u00bb6608&Prime; img_size=\u00a0\u00bbmedium\u00a0\u00bb alignment=\u00a0\u00bbcenter\u00a0\u00bb][\/vc_column][vc_column][vc_column_text]SIT, avec ses sections Chauffage et Comptage, cr\u00e9e des solutions intelligentes de contr\u00f4le climatique et de [&hellip;]<\/p>\n","protected":false},"author":1,"featured_media":0,"parent":4917,"menu_order":0,"comment_status":"closed","ping_status":"closed","template":"","meta":{"_acf_changed":false,"_monsterinsights_skip_tracking":false,"_monsterinsights_sitenote_active":false,"_monsterinsights_sitenote_note":"","_monsterinsights_sitenote_category":0,"footnotes":""},"class_list":["post-4941","page","type-page","status-publish","hentry"],"acf":[],"yoast_head":"<!-- This site is optimized with the Yoast SEO plugin v26.9 - https:\/\/yoast.com\/product\/yoast-seo-wordpress\/ -->\n<title>JANZ fait partie du groupe SIT<\/title>\n<meta name=\"description\" content=\"JANZ, fabricant de compteurs d&#039;eau, appartient au groupe italien SIT, une multinationale int\u00e9gr\u00e9e dans le segment MTA de Borsa Italiana.\" \/>\n<meta name=\"robots\" content=\"index, follow, max-snippet:-1, max-image-preview:large, max-video-preview:-1\" \/>\n<link rel=\"canonical\" href=\"https:\/\/cgf.janz.pt\/fr\/societe\/le-groupe-et-les-affaires\/\" \/>\n<meta property=\"og:locale\" content=\"fr_FR\" \/>\n<meta property=\"og:type\" content=\"article\" \/>\n<meta property=\"og:title\" content=\"Grupo e Neg\u00f3cios - CGF JANZ - Contagem e Gestao de Flu\u00eddos S.A\" \/>\n<meta property=\"og:description\" content=\"O Grupo Janz \u00e9 um grupo industrial portugu\u00eas detentor de um know-how incompar\u00e1vel na fabrica\u00e7\u00e3o de equipamentos de medi\u00e7\u00e3o e contagem de \u00e1gua e energia.\" \/>\n<meta property=\"og:url\" content=\"https:\/\/cgf.janz.pt\/fr\/societe\/le-groupe-et-les-affaires\/\" \/>\n<meta property=\"og:site_name\" content=\"Janz - Contagem e Gest\u00e3o de Flu\u00eddos S.A.\" \/>\n<meta property=\"article:modified_time\" content=\"2025-07-18T10:40:53+00:00\" \/>\n<meta property=\"og:image\" content=\"https:\/\/cgf.janz.pt\/wp-content\/uploads\/2018\/10\/cgf.janz_.pt-redes-sociais.png\" \/>\n\t<meta property=\"og:image:width\" content=\"1200\" \/>\n\t<meta property=\"og:image:height\" content=\"628\" \/>\n\t<meta property=\"og:image:type\" content=\"image\/png\" \/>\n<meta name=\"twitter:card\" content=\"summary_large_image\" \/>\n<meta name=\"twitter:label1\" content=\"Dur\u00e9e de lecture estim\u00e9e\" \/>\n\t<meta name=\"twitter:data1\" content=\"5 minutes\" \/>\n<script type=\"application\/ld+json\" class=\"yoast-schema-graph\">{\"@context\":\"https:\/\/schema.org\",\"@graph\":[{\"@type\":\"WebPage\",\"@id\":\"https:\/\/cgf.janz.pt\/fr\/societe\/le-groupe-et-les-affaires\/\",\"url\":\"https:\/\/cgf.janz.pt\/fr\/societe\/le-groupe-et-les-affaires\/\",\"name\":\"JANZ fait partie du groupe SIT\",\"isPartOf\":{\"@id\":\"https:\/\/cgf.janz.pt\/#website\"},\"datePublished\":\"2018-03-29T08:15:47+00:00\",\"dateModified\":\"2025-07-18T10:40:53+00:00\",\"description\":\"JANZ, fabricant de compteurs d'eau, appartient au groupe italien SIT, une multinationale int\u00e9gr\u00e9e dans le segment MTA de Borsa Italiana.\",\"breadcrumb\":{\"@id\":\"https:\/\/cgf.janz.pt\/fr\/societe\/le-groupe-et-les-affaires\/#breadcrumb\"},\"inLanguage\":\"fr-FR\",\"potentialAction\":[{\"@type\":\"ReadAction\",\"target\":[\"https:\/\/cgf.janz.pt\/fr\/societe\/le-groupe-et-les-affaires\/\"]}]},{\"@type\":\"BreadcrumbList\",\"@id\":\"https:\/\/cgf.janz.pt\/fr\/societe\/le-groupe-et-les-affaires\/#breadcrumb\",\"itemListElement\":[{\"@type\":\"ListItem\",\"position\":1,\"name\":\"In\u00edcio\",\"item\":\"https:\/\/cgf.janz.pt\/fr\/\"},{\"@type\":\"ListItem\",\"position\":2,\"name\":\"Soci\u00e9t\u00e9\",\"item\":\"https:\/\/cgf.janz.pt\/fr\/societe\/\"},{\"@type\":\"ListItem\",\"position\":3,\"name\":\"Le groupe et les affaires\"}]},{\"@type\":\"WebSite\",\"@id\":\"https:\/\/cgf.janz.pt\/#website\",\"url\":\"https:\/\/cgf.janz.pt\/\",\"name\":\"Janz - Contagem e Gest\u00e3o de Flu\u00eddos S.A.\",\"description\":\"Fabrica, comercializa e distribu\u00ed contadores de \u00e0gua, pe\u00e7as de precis\u00e3o e injec\u00e7\u00e3o de pl\u00e1sticos\",\"potentialAction\":[{\"@type\":\"SearchAction\",\"target\":{\"@type\":\"EntryPoint\",\"urlTemplate\":\"https:\/\/cgf.janz.pt\/?s={search_term_string}\"},\"query-input\":{\"@type\":\"PropertyValueSpecification\",\"valueRequired\":true,\"valueName\":\"search_term_string\"}}],\"inLanguage\":\"fr-FR\"}]}<\/script>\n<!-- \/ Yoast SEO plugin. -->","yoast_head_json":{"title":"JANZ fait partie du groupe SIT","description":"JANZ, fabricant de compteurs d'eau, appartient au groupe italien SIT, une multinationale int\u00e9gr\u00e9e dans le segment MTA de Borsa Italiana.","robots":{"index":"index","follow":"follow","max-snippet":"max-snippet:-1","max-image-preview":"max-image-preview:large","max-video-preview":"max-video-preview:-1"},"canonical":"https:\/\/cgf.janz.pt\/fr\/societe\/le-groupe-et-les-affaires\/","og_locale":"fr_FR","og_type":"article","og_title":"Grupo e Neg\u00f3cios - CGF JANZ - Contagem e Gestao de Flu\u00eddos S.A","og_description":"O Grupo Janz \u00e9 um grupo industrial portugu\u00eas detentor de um know-how incompar\u00e1vel na fabrica\u00e7\u00e3o de equipamentos de medi\u00e7\u00e3o e contagem de \u00e1gua e energia.","og_url":"https:\/\/cgf.janz.pt\/fr\/societe\/le-groupe-et-les-affaires\/","og_site_name":"Janz - Contagem e Gest\u00e3o de Flu\u00eddos S.A.","article_modified_time":"2025-07-18T10:40:53+00:00","og_image":[{"width":1200,"height":628,"url":"https:\/\/cgf.janz.pt\/wp-content\/uploads\/2018\/10\/cgf.janz_.pt-redes-sociais.png","type":"image\/png"}],"twitter_card":"summary_large_image","twitter_misc":{"Dur\u00e9e de lecture estim\u00e9e":"5 minutes"},"schema":{"@context":"https:\/\/schema.org","@graph":[{"@type":"WebPage","@id":"https:\/\/cgf.janz.pt\/fr\/societe\/le-groupe-et-les-affaires\/","url":"https:\/\/cgf.janz.pt\/fr\/societe\/le-groupe-et-les-affaires\/","name":"JANZ fait partie du groupe SIT","isPartOf":{"@id":"https:\/\/cgf.janz.pt\/#website"},"datePublished":"2018-03-29T08:15:47+00:00","dateModified":"2025-07-18T10:40:53+00:00","description":"JANZ, fabricant de compteurs d'eau, appartient au groupe italien SIT, une multinationale int\u00e9gr\u00e9e dans le segment MTA de Borsa Italiana.","breadcrumb":{"@id":"https:\/\/cgf.janz.pt\/fr\/societe\/le-groupe-et-les-affaires\/#breadcrumb"},"inLanguage":"fr-FR","potentialAction":[{"@type":"ReadAction","target":["https:\/\/cgf.janz.pt\/fr\/societe\/le-groupe-et-les-affaires\/"]}]},{"@type":"BreadcrumbList","@id":"https:\/\/cgf.janz.pt\/fr\/societe\/le-groupe-et-les-affaires\/#breadcrumb","itemListElement":[{"@type":"ListItem","position":1,"name":"In\u00edcio","item":"https:\/\/cgf.janz.pt\/fr\/"},{"@type":"ListItem","position":2,"name":"Soci\u00e9t\u00e9","item":"https:\/\/cgf.janz.pt\/fr\/societe\/"},{"@type":"ListItem","position":3,"name":"Le groupe et les affaires"}]},{"@type":"WebSite","@id":"https:\/\/cgf.janz.pt\/#website","url":"https:\/\/cgf.janz.pt\/","name":"Janz - Contagem e Gest\u00e3o de Flu\u00eddos S.A.","description":"Fabrica, comercializa e distribu\u00ed contadores de \u00e0gua, pe\u00e7as de precis\u00e3o e injec\u00e7\u00e3o de pl\u00e1sticos","potentialAction":[{"@type":"SearchAction","target":{"@type":"EntryPoint","urlTemplate":"https:\/\/cgf.janz.pt\/?s={search_term_string}"},"query-input":{"@type":"PropertyValueSpecification","valueRequired":true,"valueName":"search_term_string"}}],"inLanguage":"fr-FR"}]}},"_links":{"self":[{"href":"https:\/\/cgf.janz.pt\/fr\/wp-json\/wp\/v2\/pages\/4941","targetHints":{"allow":["GET"]}}],"collection":[{"href":"https:\/\/cgf.janz.pt\/fr\/wp-json\/wp\/v2\/pages"}],"about":[{"href":"https:\/\/cgf.janz.pt\/fr\/wp-json\/wp\/v2\/types\/page"}],"author":[{"embeddable":true,"href":"https:\/\/cgf.janz.pt\/fr\/wp-json\/wp\/v2\/users\/1"}],"replies":[{"embeddable":true,"href":"https:\/\/cgf.janz.pt\/fr\/wp-json\/wp\/v2\/comments?post=4941"}],"version-history":[{"count":22,"href":"https:\/\/cgf.janz.pt\/fr\/wp-json\/wp\/v2\/pages\/4941\/revisions"}],"predecessor-version":[{"id":9403,"href":"https:\/\/cgf.janz.pt\/fr\/wp-json\/wp\/v2\/pages\/4941\/revisions\/9403"}],"up":[{"embeddable":true,"href":"https:\/\/cgf.janz.pt\/fr\/wp-json\/wp\/v2\/pages\/4917"}],"wp:attachment":[{"href":"https:\/\/cgf.janz.pt\/fr\/wp-json\/wp\/v2\/media?parent=4941"}],"curies":[{"name":"wp","href":"https:\/\/api.w.org\/{rel}","templated":true}]}}