{"id":8979,"date":"2023-12-20T09:41:51","date_gmt":"2023-12-20T09:41:51","guid":{"rendered":"https:\/\/cgf.janz.pt\/?post_type=product&#038;p=8979"},"modified":"2025-11-14T15:01:36","modified_gmt":"2025-11-14T15:01:36","slug":"contador-de-agua-smartio","status":"publish","type":"product","link":"https:\/\/cgf.janz.pt\/es\/producto\/contador-de-agua-smartio\/","title":{"rendered":"Contador de agua SmartIO"},"content":{"rendered":"<p>Contador de agua ultras\u00f3nico SmartIO<\/p>\n","protected":false},"excerpt":{"rendered":"<p>Contador de agua ultras\u00f3nico para agua potabel.<\/p>\n","protected":false},"featured_media":9793,"template":"","meta":{"_acf_changed":false,"_monsterinsights_skip_tracking":false,"_monsterinsights_sitenote_active":false,"_monsterinsights_sitenote_note":"","_monsterinsights_sitenote_category":0},"product_brand":[],"product_cat":[228,229],"product_tag":[],"class_list":{"0":"post-8979","1":"product","2":"type-product","3":"status-publish","4":"has-post-thumbnail","6":"product_cat-es","7":"product_cat-global-es","9":"first","10":"instock","11":"shipping-taxable","12":"product-type-simple"},"acf":[],"yoast_head":"<!-- This site is optimized with the Yoast SEO plugin v26.9 - https:\/\/yoast.com\/product\/yoast-seo-wordpress\/ -->\n<title>Contador de agua ultras\u00f3nico: SmartIO<\/title>\n<meta name=\"description\" content=\"Contador ultras\u00f3nico inteligente con nivel de precisi\u00f3n hasta R1000, soporta las condiciones m\u00e1s adversas, duraci\u00f3n de la bater\u00eda de hasta 16 a\u00f1os.\" \/>\n<meta name=\"robots\" content=\"index, follow, max-snippet:-1, max-image-preview:large, max-video-preview:-1\" \/>\n<link rel=\"canonical\" href=\"https:\/\/cgf.janz.pt\/es\/producto\/contador-de-agua-smartio\/\" \/>\n<meta property=\"og:locale\" content=\"es_ES\" \/>\n<meta property=\"og:type\" content=\"article\" \/>\n<meta property=\"og:title\" content=\"Contador de agua ultras\u00f3nico: SmartIO\" \/>\n<meta property=\"og:description\" content=\"Contador ultras\u00f3nico inteligente con nivel de precisi\u00f3n hasta R1000, soporta las condiciones m\u00e1s adversas, duraci\u00f3n de la bater\u00eda de hasta 16 a\u00f1os.\" \/>\n<meta property=\"og:url\" content=\"https:\/\/cgf.janz.pt\/es\/producto\/contador-de-agua-smartio\/\" \/>\n<meta property=\"og:site_name\" content=\"Janz - Contagem e Gest\u00e3o de Flu\u00eddos S.A.\" \/>\n<meta property=\"article:modified_time\" content=\"2025-11-14T15:01:36+00:00\" \/>\n<meta property=\"og:image\" content=\"https:\/\/cgf.janz.pt\/wp-content\/uploads\/2024\/10\/Janz_Smartio_DN15-1_short.png\" \/>\n\t<meta property=\"og:image:width\" content=\"795\" \/>\n\t<meta property=\"og:image:height\" content=\"1024\" \/>\n\t<meta property=\"og:image:type\" content=\"image\/png\" \/>\n<meta name=\"twitter:card\" content=\"summary_large_image\" \/>\n<meta name=\"twitter:label1\" content=\"Tiempo de lectura\" \/>\n\t<meta name=\"twitter:data1\" content=\"1 minuto\" \/>\n<script type=\"application\/ld+json\" class=\"yoast-schema-graph\">{\"@context\":\"https:\/\/schema.org\",\"@graph\":[{\"@type\":\"WebPage\",\"@id\":\"https:\/\/cgf.janz.pt\/es\/producto\/contador-de-agua-smartio\/\",\"url\":\"https:\/\/cgf.janz.pt\/es\/producto\/contador-de-agua-smartio\/\",\"name\":\"Contador de agua ultras\u00f3nico: SmartIO\",\"isPartOf\":{\"@id\":\"https:\/\/cgf.janz.pt\/#website\"},\"primaryImageOfPage\":{\"@id\":\"https:\/\/cgf.janz.pt\/es\/producto\/contador-de-agua-smartio\/#primaryimage\"},\"image\":{\"@id\":\"https:\/\/cgf.janz.pt\/es\/producto\/contador-de-agua-smartio\/#primaryimage\"},\"thumbnailUrl\":\"https:\/\/cgf.janz.pt\/wp-content\/uploads\/2024\/10\/Janz_Smartio_DN15-1_short.png\",\"datePublished\":\"2023-12-20T09:41:51+00:00\",\"dateModified\":\"2025-11-14T15:01:36+00:00\",\"description\":\"Contador ultras\u00f3nico inteligente con nivel de precisi\u00f3n hasta R1000, soporta las condiciones m\u00e1s adversas, duraci\u00f3n de la bater\u00eda de hasta 16 a\u00f1os.\",\"breadcrumb\":{\"@id\":\"https:\/\/cgf.janz.pt\/es\/producto\/contador-de-agua-smartio\/#breadcrumb\"},\"inLanguage\":\"es\",\"potentialAction\":[{\"@type\":\"ReadAction\",\"target\":[\"https:\/\/cgf.janz.pt\/es\/producto\/contador-de-agua-smartio\/\"]}]},{\"@type\":\"ImageObject\",\"inLanguage\":\"es\",\"@id\":\"https:\/\/cgf.janz.pt\/es\/producto\/contador-de-agua-smartio\/#primaryimage\",\"url\":\"https:\/\/cgf.janz.pt\/wp-content\/uploads\/2024\/10\/Janz_Smartio_DN15-1_short.png\",\"contentUrl\":\"https:\/\/cgf.janz.pt\/wp-content\/uploads\/2024\/10\/Janz_Smartio_DN15-1_short.png\",\"width\":2161,\"height\":2784},{\"@type\":\"BreadcrumbList\",\"@id\":\"https:\/\/cgf.janz.pt\/es\/producto\/contador-de-agua-smartio\/#breadcrumb\",\"itemListElement\":[{\"@type\":\"ListItem\",\"position\":1,\"name\":\"In\u00edcio\",\"item\":\"https:\/\/cgf.janz.pt\/es\/\"},{\"@type\":\"ListItem\",\"position\":2,\"name\":\"Products\",\"item\":\"https:\/\/cgf.janz.pt\/en\/contadores-de-agua\/\"},{\"@type\":\"ListItem\",\"position\":3,\"name\":\"Contador de agua SmartIO\"}]},{\"@type\":\"WebSite\",\"@id\":\"https:\/\/cgf.janz.pt\/#website\",\"url\":\"https:\/\/cgf.janz.pt\/\",\"name\":\"Janz - Contagem e Gest\u00e3o de Flu\u00eddos S.A.\",\"description\":\"Fabrica, comercializa e distribu\u00ed contadores de \u00e0gua, pe\u00e7as de precis\u00e3o e injec\u00e7\u00e3o de pl\u00e1sticos\",\"potentialAction\":[{\"@type\":\"SearchAction\",\"target\":{\"@type\":\"EntryPoint\",\"urlTemplate\":\"https:\/\/cgf.janz.pt\/?s={search_term_string}\"},\"query-input\":{\"@type\":\"PropertyValueSpecification\",\"valueRequired\":true,\"valueName\":\"search_term_string\"}}],\"inLanguage\":\"es\"}]}<\/script>\n<!-- \/ Yoast SEO plugin. -->","yoast_head_json":{"title":"Contador de agua ultras\u00f3nico: SmartIO","description":"Contador ultras\u00f3nico inteligente con nivel de precisi\u00f3n hasta R1000, soporta las condiciones m\u00e1s adversas, duraci\u00f3n de la bater\u00eda de hasta 16 a\u00f1os.","robots":{"index":"index","follow":"follow","max-snippet":"max-snippet:-1","max-image-preview":"max-image-preview:large","max-video-preview":"max-video-preview:-1"},"canonical":"https:\/\/cgf.janz.pt\/es\/producto\/contador-de-agua-smartio\/","og_locale":"es_ES","og_type":"article","og_title":"Contador de agua ultras\u00f3nico: SmartIO","og_description":"Contador ultras\u00f3nico inteligente con nivel de precisi\u00f3n hasta R1000, soporta las condiciones m\u00e1s adversas, duraci\u00f3n de la bater\u00eda de hasta 16 a\u00f1os.","og_url":"https:\/\/cgf.janz.pt\/es\/producto\/contador-de-agua-smartio\/","og_site_name":"Janz - Contagem e Gest\u00e3o de Flu\u00eddos S.A.","article_modified_time":"2025-11-14T15:01:36+00:00","og_image":[{"url":"https:\/\/cgf.janz.pt\/wp-content\/uploads\/2024\/10\/Janz_Smartio_DN15-1_short.png","width":795,"height":1024,"type":"image\/png"}],"twitter_card":"summary_large_image","twitter_misc":{"Tiempo de lectura":"1 minuto"},"schema":{"@context":"https:\/\/schema.org","@graph":[{"@type":"WebPage","@id":"https:\/\/cgf.janz.pt\/es\/producto\/contador-de-agua-smartio\/","url":"https:\/\/cgf.janz.pt\/es\/producto\/contador-de-agua-smartio\/","name":"Contador de agua ultras\u00f3nico: SmartIO","isPartOf":{"@id":"https:\/\/cgf.janz.pt\/#website"},"primaryImageOfPage":{"@id":"https:\/\/cgf.janz.pt\/es\/producto\/contador-de-agua-smartio\/#primaryimage"},"image":{"@id":"https:\/\/cgf.janz.pt\/es\/producto\/contador-de-agua-smartio\/#primaryimage"},"thumbnailUrl":"https:\/\/cgf.janz.pt\/wp-content\/uploads\/2024\/10\/Janz_Smartio_DN15-1_short.png","datePublished":"2023-12-20T09:41:51+00:00","dateModified":"2025-11-14T15:01:36+00:00","description":"Contador ultras\u00f3nico inteligente con nivel de precisi\u00f3n hasta R1000, soporta las condiciones m\u00e1s adversas, duraci\u00f3n de la bater\u00eda de hasta 16 a\u00f1os.","breadcrumb":{"@id":"https:\/\/cgf.janz.pt\/es\/producto\/contador-de-agua-smartio\/#breadcrumb"},"inLanguage":"es","potentialAction":[{"@type":"ReadAction","target":["https:\/\/cgf.janz.pt\/es\/producto\/contador-de-agua-smartio\/"]}]},{"@type":"ImageObject","inLanguage":"es","@id":"https:\/\/cgf.janz.pt\/es\/producto\/contador-de-agua-smartio\/#primaryimage","url":"https:\/\/cgf.janz.pt\/wp-content\/uploads\/2024\/10\/Janz_Smartio_DN15-1_short.png","contentUrl":"https:\/\/cgf.janz.pt\/wp-content\/uploads\/2024\/10\/Janz_Smartio_DN15-1_short.png","width":2161,"height":2784},{"@type":"BreadcrumbList","@id":"https:\/\/cgf.janz.pt\/es\/producto\/contador-de-agua-smartio\/#breadcrumb","itemListElement":[{"@type":"ListItem","position":1,"name":"In\u00edcio","item":"https:\/\/cgf.janz.pt\/es\/"},{"@type":"ListItem","position":2,"name":"Products","item":"https:\/\/cgf.janz.pt\/en\/contadores-de-agua\/"},{"@type":"ListItem","position":3,"name":"Contador de agua SmartIO"}]},{"@type":"WebSite","@id":"https:\/\/cgf.janz.pt\/#website","url":"https:\/\/cgf.janz.pt\/","name":"Janz - Contagem e Gest\u00e3o de Flu\u00eddos S.A.","description":"Fabrica, comercializa e distribu\u00ed contadores de \u00e0gua, pe\u00e7as de precis\u00e3o e injec\u00e7\u00e3o de pl\u00e1sticos","potentialAction":[{"@type":"SearchAction","target":{"@type":"EntryPoint","urlTemplate":"https:\/\/cgf.janz.pt\/?s={search_term_string}"},"query-input":{"@type":"PropertyValueSpecification","valueRequired":true,"valueName":"search_term_string"}}],"inLanguage":"es"}]}},"_links":{"self":[{"href":"https:\/\/cgf.janz.pt\/es\/wp-json\/wp\/v2\/product\/8979","targetHints":{"allow":["GET"]}}],"collection":[{"href":"https:\/\/cgf.janz.pt\/es\/wp-json\/wp\/v2\/product"}],"about":[{"href":"https:\/\/cgf.janz.pt\/es\/wp-json\/wp\/v2\/types\/product"}],"wp:featuredmedia":[{"embeddable":true,"href":"https:\/\/cgf.janz.pt\/es\/wp-json\/wp\/v2\/media\/9793"}],"wp:attachment":[{"href":"https:\/\/cgf.janz.pt\/es\/wp-json\/wp\/v2\/media?parent=8979"}],"wp:term":[{"taxonomy":"product_brand","embeddable":true,"href":"https:\/\/cgf.janz.pt\/es\/wp-json\/wp\/v2\/product_brand?post=8979"},{"taxonomy":"product_cat","embeddable":true,"href":"https:\/\/cgf.janz.pt\/es\/wp-json\/wp\/v2\/product_cat?post=8979"},{"taxonomy":"product_tag","embeddable":true,"href":"https:\/\/cgf.janz.pt\/es\/wp-json\/wp\/v2\/product_tag?post=8979"}],"curies":[{"name":"wp","href":"https:\/\/api.w.org\/{rel}","templated":true}]}}