{"id":4755,"date":"2018-04-05T14:54:30","date_gmt":"2018-04-05T14:54:30","guid":{"rendered":"https:\/\/cgf.janz.pt\/produto\/jm300\/"},"modified":"2024-12-03T12:48:38","modified_gmt":"2024-12-03T12:48:38","slug":"contador-de-agua-chorro-unico-jm300","status":"publish","type":"product","link":"https:\/\/cgf.janz.pt\/es\/producto\/contador-de-agua-chorro-unico-jm300\/","title":{"rendered":"Contador de agua JM300"},"content":{"rendered":"<p>Contador de agua JM300 chorro \u00fanico, con cuerpo en lat\u00f3n, para aplicaciones residenciales. Desarrollado de acuerdo con los m\u00e1s altos est\u00e1ndares y en l\u00ednea con los est\u00e1ndares OIML-R49.<\/p>\n","protected":false},"excerpt":{"rendered":"<p>Contador de agua chorro \u00fanic, con cuerpo en lat\u00f3n. Para aplicaciones residenciales.<\/p>\n","protected":false},"featured_media":2868,"template":"","meta":{"_acf_changed":false,"_monsterinsights_skip_tracking":false,"_monsterinsights_sitenote_active":false,"_monsterinsights_sitenote_note":"","_monsterinsights_sitenote_category":0},"product_brand":[],"product_cat":[228,229],"product_tag":[],"class_list":{"0":"post-4755","1":"product","2":"type-product","3":"status-publish","4":"has-post-thumbnail","6":"product_cat-es","7":"product_cat-global-es","9":"first","10":"instock","11":"shipping-taxable","12":"product-type-variable","13":"has-default-attributes"},"acf":[],"yoast_head":"<!-- This site is optimized with the Yoast SEO plugin v26.9 - https:\/\/yoast.com\/product\/yoast-seo-wordpress\/ -->\n<title>Contador de agua chorro \u00fanico en lat\u00f3n | JM300 hasta R200<\/title>\n<meta name=\"description\" content=\"Contador chorro \u00fanico de agua, con cuerpo en lat\u00f3n, para agua potable hasta R200. Desarrollado con altos est\u00e1ndares, descubre m\u00e1s...\" \/>\n<meta name=\"robots\" content=\"index, follow, max-snippet:-1, max-image-preview:large, max-video-preview:-1\" \/>\n<link rel=\"canonical\" href=\"https:\/\/cgf.janz.pt\/es\/producto\/contador-de-agua-chorro-unico-jm300\/\" \/>\n<meta property=\"og:locale\" content=\"es_ES\" \/>\n<meta property=\"og:type\" content=\"article\" \/>\n<meta property=\"og:title\" content=\"Contador de agua chorro \u00fanico en lat\u00f3n | JM300 hasta R200\" \/>\n<meta property=\"og:description\" content=\"CGF Janz - Fabrica, comercializa e distribu\u00ed contadores de \u00e1gua, pe\u00e7as de precis\u00e3o e inje\u00e7\u00e3o de pl\u00e1sticos, para mercado nacional e internacional.\" \/>\n<meta property=\"og:url\" content=\"https:\/\/cgf.janz.pt\/es\/producto\/contador-de-agua-chorro-unico-jm300\/\" \/>\n<meta property=\"og:site_name\" content=\"Janz - Contagem e Gest\u00e3o de Flu\u00eddos S.A.\" \/>\n<meta property=\"article:modified_time\" content=\"2024-12-03T12:48:38+00:00\" \/>\n<meta property=\"og:image\" content=\"https:\/\/cgf.janz.pt\/wp-content\/uploads\/2018\/10\/cgf.janz_.pt-redes-sociais.png\" \/>\n\t<meta property=\"og:image:width\" content=\"1200\" \/>\n\t<meta property=\"og:image:height\" content=\"628\" \/>\n\t<meta property=\"og:image:type\" content=\"image\/png\" \/>\n<meta name=\"twitter:card\" content=\"summary_large_image\" \/>\n<meta name=\"twitter:label1\" content=\"Tiempo de lectura\" \/>\n\t<meta name=\"twitter:data1\" content=\"1 minuto\" \/>\n<script type=\"application\/ld+json\" class=\"yoast-schema-graph\">{\"@context\":\"https:\/\/schema.org\",\"@graph\":[{\"@type\":\"WebPage\",\"@id\":\"https:\/\/cgf.janz.pt\/es\/producto\/contador-de-agua-chorro-unico-jm300\/\",\"url\":\"https:\/\/cgf.janz.pt\/es\/producto\/contador-de-agua-chorro-unico-jm300\/\",\"name\":\"Contador de agua chorro \u00fanico en lat\u00f3n | JM300 hasta R200\",\"isPartOf\":{\"@id\":\"https:\/\/cgf.janz.pt\/#website\"},\"primaryImageOfPage\":{\"@id\":\"https:\/\/cgf.janz.pt\/es\/producto\/contador-de-agua-chorro-unico-jm300\/#primaryimage\"},\"image\":{\"@id\":\"https:\/\/cgf.janz.pt\/es\/producto\/contador-de-agua-chorro-unico-jm300\/#primaryimage\"},\"thumbnailUrl\":\"https:\/\/cgf.janz.pt\/wp-content\/uploads\/2018\/04\/contador-de-agua-residencial-monojato-jm300.png\",\"datePublished\":\"2018-04-05T14:54:30+00:00\",\"dateModified\":\"2024-12-03T12:48:38+00:00\",\"description\":\"Contador chorro \u00fanico de agua, con cuerpo en lat\u00f3n, para agua potable hasta R200. Desarrollado con altos est\u00e1ndares, descubre m\u00e1s...\",\"breadcrumb\":{\"@id\":\"https:\/\/cgf.janz.pt\/es\/producto\/contador-de-agua-chorro-unico-jm300\/#breadcrumb\"},\"inLanguage\":\"es\",\"potentialAction\":[{\"@type\":\"ReadAction\",\"target\":[\"https:\/\/cgf.janz.pt\/es\/producto\/contador-de-agua-chorro-unico-jm300\/\"]}]},{\"@type\":\"ImageObject\",\"inLanguage\":\"es\",\"@id\":\"https:\/\/cgf.janz.pt\/es\/producto\/contador-de-agua-chorro-unico-jm300\/#primaryimage\",\"url\":\"https:\/\/cgf.janz.pt\/wp-content\/uploads\/2018\/04\/contador-de-agua-residencial-monojato-jm300.png\",\"contentUrl\":\"https:\/\/cgf.janz.pt\/wp-content\/uploads\/2018\/04\/contador-de-agua-residencial-monojato-jm300.png\",\"width\":2126,\"height\":2762},{\"@type\":\"BreadcrumbList\",\"@id\":\"https:\/\/cgf.janz.pt\/es\/producto\/contador-de-agua-chorro-unico-jm300\/#breadcrumb\",\"itemListElement\":[{\"@type\":\"ListItem\",\"position\":1,\"name\":\"In\u00edcio\",\"item\":\"https:\/\/cgf.janz.pt\/es\/\"},{\"@type\":\"ListItem\",\"position\":2,\"name\":\"Products\",\"item\":\"https:\/\/cgf.janz.pt\/en\/contadores-de-agua\/\"},{\"@type\":\"ListItem\",\"position\":3,\"name\":\"Contador de agua JM300\"}]},{\"@type\":\"WebSite\",\"@id\":\"https:\/\/cgf.janz.pt\/#website\",\"url\":\"https:\/\/cgf.janz.pt\/\",\"name\":\"Janz - Contagem e Gest\u00e3o de Flu\u00eddos S.A.\",\"description\":\"Fabrica, comercializa e distribu\u00ed contadores de \u00e0gua, pe\u00e7as de precis\u00e3o e injec\u00e7\u00e3o de pl\u00e1sticos\",\"potentialAction\":[{\"@type\":\"SearchAction\",\"target\":{\"@type\":\"EntryPoint\",\"urlTemplate\":\"https:\/\/cgf.janz.pt\/?s={search_term_string}\"},\"query-input\":{\"@type\":\"PropertyValueSpecification\",\"valueRequired\":true,\"valueName\":\"search_term_string\"}}],\"inLanguage\":\"es\"}]}<\/script>\n<!-- \/ Yoast SEO plugin. -->","yoast_head_json":{"title":"Contador de agua chorro \u00fanico en lat\u00f3n | JM300 hasta R200","description":"Contador chorro \u00fanico de agua, con cuerpo en lat\u00f3n, para agua potable hasta R200. Desarrollado con altos est\u00e1ndares, descubre m\u00e1s...","robots":{"index":"index","follow":"follow","max-snippet":"max-snippet:-1","max-image-preview":"max-image-preview:large","max-video-preview":"max-video-preview:-1"},"canonical":"https:\/\/cgf.janz.pt\/es\/producto\/contador-de-agua-chorro-unico-jm300\/","og_locale":"es_ES","og_type":"article","og_title":"Contador de agua chorro \u00fanico en lat\u00f3n | JM300 hasta R200","og_description":"CGF Janz - Fabrica, comercializa e distribu\u00ed contadores de \u00e1gua, pe\u00e7as de precis\u00e3o e inje\u00e7\u00e3o de pl\u00e1sticos, para mercado nacional e internacional.","og_url":"https:\/\/cgf.janz.pt\/es\/producto\/contador-de-agua-chorro-unico-jm300\/","og_site_name":"Janz - Contagem e Gest\u00e3o de Flu\u00eddos S.A.","article_modified_time":"2024-12-03T12:48:38+00:00","og_image":[{"width":1200,"height":628,"url":"https:\/\/cgf.janz.pt\/wp-content\/uploads\/2018\/10\/cgf.janz_.pt-redes-sociais.png","type":"image\/png"}],"twitter_card":"summary_large_image","twitter_misc":{"Tiempo de lectura":"1 minuto"},"schema":{"@context":"https:\/\/schema.org","@graph":[{"@type":"WebPage","@id":"https:\/\/cgf.janz.pt\/es\/producto\/contador-de-agua-chorro-unico-jm300\/","url":"https:\/\/cgf.janz.pt\/es\/producto\/contador-de-agua-chorro-unico-jm300\/","name":"Contador de agua chorro \u00fanico en lat\u00f3n | JM300 hasta R200","isPartOf":{"@id":"https:\/\/cgf.janz.pt\/#website"},"primaryImageOfPage":{"@id":"https:\/\/cgf.janz.pt\/es\/producto\/contador-de-agua-chorro-unico-jm300\/#primaryimage"},"image":{"@id":"https:\/\/cgf.janz.pt\/es\/producto\/contador-de-agua-chorro-unico-jm300\/#primaryimage"},"thumbnailUrl":"https:\/\/cgf.janz.pt\/wp-content\/uploads\/2018\/04\/contador-de-agua-residencial-monojato-jm300.png","datePublished":"2018-04-05T14:54:30+00:00","dateModified":"2024-12-03T12:48:38+00:00","description":"Contador chorro \u00fanico de agua, con cuerpo en lat\u00f3n, para agua potable hasta R200. Desarrollado con altos est\u00e1ndares, descubre m\u00e1s...","breadcrumb":{"@id":"https:\/\/cgf.janz.pt\/es\/producto\/contador-de-agua-chorro-unico-jm300\/#breadcrumb"},"inLanguage":"es","potentialAction":[{"@type":"ReadAction","target":["https:\/\/cgf.janz.pt\/es\/producto\/contador-de-agua-chorro-unico-jm300\/"]}]},{"@type":"ImageObject","inLanguage":"es","@id":"https:\/\/cgf.janz.pt\/es\/producto\/contador-de-agua-chorro-unico-jm300\/#primaryimage","url":"https:\/\/cgf.janz.pt\/wp-content\/uploads\/2018\/04\/contador-de-agua-residencial-monojato-jm300.png","contentUrl":"https:\/\/cgf.janz.pt\/wp-content\/uploads\/2018\/04\/contador-de-agua-residencial-monojato-jm300.png","width":2126,"height":2762},{"@type":"BreadcrumbList","@id":"https:\/\/cgf.janz.pt\/es\/producto\/contador-de-agua-chorro-unico-jm300\/#breadcrumb","itemListElement":[{"@type":"ListItem","position":1,"name":"In\u00edcio","item":"https:\/\/cgf.janz.pt\/es\/"},{"@type":"ListItem","position":2,"name":"Products","item":"https:\/\/cgf.janz.pt\/en\/contadores-de-agua\/"},{"@type":"ListItem","position":3,"name":"Contador de agua JM300"}]},{"@type":"WebSite","@id":"https:\/\/cgf.janz.pt\/#website","url":"https:\/\/cgf.janz.pt\/","name":"Janz - Contagem e Gest\u00e3o de Flu\u00eddos S.A.","description":"Fabrica, comercializa e distribu\u00ed contadores de \u00e0gua, pe\u00e7as de precis\u00e3o e injec\u00e7\u00e3o de pl\u00e1sticos","potentialAction":[{"@type":"SearchAction","target":{"@type":"EntryPoint","urlTemplate":"https:\/\/cgf.janz.pt\/?s={search_term_string}"},"query-input":{"@type":"PropertyValueSpecification","valueRequired":true,"valueName":"search_term_string"}}],"inLanguage":"es"}]}},"_links":{"self":[{"href":"https:\/\/cgf.janz.pt\/es\/wp-json\/wp\/v2\/product\/4755","targetHints":{"allow":["GET"]}}],"collection":[{"href":"https:\/\/cgf.janz.pt\/es\/wp-json\/wp\/v2\/product"}],"about":[{"href":"https:\/\/cgf.janz.pt\/es\/wp-json\/wp\/v2\/types\/product"}],"wp:featuredmedia":[{"embeddable":true,"href":"https:\/\/cgf.janz.pt\/es\/wp-json\/wp\/v2\/media\/2868"}],"wp:attachment":[{"href":"https:\/\/cgf.janz.pt\/es\/wp-json\/wp\/v2\/media?parent=4755"}],"wp:term":[{"taxonomy":"product_brand","embeddable":true,"href":"https:\/\/cgf.janz.pt\/es\/wp-json\/wp\/v2\/product_brand?post=4755"},{"taxonomy":"product_cat","embeddable":true,"href":"https:\/\/cgf.janz.pt\/es\/wp-json\/wp\/v2\/product_cat?post=4755"},{"taxonomy":"product_tag","embeddable":true,"href":"https:\/\/cgf.janz.pt\/es\/wp-json\/wp\/v2\/product_tag?post=4755"}],"curies":[{"name":"wp","href":"https:\/\/api.w.org\/{rel}","templated":true}]}}