{"id":4703,"date":"2018-08-28T16:22:06","date_gmt":"2018-08-28T15:22:06","guid":{"rendered":"https:\/\/cgf.janz.pt\/produto\/ju500-dn50-q3-40\/"},"modified":"2019-10-30T10:03:29","modified_gmt":"2019-10-30T10:03:29","slug":"ju500-dn50-q3-40","status":"publish","type":"product","link":"https:\/\/cgf.janz.pt\/es\/producto\/ju500-dn50-q3-40\/","title":{"rendered":"JU500 DN50\/Q3 40"},"content":{"rendered":"","protected":false},"excerpt":{"rendered":"<p>Contador de agua ultras\u00f3nico para agua potable.<\/p>\n","protected":false},"featured_media":2707,"template":"","meta":{"_acf_changed":false,"_monsterinsights_skip_tracking":false,"_monsterinsights_sitenote_active":false,"_monsterinsights_sitenote_note":"","_monsterinsights_sitenote_category":0},"product_brand":[],"product_cat":[228],"product_tag":[],"class_list":{"0":"post-4703","1":"product","2":"type-product","3":"status-publish","4":"has-post-thumbnail","6":"product_cat-es","8":"first","9":"instock","10":"shipping-taxable","11":"product-type-simple"},"acf":[],"yoast_head":"<!-- This site is optimized with the Yoast SEO plugin v26.9 - https:\/\/yoast.com\/product\/yoast-seo-wordpress\/ -->\n<title>JU500 DN50\/Q3 40 - Janz - Contagem e Gest\u00e3o de Flu\u00eddos S.A.<\/title>\n<meta name=\"description\" content=\"CGF Janz - Fabrica, comercializa e distribu\u00ed contadores de \u00e1gua, pe\u00e7as de precis\u00e3o e inje\u00e7\u00e3o de pl\u00e1sticos, para mercado nacional e internacional.\" \/>\n<meta name=\"robots\" content=\"index, follow, max-snippet:-1, max-image-preview:large, max-video-preview:-1\" \/>\n<link rel=\"canonical\" href=\"https:\/\/cgf.janz.pt\/es\/producto\/ju500-dn50-q3-40\/\" \/>\n<meta property=\"og:locale\" content=\"es_ES\" \/>\n<meta property=\"og:type\" content=\"article\" \/>\n<meta property=\"og:title\" content=\"JU500 DN50\/Q3 40 - Janz - Contagem e Gest\u00e3o de Flu\u00eddos S.A.\" \/>\n<meta property=\"og:description\" content=\"CGF Janz - Fabrica, comercializa e distribu\u00ed contadores de \u00e1gua, pe\u00e7as de precis\u00e3o e inje\u00e7\u00e3o de pl\u00e1sticos, para mercado nacional e internacional.\" \/>\n<meta property=\"og:url\" content=\"https:\/\/cgf.janz.pt\/es\/producto\/ju500-dn50-q3-40\/\" \/>\n<meta property=\"og:site_name\" content=\"Janz - Contagem e Gest\u00e3o de Flu\u00eddos S.A.\" \/>\n<meta property=\"article:modified_time\" content=\"2019-10-30T10:03:29+00:00\" \/>\n<meta property=\"og:image\" content=\"https:\/\/cgf.janz.pt\/wp-content\/uploads\/2018\/10\/cgf.janz_.pt-redes-sociais.png\" \/>\n\t<meta property=\"og:image:width\" content=\"1200\" \/>\n\t<meta property=\"og:image:height\" content=\"628\" \/>\n\t<meta property=\"og:image:type\" content=\"image\/png\" \/>\n<meta name=\"twitter:card\" content=\"summary_large_image\" \/>\n<script type=\"application\/ld+json\" class=\"yoast-schema-graph\">{\"@context\":\"https:\/\/schema.org\",\"@graph\":[{\"@type\":\"WebPage\",\"@id\":\"https:\/\/cgf.janz.pt\/es\/producto\/ju500-dn50-q3-40\/\",\"url\":\"https:\/\/cgf.janz.pt\/es\/producto\/ju500-dn50-q3-40\/\",\"name\":\"JU500 DN50\/Q3 40 - Janz - Contagem e Gest\u00e3o de Flu\u00eddos S.A.\",\"isPartOf\":{\"@id\":\"https:\/\/cgf.janz.pt\/#website\"},\"primaryImageOfPage\":{\"@id\":\"https:\/\/cgf.janz.pt\/es\/producto\/ju500-dn50-q3-40\/#primaryimage\"},\"image\":{\"@id\":\"https:\/\/cgf.janz.pt\/es\/producto\/ju500-dn50-q3-40\/#primaryimage\"},\"thumbnailUrl\":\"https:\/\/cgf.janz.pt\/wp-content\/uploads\/2018\/05\/contador-de-agua-industrial-ultrassonico-ju500-4.png\",\"datePublished\":\"2018-08-28T15:22:06+00:00\",\"dateModified\":\"2019-10-30T10:03:29+00:00\",\"description\":\"CGF Janz - Fabrica, comercializa e distribu\u00ed contadores de \u00e1gua, pe\u00e7as de precis\u00e3o e inje\u00e7\u00e3o de pl\u00e1sticos, para mercado nacional e internacional.\",\"breadcrumb\":{\"@id\":\"https:\/\/cgf.janz.pt\/es\/producto\/ju500-dn50-q3-40\/#breadcrumb\"},\"inLanguage\":\"es\",\"potentialAction\":[{\"@type\":\"ReadAction\",\"target\":[\"https:\/\/cgf.janz.pt\/es\/producto\/ju500-dn50-q3-40\/\"]}]},{\"@type\":\"ImageObject\",\"inLanguage\":\"es\",\"@id\":\"https:\/\/cgf.janz.pt\/es\/producto\/ju500-dn50-q3-40\/#primaryimage\",\"url\":\"https:\/\/cgf.janz.pt\/wp-content\/uploads\/2018\/05\/contador-de-agua-industrial-ultrassonico-ju500-4.png\",\"contentUrl\":\"https:\/\/cgf.janz.pt\/wp-content\/uploads\/2018\/05\/contador-de-agua-industrial-ultrassonico-ju500-4.png\",\"width\":683,\"height\":622},{\"@type\":\"BreadcrumbList\",\"@id\":\"https:\/\/cgf.janz.pt\/es\/producto\/ju500-dn50-q3-40\/#breadcrumb\",\"itemListElement\":[{\"@type\":\"ListItem\",\"position\":1,\"name\":\"In\u00edcio\",\"item\":\"https:\/\/cgf.janz.pt\/es\/\"},{\"@type\":\"ListItem\",\"position\":2,\"name\":\"Products\",\"item\":\"https:\/\/cgf.janz.pt\/en\/contadores-de-agua\/\"},{\"@type\":\"ListItem\",\"position\":3,\"name\":\"JU500 DN50\/Q3 40\"}]},{\"@type\":\"WebSite\",\"@id\":\"https:\/\/cgf.janz.pt\/#website\",\"url\":\"https:\/\/cgf.janz.pt\/\",\"name\":\"Janz - Contagem e Gest\u00e3o de Flu\u00eddos S.A.\",\"description\":\"Fabrica, comercializa e distribu\u00ed contadores de \u00e0gua, pe\u00e7as de precis\u00e3o e injec\u00e7\u00e3o de pl\u00e1sticos\",\"potentialAction\":[{\"@type\":\"SearchAction\",\"target\":{\"@type\":\"EntryPoint\",\"urlTemplate\":\"https:\/\/cgf.janz.pt\/?s={search_term_string}\"},\"query-input\":{\"@type\":\"PropertyValueSpecification\",\"valueRequired\":true,\"valueName\":\"search_term_string\"}}],\"inLanguage\":\"es\"}]}<\/script>\n<!-- \/ Yoast SEO plugin. -->","yoast_head_json":{"title":"JU500 DN50\/Q3 40 - Janz - Contagem e Gest\u00e3o de Flu\u00eddos S.A.","description":"CGF Janz - Fabrica, comercializa e distribu\u00ed contadores de \u00e1gua, pe\u00e7as de precis\u00e3o e inje\u00e7\u00e3o de pl\u00e1sticos, para mercado nacional e internacional.","robots":{"index":"index","follow":"follow","max-snippet":"max-snippet:-1","max-image-preview":"max-image-preview:large","max-video-preview":"max-video-preview:-1"},"canonical":"https:\/\/cgf.janz.pt\/es\/producto\/ju500-dn50-q3-40\/","og_locale":"es_ES","og_type":"article","og_title":"JU500 DN50\/Q3 40 - Janz - Contagem e Gest\u00e3o de Flu\u00eddos S.A.","og_description":"CGF Janz - Fabrica, comercializa e distribu\u00ed contadores de \u00e1gua, pe\u00e7as de precis\u00e3o e inje\u00e7\u00e3o de pl\u00e1sticos, para mercado nacional e internacional.","og_url":"https:\/\/cgf.janz.pt\/es\/producto\/ju500-dn50-q3-40\/","og_site_name":"Janz - Contagem e Gest\u00e3o de Flu\u00eddos S.A.","article_modified_time":"2019-10-30T10:03:29+00:00","og_image":[{"width":1200,"height":628,"url":"https:\/\/cgf.janz.pt\/wp-content\/uploads\/2018\/10\/cgf.janz_.pt-redes-sociais.png","type":"image\/png"}],"twitter_card":"summary_large_image","schema":{"@context":"https:\/\/schema.org","@graph":[{"@type":"WebPage","@id":"https:\/\/cgf.janz.pt\/es\/producto\/ju500-dn50-q3-40\/","url":"https:\/\/cgf.janz.pt\/es\/producto\/ju500-dn50-q3-40\/","name":"JU500 DN50\/Q3 40 - Janz - Contagem e Gest\u00e3o de Flu\u00eddos S.A.","isPartOf":{"@id":"https:\/\/cgf.janz.pt\/#website"},"primaryImageOfPage":{"@id":"https:\/\/cgf.janz.pt\/es\/producto\/ju500-dn50-q3-40\/#primaryimage"},"image":{"@id":"https:\/\/cgf.janz.pt\/es\/producto\/ju500-dn50-q3-40\/#primaryimage"},"thumbnailUrl":"https:\/\/cgf.janz.pt\/wp-content\/uploads\/2018\/05\/contador-de-agua-industrial-ultrassonico-ju500-4.png","datePublished":"2018-08-28T15:22:06+00:00","dateModified":"2019-10-30T10:03:29+00:00","description":"CGF Janz - Fabrica, comercializa e distribu\u00ed contadores de \u00e1gua, pe\u00e7as de precis\u00e3o e inje\u00e7\u00e3o de pl\u00e1sticos, para mercado nacional e internacional.","breadcrumb":{"@id":"https:\/\/cgf.janz.pt\/es\/producto\/ju500-dn50-q3-40\/#breadcrumb"},"inLanguage":"es","potentialAction":[{"@type":"ReadAction","target":["https:\/\/cgf.janz.pt\/es\/producto\/ju500-dn50-q3-40\/"]}]},{"@type":"ImageObject","inLanguage":"es","@id":"https:\/\/cgf.janz.pt\/es\/producto\/ju500-dn50-q3-40\/#primaryimage","url":"https:\/\/cgf.janz.pt\/wp-content\/uploads\/2018\/05\/contador-de-agua-industrial-ultrassonico-ju500-4.png","contentUrl":"https:\/\/cgf.janz.pt\/wp-content\/uploads\/2018\/05\/contador-de-agua-industrial-ultrassonico-ju500-4.png","width":683,"height":622},{"@type":"BreadcrumbList","@id":"https:\/\/cgf.janz.pt\/es\/producto\/ju500-dn50-q3-40\/#breadcrumb","itemListElement":[{"@type":"ListItem","position":1,"name":"In\u00edcio","item":"https:\/\/cgf.janz.pt\/es\/"},{"@type":"ListItem","position":2,"name":"Products","item":"https:\/\/cgf.janz.pt\/en\/contadores-de-agua\/"},{"@type":"ListItem","position":3,"name":"JU500 DN50\/Q3 40"}]},{"@type":"WebSite","@id":"https:\/\/cgf.janz.pt\/#website","url":"https:\/\/cgf.janz.pt\/","name":"Janz - Contagem e Gest\u00e3o de Flu\u00eddos S.A.","description":"Fabrica, comercializa e distribu\u00ed contadores de \u00e0gua, pe\u00e7as de precis\u00e3o e injec\u00e7\u00e3o de pl\u00e1sticos","potentialAction":[{"@type":"SearchAction","target":{"@type":"EntryPoint","urlTemplate":"https:\/\/cgf.janz.pt\/?s={search_term_string}"},"query-input":{"@type":"PropertyValueSpecification","valueRequired":true,"valueName":"search_term_string"}}],"inLanguage":"es"}]}},"_links":{"self":[{"href":"https:\/\/cgf.janz.pt\/es\/wp-json\/wp\/v2\/product\/4703","targetHints":{"allow":["GET"]}}],"collection":[{"href":"https:\/\/cgf.janz.pt\/es\/wp-json\/wp\/v2\/product"}],"about":[{"href":"https:\/\/cgf.janz.pt\/es\/wp-json\/wp\/v2\/types\/product"}],"wp:featuredmedia":[{"embeddable":true,"href":"https:\/\/cgf.janz.pt\/es\/wp-json\/wp\/v2\/media\/2707"}],"wp:attachment":[{"href":"https:\/\/cgf.janz.pt\/es\/wp-json\/wp\/v2\/media?parent=4703"}],"wp:term":[{"taxonomy":"product_brand","embeddable":true,"href":"https:\/\/cgf.janz.pt\/es\/wp-json\/wp\/v2\/product_brand?post=4703"},{"taxonomy":"product_cat","embeddable":true,"href":"https:\/\/cgf.janz.pt\/es\/wp-json\/wp\/v2\/product_cat?post=4703"},{"taxonomy":"product_tag","embeddable":true,"href":"https:\/\/cgf.janz.pt\/es\/wp-json\/wp\/v2\/product_tag?post=4703"}],"curies":[{"name":"wp","href":"https:\/\/api.w.org\/{rel}","templated":true}]}}