{"id":11621,"date":"2026-02-05T08:46:53","date_gmt":"2026-02-05T08:46:53","guid":{"rendered":"https:\/\/cgf.janz.pt\/?post_type=product&#038;p=11621"},"modified":"2026-02-05T09:49:12","modified_gmt":"2026-02-05T09:49:12","slug":"telelectura-radio-wize","status":"publish","type":"product","link":"https:\/\/cgf.janz.pt\/es\/producto\/telelectura-radio-wize\/","title":{"rendered":"Radio Add-on Wize"},"content":{"rendered":"<p>Radio para redes Wize de contadores de agua<\/p>\n","protected":false},"excerpt":{"rendered":"<p><span class=\"tlid-translation translation\" lang=\"es\"><span class=\"\" title=\"\">Radio para telelectura LPWA Wize<\/span><\/span><\/p>\n","protected":false},"featured_media":11633,"template":"","meta":{"_acf_changed":false,"_monsterinsights_skip_tracking":false,"_monsterinsights_sitenote_active":false,"_monsterinsights_sitenote_note":"","_monsterinsights_sitenote_category":0},"product_brand":[],"product_cat":[228,229,230],"product_tag":[],"class_list":{"0":"post-11621","1":"product","2":"type-product","3":"status-publish","4":"has-post-thumbnail","6":"product_cat-es","7":"product_cat-global-es","8":"product_cat-tecnologia-es","10":"first","11":"instock","12":"shipping-taxable","13":"product-type-simple"},"acf":[],"yoast_head":"<!-- This site is optimized with the Yoast SEO plugin v26.9 - https:\/\/yoast.com\/product\/yoast-seo-wordpress\/ -->\n<title>Telelectura: Radio Wize<\/title>\n<meta name=\"description\" content=\"Radio add-on para redes LPWA com telelectura Wize, lo que ofrece facilidad de implementaci\u00f3n, escalabilidad y fiabilidad. M\u00e1s informaci\u00f3n...\" \/>\n<meta name=\"robots\" content=\"index, follow, max-snippet:-1, max-image-preview:large, max-video-preview:-1\" \/>\n<link rel=\"canonical\" href=\"https:\/\/cgf.janz.pt\/es\/producto\/telelectura-radio-wize\/\" \/>\n<meta property=\"og:locale\" content=\"es_ES\" \/>\n<meta property=\"og:type\" content=\"article\" \/>\n<meta property=\"og:title\" content=\"Telelectura: Radio Wize\" \/>\n<meta property=\"og:description\" content=\"Radio add-on para redes LPWA com telelectura Wize, lo que ofrece facilidad de implementaci\u00f3n, escalabilidad y fiabilidad. M\u00e1s informaci\u00f3n...\" \/>\n<meta property=\"og:url\" content=\"https:\/\/cgf.janz.pt\/es\/producto\/telelectura-radio-wize\/\" \/>\n<meta property=\"og:site_name\" content=\"Janz - Contagem e Gest\u00e3o de Flu\u00eddos S.A.\" \/>\n<meta property=\"article:modified_time\" content=\"2026-02-05T09:49:12+00:00\" \/>\n<meta property=\"og:image\" content=\"https:\/\/cgf.janz.pt\/wp-content\/uploads\/2026\/02\/Add-on_Wize_short-1.png\" \/>\n\t<meta property=\"og:image:width\" content=\"1214\" \/>\n\t<meta property=\"og:image:height\" content=\"1188\" \/>\n\t<meta property=\"og:image:type\" content=\"image\/png\" \/>\n<meta name=\"twitter:card\" content=\"summary_large_image\" \/>\n<meta name=\"twitter:label1\" content=\"Tiempo de lectura\" \/>\n\t<meta name=\"twitter:data1\" content=\"1 minuto\" \/>\n<script type=\"application\/ld+json\" class=\"yoast-schema-graph\">{\"@context\":\"https:\/\/schema.org\",\"@graph\":[{\"@type\":\"WebPage\",\"@id\":\"https:\/\/cgf.janz.pt\/es\/producto\/telelectura-radio-wize\/\",\"url\":\"https:\/\/cgf.janz.pt\/es\/producto\/telelectura-radio-wize\/\",\"name\":\"Telelectura: Radio Wize\",\"isPartOf\":{\"@id\":\"https:\/\/cgf.janz.pt\/#website\"},\"primaryImageOfPage\":{\"@id\":\"https:\/\/cgf.janz.pt\/es\/producto\/telelectura-radio-wize\/#primaryimage\"},\"image\":{\"@id\":\"https:\/\/cgf.janz.pt\/es\/producto\/telelectura-radio-wize\/#primaryimage\"},\"thumbnailUrl\":\"https:\/\/cgf.janz.pt\/wp-content\/uploads\/2026\/02\/Add-on_Wize_short-1.png\",\"datePublished\":\"2026-02-05T08:46:53+00:00\",\"dateModified\":\"2026-02-05T09:49:12+00:00\",\"description\":\"Radio add-on para redes LPWA com telelectura Wize, lo que ofrece facilidad de implementaci\u00f3n, escalabilidad y fiabilidad. M\u00e1s informaci\u00f3n...\",\"breadcrumb\":{\"@id\":\"https:\/\/cgf.janz.pt\/es\/producto\/telelectura-radio-wize\/#breadcrumb\"},\"inLanguage\":\"es\",\"potentialAction\":[{\"@type\":\"ReadAction\",\"target\":[\"https:\/\/cgf.janz.pt\/es\/producto\/telelectura-radio-wize\/\"]}]},{\"@type\":\"ImageObject\",\"inLanguage\":\"es\",\"@id\":\"https:\/\/cgf.janz.pt\/es\/producto\/telelectura-radio-wize\/#primaryimage\",\"url\":\"https:\/\/cgf.janz.pt\/wp-content\/uploads\/2026\/02\/Add-on_Wize_short-1.png\",\"contentUrl\":\"https:\/\/cgf.janz.pt\/wp-content\/uploads\/2026\/02\/Add-on_Wize_short-1.png\",\"width\":1214,\"height\":1188},{\"@type\":\"BreadcrumbList\",\"@id\":\"https:\/\/cgf.janz.pt\/es\/producto\/telelectura-radio-wize\/#breadcrumb\",\"itemListElement\":[{\"@type\":\"ListItem\",\"position\":1,\"name\":\"In\u00edcio\",\"item\":\"https:\/\/cgf.janz.pt\/es\/\"},{\"@type\":\"ListItem\",\"position\":2,\"name\":\"Products\",\"item\":\"https:\/\/cgf.janz.pt\/en\/contadores-de-agua\/\"},{\"@type\":\"ListItem\",\"position\":3,\"name\":\"Radio Add-on Wize\"}]},{\"@type\":\"WebSite\",\"@id\":\"https:\/\/cgf.janz.pt\/#website\",\"url\":\"https:\/\/cgf.janz.pt\/\",\"name\":\"Janz - Contagem e Gest\u00e3o de Flu\u00eddos S.A.\",\"description\":\"Fabrica, comercializa e distribu\u00ed contadores de \u00e0gua, pe\u00e7as de precis\u00e3o e injec\u00e7\u00e3o de pl\u00e1sticos\",\"potentialAction\":[{\"@type\":\"SearchAction\",\"target\":{\"@type\":\"EntryPoint\",\"urlTemplate\":\"https:\/\/cgf.janz.pt\/?s={search_term_string}\"},\"query-input\":{\"@type\":\"PropertyValueSpecification\",\"valueRequired\":true,\"valueName\":\"search_term_string\"}}],\"inLanguage\":\"es\"}]}<\/script>\n<!-- \/ Yoast SEO plugin. -->","yoast_head_json":{"title":"Telelectura: Radio Wize","description":"Radio add-on para redes LPWA com telelectura Wize, lo que ofrece facilidad de implementaci\u00f3n, escalabilidad y fiabilidad. M\u00e1s informaci\u00f3n...","robots":{"index":"index","follow":"follow","max-snippet":"max-snippet:-1","max-image-preview":"max-image-preview:large","max-video-preview":"max-video-preview:-1"},"canonical":"https:\/\/cgf.janz.pt\/es\/producto\/telelectura-radio-wize\/","og_locale":"es_ES","og_type":"article","og_title":"Telelectura: Radio Wize","og_description":"Radio add-on para redes LPWA com telelectura Wize, lo que ofrece facilidad de implementaci\u00f3n, escalabilidad y fiabilidad. M\u00e1s informaci\u00f3n...","og_url":"https:\/\/cgf.janz.pt\/es\/producto\/telelectura-radio-wize\/","og_site_name":"Janz - Contagem e Gest\u00e3o de Flu\u00eddos S.A.","article_modified_time":"2026-02-05T09:49:12+00:00","og_image":[{"width":1214,"height":1188,"url":"https:\/\/cgf.janz.pt\/wp-content\/uploads\/2026\/02\/Add-on_Wize_short-1.png","type":"image\/png"}],"twitter_card":"summary_large_image","twitter_misc":{"Tiempo de lectura":"1 minuto"},"schema":{"@context":"https:\/\/schema.org","@graph":[{"@type":"WebPage","@id":"https:\/\/cgf.janz.pt\/es\/producto\/telelectura-radio-wize\/","url":"https:\/\/cgf.janz.pt\/es\/producto\/telelectura-radio-wize\/","name":"Telelectura: Radio Wize","isPartOf":{"@id":"https:\/\/cgf.janz.pt\/#website"},"primaryImageOfPage":{"@id":"https:\/\/cgf.janz.pt\/es\/producto\/telelectura-radio-wize\/#primaryimage"},"image":{"@id":"https:\/\/cgf.janz.pt\/es\/producto\/telelectura-radio-wize\/#primaryimage"},"thumbnailUrl":"https:\/\/cgf.janz.pt\/wp-content\/uploads\/2026\/02\/Add-on_Wize_short-1.png","datePublished":"2026-02-05T08:46:53+00:00","dateModified":"2026-02-05T09:49:12+00:00","description":"Radio add-on para redes LPWA com telelectura Wize, lo que ofrece facilidad de implementaci\u00f3n, escalabilidad y fiabilidad. M\u00e1s informaci\u00f3n...","breadcrumb":{"@id":"https:\/\/cgf.janz.pt\/es\/producto\/telelectura-radio-wize\/#breadcrumb"},"inLanguage":"es","potentialAction":[{"@type":"ReadAction","target":["https:\/\/cgf.janz.pt\/es\/producto\/telelectura-radio-wize\/"]}]},{"@type":"ImageObject","inLanguage":"es","@id":"https:\/\/cgf.janz.pt\/es\/producto\/telelectura-radio-wize\/#primaryimage","url":"https:\/\/cgf.janz.pt\/wp-content\/uploads\/2026\/02\/Add-on_Wize_short-1.png","contentUrl":"https:\/\/cgf.janz.pt\/wp-content\/uploads\/2026\/02\/Add-on_Wize_short-1.png","width":1214,"height":1188},{"@type":"BreadcrumbList","@id":"https:\/\/cgf.janz.pt\/es\/producto\/telelectura-radio-wize\/#breadcrumb","itemListElement":[{"@type":"ListItem","position":1,"name":"In\u00edcio","item":"https:\/\/cgf.janz.pt\/es\/"},{"@type":"ListItem","position":2,"name":"Products","item":"https:\/\/cgf.janz.pt\/en\/contadores-de-agua\/"},{"@type":"ListItem","position":3,"name":"Radio Add-on Wize"}]},{"@type":"WebSite","@id":"https:\/\/cgf.janz.pt\/#website","url":"https:\/\/cgf.janz.pt\/","name":"Janz - Contagem e Gest\u00e3o de Flu\u00eddos S.A.","description":"Fabrica, comercializa e distribu\u00ed contadores de \u00e0gua, pe\u00e7as de precis\u00e3o e injec\u00e7\u00e3o de pl\u00e1sticos","potentialAction":[{"@type":"SearchAction","target":{"@type":"EntryPoint","urlTemplate":"https:\/\/cgf.janz.pt\/?s={search_term_string}"},"query-input":{"@type":"PropertyValueSpecification","valueRequired":true,"valueName":"search_term_string"}}],"inLanguage":"es"}]}},"_links":{"self":[{"href":"https:\/\/cgf.janz.pt\/es\/wp-json\/wp\/v2\/product\/11621","targetHints":{"allow":["GET"]}}],"collection":[{"href":"https:\/\/cgf.janz.pt\/es\/wp-json\/wp\/v2\/product"}],"about":[{"href":"https:\/\/cgf.janz.pt\/es\/wp-json\/wp\/v2\/types\/product"}],"wp:featuredmedia":[{"embeddable":true,"href":"https:\/\/cgf.janz.pt\/es\/wp-json\/wp\/v2\/media\/11633"}],"wp:attachment":[{"href":"https:\/\/cgf.janz.pt\/es\/wp-json\/wp\/v2\/media?parent=11621"}],"wp:term":[{"taxonomy":"product_brand","embeddable":true,"href":"https:\/\/cgf.janz.pt\/es\/wp-json\/wp\/v2\/product_brand?post=11621"},{"taxonomy":"product_cat","embeddable":true,"href":"https:\/\/cgf.janz.pt\/es\/wp-json\/wp\/v2\/product_cat?post=11621"},{"taxonomy":"product_tag","embeddable":true,"href":"https:\/\/cgf.janz.pt\/es\/wp-json\/wp\/v2\/product_tag?post=11621"}],"curies":[{"name":"wp","href":"https:\/\/api.w.org\/{rel}","templated":true}]}}