{"id":11251,"date":"2025-08-25T16:02:33","date_gmt":"2025-08-25T15:02:33","guid":{"rendered":"https:\/\/cgf.janz.pt\/?post_type=product&#038;p=11251"},"modified":"2025-09-19T15:01:03","modified_gmt":"2025-09-19T14:01:03","slug":"radio-add-on-externo","status":"publish","type":"product","link":"https:\/\/cgf.janz.pt\/es\/producto\/radio-add-on-externo\/","title":{"rendered":"Telelectura Add-on Externo"},"content":{"rendered":"<p>Radio externo Add-on para telemetr\u00eda LPWA de contadores de agua<\/p>\n","protected":false},"excerpt":{"rendered":"<p><span class=\"tlid-translation translation\" lang=\"es\"><span class=\"\" title=\"\">Radio Externo Add-on telelectura LPWA (LoRaWAN &amp; wM-bus)<\/span><\/span><\/p>\n","protected":false},"featured_media":11290,"template":"","meta":{"_acf_changed":false,"_monsterinsights_skip_tracking":false,"_monsterinsights_sitenote_active":false,"_monsterinsights_sitenote_note":"","_monsterinsights_sitenote_category":0},"product_brand":[],"product_cat":[228,229,230],"product_tag":[],"class_list":{"0":"post-11251","1":"product","2":"type-product","3":"status-publish","4":"has-post-thumbnail","6":"product_cat-es","7":"product_cat-global-es","8":"product_cat-tecnologia-es","10":"first","11":"instock","12":"shipping-taxable","13":"product-type-simple"},"acf":[],"yoast_head":"<!-- This site is optimized with the Yoast SEO plugin v26.9 - https:\/\/yoast.com\/product\/yoast-seo-wordpress\/ -->\n<title>Telelectura: Radio Add-on Externo<\/title>\n<meta name=\"description\" content=\"Radios externas Add-on basan su tecnolog\u00eda en redes LPWA, lo que ofrece facilidad de implementaci\u00f3n, escalabilidad y fiabilidad. M\u00e1s informaci\u00f3n...\" \/>\n<meta name=\"robots\" content=\"index, follow, max-snippet:-1, max-image-preview:large, max-video-preview:-1\" \/>\n<link rel=\"canonical\" href=\"https:\/\/cgf.janz.pt\/es\/producto\/radio-add-on-externo\/\" \/>\n<meta property=\"og:locale\" content=\"es_ES\" \/>\n<meta property=\"og:type\" content=\"article\" \/>\n<meta property=\"og:title\" content=\"Telelectura: Radio Add-on Externo\" \/>\n<meta property=\"og:description\" content=\"Radios externas Add-on basan su tecnolog\u00eda en redes LPWA, lo que ofrece facilidad de implementaci\u00f3n, escalabilidad y fiabilidad. M\u00e1s informaci\u00f3n...\" \/>\n<meta property=\"og:url\" content=\"https:\/\/cgf.janz.pt\/es\/producto\/radio-add-on-externo\/\" \/>\n<meta property=\"og:site_name\" content=\"Janz - Contagem e Gest\u00e3o de Flu\u00eddos S.A.\" \/>\n<meta property=\"article:modified_time\" content=\"2025-09-19T14:01:03+00:00\" \/>\n<meta property=\"og:image\" content=\"https:\/\/cgf.janz.pt\/wp-content\/uploads\/2025\/08\/ADD_ON_EXTERNO_05-8-622-9012-0.png\" \/>\n\t<meta property=\"og:image:width\" content=\"1920\" \/>\n\t<meta property=\"og:image:height\" content=\"1080\" \/>\n\t<meta property=\"og:image:type\" content=\"image\/png\" \/>\n<meta name=\"twitter:card\" content=\"summary_large_image\" \/>\n<meta name=\"twitter:label1\" content=\"Tiempo de lectura\" \/>\n\t<meta name=\"twitter:data1\" content=\"1 minuto\" \/>\n<script type=\"application\/ld+json\" class=\"yoast-schema-graph\">{\"@context\":\"https:\/\/schema.org\",\"@graph\":[{\"@type\":\"WebPage\",\"@id\":\"https:\/\/cgf.janz.pt\/es\/producto\/radio-add-on-externo\/\",\"url\":\"https:\/\/cgf.janz.pt\/es\/producto\/radio-add-on-externo\/\",\"name\":\"Telelectura: Radio Add-on Externo\",\"isPartOf\":{\"@id\":\"https:\/\/cgf.janz.pt\/#website\"},\"primaryImageOfPage\":{\"@id\":\"https:\/\/cgf.janz.pt\/es\/producto\/radio-add-on-externo\/#primaryimage\"},\"image\":{\"@id\":\"https:\/\/cgf.janz.pt\/es\/producto\/radio-add-on-externo\/#primaryimage\"},\"thumbnailUrl\":\"https:\/\/cgf.janz.pt\/wp-content\/uploads\/2025\/08\/ADD_ON_EXTERNO_05-8-622-9012-0.png\",\"datePublished\":\"2025-08-25T15:02:33+00:00\",\"dateModified\":\"2025-09-19T14:01:03+00:00\",\"description\":\"Radios externas Add-on basan su tecnolog\u00eda en redes LPWA, lo que ofrece facilidad de implementaci\u00f3n, escalabilidad y fiabilidad. M\u00e1s informaci\u00f3n...\",\"breadcrumb\":{\"@id\":\"https:\/\/cgf.janz.pt\/es\/producto\/radio-add-on-externo\/#breadcrumb\"},\"inLanguage\":\"es\",\"potentialAction\":[{\"@type\":\"ReadAction\",\"target\":[\"https:\/\/cgf.janz.pt\/es\/producto\/radio-add-on-externo\/\"]}]},{\"@type\":\"ImageObject\",\"inLanguage\":\"es\",\"@id\":\"https:\/\/cgf.janz.pt\/es\/producto\/radio-add-on-externo\/#primaryimage\",\"url\":\"https:\/\/cgf.janz.pt\/wp-content\/uploads\/2025\/08\/ADD_ON_EXTERNO_05-8-622-9012-0.png\",\"contentUrl\":\"https:\/\/cgf.janz.pt\/wp-content\/uploads\/2025\/08\/ADD_ON_EXTERNO_05-8-622-9012-0.png\",\"width\":1920,\"height\":1080},{\"@type\":\"BreadcrumbList\",\"@id\":\"https:\/\/cgf.janz.pt\/es\/producto\/radio-add-on-externo\/#breadcrumb\",\"itemListElement\":[{\"@type\":\"ListItem\",\"position\":1,\"name\":\"In\u00edcio\",\"item\":\"https:\/\/cgf.janz.pt\/es\/\"},{\"@type\":\"ListItem\",\"position\":2,\"name\":\"Products\",\"item\":\"https:\/\/cgf.janz.pt\/en\/contadores-de-agua\/\"},{\"@type\":\"ListItem\",\"position\":3,\"name\":\"Telelectura Add-on Externo\"}]},{\"@type\":\"WebSite\",\"@id\":\"https:\/\/cgf.janz.pt\/#website\",\"url\":\"https:\/\/cgf.janz.pt\/\",\"name\":\"Janz - Contagem e Gest\u00e3o de Flu\u00eddos S.A.\",\"description\":\"Fabrica, comercializa e distribu\u00ed contadores de \u00e0gua, pe\u00e7as de precis\u00e3o e injec\u00e7\u00e3o de pl\u00e1sticos\",\"potentialAction\":[{\"@type\":\"SearchAction\",\"target\":{\"@type\":\"EntryPoint\",\"urlTemplate\":\"https:\/\/cgf.janz.pt\/?s={search_term_string}\"},\"query-input\":{\"@type\":\"PropertyValueSpecification\",\"valueRequired\":true,\"valueName\":\"search_term_string\"}}],\"inLanguage\":\"es\"}]}<\/script>\n<!-- \/ Yoast SEO plugin. -->","yoast_head_json":{"title":"Telelectura: Radio Add-on Externo","description":"Radios externas Add-on basan su tecnolog\u00eda en redes LPWA, lo que ofrece facilidad de implementaci\u00f3n, escalabilidad y fiabilidad. M\u00e1s informaci\u00f3n...","robots":{"index":"index","follow":"follow","max-snippet":"max-snippet:-1","max-image-preview":"max-image-preview:large","max-video-preview":"max-video-preview:-1"},"canonical":"https:\/\/cgf.janz.pt\/es\/producto\/radio-add-on-externo\/","og_locale":"es_ES","og_type":"article","og_title":"Telelectura: Radio Add-on Externo","og_description":"Radios externas Add-on basan su tecnolog\u00eda en redes LPWA, lo que ofrece facilidad de implementaci\u00f3n, escalabilidad y fiabilidad. M\u00e1s informaci\u00f3n...","og_url":"https:\/\/cgf.janz.pt\/es\/producto\/radio-add-on-externo\/","og_site_name":"Janz - Contagem e Gest\u00e3o de Flu\u00eddos S.A.","article_modified_time":"2025-09-19T14:01:03+00:00","og_image":[{"width":1920,"height":1080,"url":"https:\/\/cgf.janz.pt\/wp-content\/uploads\/2025\/08\/ADD_ON_EXTERNO_05-8-622-9012-0.png","type":"image\/png"}],"twitter_card":"summary_large_image","twitter_misc":{"Tiempo de lectura":"1 minuto"},"schema":{"@context":"https:\/\/schema.org","@graph":[{"@type":"WebPage","@id":"https:\/\/cgf.janz.pt\/es\/producto\/radio-add-on-externo\/","url":"https:\/\/cgf.janz.pt\/es\/producto\/radio-add-on-externo\/","name":"Telelectura: Radio Add-on Externo","isPartOf":{"@id":"https:\/\/cgf.janz.pt\/#website"},"primaryImageOfPage":{"@id":"https:\/\/cgf.janz.pt\/es\/producto\/radio-add-on-externo\/#primaryimage"},"image":{"@id":"https:\/\/cgf.janz.pt\/es\/producto\/radio-add-on-externo\/#primaryimage"},"thumbnailUrl":"https:\/\/cgf.janz.pt\/wp-content\/uploads\/2025\/08\/ADD_ON_EXTERNO_05-8-622-9012-0.png","datePublished":"2025-08-25T15:02:33+00:00","dateModified":"2025-09-19T14:01:03+00:00","description":"Radios externas Add-on basan su tecnolog\u00eda en redes LPWA, lo que ofrece facilidad de implementaci\u00f3n, escalabilidad y fiabilidad. M\u00e1s informaci\u00f3n...","breadcrumb":{"@id":"https:\/\/cgf.janz.pt\/es\/producto\/radio-add-on-externo\/#breadcrumb"},"inLanguage":"es","potentialAction":[{"@type":"ReadAction","target":["https:\/\/cgf.janz.pt\/es\/producto\/radio-add-on-externo\/"]}]},{"@type":"ImageObject","inLanguage":"es","@id":"https:\/\/cgf.janz.pt\/es\/producto\/radio-add-on-externo\/#primaryimage","url":"https:\/\/cgf.janz.pt\/wp-content\/uploads\/2025\/08\/ADD_ON_EXTERNO_05-8-622-9012-0.png","contentUrl":"https:\/\/cgf.janz.pt\/wp-content\/uploads\/2025\/08\/ADD_ON_EXTERNO_05-8-622-9012-0.png","width":1920,"height":1080},{"@type":"BreadcrumbList","@id":"https:\/\/cgf.janz.pt\/es\/producto\/radio-add-on-externo\/#breadcrumb","itemListElement":[{"@type":"ListItem","position":1,"name":"In\u00edcio","item":"https:\/\/cgf.janz.pt\/es\/"},{"@type":"ListItem","position":2,"name":"Products","item":"https:\/\/cgf.janz.pt\/en\/contadores-de-agua\/"},{"@type":"ListItem","position":3,"name":"Telelectura Add-on Externo"}]},{"@type":"WebSite","@id":"https:\/\/cgf.janz.pt\/#website","url":"https:\/\/cgf.janz.pt\/","name":"Janz - Contagem e Gest\u00e3o de Flu\u00eddos S.A.","description":"Fabrica, comercializa e distribu\u00ed contadores de \u00e0gua, pe\u00e7as de precis\u00e3o e injec\u00e7\u00e3o de pl\u00e1sticos","potentialAction":[{"@type":"SearchAction","target":{"@type":"EntryPoint","urlTemplate":"https:\/\/cgf.janz.pt\/?s={search_term_string}"},"query-input":{"@type":"PropertyValueSpecification","valueRequired":true,"valueName":"search_term_string"}}],"inLanguage":"es"}]}},"_links":{"self":[{"href":"https:\/\/cgf.janz.pt\/es\/wp-json\/wp\/v2\/product\/11251","targetHints":{"allow":["GET"]}}],"collection":[{"href":"https:\/\/cgf.janz.pt\/es\/wp-json\/wp\/v2\/product"}],"about":[{"href":"https:\/\/cgf.janz.pt\/es\/wp-json\/wp\/v2\/types\/product"}],"wp:featuredmedia":[{"embeddable":true,"href":"https:\/\/cgf.janz.pt\/es\/wp-json\/wp\/v2\/media\/11290"}],"wp:attachment":[{"href":"https:\/\/cgf.janz.pt\/es\/wp-json\/wp\/v2\/media?parent=11251"}],"wp:term":[{"taxonomy":"product_brand","embeddable":true,"href":"https:\/\/cgf.janz.pt\/es\/wp-json\/wp\/v2\/product_brand?post=11251"},{"taxonomy":"product_cat","embeddable":true,"href":"https:\/\/cgf.janz.pt\/es\/wp-json\/wp\/v2\/product_cat?post=11251"},{"taxonomy":"product_tag","embeddable":true,"href":"https:\/\/cgf.janz.pt\/es\/wp-json\/wp\/v2\/product_tag?post=11251"}],"curies":[{"name":"wp","href":"https:\/\/api.w.org\/{rel}","templated":true}]}}