{"id":7740,"date":"2022-06-01T17:05:28","date_gmt":"2022-06-01T16:05:28","guid":{"rendered":"https:\/\/cgf.janz.pt\/janz-webletters\/"},"modified":"2022-06-27T19:47:15","modified_gmt":"2022-06-27T18:47:15","slug":"janz-webletters","status":"publish","type":"page","link":"https:\/\/cgf.janz.pt\/es\/janz-webletters\/","title":{"rendered":"Webletters"},"content":{"rendered":"<div class=\"wpb-content-wrapper\"><p>[vc_row full_width=\u00bbstretch_row\u00bb content_placement=\u00bbmiddle\u00bb css=\u00bb.vc_custom_1548240396460{padding-bottom: 50px !important;background-color: #f5f5f5 !important;}\u00bb el_class=\u00bbnewsletter\u00bb][vc_column][vc_row_inner][vc_column_inner][vc_column_text]<\/p>\n<div class=\"text-center subscriveTitle\">SUBSCREVA A NOSSA NEWSLETTER<\/div>\n<div class=\"subscriveContent text-center\">\n<p>Receba novidades sobre a nossa empresa, <strong>not\u00edcias<\/strong>, <strong>artigos<\/strong>, <strong>v\u00eddeos<\/strong> e muito mais. Garantimos a confidencialidade no tratamento dos seus dados. A informa\u00e7\u00e3o por si disponibilizada n\u00e3o ser\u00e1 partilhada com terceiros e ser\u00e1 utilizada apenas para os fins aqui descritos.<\/p>\n<\/div>\n<p>[\/vc_column_text]\n<div class=\"wpcf7 no-js\" id=\"wpcf7-f337-o1\" lang=\"pt-PT\" dir=\"ltr\" data-wpcf7-id=\"337\">\n<div class=\"screen-reader-response\"><p role=\"status\" aria-live=\"polite\" aria-atomic=\"true\"><\/p> <ul><\/ul><\/div>\n<form action=\"\/es\/wp-json\/wp\/v2\/pages\/7740#wpcf7-f337-o1\" method=\"post\" class=\"wpcf7-form init\" aria-label=\"Formul\u00e1rio de contacto\" novalidate=\"novalidate\" data-status=\"init\">\n<fieldset class=\"hidden-fields-container\"><input type=\"hidden\" name=\"_wpcf7\" value=\"337\" \/><input type=\"hidden\" name=\"_wpcf7_version\" value=\"6.1.4\" \/><input type=\"hidden\" name=\"_wpcf7_locale\" value=\"pt_PT\" \/><input type=\"hidden\" name=\"_wpcf7_unit_tag\" value=\"wpcf7-f337-o1\" \/><input type=\"hidden\" name=\"_wpcf7_container_post\" value=\"0\" \/><input type=\"hidden\" name=\"_wpcf7_posted_data_hash\" value=\"\" \/><input type=\"hidden\" name=\"_wpcf7_recaptcha_response\" value=\"\" \/>\n<\/fieldset>\n<div class=\"form-wrapper\">\n<div class=\"name\">\n<span class=\"wpcf7-form-control-wrap\" data-name=\"first_name\"><input size=\"40\" maxlength=\"400\" class=\"wpcf7-form-control wpcf7-text wpcf7-validates-as-required\" aria-required=\"true\" aria-invalid=\"false\" placeholder=\"Primeiro Nome\" value=\"\" type=\"text\" name=\"first_name\" \/><\/span>\n<\/div>\n<div class=\"phone\">\n<span class=\"wpcf7-form-control-wrap\" data-name=\"last_name\"><input size=\"40\" maxlength=\"400\" class=\"wpcf7-form-control wpcf7-text wpcf7-validates-as-required\" aria-required=\"true\" aria-invalid=\"false\" placeholder=\"\u00daltimo Nome\" value=\"\" type=\"text\" name=\"last_name\" \/><\/span>\n<\/div>\n<div class=\"company\">\n<span class=\"wpcf7-form-control-wrap\" data-name=\"extra_1\"><input size=\"40\" maxlength=\"400\" class=\"wpcf7-form-control wpcf7-text\" aria-invalid=\"false\" placeholder=\"Empresa\" value=\"\" type=\"text\" name=\"extra_1\" \/><\/span>\n<\/div>\n\n<div class=\"email\">\n<span class=\"wpcf7-form-control-wrap\" data-name=\"your-email\"><input size=\"40\" maxlength=\"400\" class=\"wpcf7-form-control wpcf7-email wpcf7-validates-as-required wpcf7-text wpcf7-validates-as-email\" aria-required=\"true\" aria-invalid=\"false\" placeholder=\"Email\" value=\"\" type=\"email\" name=\"your-email\" \/><\/span>\n<\/div>\n\n<div style=\"display:none;\">\n<span class=\"wpcf7-form-control-wrap\" data-name=\"status-egoi\"><input size=\"40\" maxlength=\"400\" class=\"wpcf7-form-control wpcf7-text\" aria-invalid=\"false\" value=\"0\" type=\"text\" name=\"status-egoi\" \/><\/span>\n<\/div>\n\n<div class=\"submit\">\n<input class=\"wpcf7-form-control wpcf7-submit has-spinner\" type=\"submit\" value=\"Enviar\" \/>\n<\/div>\n<\/div>\n<div class=\"check full\">\n<span class=\"wpcf7-form-control-wrap\" data-name=\"your-consent\"><span class=\"wpcf7-form-control wpcf7-acceptance\"><span class=\"wpcf7-list-item\"><label><input type=\"checkbox\" name=\"your-consent\" value=\"1\" aria-invalid=\"false\" \/><span class=\"wpcf7-list-item-label\">De acordo com o RGPD, confirmo que autorizo o tratamento dos meus dados pessoais e o seu tratamento para fins exclusivamente profissionais, que os dados que forneci s\u00e3o verdadeiros e que posso ser eventualmente contactado aceitando os <a href=\"https:\/\/cgf.janz.pt\/termos-de-utilizacao\/\">termos e condi\u00e7\u00f5es<\/a>.<\/span><\/label><\/span><\/span><\/span>\n<\/div><div class=\"wpcf7-response-output\" aria-hidden=\"true\"><\/div>\n<\/form>\n<\/div>\n[\/vc_column_inner][\/vc_row_inner][\/vc_column][\/vc_row][vc_row][vc_column]    <div class=\"row\">\n            <\/div>\n[\/vc_column][\/vc_row]<\/p>\n<\/div>","protected":false},"excerpt":{"rendered":"<p>[vc_row full_width=\u00bbstretch_row\u00bb content_placement=\u00bbmiddle\u00bb css=\u00bb.vc_custom_1548240396460{padding-bottom: 50px !important;background-color: #f5f5f5 !important;}\u00bb el_class=\u00bbnewsletter\u00bb][vc_column][vc_row_inner][vc_column_inner][vc_column_text] SUBSCREVA A NOSSA NEWSLETTER Receba novidades sobre a nossa empresa, not\u00edcias, [&hellip;]<\/p>\n","protected":false},"author":1,"featured_media":0,"parent":0,"menu_order":0,"comment_status":"closed","ping_status":"closed","template":"","meta":{"_acf_changed":false,"_monsterinsights_skip_tracking":false,"_monsterinsights_sitenote_active":false,"_monsterinsights_sitenote_note":"","_monsterinsights_sitenote_category":0,"footnotes":""},"class_list":["post-7740","page","type-page","status-publish","hentry"],"acf":[],"yoast_head":"<!-- This site is optimized with the Yoast SEO plugin v26.9 - https:\/\/yoast.com\/product\/yoast-seo-wordpress\/ -->\n<title>Webletters - Janz - Contagem e Gest\u00e3o de Flu\u00eddos S.A.<\/title>\n<meta name=\"robots\" content=\"index, follow, max-snippet:-1, max-image-preview:large, max-video-preview:-1\" \/>\n<link rel=\"canonical\" href=\"https:\/\/cgf.janz.pt\/es\/janz-webletters\/\" \/>\n<meta property=\"og:locale\" content=\"es_ES\" \/>\n<meta property=\"og:type\" content=\"article\" \/>\n<meta property=\"og:title\" content=\"Webletters - Janz - Contagem e Gest\u00e3o de Flu\u00eddos S.A.\" \/>\n<meta property=\"og:description\" content=\"[vc_row full_width=\u00bbstretch_row\u00bb content_placement=\u00bbmiddle\u00bb css=\u00bb.vc_custom_1548240396460{padding-bottom: 50px !important;background-color: #f5f5f5 !important;}\u00bb el_class=\u00bbnewsletter\u00bb][vc_column][vc_row_inner][vc_column_inner][vc_column_text] SUBSCREVA A NOSSA NEWSLETTER Receba novidades sobre a nossa empresa, not\u00edcias, [&hellip;]\" \/>\n<meta property=\"og:url\" content=\"https:\/\/cgf.janz.pt\/es\/janz-webletters\/\" \/>\n<meta property=\"og:site_name\" content=\"Janz - Contagem e Gest\u00e3o de Flu\u00eddos S.A.\" \/>\n<meta property=\"article:modified_time\" content=\"2022-06-27T18:47:15+00:00\" \/>\n<meta name=\"twitter:card\" content=\"summary_large_image\" \/>\n<meta name=\"twitter:label1\" content=\"Tiempo de lectura\" \/>\n\t<meta name=\"twitter:data1\" content=\"1 minuto\" \/>\n<script type=\"application\/ld+json\" class=\"yoast-schema-graph\">{\"@context\":\"https:\/\/schema.org\",\"@graph\":[{\"@type\":\"WebPage\",\"@id\":\"https:\/\/cgf.janz.pt\/es\/janz-webletters\/\",\"url\":\"https:\/\/cgf.janz.pt\/es\/janz-webletters\/\",\"name\":\"Webletters - Janz - Contagem e Gest\u00e3o de Flu\u00eddos S.A.\",\"isPartOf\":{\"@id\":\"https:\/\/cgf.janz.pt\/#website\"},\"datePublished\":\"2022-06-01T16:05:28+00:00\",\"dateModified\":\"2022-06-27T18:47:15+00:00\",\"breadcrumb\":{\"@id\":\"https:\/\/cgf.janz.pt\/es\/janz-webletters\/#breadcrumb\"},\"inLanguage\":\"es\",\"potentialAction\":[{\"@type\":\"ReadAction\",\"target\":[\"https:\/\/cgf.janz.pt\/es\/janz-webletters\/\"]}]},{\"@type\":\"BreadcrumbList\",\"@id\":\"https:\/\/cgf.janz.pt\/es\/janz-webletters\/#breadcrumb\",\"itemListElement\":[{\"@type\":\"ListItem\",\"position\":1,\"name\":\"In\u00edcio\",\"item\":\"https:\/\/cgf.janz.pt\/es\/\"},{\"@type\":\"ListItem\",\"position\":2,\"name\":\"Webletters\"}]},{\"@type\":\"WebSite\",\"@id\":\"https:\/\/cgf.janz.pt\/#website\",\"url\":\"https:\/\/cgf.janz.pt\/\",\"name\":\"Janz - Contagem e Gest\u00e3o de Flu\u00eddos S.A.\",\"description\":\"Fabrica, comercializa e distribu\u00ed contadores de \u00e0gua, pe\u00e7as de precis\u00e3o e injec\u00e7\u00e3o de pl\u00e1sticos\",\"potentialAction\":[{\"@type\":\"SearchAction\",\"target\":{\"@type\":\"EntryPoint\",\"urlTemplate\":\"https:\/\/cgf.janz.pt\/?s={search_term_string}\"},\"query-input\":{\"@type\":\"PropertyValueSpecification\",\"valueRequired\":true,\"valueName\":\"search_term_string\"}}],\"inLanguage\":\"es\"}]}<\/script>\n<!-- \/ Yoast SEO plugin. -->","yoast_head_json":{"title":"Webletters - Janz - Contagem e Gest\u00e3o de Flu\u00eddos S.A.","robots":{"index":"index","follow":"follow","max-snippet":"max-snippet:-1","max-image-preview":"max-image-preview:large","max-video-preview":"max-video-preview:-1"},"canonical":"https:\/\/cgf.janz.pt\/es\/janz-webletters\/","og_locale":"es_ES","og_type":"article","og_title":"Webletters - Janz - Contagem e Gest\u00e3o de Flu\u00eddos S.A.","og_description":"[vc_row full_width=\u00bbstretch_row\u00bb content_placement=\u00bbmiddle\u00bb css=\u00bb.vc_custom_1548240396460{padding-bottom: 50px !important;background-color: #f5f5f5 !important;}\u00bb el_class=\u00bbnewsletter\u00bb][vc_column][vc_row_inner][vc_column_inner][vc_column_text] SUBSCREVA A NOSSA NEWSLETTER Receba novidades sobre a nossa empresa, not\u00edcias, [&hellip;]","og_url":"https:\/\/cgf.janz.pt\/es\/janz-webletters\/","og_site_name":"Janz - Contagem e Gest\u00e3o de Flu\u00eddos S.A.","article_modified_time":"2022-06-27T18:47:15+00:00","twitter_card":"summary_large_image","twitter_misc":{"Tiempo de lectura":"1 minuto"},"schema":{"@context":"https:\/\/schema.org","@graph":[{"@type":"WebPage","@id":"https:\/\/cgf.janz.pt\/es\/janz-webletters\/","url":"https:\/\/cgf.janz.pt\/es\/janz-webletters\/","name":"Webletters - Janz - Contagem e Gest\u00e3o de Flu\u00eddos S.A.","isPartOf":{"@id":"https:\/\/cgf.janz.pt\/#website"},"datePublished":"2022-06-01T16:05:28+00:00","dateModified":"2022-06-27T18:47:15+00:00","breadcrumb":{"@id":"https:\/\/cgf.janz.pt\/es\/janz-webletters\/#breadcrumb"},"inLanguage":"es","potentialAction":[{"@type":"ReadAction","target":["https:\/\/cgf.janz.pt\/es\/janz-webletters\/"]}]},{"@type":"BreadcrumbList","@id":"https:\/\/cgf.janz.pt\/es\/janz-webletters\/#breadcrumb","itemListElement":[{"@type":"ListItem","position":1,"name":"In\u00edcio","item":"https:\/\/cgf.janz.pt\/es\/"},{"@type":"ListItem","position":2,"name":"Webletters"}]},{"@type":"WebSite","@id":"https:\/\/cgf.janz.pt\/#website","url":"https:\/\/cgf.janz.pt\/","name":"Janz - Contagem e Gest\u00e3o de Flu\u00eddos S.A.","description":"Fabrica, comercializa e distribu\u00ed contadores de \u00e0gua, pe\u00e7as de precis\u00e3o e injec\u00e7\u00e3o de pl\u00e1sticos","potentialAction":[{"@type":"SearchAction","target":{"@type":"EntryPoint","urlTemplate":"https:\/\/cgf.janz.pt\/?s={search_term_string}"},"query-input":{"@type":"PropertyValueSpecification","valueRequired":true,"valueName":"search_term_string"}}],"inLanguage":"es"}]}},"_links":{"self":[{"href":"https:\/\/cgf.janz.pt\/es\/wp-json\/wp\/v2\/pages\/7740","targetHints":{"allow":["GET"]}}],"collection":[{"href":"https:\/\/cgf.janz.pt\/es\/wp-json\/wp\/v2\/pages"}],"about":[{"href":"https:\/\/cgf.janz.pt\/es\/wp-json\/wp\/v2\/types\/page"}],"author":[{"embeddable":true,"href":"https:\/\/cgf.janz.pt\/es\/wp-json\/wp\/v2\/users\/1"}],"replies":[{"embeddable":true,"href":"https:\/\/cgf.janz.pt\/es\/wp-json\/wp\/v2\/comments?post=7740"}],"version-history":[{"count":1,"href":"https:\/\/cgf.janz.pt\/es\/wp-json\/wp\/v2\/pages\/7740\/revisions"}],"predecessor-version":[{"id":7743,"href":"https:\/\/cgf.janz.pt\/es\/wp-json\/wp\/v2\/pages\/7740\/revisions\/7743"}],"wp:attachment":[{"href":"https:\/\/cgf.janz.pt\/es\/wp-json\/wp\/v2\/media?parent=7740"}],"curies":[{"name":"wp","href":"https:\/\/api.w.org\/{rel}","templated":true}]}}