{"id":4894,"date":"2018-04-06T14:05:27","date_gmt":"2018-04-06T14:05:27","guid":{"rendered":"https:\/\/cgf.janz.pt\/prensa\/revista-preto-no-branco\/"},"modified":"2021-06-14T12:16:32","modified_gmt":"2021-06-14T11:16:32","slug":"revista-preto-no-branco","status":"publish","type":"page","link":"https:\/\/cgf.janz.pt\/es\/multimedia\/revista-preto-no-branco\/","title":{"rendered":"Revista Preto no Branco"},"content":{"rendered":"<div class=\"wpb-content-wrapper\"><p>[vc_row css=\u00bb.vc_custom_1524760841811{margin-bottom: 80px !important;}\u00bb][vc_column]    <div class='ds-text-image'>\n        <div class=\"ds-text flex-end\">\n            La revista Preto no Branco, fue lanzada en 1997, despertando el inter\u00e9s en la importancia de la comunicaci\u00f3n interna en la empresa, realizada con la participaci\u00f3n de empleados y empleados.<br \/>\nLa comunicaci\u00f3n interna gan\u00f3 un espacio importante dentro de las instituciones, que lleg\u00f3 a reconocer el poder de esta herramienta para integrar gerentes y empleados.<br \/>\nLa creaci\u00f3n de un medio de comunicaci\u00f3n interno demuestra el inter\u00e9s de proporcionar la interacci\u00f3n de los empleados con lo que sucede en la empresa.        <\/div>\n        <div class=\"ds-image\" style=\"background-image:url('https:\/\/cgf.janz.pt\/wp-content\/uploads\/2018\/04\/revista-preto-no-branco-janz.png');'\">\n            <img decoding=\"async\" src=\"https:\/\/cgf.janz.pt\/wp-content\/uploads\/2018\/04\/revista-preto-no-branco-janz.png\" alt=\"\">\n        <\/div>\n    <\/div>\n    [\/vc_column][\/vc_row][vc_row full_width=\u00bbstretch_row_content_no_spaces\u00bb el_class=\u00bboverflow-visible\u00bb][vc_column]    <div class=\"download-magazine\">\n        <div class=\"container\">\n            <div class=\"magazine row\">\n                <div class=\"cta col-12 col-md-6\">\n                    <div class=\"title\">\n                        Descarga nuestra revista aqu\u00ed                    <\/div>\n                    <div class=\"text\">\n                                            <\/div>\n                <\/div>\n                <div class=\"file-download col-12 col-md-3 py-3\">\n                    <div class=\"dwnld\">\n                        Download\n                        <i class=\"far fa-file-pdf\"><\/i>\n                        <div class=\"outerWrapper\">\n                            <div class=\"magazine-dropdown\">\n                                                                    <a class=\"dwnld-item text-truncate\" href=\"https:\/\/cgf.janz.pt\/wp-content\/uploads\/2019\/10\/PB136.pdf\" download=\"\">\n                                        Edi\u00e7\u00e3o N\u00ba136                                    <\/a>\n                                                                        <a class=\"dwnld-item text-truncate\" href=\"https:\/\/cgf.janz.pt\/wp-content\/uploads\/2019\/10\/PB134.pdf\" download=\"\">\n                                        Edi\u00e7\u00e3o N\u00ba134                                    <\/a>\n                                                                        <a class=\"dwnld-item text-truncate\" href=\"https:\/\/cgf.janz.pt\/wp-content\/uploads\/2019\/10\/PB133.pdf\" download=\"\">\n                                        Edi\u00e7\u00e3o N\u00ba133                                    <\/a>\n                                                                        <a class=\"dwnld-item text-truncate\" href=\"https:\/\/cgf.janz.pt\/wp-content\/uploads\/2019\/10\/PB131.pdf\" download=\"\">\n                                        Edi\u00e7\u00e3o N\u00ba131                                    <\/a>\n                                                                        <a class=\"dwnld-item text-truncate\" href=\"https:\/\/cgf.janz.pt\/wp-content\/uploads\/2019\/10\/PB130.pdf\" download=\"\">\n                                        Edi\u00e7\u00e3o N\u00ba130                                    <\/a>\n                                                                        <a class=\"dwnld-item text-truncate\" href=\"https:\/\/cgf.janz.pt\/wp-content\/uploads\/2019\/10\/PB129.pdf\" download=\"\">\n                                        Edi\u00e7\u00e3o N\u00ba129                                    <\/a>\n                                                                        <a class=\"dwnld-item text-truncate\" href=\"https:\/\/cgf.janz.pt\/wp-content\/uploads\/2019\/10\/PB128.pdf\" download=\"\">\n                                        Edi\u00e7\u00e3o N\u00ba128                                    <\/a>\n                                                                        <a class=\"dwnld-item text-truncate\" href=\"https:\/\/cgf.janz.pt\/wp-content\/uploads\/2019\/10\/PB127.pdf\" download=\"\">\n                                        Edi\u00e7\u00e3o N\u00ba127                                    <\/a>\n                                                                        <a class=\"dwnld-item text-truncate\" href=\"https:\/\/cgf.janz.pt\/wp-content\/uploads\/2019\/10\/PB126.pdf\" download=\"\">\n                                        Edi\u00e7\u00e3o N\u00ba126                                    <\/a>\n                                                                        <a class=\"dwnld-item text-truncate\" href=\"https:\/\/cgf.janz.pt\/wp-content\/uploads\/2019\/10\/PB125.pdf\" download=\"\">\n                                        Edi\u00e7\u00e3o N\u00ba125                                    <\/a>\n                                                                        <a class=\"dwnld-item text-truncate\" href=\"https:\/\/cgf.janz.pt\/wp-content\/uploads\/2019\/10\/PB124.pdf\" download=\"\">\n                                        Edi\u00e7\u00e3o N\u00ba124                                    <\/a>\n                                                                        <a class=\"dwnld-item text-truncate\" href=\"https:\/\/cgf.janz.pt\/wp-content\/uploads\/2019\/10\/PB123.pdf\" download=\"\">\n                                        Edi\u00e7\u00e3o N\u00ba 123                                    <\/a>\n                                                                        <a class=\"dwnld-item text-truncate\" href=\"https:\/\/cgf.janz.pt\/wp-content\/uploads\/2019\/10\/PB122.pdf\" download=\"\">\n                                        Edi\u00e7\u00e3o N\u00ba122                                    <\/a>\n                                                                        <a class=\"dwnld-item text-truncate\" href=\"https:\/\/cgf.janz.pt\/wp-content\/uploads\/2019\/10\/PB121.pdf\" download=\"\">\n                                        Edi\u00e7\u00e3o N\u00ba121                                    <\/a>\n                                                                        <a class=\"dwnld-item text-truncate\" href=\"https:\/\/cgf.janz.pt\/wp-content\/uploads\/2019\/10\/PB120.pdf\" download=\"\">\n                                        Edi\u00e7\u00e3o N\u00ba 120                                    <\/a>\n                                                                        <a class=\"dwnld-item text-truncate\" href=\"https:\/\/cgf.janz.pt\/wp-content\/uploads\/2019\/10\/PB119.pdf\" download=\"\">\n                                        Edi\u00e7\u00e3o N\u00ba119                                    <\/a>\n                                                                        <a class=\"dwnld-item text-truncate\" href=\"https:\/\/cgf.janz.pt\/wp-content\/uploads\/2019\/10\/PB118.pdf\" download=\"\">\n                                        Edi\u00e7\u00e3o N\u00ba118                                    <\/a>\n                                                                        <a class=\"dwnld-item text-truncate\" href=\"https:\/\/cgf.janz.pt\/wp-content\/uploads\/2019\/10\/PB117.pdf\" download=\"\">\n                                        Edi\u00e7\u00e3o N\u00ba117                                    <\/a>\n                                                                        <a class=\"dwnld-item text-truncate\" href=\"https:\/\/cgf.janz.pt\/wp-content\/uploads\/2019\/10\/PB116.pdf\" download=\"\">\n                                        Edi\u00e7\u00e3o N\u00ba116                                    <\/a>\n                                                                        <a class=\"dwnld-item text-truncate\" href=\"https:\/\/cgf.janz.pt\/wp-content\/uploads\/2019\/10\/PB115.pdf\" download=\"\">\n                                        Edi\u00e7\u00e3o N\u00ba115                                    <\/a>\n                                                                        <a class=\"dwnld-item text-truncate\" href=\"https:\/\/cgf.janz.pt\/wp-content\/uploads\/2019\/10\/PB114.pdf\" download=\"\">\n                                        Edi\u00e7\u00e3o N\u00ba114                                    <\/a>\n                                                                        <a class=\"dwnld-item text-truncate\" href=\"https:\/\/cgf.janz.pt\/wp-content\/uploads\/2019\/10\/PB113.pdf\" download=\"\">\n                                        Edi\u00e7\u00e3o N\u00ba113                                    <\/a>\n                                                                        <a class=\"dwnld-item text-truncate\" href=\"https:\/\/cgf.janz.pt\/wp-content\/uploads\/2019\/10\/PB112.pdf\" download=\"\">\n                                        Edi\u00e7\u00e3o N\u00ba112                                    <\/a>\n                                                                        <a class=\"dwnld-item text-truncate\" href=\"https:\/\/cgf.janz.pt\/wp-content\/uploads\/2019\/10\/PB111.pdf\" download=\"\">\n                                        Edi\u00e7\u00e3o N\u00ba111                                    <\/a>\n                                                                        <a class=\"dwnld-item text-truncate\" href=\"https:\/\/cgf.janz.pt\/wp-content\/uploads\/2019\/10\/PB110.pdf\" download=\"\">\n                                        Edi\u00e7\u00e3o N\u00ba 110                                    <\/a>\n                                                                        <a class=\"dwnld-item text-truncate\" href=\"https:\/\/cgf.janz.pt\/wp-content\/uploads\/2019\/10\/PB109.pdf\" download=\"\">\n                                        Edi\u00e7\u00e3o N\u00ba 109                                    <\/a>\n                                                                        <a class=\"dwnld-item text-truncate\" href=\"https:\/\/cgf.janz.pt\/wp-content\/uploads\/2019\/10\/PB108.pdf\" download=\"\">\n                                        Edi\u00e7\u00e3o N\u00ba 108                                    <\/a>\n                                                                <\/div>\n                        <\/div>\n                    <\/div>\n                <\/div>\n            <\/div>\n        <\/div>\n    <\/div>\n    [\/vc_column][\/vc_row]<\/p>\n<\/div>","protected":false},"excerpt":{"rendered":"<p>[vc_row css=\u00bb.vc_custom_1524760841811{margin-bottom: 80px !important;}\u00bb][vc_column][\/vc_column][\/vc_row][vc_row full_width=\u00bbstretch_row_content_no_spaces\u00bb el_class=\u00bboverflow-visible\u00bb][vc_column][\/vc_column][\/vc_row]<\/p>\n","protected":false},"author":1,"featured_media":0,"parent":4828,"menu_order":0,"comment_status":"closed","ping_status":"closed","template":"","meta":{"_acf_changed":false,"_monsterinsights_skip_tracking":false,"_monsterinsights_sitenote_active":false,"_monsterinsights_sitenote_note":"","_monsterinsights_sitenote_category":0,"footnotes":""},"class_list":["post-4894","page","type-page","status-publish","hentry"],"acf":[],"yoast_head":"<!-- This site is optimized with the Yoast SEO plugin v26.9 - https:\/\/yoast.com\/product\/yoast-seo-wordpress\/ -->\n<title>Revista Preto no Branco - CGF JANZ - Contagem e Gest\u00e3o de Flu\u00eddos<\/title>\n<meta name=\"description\" content=\"Conozca la revista Preto no Branco y su importancia en la comunicaci\u00f3n interna de la empresa. Lea algunas de nuestras ediciones.\" \/>\n<meta name=\"robots\" content=\"index, follow, max-snippet:-1, max-image-preview:large, max-video-preview:-1\" \/>\n<link rel=\"canonical\" href=\"https:\/\/cgf.janz.pt\/es\/multimedia\/revista-preto-no-branco\/\" \/>\n<meta property=\"og:locale\" content=\"es_ES\" \/>\n<meta property=\"og:type\" content=\"article\" \/>\n<meta property=\"og:title\" content=\"Revista Preto no Branco - CGF JANZ - Contagem e Gest\u00e3o de Flu\u00eddos\" \/>\n<meta property=\"og:description\" content=\"A revista \u201cPreto no Branco\u201d, \u00e9 meio de comunica\u00e7\u00e3o interno da CGF JANZ, com informa\u00e7\u00f5es contadores de \u00e1gua e gest\u00e3o de flu\u00eddos\" \/>\n<meta property=\"og:url\" content=\"https:\/\/cgf.janz.pt\/es\/multimedia\/revista-preto-no-branco\/\" \/>\n<meta property=\"og:site_name\" content=\"Janz - Contagem e Gest\u00e3o de Flu\u00eddos S.A.\" \/>\n<meta property=\"article:modified_time\" content=\"2021-06-14T11:16:32+00:00\" \/>\n<meta property=\"og:image\" content=\"https:\/\/cgf.janz.pt\/wp-content\/uploads\/2018\/10\/cgf.janz_.pt-redes-sociais.png\" \/>\n\t<meta property=\"og:image:width\" content=\"1200\" \/>\n\t<meta property=\"og:image:height\" content=\"628\" \/>\n\t<meta property=\"og:image:type\" content=\"image\/png\" \/>\n<meta name=\"twitter:card\" content=\"summary_large_image\" \/>\n<meta name=\"twitter:label1\" content=\"Tiempo de lectura\" \/>\n\t<meta name=\"twitter:data1\" content=\"1 minuto\" \/>\n<script type=\"application\/ld+json\" class=\"yoast-schema-graph\">{\"@context\":\"https:\/\/schema.org\",\"@graph\":[{\"@type\":\"WebPage\",\"@id\":\"https:\/\/cgf.janz.pt\/es\/multimedia\/revista-preto-no-branco\/\",\"url\":\"https:\/\/cgf.janz.pt\/es\/multimedia\/revista-preto-no-branco\/\",\"name\":\"Revista Preto no Branco - CGF JANZ - Contagem e Gest\u00e3o de Flu\u00eddos\",\"isPartOf\":{\"@id\":\"https:\/\/cgf.janz.pt\/#website\"},\"datePublished\":\"2018-04-06T14:05:27+00:00\",\"dateModified\":\"2021-06-14T11:16:32+00:00\",\"description\":\"Conozca la revista Preto no Branco y su importancia en la comunicaci\u00f3n interna de la empresa. Lea algunas de nuestras ediciones.\",\"breadcrumb\":{\"@id\":\"https:\/\/cgf.janz.pt\/es\/multimedia\/revista-preto-no-branco\/#breadcrumb\"},\"inLanguage\":\"es\",\"potentialAction\":[{\"@type\":\"ReadAction\",\"target\":[\"https:\/\/cgf.janz.pt\/es\/multimedia\/revista-preto-no-branco\/\"]}]},{\"@type\":\"BreadcrumbList\",\"@id\":\"https:\/\/cgf.janz.pt\/es\/multimedia\/revista-preto-no-branco\/#breadcrumb\",\"itemListElement\":[{\"@type\":\"ListItem\",\"position\":1,\"name\":\"In\u00edcio\",\"item\":\"https:\/\/cgf.janz.pt\/es\/\"},{\"@type\":\"ListItem\",\"position\":2,\"name\":\"Prensa\",\"item\":\"https:\/\/cgf.janz.pt\/es\/multimedia\/\"},{\"@type\":\"ListItem\",\"position\":3,\"name\":\"Revista Preto no Branco\"}]},{\"@type\":\"WebSite\",\"@id\":\"https:\/\/cgf.janz.pt\/#website\",\"url\":\"https:\/\/cgf.janz.pt\/\",\"name\":\"Janz - Contagem e Gest\u00e3o de Flu\u00eddos S.A.\",\"description\":\"Fabrica, comercializa e distribu\u00ed contadores de \u00e0gua, pe\u00e7as de precis\u00e3o e injec\u00e7\u00e3o de pl\u00e1sticos\",\"potentialAction\":[{\"@type\":\"SearchAction\",\"target\":{\"@type\":\"EntryPoint\",\"urlTemplate\":\"https:\/\/cgf.janz.pt\/?s={search_term_string}\"},\"query-input\":{\"@type\":\"PropertyValueSpecification\",\"valueRequired\":true,\"valueName\":\"search_term_string\"}}],\"inLanguage\":\"es\"}]}<\/script>\n<!-- \/ Yoast SEO plugin. -->","yoast_head_json":{"title":"Revista Preto no Branco - CGF JANZ - Contagem e Gest\u00e3o de Flu\u00eddos","description":"Conozca la revista Preto no Branco y su importancia en la comunicaci\u00f3n interna de la empresa. Lea algunas de nuestras ediciones.","robots":{"index":"index","follow":"follow","max-snippet":"max-snippet:-1","max-image-preview":"max-image-preview:large","max-video-preview":"max-video-preview:-1"},"canonical":"https:\/\/cgf.janz.pt\/es\/multimedia\/revista-preto-no-branco\/","og_locale":"es_ES","og_type":"article","og_title":"Revista Preto no Branco - CGF JANZ - Contagem e Gest\u00e3o de Flu\u00eddos","og_description":"A revista \u201cPreto no Branco\u201d, \u00e9 meio de comunica\u00e7\u00e3o interno da CGF JANZ, com informa\u00e7\u00f5es contadores de \u00e1gua e gest\u00e3o de flu\u00eddos","og_url":"https:\/\/cgf.janz.pt\/es\/multimedia\/revista-preto-no-branco\/","og_site_name":"Janz - Contagem e Gest\u00e3o de Flu\u00eddos S.A.","article_modified_time":"2021-06-14T11:16:32+00:00","og_image":[{"width":1200,"height":628,"url":"https:\/\/cgf.janz.pt\/wp-content\/uploads\/2018\/10\/cgf.janz_.pt-redes-sociais.png","type":"image\/png"}],"twitter_card":"summary_large_image","twitter_misc":{"Tiempo de lectura":"1 minuto"},"schema":{"@context":"https:\/\/schema.org","@graph":[{"@type":"WebPage","@id":"https:\/\/cgf.janz.pt\/es\/multimedia\/revista-preto-no-branco\/","url":"https:\/\/cgf.janz.pt\/es\/multimedia\/revista-preto-no-branco\/","name":"Revista Preto no Branco - CGF JANZ - Contagem e Gest\u00e3o de Flu\u00eddos","isPartOf":{"@id":"https:\/\/cgf.janz.pt\/#website"},"datePublished":"2018-04-06T14:05:27+00:00","dateModified":"2021-06-14T11:16:32+00:00","description":"Conozca la revista Preto no Branco y su importancia en la comunicaci\u00f3n interna de la empresa. Lea algunas de nuestras ediciones.","breadcrumb":{"@id":"https:\/\/cgf.janz.pt\/es\/multimedia\/revista-preto-no-branco\/#breadcrumb"},"inLanguage":"es","potentialAction":[{"@type":"ReadAction","target":["https:\/\/cgf.janz.pt\/es\/multimedia\/revista-preto-no-branco\/"]}]},{"@type":"BreadcrumbList","@id":"https:\/\/cgf.janz.pt\/es\/multimedia\/revista-preto-no-branco\/#breadcrumb","itemListElement":[{"@type":"ListItem","position":1,"name":"In\u00edcio","item":"https:\/\/cgf.janz.pt\/es\/"},{"@type":"ListItem","position":2,"name":"Prensa","item":"https:\/\/cgf.janz.pt\/es\/multimedia\/"},{"@type":"ListItem","position":3,"name":"Revista Preto no Branco"}]},{"@type":"WebSite","@id":"https:\/\/cgf.janz.pt\/#website","url":"https:\/\/cgf.janz.pt\/","name":"Janz - Contagem e Gest\u00e3o de Flu\u00eddos S.A.","description":"Fabrica, comercializa e distribu\u00ed contadores de \u00e0gua, pe\u00e7as de precis\u00e3o e injec\u00e7\u00e3o de pl\u00e1sticos","potentialAction":[{"@type":"SearchAction","target":{"@type":"EntryPoint","urlTemplate":"https:\/\/cgf.janz.pt\/?s={search_term_string}"},"query-input":{"@type":"PropertyValueSpecification","valueRequired":true,"valueName":"search_term_string"}}],"inLanguage":"es"}]}},"_links":{"self":[{"href":"https:\/\/cgf.janz.pt\/es\/wp-json\/wp\/v2\/pages\/4894","targetHints":{"allow":["GET"]}}],"collection":[{"href":"https:\/\/cgf.janz.pt\/es\/wp-json\/wp\/v2\/pages"}],"about":[{"href":"https:\/\/cgf.janz.pt\/es\/wp-json\/wp\/v2\/types\/page"}],"author":[{"embeddable":true,"href":"https:\/\/cgf.janz.pt\/es\/wp-json\/wp\/v2\/users\/1"}],"replies":[{"embeddable":true,"href":"https:\/\/cgf.janz.pt\/es\/wp-json\/wp\/v2\/comments?post=4894"}],"version-history":[{"count":3,"href":"https:\/\/cgf.janz.pt\/es\/wp-json\/wp\/v2\/pages\/4894\/revisions"}],"predecessor-version":[{"id":6301,"href":"https:\/\/cgf.janz.pt\/es\/wp-json\/wp\/v2\/pages\/4894\/revisions\/6301"}],"up":[{"embeddable":true,"href":"https:\/\/cgf.janz.pt\/es\/wp-json\/wp\/v2\/pages\/4828"}],"wp:attachment":[{"href":"https:\/\/cgf.janz.pt\/es\/wp-json\/wp\/v2\/media?parent=4894"}],"curies":[{"name":"wp","href":"https:\/\/api.w.org\/{rel}","templated":true}]}}