{"id":4831,"date":"2018-04-16T10:42:48","date_gmt":"2018-04-16T10:42:48","guid":{"rendered":"https:\/\/cgf.janz.pt\/pecas-de-precisao\/dispositivos-medicos\/"},"modified":"2022-06-23T16:31:22","modified_gmt":"2022-06-23T15:31:22","slug":"dispositivos-medicos","status":"publish","type":"page","link":"https:\/\/cgf.janz.pt\/es\/piezas-de-precision\/dispositivos-medicos\/","title":{"rendered":"Dispositivos M\u00e9dicos"},"content":{"rendered":"<div class=\"wpb-content-wrapper\"><p>[vc_row css=\u00bb.vc_custom_1524136040991{margin-bottom: 90px !important;}\u00bb][vc_column width=\u00bb1\/2&#8243;][vc_cta h2=\u00bbDISPOSITIVOS MEDICOS\u00bb h2_font_container=\u00bbcolor:%23003139&#8243; h2_use_theme_fonts=\u00bbyes\u00bb txt_align=\u00bbcenter\u00bb shape=\u00bbsquare\u00bb style=\u00bbcustom\u00bb use_custom_fonts_h2=\u00bbtrue\u00bb el_class=\u00bbspecial_h2 special_white\u00bb css=\u00bb.vc_custom_1562937074259{border-top-width: 0px !important;border-right-width: 0px !important;border-bottom-width: 0px !important;border-left-width: 0px !important;}\u00bb custom_background=\u00bb#ffffff\u00bb][\/vc_cta][vc_column_text]<span class=\"tlid-translation translation\" lang=\"es\"><span title=\"\">La fabricaci\u00f3n de componentes para dispositivos m\u00e9dicos es la \u00faltima gran apuesta de Janz en el mercado de piezas t\u00e9cnicas.<\/span> <span class=\"\" title=\"\">La inversi\u00f3n realizada en equipos espec\u00edficos para esta \u00e1rea, la formaci\u00f3n de un equipo especializado y la implementaci\u00f3n de procedimientos adecuados para la producci\u00f3n de piezas m\u00e9dicas nos garantizan las condiciones para merecer la confianza de un mercado exigente y en expansi\u00f3n.<\/span><\/span>[\/vc_column_text][\/vc_column][vc_column width=\u00bb1\/2&#8243;]    <div class=\"pecas-img\" style=\"background-image:url('https:\/\/cgf.janz.pt\/wp-content\/uploads\/2018\/05\/1-2.jpg');\">\r\n    <\/div>\r\n    [\/vc_column][\/vc_row][vc_row css=\u00bb.vc_custom_1524136159556{margin-bottom: 100px !important;}\u00bb][vc_column][vc_cta h2=\u00bbHabilidades y Tecnolog\u00edas\u00bb h2_font_container=\u00bbcolor:%23003139&#8243; h2_use_theme_fonts=\u00bbyes\u00bb txt_align=\u00bbcenter\u00bb shape=\u00bbsquare\u00bb style=\u00bbcustom\u00bb use_custom_fonts_h2=\u00bbtrue\u00bb el_class=\u00bbspecial_h2 special_white\u00bb css=\u00bb.vc_custom_1562937094130{border-top-width: 0px !important;border-right-width: 0px !important;border-bottom-width: 0px !important;border-left-width: 0px !important;}\u00bb custom_background=\u00bb#ffffff\u00bb][\/vc_cta][vc_column_text]<span class=\"tlid-translation translation\" lang=\"es\"><span class=\"\" title=\"\">Procesos desarrollados con el enfoque permanente en el cumplimiento de la regulaci\u00f3n espec\u00edfica para la fabricaci\u00f3n de dispositivos m\u00e9dicos (ISO 13485).<\/span> <span class=\"\" title=\"\">Desarrollo de procesos propios para el mecanizado de materiales m\u00e9dicos (Titanio, Cromocobalto, Inox).<\/span> <span class=\"\" title=\"\">Altas exigencias en cuanto a la especificaci\u00f3n de las materias primas utilizadas y la selecci\u00f3n de proveedores calificados.<\/span><\/span><\/p>\n<p><span class=\"\" title=\"\">Selecci\u00f3n y formaci\u00f3n de los recursos humanos orientados a las competencias m\u00e1s adecuadas a esta actividad.<\/span> <span title=\"\">Formaci\u00f3n continua y actualizaci\u00f3n de nuevos productos en el mercado.<\/span> <span title=\"\">Equipo dedicado (tornos suizos equipados con controlador CNC, hasta 11 ejes, Alta velocidad, Mecanizado en \u00e1ngulo, etc.), herramientas espec\u00edficas desarrolladas para el mecanizado optimizado de materiales m\u00e9dicos.<\/span> <span title=\"\">Dispositivos de control y medici\u00f3n visual actualizados y adaptados a las especificaciones m\u00e1s exigentes de esta \u00e1rea.<\/span>[\/vc_column_text]    <div class=\"container\">\n        <div class=\"row\">\n            <div class=\"col-12\">\n                <div class=\"gallery-container\">\n                                            <div class=\"image-wrapper\">\n                            <a href=\"https:\/\/cgf.janz.pt\/wp-content\/uploads\/2018\/05\/IMG_1712.jpg\" data-lightbox=\"https:\/\/cgf.janz.pt\/wp-content\/uploads\/2018\/05\/IMG_1712.jpg\">\n                                <div class=\"image\" style=\"background-image:url('https:\/\/cgf.janz.pt\/wp-content\/uploads\/2018\/05\/IMG_1712.jpg')\"><\/div>\n                            <\/a>\n                        <\/div>\n                                                <div class=\"image-wrapper\">\n                            <a href=\"https:\/\/cgf.janz.pt\/wp-content\/uploads\/2018\/05\/IMG_1701.jpg\" data-lightbox=\"https:\/\/cgf.janz.pt\/wp-content\/uploads\/2018\/05\/IMG_1701.jpg\">\n                                <div class=\"image\" style=\"background-image:url('https:\/\/cgf.janz.pt\/wp-content\/uploads\/2018\/05\/IMG_1701.jpg')\"><\/div>\n                            <\/a>\n                        <\/div>\n                                                <div class=\"image-wrapper\">\n                            <a href=\"https:\/\/cgf.janz.pt\/wp-content\/uploads\/2018\/05\/2-2.jpg\" data-lightbox=\"https:\/\/cgf.janz.pt\/wp-content\/uploads\/2018\/05\/2-2.jpg\">\n                                <div class=\"image\" style=\"background-image:url('https:\/\/cgf.janz.pt\/wp-content\/uploads\/2018\/05\/2-2.jpg')\"><\/div>\n                            <\/a>\n                        <\/div>\n                                                <div class=\"image-wrapper\">\n                            <a href=\"https:\/\/cgf.janz.pt\/wp-content\/uploads\/2018\/05\/4-2.jpg\" data-lightbox=\"https:\/\/cgf.janz.pt\/wp-content\/uploads\/2018\/05\/4-2.jpg\">\n                                <div class=\"image\" style=\"background-image:url('https:\/\/cgf.janz.pt\/wp-content\/uploads\/2018\/05\/4-2.jpg')\"><\/div>\n                            <\/a>\n                        <\/div>\n                                                <div class=\"image-wrapper\">\n                            <a href=\"https:\/\/cgf.janz.pt\/wp-content\/uploads\/2018\/05\/3-2.jpg\" data-lightbox=\"https:\/\/cgf.janz.pt\/wp-content\/uploads\/2018\/05\/3-2.jpg\">\n                                <div class=\"image\" style=\"background-image:url('https:\/\/cgf.janz.pt\/wp-content\/uploads\/2018\/05\/3-2.jpg')\"><\/div>\n                            <\/a>\n                        <\/div>\n                                        <\/div>\n            <\/div>\n        <\/div>\n    <\/div>\n    [\/vc_column][\/vc_row][vc_row full_width=\u00bbstretch_row\u00bb css=\u00bb.vc_custom_1524148242577{padding-top: 75px !important;padding-bottom: 75px !important;background-image: url(http:\/\/cgf.janz.pt\/wp-content\/uploads\/2018\/03\/06_fundo01.jpg?id=89) !important;background-position: center !important;background-repeat: no-repeat !important;background-size: cover !important;}\u00bb][vc_column][vc_cta h2=\u00bbDESCARGAR NUESTRAS CERTIFICACIONES\u00bb txt_align=\u00bbcenter\u00bb shape=\u00bbsquare\u00bb style=\u00bbcustom\u00bb el_class=\u00bbspecial_h2 special_white white-text small\u00bb css=\u00bb.vc_custom_1562937610225{margin-bottom: -70px !important;border-top-width: 0px !important;border-right-width: 0px !important;border-bottom-width: 0px !important;border-left-width: 0px !important;}\u00bb custom_background=\u00bbrgba(0,0,0,0.01)\u00bb][\/vc_cta][vc_single_image image=\u00bb7729&#8243; alignment=\u00bbcenter\u00bb]            <a href=\"https:\/\/cgf.janz.pt\/wp-content\/uploads\/2019\/03\/CERTIFICADO-APCER-JANZ-CGF-1.pdf\" class=\"dwnld-btn \" download=\"\">APCER<\/a>\n        [\/vc_column][\/vc_row][vc_row full_width=\u00bbstretch_row\u00bb][vc_column css=\u00bb.vc_custom_1525103968571{padding-top: 0px !important;}\u00bb]<div class=\"contact-form-wrapper\">\n    <div class=\"container\">\n        <div class=\"row\">\n            <div class=\"col-12 col-md-4\">\n                <div class=\"cf-title\">\n                    HABLE CON NOSOTROS                <\/div>\n                <div class=\"cf-text\">\n                    No dude en ponerse en contacto con nosotros. Estamos aqu\u00ed para solucionar sus dudas.                <\/div>\n            <\/div>\n            <div class=\"col-12 col-md-8\">\n                \n<div class=\"wpcf7 no-js\" id=\"wpcf7-f4412-o1\" lang=\"pt-PT\" dir=\"ltr\" data-wpcf7-id=\"4412\">\n<div class=\"screen-reader-response\"><p role=\"status\" aria-live=\"polite\" aria-atomic=\"true\"><\/p> <ul><\/ul><\/div>\n<form action=\"\/es\/wp-json\/wp\/v2\/pages\/4831#wpcf7-f4412-o1\" method=\"post\" class=\"wpcf7-form init\" aria-label=\"Formul\u00e1rio de contacto\" novalidate=\"novalidate\" data-status=\"init\">\n<fieldset class=\"hidden-fields-container\"><input type=\"hidden\" name=\"_wpcf7\" value=\"4412\" \/><input type=\"hidden\" name=\"_wpcf7_version\" value=\"6.1.4\" \/><input type=\"hidden\" name=\"_wpcf7_locale\" value=\"pt_PT\" \/><input type=\"hidden\" name=\"_wpcf7_unit_tag\" value=\"wpcf7-f4412-o1\" \/><input type=\"hidden\" name=\"_wpcf7_container_post\" value=\"0\" \/><input type=\"hidden\" name=\"_wpcf7_posted_data_hash\" value=\"\" \/><input type=\"hidden\" name=\"_wpcf7_recaptcha_response\" value=\"\" \/>\n<\/fieldset>\n<div class=\"form-line-template\">\n<div>\n<label>Primer Nombre*:<\/label>\n<span class=\"wpcf7-form-control-wrap\" data-name=\"your-name\"><input size=\"40\" maxlength=\"400\" class=\"wpcf7-form-control wpcf7-text wpcf7-validates-as-required\" aria-required=\"true\" aria-invalid=\"false\" value=\"\" type=\"text\" name=\"your-name\" \/><\/span>\n<\/div>\n<div>\n\n<label>Ultimo Nombre*:<\/label>\n<span class=\"wpcf7-form-control-wrap\" data-name=\"last-name\"><input size=\"40\" maxlength=\"400\" class=\"wpcf7-form-control wpcf7-text wpcf7-validates-as-required\" aria-required=\"true\" aria-invalid=\"false\" value=\"\" type=\"text\" name=\"last-name\" \/><\/span>\n<\/div>\n\n<div class=\"full\">\n<label>Empresa*:<\/label>\n<span class=\"wpcf7-form-control-wrap\" data-name=\"company\"><input size=\"40\" maxlength=\"400\" class=\"wpcf7-form-control wpcf7-text wpcf7-validates-as-required\" aria-required=\"true\" aria-invalid=\"false\" value=\"\" type=\"text\" name=\"company\" \/><\/span>\n<\/div>\n    \n<div>\n<label>Email*:<\/label>\n<span class=\"wpcf7-form-control-wrap\" data-name=\"your-email\"><input size=\"40\" maxlength=\"400\" class=\"wpcf7-form-control wpcf7-email wpcf7-validates-as-required wpcf7-text wpcf7-validates-as-email\" aria-required=\"true\" aria-invalid=\"false\" value=\"\" type=\"email\" name=\"your-email\" \/><\/span>\n<\/div>\n\n<div>\n<label>Telefono*:<\/label>\n<span class=\"wpcf7-form-control-wrap\" data-name=\"phone\"><input size=\"40\" maxlength=\"400\" class=\"wpcf7-form-control wpcf7-text wpcf7-validates-as-required\" aria-required=\"true\" aria-invalid=\"false\" value=\"\" type=\"text\" name=\"phone\" \/><\/span>\n<\/div>\n\n<div class=\"full\">\n<label>Mensagem*:<\/label>\n<span class=\"wpcf7-form-control-wrap\" data-name=\"message\"><textarea cols=\"40\" rows=\"10\" maxlength=\"2000\" class=\"wpcf7-form-control wpcf7-textarea\" aria-invalid=\"false\" name=\"message\"><\/textarea><\/span>\n<\/div>\n<div class=\"check full\">\n<span class=\"wpcf7-form-control-wrap\" data-name=\"your-consent\"><span class=\"wpcf7-form-control wpcf7-acceptance\"><span class=\"wpcf7-list-item\"><label><input type=\"checkbox\" name=\"your-consent\" value=\"1\" aria-invalid=\"false\" \/><span class=\"wpcf7-list-item-label\">De conformidad con el RGPD, al aceptar las condiciones confirmo que autorizo el tratamiento de mis datos personales para fines exclusivamente profesionales, que los datos que he proporcionado son verdaderos y que pueden utilizarse para ponerse en contacto conmigo.*<\/span><\/label><\/span><\/span><\/span>\n<\/div>\n<div class=\"full\">\n<p>*Campos de relleno obligatorio<\/p>\n<input class=\"wpcf7-form-control wpcf7-submit has-spinner\" type=\"submit\" value=\"Enviar\" \/>\n<\/div>\n<\/div><div class=\"wpcf7-response-output\" aria-hidden=\"true\"><\/div>\n<\/form>\n<\/div>\n            <\/div>\n        <\/div>\n    <\/div>\n<\/div>\n[\/vc_column][\/vc_row]<\/p>\n<\/div>","protected":false},"excerpt":{"rendered":"<p>[vc_row css=\u00bb.vc_custom_1524136040991{margin-bottom: 90px !important;}\u00bb][vc_column width=\u00bb1\/2&#8243;][vc_cta h2=\u00bbDISPOSITIVOS MEDICOS\u00bb h2_font_container=\u00bbcolor:%23003139&#8243; h2_use_theme_fonts=\u00bbyes\u00bb txt_align=\u00bbcenter\u00bb shape=\u00bbsquare\u00bb style=\u00bbcustom\u00bb use_custom_fonts_h2=\u00bbtrue\u00bb el_class=\u00bbspecial_h2 special_white\u00bb css=\u00bb.vc_custom_1562937074259{border-top-width: 0px !important;border-right-width: 0px !important;border-bottom-width: [&hellip;]<\/p>\n","protected":false},"author":1,"featured_media":7592,"parent":4673,"menu_order":0,"comment_status":"closed","ping_status":"closed","template":"","meta":{"_acf_changed":false,"_monsterinsights_skip_tracking":false,"_monsterinsights_sitenote_active":false,"_monsterinsights_sitenote_note":"","_monsterinsights_sitenote_category":0,"footnotes":""},"class_list":["post-4831","page","type-page","status-publish","has-post-thumbnail","hentry"],"acf":[],"yoast_head":"<!-- This site is optimized with the Yoast SEO plugin v26.9 - https:\/\/yoast.com\/product\/yoast-seo-wordpress\/ -->\n<title>Dispositivos M\u00e9dicos - CGF Janz - Contagem e Gest\u00e3o de Flu\u00eddos<\/title>\n<meta name=\"description\" content=\"Fabrico de componentes para dispositivos m\u00e9dicos CGJ JANZ, no mercado das pe\u00e7as t\u00e9cnicas. Produ\u00e7\u00e3o de pe\u00e7as m\u00e9dicas, pec\u0327as de precisa\u0303o.\" \/>\n<meta name=\"robots\" content=\"index, follow, max-snippet:-1, max-image-preview:large, max-video-preview:-1\" \/>\n<link rel=\"canonical\" href=\"https:\/\/cgf.janz.pt\/es\/piezas-de-precision\/dispositivos-medicos\/\" \/>\n<meta property=\"og:locale\" content=\"es_ES\" \/>\n<meta property=\"og:type\" content=\"article\" \/>\n<meta property=\"og:title\" content=\"Dispositivos M\u00e9dicos - CGF Janz - Contagem e Gest\u00e3o de Flu\u00eddos\" \/>\n<meta property=\"og:description\" content=\"CGF Janz - Fabrica, comercializa e distribui\u0301 contadores de a\u0301gua, pec\u0327as de precisa\u0303o e injec\u0327a\u0303o de pla\u0301sticos, para mercado nacional e internacional.\" \/>\n<meta property=\"og:url\" content=\"https:\/\/cgf.janz.pt\/es\/piezas-de-precision\/dispositivos-medicos\/\" \/>\n<meta property=\"og:site_name\" content=\"Janz - Contagem e Gest\u00e3o de Flu\u00eddos S.A.\" \/>\n<meta property=\"article:modified_time\" content=\"2022-06-23T15:31:22+00:00\" \/>\n<meta property=\"og:image\" content=\"https:\/\/cgf.janz.pt\/wp-content\/uploads\/2018\/10\/cgf.janz_.pt-redes-sociais.png\" \/>\n\t<meta property=\"og:image:width\" content=\"1200\" \/>\n\t<meta property=\"og:image:height\" content=\"628\" \/>\n\t<meta property=\"og:image:type\" content=\"image\/png\" \/>\n<meta name=\"twitter:card\" content=\"summary_large_image\" \/>\n<meta name=\"twitter:label1\" content=\"Tiempo de lectura\" \/>\n\t<meta name=\"twitter:data1\" content=\"2 minutos\" \/>\n<script type=\"application\/ld+json\" class=\"yoast-schema-graph\">{\"@context\":\"https:\/\/schema.org\",\"@graph\":[{\"@type\":\"WebPage\",\"@id\":\"https:\/\/cgf.janz.pt\/es\/piezas-de-precision\/dispositivos-medicos\/\",\"url\":\"https:\/\/cgf.janz.pt\/es\/piezas-de-precision\/dispositivos-medicos\/\",\"name\":\"Dispositivos M\u00e9dicos - CGF Janz - Contagem e Gest\u00e3o de Flu\u00eddos\",\"isPartOf\":{\"@id\":\"https:\/\/cgf.janz.pt\/#website\"},\"primaryImageOfPage\":{\"@id\":\"https:\/\/cgf.janz.pt\/es\/piezas-de-precision\/dispositivos-medicos\/#primaryimage\"},\"image\":{\"@id\":\"https:\/\/cgf.janz.pt\/es\/piezas-de-precision\/dispositivos-medicos\/#primaryimage\"},\"thumbnailUrl\":\"https:\/\/cgf.janz.pt\/wp-content\/uploads\/2022\/06\/IMG_1718.jpg\",\"datePublished\":\"2018-04-16T10:42:48+00:00\",\"dateModified\":\"2022-06-23T15:31:22+00:00\",\"description\":\"Fabrico de componentes para dispositivos m\u00e9dicos CGJ JANZ, no mercado das pe\u00e7as t\u00e9cnicas. Produ\u00e7\u00e3o de pe\u00e7as m\u00e9dicas, pec\u0327as de precisa\u0303o.\",\"breadcrumb\":{\"@id\":\"https:\/\/cgf.janz.pt\/es\/piezas-de-precision\/dispositivos-medicos\/#breadcrumb\"},\"inLanguage\":\"es\",\"potentialAction\":[{\"@type\":\"ReadAction\",\"target\":[\"https:\/\/cgf.janz.pt\/es\/piezas-de-precision\/dispositivos-medicos\/\"]}]},{\"@type\":\"ImageObject\",\"inLanguage\":\"es\",\"@id\":\"https:\/\/cgf.janz.pt\/es\/piezas-de-precision\/dispositivos-medicos\/#primaryimage\",\"url\":\"https:\/\/cgf.janz.pt\/wp-content\/uploads\/2022\/06\/IMG_1718.jpg\",\"contentUrl\":\"https:\/\/cgf.janz.pt\/wp-content\/uploads\/2022\/06\/IMG_1718.jpg\",\"width\":1000,\"height\":1500},{\"@type\":\"BreadcrumbList\",\"@id\":\"https:\/\/cgf.janz.pt\/es\/piezas-de-precision\/dispositivos-medicos\/#breadcrumb\",\"itemListElement\":[{\"@type\":\"ListItem\",\"position\":1,\"name\":\"In\u00edcio\",\"item\":\"https:\/\/cgf.janz.pt\/es\/\"},{\"@type\":\"ListItem\",\"position\":2,\"name\":\"Piezas de Precisi\u00f3n\",\"item\":\"https:\/\/cgf.janz.pt\/es\/piezas-de-precision\/\"},{\"@type\":\"ListItem\",\"position\":3,\"name\":\"Dispositivos M\u00e9dicos\"}]},{\"@type\":\"WebSite\",\"@id\":\"https:\/\/cgf.janz.pt\/#website\",\"url\":\"https:\/\/cgf.janz.pt\/\",\"name\":\"Janz - Contagem e Gest\u00e3o de Flu\u00eddos S.A.\",\"description\":\"Fabrica, comercializa e distribu\u00ed contadores de \u00e0gua, pe\u00e7as de precis\u00e3o e injec\u00e7\u00e3o de pl\u00e1sticos\",\"potentialAction\":[{\"@type\":\"SearchAction\",\"target\":{\"@type\":\"EntryPoint\",\"urlTemplate\":\"https:\/\/cgf.janz.pt\/?s={search_term_string}\"},\"query-input\":{\"@type\":\"PropertyValueSpecification\",\"valueRequired\":true,\"valueName\":\"search_term_string\"}}],\"inLanguage\":\"es\"}]}<\/script>\n<!-- \/ Yoast SEO plugin. -->","yoast_head_json":{"title":"Dispositivos M\u00e9dicos - CGF Janz - Contagem e Gest\u00e3o de Flu\u00eddos","description":"Fabrico de componentes para dispositivos m\u00e9dicos CGJ JANZ, no mercado das pe\u00e7as t\u00e9cnicas. Produ\u00e7\u00e3o de pe\u00e7as m\u00e9dicas, pec\u0327as de precisa\u0303o.","robots":{"index":"index","follow":"follow","max-snippet":"max-snippet:-1","max-image-preview":"max-image-preview:large","max-video-preview":"max-video-preview:-1"},"canonical":"https:\/\/cgf.janz.pt\/es\/piezas-de-precision\/dispositivos-medicos\/","og_locale":"es_ES","og_type":"article","og_title":"Dispositivos M\u00e9dicos - CGF Janz - Contagem e Gest\u00e3o de Flu\u00eddos","og_description":"CGF Janz - Fabrica, comercializa e distribui\u0301 contadores de a\u0301gua, pec\u0327as de precisa\u0303o e injec\u0327a\u0303o de pla\u0301sticos, para mercado nacional e internacional.","og_url":"https:\/\/cgf.janz.pt\/es\/piezas-de-precision\/dispositivos-medicos\/","og_site_name":"Janz - Contagem e Gest\u00e3o de Flu\u00eddos S.A.","article_modified_time":"2022-06-23T15:31:22+00:00","og_image":[{"width":1200,"height":628,"url":"https:\/\/cgf.janz.pt\/wp-content\/uploads\/2018\/10\/cgf.janz_.pt-redes-sociais.png","type":"image\/png"}],"twitter_card":"summary_large_image","twitter_misc":{"Tiempo de lectura":"2 minutos"},"schema":{"@context":"https:\/\/schema.org","@graph":[{"@type":"WebPage","@id":"https:\/\/cgf.janz.pt\/es\/piezas-de-precision\/dispositivos-medicos\/","url":"https:\/\/cgf.janz.pt\/es\/piezas-de-precision\/dispositivos-medicos\/","name":"Dispositivos M\u00e9dicos - CGF Janz - Contagem e Gest\u00e3o de Flu\u00eddos","isPartOf":{"@id":"https:\/\/cgf.janz.pt\/#website"},"primaryImageOfPage":{"@id":"https:\/\/cgf.janz.pt\/es\/piezas-de-precision\/dispositivos-medicos\/#primaryimage"},"image":{"@id":"https:\/\/cgf.janz.pt\/es\/piezas-de-precision\/dispositivos-medicos\/#primaryimage"},"thumbnailUrl":"https:\/\/cgf.janz.pt\/wp-content\/uploads\/2022\/06\/IMG_1718.jpg","datePublished":"2018-04-16T10:42:48+00:00","dateModified":"2022-06-23T15:31:22+00:00","description":"Fabrico de componentes para dispositivos m\u00e9dicos CGJ JANZ, no mercado das pe\u00e7as t\u00e9cnicas. Produ\u00e7\u00e3o de pe\u00e7as m\u00e9dicas, pec\u0327as de precisa\u0303o.","breadcrumb":{"@id":"https:\/\/cgf.janz.pt\/es\/piezas-de-precision\/dispositivos-medicos\/#breadcrumb"},"inLanguage":"es","potentialAction":[{"@type":"ReadAction","target":["https:\/\/cgf.janz.pt\/es\/piezas-de-precision\/dispositivos-medicos\/"]}]},{"@type":"ImageObject","inLanguage":"es","@id":"https:\/\/cgf.janz.pt\/es\/piezas-de-precision\/dispositivos-medicos\/#primaryimage","url":"https:\/\/cgf.janz.pt\/wp-content\/uploads\/2022\/06\/IMG_1718.jpg","contentUrl":"https:\/\/cgf.janz.pt\/wp-content\/uploads\/2022\/06\/IMG_1718.jpg","width":1000,"height":1500},{"@type":"BreadcrumbList","@id":"https:\/\/cgf.janz.pt\/es\/piezas-de-precision\/dispositivos-medicos\/#breadcrumb","itemListElement":[{"@type":"ListItem","position":1,"name":"In\u00edcio","item":"https:\/\/cgf.janz.pt\/es\/"},{"@type":"ListItem","position":2,"name":"Piezas de Precisi\u00f3n","item":"https:\/\/cgf.janz.pt\/es\/piezas-de-precision\/"},{"@type":"ListItem","position":3,"name":"Dispositivos M\u00e9dicos"}]},{"@type":"WebSite","@id":"https:\/\/cgf.janz.pt\/#website","url":"https:\/\/cgf.janz.pt\/","name":"Janz - Contagem e Gest\u00e3o de Flu\u00eddos S.A.","description":"Fabrica, comercializa e distribu\u00ed contadores de \u00e0gua, pe\u00e7as de precis\u00e3o e injec\u00e7\u00e3o de pl\u00e1sticos","potentialAction":[{"@type":"SearchAction","target":{"@type":"EntryPoint","urlTemplate":"https:\/\/cgf.janz.pt\/?s={search_term_string}"},"query-input":{"@type":"PropertyValueSpecification","valueRequired":true,"valueName":"search_term_string"}}],"inLanguage":"es"}]}},"_links":{"self":[{"href":"https:\/\/cgf.janz.pt\/es\/wp-json\/wp\/v2\/pages\/4831","targetHints":{"allow":["GET"]}}],"collection":[{"href":"https:\/\/cgf.janz.pt\/es\/wp-json\/wp\/v2\/pages"}],"about":[{"href":"https:\/\/cgf.janz.pt\/es\/wp-json\/wp\/v2\/types\/page"}],"author":[{"embeddable":true,"href":"https:\/\/cgf.janz.pt\/es\/wp-json\/wp\/v2\/users\/1"}],"replies":[{"embeddable":true,"href":"https:\/\/cgf.janz.pt\/es\/wp-json\/wp\/v2\/comments?post=4831"}],"version-history":[{"count":8,"href":"https:\/\/cgf.janz.pt\/es\/wp-json\/wp\/v2\/pages\/4831\/revisions"}],"predecessor-version":[{"id":7735,"href":"https:\/\/cgf.janz.pt\/es\/wp-json\/wp\/v2\/pages\/4831\/revisions\/7735"}],"up":[{"embeddable":true,"href":"https:\/\/cgf.janz.pt\/es\/wp-json\/wp\/v2\/pages\/4673"}],"wp:featuredmedia":[{"embeddable":true,"href":"https:\/\/cgf.janz.pt\/es\/wp-json\/wp\/v2\/media\/7592"}],"wp:attachment":[{"href":"https:\/\/cgf.janz.pt\/es\/wp-json\/wp\/v2\/media?parent=4831"}],"curies":[{"name":"wp","href":"https:\/\/api.w.org\/{rel}","templated":true}]}}