{"id":4673,"date":"2018-04-16T10:22:48","date_gmt":"2018-04-16T10:22:48","guid":{"rendered":"https:\/\/cgf.janz.pt\/pecas-de-precisao\/"},"modified":"2021-06-14T12:18:36","modified_gmt":"2021-06-14T11:18:36","slug":"piezas-de-precision","status":"publish","type":"page","link":"https:\/\/cgf.janz.pt\/es\/piezas-de-precision\/","title":{"rendered":"Piezas de Precisi\u00f3n"},"content":{"rendered":"<div class=\"wpb-content-wrapper\"><p>[vc_row][vc_column][vc_cta h2=\u00bbPIEZAS DE PRECISI\u00d3N\u00bb h2_font_container=\u00bbcolor:%23003139&#8243; h2_use_theme_fonts=\u00bbyes\u00bb txt_align=\u00bbcenter\u00bb shape=\u00bbsquare\u00bb style=\u00bbcustom\u00bb use_custom_fonts_h2=\u00bbtrue\u00bb el_class=\u00bbspecial_h2 special_white\u00bb css=\u00bb.vc_custom_1563290302295{border-top-width: 0px !important;border-right-width: 0px !important;border-bottom-width: 0px !important;border-left-width: 0px !important;}\u00bb custom_background=\u00bb#ffffff\u00bb][\/vc_cta][vc_column_text]Janz dispone actualmente de los equipamientos, competencias t\u00e9cnicas y experiencia adecuados para la producci\u00f3n de piezas met\u00e1licas y no met\u00e1licas aplicadas a 3 grandes sectores de actividad: Industria, Aeron\u00e1utica y Dispositivos M\u00e9dicos.<\/p>\n<p>La experiencia de trabajo en estos sectores permite dominar los procesos de maquinaci\u00f3n en serie de una gran variedad de materiales.[\/vc_column_text][\/vc_column][\/vc_row][vc_row][vc_column]<div class=\"ds-child-display\">\n    <div class=\"container\">\n        <div class=\"row\">\n                            <div class=\"ds-child col-12 col-md-4 mt-3 mt-md-0\">\n                    <div class=\"thumb\" style=\"background-image:url('https:\/\/cgf.janz.pt\/wp-content\/uploads\/2022\/06\/IMG_1692.jpg');\">\n                        <a href=\"https:\/\/cgf.janz.pt\/es\/piezas-de-precision\/aeronautica\/\">\n                            <div class=\"title\">\n                                Aeron\u00e1utica                            <\/div>\n                        <\/a>\n                    <\/div>\n                    <div class=\"excerpt\">\n                                        <\/div>\n                <\/div>\n                                <div class=\"ds-child col-12 col-md-4 mt-3 mt-md-0\">\n                    <div class=\"thumb\" style=\"background-image:url('https:\/\/cgf.janz.pt\/wp-content\/uploads\/2022\/06\/IMG_1718.jpg');\">\n                        <a href=\"https:\/\/cgf.janz.pt\/es\/piezas-de-precision\/dispositivos-medicos\/\">\n                            <div class=\"title\">\n                                Dispositivos M\u00e9dicos                            <\/div>\n                        <\/a>\n                    <\/div>\n                    <div class=\"excerpt\">\n                                        <\/div>\n                <\/div>\n                                <div class=\"ds-child col-12 col-md-4 mt-3 mt-md-0\">\n                    <div class=\"thumb\" style=\"background-image:url('https:\/\/cgf.janz.pt\/wp-content\/uploads\/2022\/06\/IMG_1534.jpg');\">\n                        <a href=\"https:\/\/cgf.janz.pt\/es\/piezas-de-precision\/industria\/\">\n                            <div class=\"title\">\n                                Industria                            <\/div>\n                        <\/a>\n                    <\/div>\n                    <div class=\"excerpt\">\n                                        <\/div>\n                <\/div>\n                        <\/div>\n    <\/div>\n<\/div>\n[\/vc_column][\/vc_row]<\/p>\n<\/div>","protected":false},"excerpt":{"rendered":"<p>[vc_row][vc_column][vc_cta h2=\u00bbPIEZAS DE PRECISI\u00d3N\u00bb h2_font_container=\u00bbcolor:%23003139&#8243; h2_use_theme_fonts=\u00bbyes\u00bb txt_align=\u00bbcenter\u00bb shape=\u00bbsquare\u00bb style=\u00bbcustom\u00bb use_custom_fonts_h2=\u00bbtrue\u00bb el_class=\u00bbspecial_h2 special_white\u00bb css=\u00bb.vc_custom_1563290302295{border-top-width: 0px !important;border-right-width: 0px !important;border-bottom-width: 0px !important;border-left-width: 0px [&hellip;]<\/p>\n","protected":false},"author":1,"featured_media":0,"parent":0,"menu_order":0,"comment_status":"closed","ping_status":"closed","template":"","meta":{"_acf_changed":false,"_monsterinsights_skip_tracking":false,"_monsterinsights_sitenote_active":false,"_monsterinsights_sitenote_note":"","_monsterinsights_sitenote_category":0,"footnotes":""},"class_list":["post-4673","page","type-page","status-publish","hentry"],"acf":[],"yoast_head":"<!-- This site is optimized with the Yoast SEO plugin v26.9 - https:\/\/yoast.com\/product\/yoast-seo-wordpress\/ -->\n<title>Pe\u00e7as de Precis\u00e3o - CGF Janz - Contagem e Gest\u00e3o de Flu\u00eddos<\/title>\n<meta name=\"description\" content=\"JANZ cuenta con equipos y experiencia en la producci\u00f3n de piezas de precisi\u00f3n met\u00e1licas y no met\u00e1licas para la industria, aeron\u00e1utica y dispositivos m\u00e9dicos.\" \/>\n<meta name=\"robots\" content=\"index, follow, max-snippet:-1, max-image-preview:large, max-video-preview:-1\" \/>\n<link rel=\"canonical\" href=\"https:\/\/cgf.janz.pt\/es\/piezas-de-precision\/\" \/>\n<meta property=\"og:locale\" content=\"es_ES\" \/>\n<meta property=\"og:type\" content=\"article\" \/>\n<meta property=\"og:title\" content=\"Pe\u00e7as de Precis\u00e3o - CGF Janz - Contagem e Gest\u00e3o de Flu\u00eddos\" \/>\n<meta property=\"og:description\" content=\"Dispomos de equipamentos e experi\u00eancia na produ\u00e7\u00e3o de pe\u00e7as met\u00e1licas e n\u00e3o met\u00e1licas para Ind\u00fastria, Aeron\u00e1utica e Dispositivos M\u00e9dicos\" \/>\n<meta property=\"og:url\" content=\"https:\/\/cgf.janz.pt\/es\/piezas-de-precision\/\" \/>\n<meta property=\"og:site_name\" content=\"Janz - Contagem e Gest\u00e3o de Flu\u00eddos S.A.\" \/>\n<meta property=\"article:modified_time\" content=\"2021-06-14T11:18:36+00:00\" \/>\n<meta property=\"og:image\" content=\"https:\/\/cgf.janz.pt\/wp-content\/uploads\/2018\/10\/cgf.janz_.pt-redes-sociais.png\" \/>\n\t<meta property=\"og:image:width\" content=\"1200\" \/>\n\t<meta property=\"og:image:height\" content=\"628\" \/>\n\t<meta property=\"og:image:type\" content=\"image\/png\" \/>\n<meta name=\"twitter:card\" content=\"summary_large_image\" \/>\n<meta name=\"twitter:label1\" content=\"Tiempo de lectura\" \/>\n\t<meta name=\"twitter:data1\" content=\"1 minuto\" \/>\n<script type=\"application\/ld+json\" class=\"yoast-schema-graph\">{\"@context\":\"https:\/\/schema.org\",\"@graph\":[{\"@type\":\"WebPage\",\"@id\":\"https:\/\/cgf.janz.pt\/es\/piezas-de-precision\/\",\"url\":\"https:\/\/cgf.janz.pt\/es\/piezas-de-precision\/\",\"name\":\"Pe\u00e7as de Precis\u00e3o - CGF Janz - Contagem e Gest\u00e3o de Flu\u00eddos\",\"isPartOf\":{\"@id\":\"https:\/\/cgf.janz.pt\/#website\"},\"datePublished\":\"2018-04-16T10:22:48+00:00\",\"dateModified\":\"2021-06-14T11:18:36+00:00\",\"description\":\"JANZ cuenta con equipos y experiencia en la producci\u00f3n de piezas de precisi\u00f3n met\u00e1licas y no met\u00e1licas para la industria, aeron\u00e1utica y dispositivos m\u00e9dicos.\",\"breadcrumb\":{\"@id\":\"https:\/\/cgf.janz.pt\/es\/piezas-de-precision\/#breadcrumb\"},\"inLanguage\":\"es\",\"potentialAction\":[{\"@type\":\"ReadAction\",\"target\":[\"https:\/\/cgf.janz.pt\/es\/piezas-de-precision\/\"]}]},{\"@type\":\"BreadcrumbList\",\"@id\":\"https:\/\/cgf.janz.pt\/es\/piezas-de-precision\/#breadcrumb\",\"itemListElement\":[{\"@type\":\"ListItem\",\"position\":1,\"name\":\"In\u00edcio\",\"item\":\"https:\/\/cgf.janz.pt\/es\/\"},{\"@type\":\"ListItem\",\"position\":2,\"name\":\"Piezas de Precisi\u00f3n\"}]},{\"@type\":\"WebSite\",\"@id\":\"https:\/\/cgf.janz.pt\/#website\",\"url\":\"https:\/\/cgf.janz.pt\/\",\"name\":\"Janz - Contagem e Gest\u00e3o de Flu\u00eddos S.A.\",\"description\":\"Fabrica, comercializa e distribu\u00ed contadores de \u00e0gua, pe\u00e7as de precis\u00e3o e injec\u00e7\u00e3o de pl\u00e1sticos\",\"potentialAction\":[{\"@type\":\"SearchAction\",\"target\":{\"@type\":\"EntryPoint\",\"urlTemplate\":\"https:\/\/cgf.janz.pt\/?s={search_term_string}\"},\"query-input\":{\"@type\":\"PropertyValueSpecification\",\"valueRequired\":true,\"valueName\":\"search_term_string\"}}],\"inLanguage\":\"es\"}]}<\/script>\n<!-- \/ Yoast SEO plugin. -->","yoast_head_json":{"title":"Pe\u00e7as de Precis\u00e3o - CGF Janz - Contagem e Gest\u00e3o de Flu\u00eddos","description":"JANZ cuenta con equipos y experiencia en la producci\u00f3n de piezas de precisi\u00f3n met\u00e1licas y no met\u00e1licas para la industria, aeron\u00e1utica y dispositivos m\u00e9dicos.","robots":{"index":"index","follow":"follow","max-snippet":"max-snippet:-1","max-image-preview":"max-image-preview:large","max-video-preview":"max-video-preview:-1"},"canonical":"https:\/\/cgf.janz.pt\/es\/piezas-de-precision\/","og_locale":"es_ES","og_type":"article","og_title":"Pe\u00e7as de Precis\u00e3o - CGF Janz - Contagem e Gest\u00e3o de Flu\u00eddos","og_description":"Dispomos de equipamentos e experi\u00eancia na produ\u00e7\u00e3o de pe\u00e7as met\u00e1licas e n\u00e3o met\u00e1licas para Ind\u00fastria, Aeron\u00e1utica e Dispositivos M\u00e9dicos","og_url":"https:\/\/cgf.janz.pt\/es\/piezas-de-precision\/","og_site_name":"Janz - Contagem e Gest\u00e3o de Flu\u00eddos S.A.","article_modified_time":"2021-06-14T11:18:36+00:00","og_image":[{"width":1200,"height":628,"url":"https:\/\/cgf.janz.pt\/wp-content\/uploads\/2018\/10\/cgf.janz_.pt-redes-sociais.png","type":"image\/png"}],"twitter_card":"summary_large_image","twitter_misc":{"Tiempo de lectura":"1 minuto"},"schema":{"@context":"https:\/\/schema.org","@graph":[{"@type":"WebPage","@id":"https:\/\/cgf.janz.pt\/es\/piezas-de-precision\/","url":"https:\/\/cgf.janz.pt\/es\/piezas-de-precision\/","name":"Pe\u00e7as de Precis\u00e3o - CGF Janz - Contagem e Gest\u00e3o de Flu\u00eddos","isPartOf":{"@id":"https:\/\/cgf.janz.pt\/#website"},"datePublished":"2018-04-16T10:22:48+00:00","dateModified":"2021-06-14T11:18:36+00:00","description":"JANZ cuenta con equipos y experiencia en la producci\u00f3n de piezas de precisi\u00f3n met\u00e1licas y no met\u00e1licas para la industria, aeron\u00e1utica y dispositivos m\u00e9dicos.","breadcrumb":{"@id":"https:\/\/cgf.janz.pt\/es\/piezas-de-precision\/#breadcrumb"},"inLanguage":"es","potentialAction":[{"@type":"ReadAction","target":["https:\/\/cgf.janz.pt\/es\/piezas-de-precision\/"]}]},{"@type":"BreadcrumbList","@id":"https:\/\/cgf.janz.pt\/es\/piezas-de-precision\/#breadcrumb","itemListElement":[{"@type":"ListItem","position":1,"name":"In\u00edcio","item":"https:\/\/cgf.janz.pt\/es\/"},{"@type":"ListItem","position":2,"name":"Piezas de Precisi\u00f3n"}]},{"@type":"WebSite","@id":"https:\/\/cgf.janz.pt\/#website","url":"https:\/\/cgf.janz.pt\/","name":"Janz - Contagem e Gest\u00e3o de Flu\u00eddos S.A.","description":"Fabrica, comercializa e distribu\u00ed contadores de \u00e0gua, pe\u00e7as de precis\u00e3o e injec\u00e7\u00e3o de pl\u00e1sticos","potentialAction":[{"@type":"SearchAction","target":{"@type":"EntryPoint","urlTemplate":"https:\/\/cgf.janz.pt\/?s={search_term_string}"},"query-input":{"@type":"PropertyValueSpecification","valueRequired":true,"valueName":"search_term_string"}}],"inLanguage":"es"}]}},"_links":{"self":[{"href":"https:\/\/cgf.janz.pt\/es\/wp-json\/wp\/v2\/pages\/4673","targetHints":{"allow":["GET"]}}],"collection":[{"href":"https:\/\/cgf.janz.pt\/es\/wp-json\/wp\/v2\/pages"}],"about":[{"href":"https:\/\/cgf.janz.pt\/es\/wp-json\/wp\/v2\/types\/page"}],"author":[{"embeddable":true,"href":"https:\/\/cgf.janz.pt\/es\/wp-json\/wp\/v2\/users\/1"}],"replies":[{"embeddable":true,"href":"https:\/\/cgf.janz.pt\/es\/wp-json\/wp\/v2\/comments?post=4673"}],"version-history":[{"count":5,"href":"https:\/\/cgf.janz.pt\/es\/wp-json\/wp\/v2\/pages\/4673\/revisions"}],"predecessor-version":[{"id":6302,"href":"https:\/\/cgf.janz.pt\/es\/wp-json\/wp\/v2\/pages\/4673\/revisions\/6302"}],"wp:attachment":[{"href":"https:\/\/cgf.janz.pt\/es\/wp-json\/wp\/v2\/media?parent=4673"}],"curies":[{"name":"wp","href":"https:\/\/api.w.org\/{rel}","templated":true}]}}