{"id":4655,"date":"2018-04-11T16:01:33","date_gmt":"2018-04-11T16:01:33","guid":{"rendered":"https:\/\/cgf.janz.pt\/sistema-de-gestao-de-qualidade\/"},"modified":"2026-04-14T10:18:13","modified_gmt":"2026-04-14T09:18:13","slug":"sistema-de-gestion-de-la-calidad","status":"publish","type":"page","link":"https:\/\/cgf.janz.pt\/es\/quem-somos\/sistema-de-gestion-de-la-calidad\/","title":{"rendered":"Pol\u00edtica de Gesti\u00f3n Integrada"},"content":{"rendered":"<div class=\"wpb-content-wrapper\"><p>[vc_row][vc_column width=\u00bb2\/3&#8243;][vc_cta h2=\u00bbPOL\u00cdTICA DE GESTI\u00d3N INTEGRADA\u00bb h2_font_container=\u00bbtag:h2|text_align:left|color:%23003139&#8243; h2_use_theme_fonts=\u00bbyes\u00bb txt_align=\u00bbcenter\u00bb style=\u00bbcustom\u00bb css=\u00bb\u00bb use_custom_fonts_h2=\u00bbtrue\u00bb custom_background=\u00bb#ffffff\u00bb el_class=\u00bbspecial_h2 page-title\u00bb][\/vc_cta][vc_column_text]<\/p>\n<div>\n<div>\n<p>En Janz, el proceso de calidad forma parte de nuestra cultura y valores. Siempre hemos puesto en pr\u00e1ctica procesos de apoyo a la fabricaci\u00f3n de productos en la empresa, elevando los niveles de calidad final.<\/p>\n<p>La supervisi\u00f3n y continua mejora de los procesos son una garant\u00eda para mantener y elevar los est\u00e1ndares de calidad que siempre nos han caracterizado, de este modo hemos conseguido implantar y mantener los certificados ISO 9001 desde 1995 y EN9100 desde 2016.<\/p>\n<p>Nos comprometemos a evaluar continuamente nuestros procesos mediante nuestro sistema de gesti\u00f3n de la calidad y ofrecemos formaci\u00f3n continua a nuestro equipo de trabajadores para elevar la excelencia de su trabajo y rendimiento.<\/p>\n<\/div>\n<\/div>\n<p>[\/vc_column_text][\/vc_column][vc_column width=\u00bb1\/3&#8243;][vc_column_text]<strong><span class=\"tlid-translation translation\" lang=\"es\"><span class=\"\" title=\"\">DOCUMENTOS PARA DESCARGAR<\/span><\/span><\/strong><\/p>\n<p><span class=\"tlid-translation translation\" lang=\"es\"><span class=\"\" title=\"\">Vea aqu\u00ed la informaci\u00f3n.<\/span><\/span>[\/vc_column_text]            <a href=\"https:\/\/cgf.janz.pt\/wp-content\/uploads\/2026\/04\/INTEGRATED-MANAGEMENT-POLICY-March-2026.pdf\" class=\"dwnld-btn reverse\" download=\"\">Pol\u00edtica de Gesti\u00f3n Integrada<\/a>\n        [vc_separator css=\u00bb\u00bb]            <a href=\"https:\/\/cgf.janz.pt\/wp-content\/uploads\/2026\/04\/Janz_Safety-Health-Environment-Policy.pdf\" class=\"dwnld-btn reverse\" download=\"\">Pol\u00edtica de seguridad, salud y medio ambiente<\/a>\n        [\/vc_column][\/vc_row][vc_row][vc_column width=\u00bb1\/2&#8243;][vc_separator color=\u00bbwhite\u00bb border_width=\u00bb3&#8243;][\/vc_column][vc_column width=\u00bb1\/2&#8243;][\/vc_column][\/vc_row][vc_row full_width=\u00bbstretch_row\u00bb equal_height=\u00bbyes\u00bb css=\u00bb.vc_custom_1526044743638{padding-top: 0px !important;padding-bottom: 0px !important;background-color: #ffffff !important;}\u00bb][vc_column width=\u00bb2\/3&#8243; css=\u00bb.vc_custom_1523462830616{padding-top: 0px !important;padding-bottom: 0px !important;}\u00bb][vc_column_text]<\/p>\n<h2>APCER ISO 9001<\/h2>\n<p>La permanente evoluci\u00f3n de los mercados a escala global, los continuos desarrollos tecnol\u00f3gicos y el creciente nivel de exigencia de los clientes respaldan la necesidad de sistemas de calidad orientados a los procesos.<\/p>\n<p>ISO 9001 es la norma de sistemas de gesti\u00f3n m\u00e1s utilizada mundialmente y constituye la referencia internacional para la certificaci\u00f3n de sistemas de gesti\u00f3n de la calidad.[\/vc_column_text][vc_row_inner css=\u00bb.vc_custom_1527258839863{margin-bottom: 20px !important;}\u00bb][vc_column_inner width=\u00bb1\/2&#8243;]            <a href=\"https:\/\/cgf.janz.pt\/wp-content\/uploads\/2024\/02\/95.CEP_.341-Janz-APCER-corrig_2024_02-07.pdf\" class=\"dwnld-btn reverse\" download=\"\">Certificado APCER<\/a>\n        [\/vc_column_inner][vc_column_inner width=\u00bb1\/2&#8243;]            <a href=\"https:\/\/cgf.janz.pt\/wp-content\/uploads\/2024\/02\/95.CEP_.341-Janz-Iqnet-corrig_2024_02-07.pdf\" class=\"dwnld-btn reverse\" download=\"\">Certificado IQNet<\/a>\n        [\/vc_column_inner][\/vc_row_inner][vc_column_text]<\/p>\n<h2>MID<\/h2>\n<p>La<strong> Measuring Instruments Directive<\/strong> es una directiva de la Uni\u00f3n Europea que busca armonizar diversos aspectos de la metrolog\u00eda legal sobre los instrumentos de medici\u00f3n en todos los pa\u00edses de la Uni\u00f3n Europea..<\/p>\n<p>El control metrol\u00f3gico legal exige la conformidad con requisitos de rendimiento espec\u00edficos. Los requisitos de rendimiento que tienen que cumplir los instrumentos de medici\u00f3n deber\u00e1n ofrecer un elevado nivel de protecci\u00f3n. La evaluaci\u00f3n de la conformidad deber\u00e1 ofrecer un elevado nivel de confianza.<\/p>\n<p>Establece los requisitos fundamentales que deben obedecer los instrumentos de medici\u00f3n para su comercializaci\u00f3n en el mercado o puesta en servicio para la realizaci\u00f3n de las funciones de medici\u00f3n.[\/vc_column_text][vc_row_inner][vc_column_inner width=\u00bb1\/2&#8243;]            <a href=\"https:\/\/cgf.janz.pt\/wp-content\/uploads\/2024\/07\/Model-D.pdf\" class=\"dwnld-btn reverse\" download=\"\">Modelo D<\/a>\n        [\/vc_column_inner][\/vc_row_inner][\/vc_column][vc_column width=\u00bb1\/3&#8243;][vc_single_image image=\u00bb7715&#8243; alignment=\u00bbcenter\u00bb][\/vc_column][\/vc_row][vc_row full_width=\u00bbstretch_row\u00bb equal_height=\u00bbyes\u00bb content_placement=\u00bbmiddle\u00bb css=\u00bb.vc_custom_1526044852074{padding-top: 0px !important;padding-bottom: 0px !important;background-color: #ffffff !important;}\u00bb][vc_column width=\u00bb2\/3&#8243;][vc_column_text css=\u00bb\u00bb]<\/p>\n<h2>EN 9100<\/h2>\n<p>La <strong>AS 9100<\/strong> es una norma, reconocida internacionalmente, que establece requisitos de gesti\u00f3n de la calidad espec\u00edficos para la industria aeron\u00e1utica. Conocida como AS 9100 en Am\u00e9rica del Norte, EN 9100 en Europa y JISQ 9100 en Jap\u00f3n, esta norma ha sido adoptada por los principales fabricantes del sector (como Airbus, Boeing, GEAE y Rolls-Royce), que la exigen en los contratos con sus socios comerciales. Basada en los requisitos ISO 9000, la AS 9100 destaca especialmente los temas relacionados con la calidad, la seguridad y la tecnolog\u00eda en todas las vertientes de la industria y a lo largo de toda la cadena de suministro, y es aplicable al \u00e1mbito civil y militar.[\/vc_column_text][vc_row_inner][vc_column_inner width=\u00bb1\/2&#8243;]            <a href=\"https:\/\/cgf.janz.pt\/wp-content\/uploads\/2025\/10\/Certificate-EN9100-_-01_117_2523552_Main_EN.pdf\" class=\"dwnld-btn \" download=\"\">Certificado<\/a>\n        [\/vc_column_inner][\/vc_row_inner][\/vc_column][\/vc_row][vc_row css=\u00bb.vc_custom_1523553543440{margin-top: 100px !important;}\u00bb][vc_column][vc_custom_heading text=\u00bbLABORATORIO DE CONTADORES DE AGUA\u00bb font_container=\u00bbtag:div|font_size:22px|text_align:center|color:%23303030&#8243; google_fonts=\u00bbfont_family:Montserrat%3Aregular%2C700|font_style:700%20bold%20regular%3A700%3Anormal\u00bb][vc_column_text css=\u00bb.vc_custom_1562321173838{margin-top: 25px !important;padding-right: 15px !important;padding-left: 15px !important;}\u00bb el_class=\u00bbsgq-p\u00bb]El Laboratorio de Contadores de Agua naci\u00f3 con la intenci\u00f3n de supervisar la producci\u00f3n de forma independiente y de emplear el conocimiento en el ensayo y la calibraci\u00f3n de contadores de agua. Desde 1993 se encuentra acreditado por el IPAC (Instituto Portugu\u00e9s de Acreditaci\u00f3n) para ensayos y calibraciones, seg\u00fan la norma ISO\/IEC 17025.[\/vc_column_text][\/vc_column][\/vc_row][vc_row][vc_column width=\u00bb1\/4&#8243;]            <a href=\"https:\/\/cgf.janz.pt\/wp-content\/uploads\/2023\/07\/M00192023-06-19.pdf\" class=\"dwnld-btn reverse\" download=\"\">Certificado de Acreditaci\u00f3n M0019<\/a>\n        [\/vc_column][vc_column width=\u00bb1\/4&#8243;]            <a href=\"https:\/\/cgf.janz.pt\/wp-content\/uploads\/2023\/10\/Anexo-Tecnico-de-Acreditacao-M0019A12023-09-01.pdf\" class=\"dwnld-btn reverse\" download=\"\">Anexo Tecnico M0019<\/a>\n        [\/vc_column][vc_column width=\u00bb1\/4&#8243;]            <a href=\"https:\/\/cgf.janz.pt\/wp-content\/uploads\/2023\/07\/L04052023-06-19.pdf\" class=\"dwnld-btn reverse\" download=\"\">Certificado de Acreditaci\u00f3n L0405<\/a>\n        [\/vc_column][vc_column width=\u00bb1\/4&#8243;]            <a href=\"https:\/\/cgf.janz.pt\/wp-content\/uploads\/2023\/10\/Anexo-Tecnico-de-Acreditacao-L0405A12023-09-01.pdf\" class=\"dwnld-btn reverse\" download=\"\">Anexo Tecnico L0405<\/a>\n        [\/vc_column][\/vc_row][vc_row][vc_column][vc_separator color=\u00bbwhite\u00bb border_width=\u00bb3&#8243;][\/vc_column][\/vc_row][vc_row][vc_column width=\u00bb1\/4&#8243;][\/vc_column][vc_column width=\u00bb1\/4&#8243;][\/vc_column][\/vc_row][vc_row][vc_column][vc_separator color=\u00bbwhite\u00bb border_width=\u00bb4&#8243;][\/vc_column][\/vc_row]<\/p>\n<\/div>","protected":false},"excerpt":{"rendered":"<p>[vc_row][vc_column width=\u00bb2\/3&#8243;][vc_cta h2=\u00bbPOL\u00cdTICA DE GESTI\u00d3N INTEGRADA\u00bb h2_font_container=\u00bbtag:h2|text_align:left|color:%23003139&#8243; h2_use_theme_fonts=\u00bbyes\u00bb txt_align=\u00bbcenter\u00bb style=\u00bbcustom\u00bb css=\u00bb\u00bb use_custom_fonts_h2=\u00bbtrue\u00bb custom_background=\u00bb#ffffff\u00bb el_class=\u00bbspecial_h2 page-title\u00bb][\/vc_cta][vc_column_text] En Janz, el proceso de [&hellip;]<\/p>\n","protected":false},"author":1,"featured_media":0,"parent":4793,"menu_order":0,"comment_status":"closed","ping_status":"closed","template":"","meta":{"_acf_changed":false,"_monsterinsights_skip_tracking":false,"_monsterinsights_sitenote_active":false,"_monsterinsights_sitenote_note":"","_monsterinsights_sitenote_category":0,"footnotes":""},"class_list":["post-4655","page","type-page","status-publish","hentry"],"acf":[],"yoast_head":"<!-- This site is optimized with the Yoast SEO plugin v26.9 - https:\/\/yoast.com\/product\/yoast-seo-wordpress\/ -->\n<title>Calidad: Pol\u00edtica de gesti\u00f3n integrada<\/title>\n<meta name=\"description\" content=\"JANZ eval\u00faa continuamente sus procesos para garantizar y elevar los est\u00e1ndares de calidad que siempre han caracterizado a JANZ.\" \/>\n<meta name=\"robots\" content=\"index, follow, max-snippet:-1, max-image-preview:large, max-video-preview:-1\" \/>\n<link rel=\"canonical\" href=\"https:\/\/cgf.janz.pt\/es\/quem-somos\/sistema-de-gestion-de-la-calidad\/\" \/>\n<meta property=\"og:locale\" content=\"es_ES\" \/>\n<meta property=\"og:type\" content=\"article\" \/>\n<meta property=\"og:title\" content=\"Sistema de Gest\u00e3o de Qualidade - CGF JANZ - Contagem e Gest\u00e3o de Flu\u00eddos\" \/>\n<meta property=\"og:description\" content=\"Temos o compromisso de avaliar os nossos processos. Damos forma\u00e7\u00e3o cont\u00ednua \u00e0 nossa equipa sobre Contadores de \u00c1gua, Pe\u00e7as de Precis\u00e3o, entre outros.\" \/>\n<meta property=\"og:url\" content=\"https:\/\/cgf.janz.pt\/es\/quem-somos\/sistema-de-gestion-de-la-calidad\/\" \/>\n<meta property=\"og:site_name\" content=\"Janz - Contagem e Gest\u00e3o de Flu\u00eddos S.A.\" \/>\n<meta property=\"article:modified_time\" content=\"2026-04-14T09:18:13+00:00\" \/>\n<meta property=\"og:image\" content=\"https:\/\/cgf.janz.pt\/wp-content\/uploads\/2018\/10\/cgf.janz_.pt-redes-sociais.png\" \/>\n\t<meta property=\"og:image:width\" content=\"1200\" \/>\n\t<meta property=\"og:image:height\" content=\"628\" \/>\n\t<meta property=\"og:image:type\" content=\"image\/png\" \/>\n<meta name=\"twitter:card\" content=\"summary_large_image\" \/>\n<meta name=\"twitter:label1\" content=\"Tiempo de lectura\" \/>\n\t<meta name=\"twitter:data1\" content=\"4 minutos\" \/>\n<script type=\"application\/ld+json\" class=\"yoast-schema-graph\">{\"@context\":\"https:\/\/schema.org\",\"@graph\":[{\"@type\":\"WebPage\",\"@id\":\"https:\/\/cgf.janz.pt\/es\/quem-somos\/sistema-de-gestion-de-la-calidad\/\",\"url\":\"https:\/\/cgf.janz.pt\/es\/quem-somos\/sistema-de-gestion-de-la-calidad\/\",\"name\":\"Calidad: Pol\u00edtica de gesti\u00f3n integrada\",\"isPartOf\":{\"@id\":\"https:\/\/cgf.janz.pt\/#website\"},\"datePublished\":\"2018-04-11T16:01:33+00:00\",\"dateModified\":\"2026-04-14T09:18:13+00:00\",\"description\":\"JANZ eval\u00faa continuamente sus procesos para garantizar y elevar los est\u00e1ndares de calidad que siempre han caracterizado a JANZ.\",\"breadcrumb\":{\"@id\":\"https:\/\/cgf.janz.pt\/es\/quem-somos\/sistema-de-gestion-de-la-calidad\/#breadcrumb\"},\"inLanguage\":\"es\",\"potentialAction\":[{\"@type\":\"ReadAction\",\"target\":[\"https:\/\/cgf.janz.pt\/es\/quem-somos\/sistema-de-gestion-de-la-calidad\/\"]}]},{\"@type\":\"BreadcrumbList\",\"@id\":\"https:\/\/cgf.janz.pt\/es\/quem-somos\/sistema-de-gestion-de-la-calidad\/#breadcrumb\",\"itemListElement\":[{\"@type\":\"ListItem\",\"position\":1,\"name\":\"In\u00edcio\",\"item\":\"https:\/\/cgf.janz.pt\/es\/\"},{\"@type\":\"ListItem\",\"position\":2,\"name\":\"Empresa\",\"item\":\"https:\/\/cgf.janz.pt\/es\/quem-somos\/\"},{\"@type\":\"ListItem\",\"position\":3,\"name\":\"Pol\u00edtica de Gesti\u00f3n Integrada\"}]},{\"@type\":\"WebSite\",\"@id\":\"https:\/\/cgf.janz.pt\/#website\",\"url\":\"https:\/\/cgf.janz.pt\/\",\"name\":\"Janz - Contagem e Gest\u00e3o de Flu\u00eddos S.A.\",\"description\":\"Fabrica, comercializa e distribu\u00ed contadores de \u00e0gua, pe\u00e7as de precis\u00e3o e injec\u00e7\u00e3o de pl\u00e1sticos\",\"potentialAction\":[{\"@type\":\"SearchAction\",\"target\":{\"@type\":\"EntryPoint\",\"urlTemplate\":\"https:\/\/cgf.janz.pt\/?s={search_term_string}\"},\"query-input\":{\"@type\":\"PropertyValueSpecification\",\"valueRequired\":true,\"valueName\":\"search_term_string\"}}],\"inLanguage\":\"es\"}]}<\/script>\n<!-- \/ Yoast SEO plugin. -->","yoast_head_json":{"title":"Calidad: Pol\u00edtica de gesti\u00f3n integrada","description":"JANZ eval\u00faa continuamente sus procesos para garantizar y elevar los est\u00e1ndares de calidad que siempre han caracterizado a JANZ.","robots":{"index":"index","follow":"follow","max-snippet":"max-snippet:-1","max-image-preview":"max-image-preview:large","max-video-preview":"max-video-preview:-1"},"canonical":"https:\/\/cgf.janz.pt\/es\/quem-somos\/sistema-de-gestion-de-la-calidad\/","og_locale":"es_ES","og_type":"article","og_title":"Sistema de Gest\u00e3o de Qualidade - CGF JANZ - Contagem e Gest\u00e3o de Flu\u00eddos","og_description":"Temos o compromisso de avaliar os nossos processos. Damos forma\u00e7\u00e3o cont\u00ednua \u00e0 nossa equipa sobre Contadores de \u00c1gua, Pe\u00e7as de Precis\u00e3o, entre outros.","og_url":"https:\/\/cgf.janz.pt\/es\/quem-somos\/sistema-de-gestion-de-la-calidad\/","og_site_name":"Janz - Contagem e Gest\u00e3o de Flu\u00eddos S.A.","article_modified_time":"2026-04-14T09:18:13+00:00","og_image":[{"width":1200,"height":628,"url":"https:\/\/cgf.janz.pt\/wp-content\/uploads\/2018\/10\/cgf.janz_.pt-redes-sociais.png","type":"image\/png"}],"twitter_card":"summary_large_image","twitter_misc":{"Tiempo de lectura":"4 minutos"},"schema":{"@context":"https:\/\/schema.org","@graph":[{"@type":"WebPage","@id":"https:\/\/cgf.janz.pt\/es\/quem-somos\/sistema-de-gestion-de-la-calidad\/","url":"https:\/\/cgf.janz.pt\/es\/quem-somos\/sistema-de-gestion-de-la-calidad\/","name":"Calidad: Pol\u00edtica de gesti\u00f3n integrada","isPartOf":{"@id":"https:\/\/cgf.janz.pt\/#website"},"datePublished":"2018-04-11T16:01:33+00:00","dateModified":"2026-04-14T09:18:13+00:00","description":"JANZ eval\u00faa continuamente sus procesos para garantizar y elevar los est\u00e1ndares de calidad que siempre han caracterizado a JANZ.","breadcrumb":{"@id":"https:\/\/cgf.janz.pt\/es\/quem-somos\/sistema-de-gestion-de-la-calidad\/#breadcrumb"},"inLanguage":"es","potentialAction":[{"@type":"ReadAction","target":["https:\/\/cgf.janz.pt\/es\/quem-somos\/sistema-de-gestion-de-la-calidad\/"]}]},{"@type":"BreadcrumbList","@id":"https:\/\/cgf.janz.pt\/es\/quem-somos\/sistema-de-gestion-de-la-calidad\/#breadcrumb","itemListElement":[{"@type":"ListItem","position":1,"name":"In\u00edcio","item":"https:\/\/cgf.janz.pt\/es\/"},{"@type":"ListItem","position":2,"name":"Empresa","item":"https:\/\/cgf.janz.pt\/es\/quem-somos\/"},{"@type":"ListItem","position":3,"name":"Pol\u00edtica de Gesti\u00f3n Integrada"}]},{"@type":"WebSite","@id":"https:\/\/cgf.janz.pt\/#website","url":"https:\/\/cgf.janz.pt\/","name":"Janz - Contagem e Gest\u00e3o de Flu\u00eddos S.A.","description":"Fabrica, comercializa e distribu\u00ed contadores de \u00e0gua, pe\u00e7as de precis\u00e3o e injec\u00e7\u00e3o de pl\u00e1sticos","potentialAction":[{"@type":"SearchAction","target":{"@type":"EntryPoint","urlTemplate":"https:\/\/cgf.janz.pt\/?s={search_term_string}"},"query-input":{"@type":"PropertyValueSpecification","valueRequired":true,"valueName":"search_term_string"}}],"inLanguage":"es"}]}},"_links":{"self":[{"href":"https:\/\/cgf.janz.pt\/es\/wp-json\/wp\/v2\/pages\/4655","targetHints":{"allow":["GET"]}}],"collection":[{"href":"https:\/\/cgf.janz.pt\/es\/wp-json\/wp\/v2\/pages"}],"about":[{"href":"https:\/\/cgf.janz.pt\/es\/wp-json\/wp\/v2\/types\/page"}],"author":[{"embeddable":true,"href":"https:\/\/cgf.janz.pt\/es\/wp-json\/wp\/v2\/users\/1"}],"replies":[{"embeddable":true,"href":"https:\/\/cgf.janz.pt\/es\/wp-json\/wp\/v2\/comments?post=4655"}],"version-history":[{"count":40,"href":"https:\/\/cgf.janz.pt\/es\/wp-json\/wp\/v2\/pages\/4655\/revisions"}],"predecessor-version":[{"id":11966,"href":"https:\/\/cgf.janz.pt\/es\/wp-json\/wp\/v2\/pages\/4655\/revisions\/11966"}],"up":[{"embeddable":true,"href":"https:\/\/cgf.janz.pt\/es\/wp-json\/wp\/v2\/pages\/4793"}],"wp:attachment":[{"href":"https:\/\/cgf.janz.pt\/es\/wp-json\/wp\/v2\/media?parent=4655"}],"curies":[{"name":"wp","href":"https:\/\/api.w.org\/{rel}","templated":true}]}}