{"id":4491,"date":"2019-03-20T10:30:46","date_gmt":"2019-03-20T10:30:46","guid":{"rendered":"https:\/\/cgf.janz.pt\/servicos\/"},"modified":"2024-10-01T16:47:28","modified_gmt":"2024-10-01T15:47:28","slug":"servicios","status":"publish","type":"page","link":"https:\/\/cgf.janz.pt\/es\/servicios\/","title":{"rendered":"Servicios"},"content":{"rendered":"<div class=\"wpb-content-wrapper\"><p>[vc_row][vc_column][vc_cta h2=\u00bbSERVICIOS \u00bb h2_font_container=\u00bbcolor:%23003139&#8243; h2_use_theme_fonts=\u00bbyes\u00bb txt_align=\u00bbcenter\u00bb style=\u00bbcustom\u00bb use_custom_fonts_h2=\u00bbtrue\u00bb custom_background=\u00bb#ffffff\u00bb el_class=\u00bbspecial_h2 page-title\u00bb][\/vc_cta][vc_column_text]Janz ofrece el mejor servicio de asistencia posventa del mercado.<\/p>\n<p>Ponemos a disposici\u00f3n de nuestros clientes laboratorios independientes y acreditados para ensayos y calibraciones a los contadores de agua.<\/p>\n<p>Nuestras oficinas ofrecen tambi\u00e9n servicios de recalificaci\u00f3n de contadores de agua que permiten no solo la rehabilitaci\u00f3n metrol\u00f3gica del contador, sino tambi\u00e9n su actualizaci\u00f3n tecnol\u00f3gica, lo que permite asociarlos a modernos sistemas de telegesti\u00f3n y control, garantizando as\u00ed los mejores resultados.[\/vc_column_text][\/vc_column][\/vc_row][vc_row][vc_column][vc_column_text]<\/p>\n<h2><strong>Conozca los servicios que tenemos disponibles para las dos \u00e1reas de negocio:<\/strong><\/h2>\n<p>[\/vc_column_text][\/vc_column][\/vc_row][vc_row][vc_column width=\u00bb1\/3&#8243;][vc_single_image image=\u00bb2186&#8243; alignment=\u00bbcenter\u00bb][vc_cta h2=\u00bbContadores de Agua \u00ab]\u2013 Recalificaci\u00f3n<\/p>\n<p>\u2013 Calibraci\u00f3n y Ensayos[\/vc_cta][\/vc_column][vc_column width=\u00bb1\/3&#8243;][vc_single_image image=\u00bb6146&#8243; alignment=\u00bbcenter\u00bb][vc_cta h2=\u00bbInyecci\u00f3n de Pl\u00e1sticos\u00bb]\u2013 Mantenimiento de Moldes<\/p>\n<p>\u2013 Apoyo y asistencia en el proceso de industrializaci\u00f3n[\/vc_cta][\/vc_column][\/vc_row][vc_row][vc_column]<div class=\"contact-form-wrapper\">\n    <div class=\"container\">\n        <div class=\"row\">\n            <div class=\"col-12 col-md-4\">\n                <div class=\"cf-title\">\n                    HABLE CON NOSOTROS                <\/div>\n                <div class=\"cf-text\">\n                    No dude en ponerse en contacto con nosotros. Estamos aqu\u00ed para solucionar sus dudas.                 <\/div>\n            <\/div>\n            <div class=\"col-12 col-md-8\">\n                \n<div class=\"wpcf7 no-js\" id=\"wpcf7-f4412-o1\" lang=\"pt-PT\" dir=\"ltr\" data-wpcf7-id=\"4412\">\n<div class=\"screen-reader-response\"><p role=\"status\" aria-live=\"polite\" aria-atomic=\"true\"><\/p> <ul><\/ul><\/div>\n<form action=\"\/es\/wp-json\/wp\/v2\/pages\/4491#wpcf7-f4412-o1\" method=\"post\" class=\"wpcf7-form init\" aria-label=\"Formul\u00e1rio de contacto\" novalidate=\"novalidate\" data-status=\"init\">\n<fieldset class=\"hidden-fields-container\"><input type=\"hidden\" name=\"_wpcf7\" value=\"4412\" \/><input type=\"hidden\" name=\"_wpcf7_version\" value=\"6.1.4\" \/><input type=\"hidden\" name=\"_wpcf7_locale\" value=\"pt_PT\" \/><input type=\"hidden\" name=\"_wpcf7_unit_tag\" value=\"wpcf7-f4412-o1\" \/><input type=\"hidden\" name=\"_wpcf7_container_post\" value=\"0\" \/><input type=\"hidden\" name=\"_wpcf7_posted_data_hash\" value=\"\" \/><input type=\"hidden\" name=\"_wpcf7_recaptcha_response\" value=\"\" \/>\n<\/fieldset>\n<div class=\"form-line-template\">\n<div>\n<label>Primer Nombre*:<\/label>\n<span class=\"wpcf7-form-control-wrap\" data-name=\"your-name\"><input size=\"40\" maxlength=\"400\" class=\"wpcf7-form-control wpcf7-text wpcf7-validates-as-required\" aria-required=\"true\" aria-invalid=\"false\" value=\"\" type=\"text\" name=\"your-name\" \/><\/span>\n<\/div>\n<div>\n\n<label>Ultimo Nombre*:<\/label>\n<span class=\"wpcf7-form-control-wrap\" data-name=\"last-name\"><input size=\"40\" maxlength=\"400\" class=\"wpcf7-form-control wpcf7-text wpcf7-validates-as-required\" aria-required=\"true\" aria-invalid=\"false\" value=\"\" type=\"text\" name=\"last-name\" \/><\/span>\n<\/div>\n\n<div class=\"full\">\n<label>Empresa*:<\/label>\n<span class=\"wpcf7-form-control-wrap\" data-name=\"company\"><input size=\"40\" maxlength=\"400\" class=\"wpcf7-form-control wpcf7-text wpcf7-validates-as-required\" aria-required=\"true\" aria-invalid=\"false\" value=\"\" type=\"text\" name=\"company\" \/><\/span>\n<\/div>\n    \n<div>\n<label>Email*:<\/label>\n<span class=\"wpcf7-form-control-wrap\" data-name=\"your-email\"><input size=\"40\" maxlength=\"400\" class=\"wpcf7-form-control wpcf7-email wpcf7-validates-as-required wpcf7-text wpcf7-validates-as-email\" aria-required=\"true\" aria-invalid=\"false\" value=\"\" type=\"email\" name=\"your-email\" \/><\/span>\n<\/div>\n\n<div>\n<label>Telefono*:<\/label>\n<span class=\"wpcf7-form-control-wrap\" data-name=\"phone\"><input size=\"40\" maxlength=\"400\" class=\"wpcf7-form-control wpcf7-text wpcf7-validates-as-required\" aria-required=\"true\" aria-invalid=\"false\" value=\"\" type=\"text\" name=\"phone\" \/><\/span>\n<\/div>\n\n<div class=\"full\">\n<label>Mensagem*:<\/label>\n<span class=\"wpcf7-form-control-wrap\" data-name=\"message\"><textarea cols=\"40\" rows=\"10\" maxlength=\"2000\" class=\"wpcf7-form-control wpcf7-textarea\" aria-invalid=\"false\" name=\"message\"><\/textarea><\/span>\n<\/div>\n<div class=\"check full\">\n<span class=\"wpcf7-form-control-wrap\" data-name=\"your-consent\"><span class=\"wpcf7-form-control wpcf7-acceptance\"><span class=\"wpcf7-list-item\"><label><input type=\"checkbox\" name=\"your-consent\" value=\"1\" aria-invalid=\"false\" \/><span class=\"wpcf7-list-item-label\">De conformidad con el RGPD, al aceptar las condiciones confirmo que autorizo el tratamiento de mis datos personales para fines exclusivamente profesionales, que los datos que he proporcionado son verdaderos y que pueden utilizarse para ponerse en contacto conmigo.*<\/span><\/label><\/span><\/span><\/span>\n<\/div>\n<div class=\"full\">\n<p>*Campos de relleno obligatorio<\/p>\n<input class=\"wpcf7-form-control wpcf7-submit has-spinner\" type=\"submit\" value=\"Enviar\" \/>\n<\/div>\n<\/div><div class=\"wpcf7-response-output\" aria-hidden=\"true\"><\/div>\n<\/form>\n<\/div>\n            <\/div>\n        <\/div>\n    <\/div>\n<\/div>\n[\/vc_column][\/vc_row]<\/p>\n<\/div>","protected":false},"excerpt":{"rendered":"<p>[vc_row][vc_column][vc_cta h2=\u00bbSERVICIOS \u00bb h2_font_container=\u00bbcolor:%23003139&#8243; h2_use_theme_fonts=\u00bbyes\u00bb txt_align=\u00bbcenter\u00bb style=\u00bbcustom\u00bb use_custom_fonts_h2=\u00bbtrue\u00bb custom_background=\u00bb#ffffff\u00bb el_class=\u00bbspecial_h2 page-title\u00bb][\/vc_cta][vc_column_text]Janz ofrece el mejor servicio de asistencia posventa del mercado. [&hellip;]<\/p>\n","protected":false},"author":7,"featured_media":0,"parent":0,"menu_order":0,"comment_status":"closed","ping_status":"closed","template":"","meta":{"_acf_changed":false,"_monsterinsights_skip_tracking":false,"_monsterinsights_sitenote_active":false,"_monsterinsights_sitenote_note":"","_monsterinsights_sitenote_category":0,"footnotes":""},"class_list":["post-4491","page","type-page","status-publish","hentry"],"acf":[],"yoast_head":"<!-- This site is optimized with the Yoast SEO plugin v26.9 - https:\/\/yoast.com\/product\/yoast-seo-wordpress\/ -->\n<title>Servicios - Janz - Contagem e Gest\u00e3o de Flu\u00eddos S.A.<\/title>\n<meta name=\"description\" content=\"Contamos con laboratorios independientes y acreditados para ensayos y calibraciones metrol\u00f3gicas y otros servicios de medidores de agua. Conozca m\u00e1s\" \/>\n<meta name=\"robots\" content=\"index, follow, max-snippet:-1, max-image-preview:large, max-video-preview:-1\" \/>\n<link rel=\"canonical\" href=\"https:\/\/cgf.janz.pt\/es\/servicios\/\" \/>\n<meta property=\"og:locale\" content=\"es_ES\" \/>\n<meta property=\"og:type\" content=\"article\" \/>\n<meta property=\"og:title\" content=\"Servicios - Janz - Contagem e Gest\u00e3o de Flu\u00eddos S.A.\" \/>\n<meta property=\"og:description\" content=\"Contamos con laboratorios independientes y acreditados para ensayos y calibraciones metrol\u00f3gicas y otros servicios de medidores de agua. Conozca m\u00e1s\" \/>\n<meta property=\"og:url\" content=\"https:\/\/cgf.janz.pt\/es\/servicios\/\" \/>\n<meta property=\"og:site_name\" content=\"Janz - Contagem e Gest\u00e3o de Flu\u00eddos S.A.\" \/>\n<meta property=\"article:modified_time\" content=\"2024-10-01T15:47:28+00:00\" \/>\n<meta property=\"og:image\" content=\"https:\/\/cgf.janz.pt\/wp-content\/uploads\/2018\/10\/cgf.janz_.pt-redes-sociais.png\" \/>\n\t<meta property=\"og:image:width\" content=\"1200\" \/>\n\t<meta property=\"og:image:height\" content=\"628\" \/>\n\t<meta property=\"og:image:type\" content=\"image\/png\" \/>\n<meta name=\"twitter:card\" content=\"summary_large_image\" \/>\n<meta name=\"twitter:label1\" content=\"Tiempo de lectura\" \/>\n\t<meta name=\"twitter:data1\" content=\"1 minuto\" \/>\n<script type=\"application\/ld+json\" class=\"yoast-schema-graph\">{\"@context\":\"https:\/\/schema.org\",\"@graph\":[{\"@type\":\"WebPage\",\"@id\":\"https:\/\/cgf.janz.pt\/es\/servicios\/\",\"url\":\"https:\/\/cgf.janz.pt\/es\/servicios\/\",\"name\":\"Servicios - Janz - Contagem e Gest\u00e3o de Flu\u00eddos S.A.\",\"isPartOf\":{\"@id\":\"https:\/\/cgf.janz.pt\/#website\"},\"datePublished\":\"2019-03-20T10:30:46+00:00\",\"dateModified\":\"2024-10-01T15:47:28+00:00\",\"description\":\"Contamos con laboratorios independientes y acreditados para ensayos y calibraciones metrol\u00f3gicas y otros servicios de medidores de agua. Conozca m\u00e1s\",\"breadcrumb\":{\"@id\":\"https:\/\/cgf.janz.pt\/es\/servicios\/#breadcrumb\"},\"inLanguage\":\"es\",\"potentialAction\":[{\"@type\":\"ReadAction\",\"target\":[\"https:\/\/cgf.janz.pt\/es\/servicios\/\"]}]},{\"@type\":\"BreadcrumbList\",\"@id\":\"https:\/\/cgf.janz.pt\/es\/servicios\/#breadcrumb\",\"itemListElement\":[{\"@type\":\"ListItem\",\"position\":1,\"name\":\"In\u00edcio\",\"item\":\"https:\/\/cgf.janz.pt\/es\/\"},{\"@type\":\"ListItem\",\"position\":2,\"name\":\"Servicios\"}]},{\"@type\":\"WebSite\",\"@id\":\"https:\/\/cgf.janz.pt\/#website\",\"url\":\"https:\/\/cgf.janz.pt\/\",\"name\":\"Janz - Contagem e Gest\u00e3o de Flu\u00eddos S.A.\",\"description\":\"Fabrica, comercializa e distribu\u00ed contadores de \u00e0gua, pe\u00e7as de precis\u00e3o e injec\u00e7\u00e3o de pl\u00e1sticos\",\"potentialAction\":[{\"@type\":\"SearchAction\",\"target\":{\"@type\":\"EntryPoint\",\"urlTemplate\":\"https:\/\/cgf.janz.pt\/?s={search_term_string}\"},\"query-input\":{\"@type\":\"PropertyValueSpecification\",\"valueRequired\":true,\"valueName\":\"search_term_string\"}}],\"inLanguage\":\"es\"}]}<\/script>\n<!-- \/ Yoast SEO plugin. -->","yoast_head_json":{"title":"Servicios - Janz - Contagem e Gest\u00e3o de Flu\u00eddos S.A.","description":"Contamos con laboratorios independientes y acreditados para ensayos y calibraciones metrol\u00f3gicas y otros servicios de medidores de agua. Conozca m\u00e1s","robots":{"index":"index","follow":"follow","max-snippet":"max-snippet:-1","max-image-preview":"max-image-preview:large","max-video-preview":"max-video-preview:-1"},"canonical":"https:\/\/cgf.janz.pt\/es\/servicios\/","og_locale":"es_ES","og_type":"article","og_title":"Servicios - Janz - Contagem e Gest\u00e3o de Flu\u00eddos S.A.","og_description":"Contamos con laboratorios independientes y acreditados para ensayos y calibraciones metrol\u00f3gicas y otros servicios de medidores de agua. Conozca m\u00e1s","og_url":"https:\/\/cgf.janz.pt\/es\/servicios\/","og_site_name":"Janz - Contagem e Gest\u00e3o de Flu\u00eddos S.A.","article_modified_time":"2024-10-01T15:47:28+00:00","og_image":[{"width":1200,"height":628,"url":"https:\/\/cgf.janz.pt\/wp-content\/uploads\/2018\/10\/cgf.janz_.pt-redes-sociais.png","type":"image\/png"}],"twitter_card":"summary_large_image","twitter_misc":{"Tiempo de lectura":"1 minuto"},"schema":{"@context":"https:\/\/schema.org","@graph":[{"@type":"WebPage","@id":"https:\/\/cgf.janz.pt\/es\/servicios\/","url":"https:\/\/cgf.janz.pt\/es\/servicios\/","name":"Servicios - Janz - Contagem e Gest\u00e3o de Flu\u00eddos S.A.","isPartOf":{"@id":"https:\/\/cgf.janz.pt\/#website"},"datePublished":"2019-03-20T10:30:46+00:00","dateModified":"2024-10-01T15:47:28+00:00","description":"Contamos con laboratorios independientes y acreditados para ensayos y calibraciones metrol\u00f3gicas y otros servicios de medidores de agua. Conozca m\u00e1s","breadcrumb":{"@id":"https:\/\/cgf.janz.pt\/es\/servicios\/#breadcrumb"},"inLanguage":"es","potentialAction":[{"@type":"ReadAction","target":["https:\/\/cgf.janz.pt\/es\/servicios\/"]}]},{"@type":"BreadcrumbList","@id":"https:\/\/cgf.janz.pt\/es\/servicios\/#breadcrumb","itemListElement":[{"@type":"ListItem","position":1,"name":"In\u00edcio","item":"https:\/\/cgf.janz.pt\/es\/"},{"@type":"ListItem","position":2,"name":"Servicios"}]},{"@type":"WebSite","@id":"https:\/\/cgf.janz.pt\/#website","url":"https:\/\/cgf.janz.pt\/","name":"Janz - Contagem e Gest\u00e3o de Flu\u00eddos S.A.","description":"Fabrica, comercializa e distribu\u00ed contadores de \u00e0gua, pe\u00e7as de precis\u00e3o e injec\u00e7\u00e3o de pl\u00e1sticos","potentialAction":[{"@type":"SearchAction","target":{"@type":"EntryPoint","urlTemplate":"https:\/\/cgf.janz.pt\/?s={search_term_string}"},"query-input":{"@type":"PropertyValueSpecification","valueRequired":true,"valueName":"search_term_string"}}],"inLanguage":"es"}]}},"_links":{"self":[{"href":"https:\/\/cgf.janz.pt\/es\/wp-json\/wp\/v2\/pages\/4491","targetHints":{"allow":["GET"]}}],"collection":[{"href":"https:\/\/cgf.janz.pt\/es\/wp-json\/wp\/v2\/pages"}],"about":[{"href":"https:\/\/cgf.janz.pt\/es\/wp-json\/wp\/v2\/types\/page"}],"author":[{"embeddable":true,"href":"https:\/\/cgf.janz.pt\/es\/wp-json\/wp\/v2\/users\/7"}],"replies":[{"embeddable":true,"href":"https:\/\/cgf.janz.pt\/es\/wp-json\/wp\/v2\/comments?post=4491"}],"version-history":[{"count":13,"href":"https:\/\/cgf.janz.pt\/es\/wp-json\/wp\/v2\/pages\/4491\/revisions"}],"predecessor-version":[{"id":9775,"href":"https:\/\/cgf.janz.pt\/es\/wp-json\/wp\/v2\/pages\/4491\/revisions\/9775"}],"wp:attachment":[{"href":"https:\/\/cgf.janz.pt\/es\/wp-json\/wp\/v2\/media?parent=4491"}],"curies":[{"name":"wp","href":"https:\/\/api.w.org\/{rel}","templated":true}]}}