{"id":4143,"date":"2018-04-05T14:54:30","date_gmt":"2018-04-05T14:54:30","guid":{"rendered":"https:\/\/cgf.janz.pt\/produto\/jm300\/"},"modified":"2024-12-03T13:35:29","modified_gmt":"2024-12-03T13:35:29","slug":"water-meter-single-jet-jm300","status":"publish","type":"product","link":"https:\/\/cgf.janz.pt\/en\/product\/water-meter-single-jet-jm300\/","title":{"rendered":"Water Meter JM300"},"content":{"rendered":"<p>Single-jet water meter, with brass body, for residential applications. Developed according to the highest standards and in line with OIML-R49 standards.<\/p>\n","protected":false},"excerpt":{"rendered":"<p>Single jet water meter, with brass body. For residential applications.<\/p>\n","protected":false},"featured_media":2866,"template":"","meta":{"_acf_changed":false,"_monsterinsights_skip_tracking":false,"_monsterinsights_sitenote_active":false,"_monsterinsights_sitenote_note":"","_monsterinsights_sitenote_category":0},"product_brand":[],"product_cat":[210,175],"product_tag":[],"class_list":{"0":"post-4143","1":"product","2":"type-product","3":"status-publish","4":"has-post-thumbnail","6":"product_cat-global-en","7":"product_cat-water-meters","9":"first","10":"instock","11":"shipping-taxable","12":"product-type-variable","13":"has-default-attributes"},"acf":[],"yoast_head":"<!-- This site is optimized with the Yoast SEO plugin v26.9 - https:\/\/yoast.com\/product\/yoast-seo-wordpress\/ -->\n<title>Single-Jet Water Meter in brass | JM300 to R200<\/title>\n<meta name=\"description\" content=\"Single-jet water meter, with brass body, for residential drinking water up to R200. Developed with high standards, find out more...\" \/>\n<meta name=\"robots\" content=\"index, follow, max-snippet:-1, max-image-preview:large, max-video-preview:-1\" \/>\n<link rel=\"canonical\" href=\"https:\/\/cgf.janz.pt\/en\/product\/water-meter-single-jet-jm300\/\" \/>\n<meta property=\"og:locale\" content=\"en_US\" \/>\n<meta property=\"og:type\" content=\"article\" \/>\n<meta property=\"og:title\" content=\"Single-Jet Water Meter in brass | JM300 to R200\" \/>\n<meta property=\"og:description\" content=\"CGF Janz - Fabrica, comercializa e distribu\u00ed contadores de \u00e1gua, pe\u00e7as de precis\u00e3o e inje\u00e7\u00e3o de pl\u00e1sticos, para mercado nacional e internacional.\" \/>\n<meta property=\"og:url\" content=\"https:\/\/cgf.janz.pt\/en\/product\/water-meter-single-jet-jm300\/\" \/>\n<meta property=\"og:site_name\" content=\"Janz - Contagem e Gest\u00e3o de Flu\u00eddos S.A.\" \/>\n<meta property=\"article:modified_time\" content=\"2024-12-03T13:35:29+00:00\" \/>\n<meta property=\"og:image\" content=\"https:\/\/cgf.janz.pt\/wp-content\/uploads\/2018\/10\/cgf.janz_.pt-redes-sociais.png\" \/>\n\t<meta property=\"og:image:width\" content=\"1200\" \/>\n\t<meta property=\"og:image:height\" content=\"628\" \/>\n\t<meta property=\"og:image:type\" content=\"image\/png\" \/>\n<meta name=\"twitter:card\" content=\"summary_large_image\" \/>\n<meta name=\"twitter:label1\" content=\"Est. reading time\" \/>\n\t<meta name=\"twitter:data1\" content=\"1 minute\" \/>\n<script type=\"application\/ld+json\" class=\"yoast-schema-graph\">{\"@context\":\"https:\/\/schema.org\",\"@graph\":[{\"@type\":\"WebPage\",\"@id\":\"https:\/\/cgf.janz.pt\/en\/product\/water-meter-single-jet-jm300\/\",\"url\":\"https:\/\/cgf.janz.pt\/en\/product\/water-meter-single-jet-jm300\/\",\"name\":\"Single-Jet Water Meter in brass | JM300 to R200\",\"isPartOf\":{\"@id\":\"https:\/\/cgf.janz.pt\/#website\"},\"primaryImageOfPage\":{\"@id\":\"https:\/\/cgf.janz.pt\/en\/product\/water-meter-single-jet-jm300\/#primaryimage\"},\"image\":{\"@id\":\"https:\/\/cgf.janz.pt\/en\/product\/water-meter-single-jet-jm300\/#primaryimage\"},\"thumbnailUrl\":\"https:\/\/cgf.janz.pt\/wp-content\/uploads\/2018\/04\/contador-de-agua-residencial-monojato-jm300.png\",\"datePublished\":\"2018-04-05T14:54:30+00:00\",\"dateModified\":\"2024-12-03T13:35:29+00:00\",\"description\":\"Single-jet water meter, with brass body, for residential drinking water up to R200. Developed with high standards, find out more...\",\"breadcrumb\":{\"@id\":\"https:\/\/cgf.janz.pt\/en\/product\/water-meter-single-jet-jm300\/#breadcrumb\"},\"inLanguage\":\"en-US\",\"potentialAction\":[{\"@type\":\"ReadAction\",\"target\":[\"https:\/\/cgf.janz.pt\/en\/product\/water-meter-single-jet-jm300\/\"]}]},{\"@type\":\"ImageObject\",\"inLanguage\":\"en-US\",\"@id\":\"https:\/\/cgf.janz.pt\/en\/product\/water-meter-single-jet-jm300\/#primaryimage\",\"url\":\"https:\/\/cgf.janz.pt\/wp-content\/uploads\/2018\/04\/contador-de-agua-residencial-monojato-jm300.png\",\"contentUrl\":\"https:\/\/cgf.janz.pt\/wp-content\/uploads\/2018\/04\/contador-de-agua-residencial-monojato-jm300.png\",\"width\":2126,\"height\":2762},{\"@type\":\"BreadcrumbList\",\"@id\":\"https:\/\/cgf.janz.pt\/en\/product\/water-meter-single-jet-jm300\/#breadcrumb\",\"itemListElement\":[{\"@type\":\"ListItem\",\"position\":1,\"name\":\"In\u00edcio\",\"item\":\"https:\/\/cgf.janz.pt\/en\/\"},{\"@type\":\"ListItem\",\"position\":2,\"name\":\"Products\",\"item\":\"https:\/\/cgf.janz.pt\/en\/contadores-de-agua\/\"},{\"@type\":\"ListItem\",\"position\":3,\"name\":\"Water Meter JM300\"}]},{\"@type\":\"WebSite\",\"@id\":\"https:\/\/cgf.janz.pt\/#website\",\"url\":\"https:\/\/cgf.janz.pt\/\",\"name\":\"Janz - Contagem e Gest\u00e3o de Flu\u00eddos S.A.\",\"description\":\"Fabrica, comercializa e distribu\u00ed contadores de \u00e0gua, pe\u00e7as de precis\u00e3o e injec\u00e7\u00e3o de pl\u00e1sticos\",\"potentialAction\":[{\"@type\":\"SearchAction\",\"target\":{\"@type\":\"EntryPoint\",\"urlTemplate\":\"https:\/\/cgf.janz.pt\/?s={search_term_string}\"},\"query-input\":{\"@type\":\"PropertyValueSpecification\",\"valueRequired\":true,\"valueName\":\"search_term_string\"}}],\"inLanguage\":\"en-US\"}]}<\/script>\n<!-- \/ Yoast SEO plugin. -->","yoast_head_json":{"title":"Single-Jet Water Meter in brass | JM300 to R200","description":"Single-jet water meter, with brass body, for residential drinking water up to R200. Developed with high standards, find out more...","robots":{"index":"index","follow":"follow","max-snippet":"max-snippet:-1","max-image-preview":"max-image-preview:large","max-video-preview":"max-video-preview:-1"},"canonical":"https:\/\/cgf.janz.pt\/en\/product\/water-meter-single-jet-jm300\/","og_locale":"en_US","og_type":"article","og_title":"Single-Jet Water Meter in brass | JM300 to R200","og_description":"CGF Janz - Fabrica, comercializa e distribu\u00ed contadores de \u00e1gua, pe\u00e7as de precis\u00e3o e inje\u00e7\u00e3o de pl\u00e1sticos, para mercado nacional e internacional.","og_url":"https:\/\/cgf.janz.pt\/en\/product\/water-meter-single-jet-jm300\/","og_site_name":"Janz - Contagem e Gest\u00e3o de Flu\u00eddos S.A.","article_modified_time":"2024-12-03T13:35:29+00:00","og_image":[{"width":1200,"height":628,"url":"https:\/\/cgf.janz.pt\/wp-content\/uploads\/2018\/10\/cgf.janz_.pt-redes-sociais.png","type":"image\/png"}],"twitter_card":"summary_large_image","twitter_misc":{"Est. reading time":"1 minute"},"schema":{"@context":"https:\/\/schema.org","@graph":[{"@type":"WebPage","@id":"https:\/\/cgf.janz.pt\/en\/product\/water-meter-single-jet-jm300\/","url":"https:\/\/cgf.janz.pt\/en\/product\/water-meter-single-jet-jm300\/","name":"Single-Jet Water Meter in brass | JM300 to R200","isPartOf":{"@id":"https:\/\/cgf.janz.pt\/#website"},"primaryImageOfPage":{"@id":"https:\/\/cgf.janz.pt\/en\/product\/water-meter-single-jet-jm300\/#primaryimage"},"image":{"@id":"https:\/\/cgf.janz.pt\/en\/product\/water-meter-single-jet-jm300\/#primaryimage"},"thumbnailUrl":"https:\/\/cgf.janz.pt\/wp-content\/uploads\/2018\/04\/contador-de-agua-residencial-monojato-jm300.png","datePublished":"2018-04-05T14:54:30+00:00","dateModified":"2024-12-03T13:35:29+00:00","description":"Single-jet water meter, with brass body, for residential drinking water up to R200. Developed with high standards, find out more...","breadcrumb":{"@id":"https:\/\/cgf.janz.pt\/en\/product\/water-meter-single-jet-jm300\/#breadcrumb"},"inLanguage":"en-US","potentialAction":[{"@type":"ReadAction","target":["https:\/\/cgf.janz.pt\/en\/product\/water-meter-single-jet-jm300\/"]}]},{"@type":"ImageObject","inLanguage":"en-US","@id":"https:\/\/cgf.janz.pt\/en\/product\/water-meter-single-jet-jm300\/#primaryimage","url":"https:\/\/cgf.janz.pt\/wp-content\/uploads\/2018\/04\/contador-de-agua-residencial-monojato-jm300.png","contentUrl":"https:\/\/cgf.janz.pt\/wp-content\/uploads\/2018\/04\/contador-de-agua-residencial-monojato-jm300.png","width":2126,"height":2762},{"@type":"BreadcrumbList","@id":"https:\/\/cgf.janz.pt\/en\/product\/water-meter-single-jet-jm300\/#breadcrumb","itemListElement":[{"@type":"ListItem","position":1,"name":"In\u00edcio","item":"https:\/\/cgf.janz.pt\/en\/"},{"@type":"ListItem","position":2,"name":"Products","item":"https:\/\/cgf.janz.pt\/en\/contadores-de-agua\/"},{"@type":"ListItem","position":3,"name":"Water Meter JM300"}]},{"@type":"WebSite","@id":"https:\/\/cgf.janz.pt\/#website","url":"https:\/\/cgf.janz.pt\/","name":"Janz - Contagem e Gest\u00e3o de Flu\u00eddos S.A.","description":"Fabrica, comercializa e distribu\u00ed contadores de \u00e0gua, pe\u00e7as de precis\u00e3o e injec\u00e7\u00e3o de pl\u00e1sticos","potentialAction":[{"@type":"SearchAction","target":{"@type":"EntryPoint","urlTemplate":"https:\/\/cgf.janz.pt\/?s={search_term_string}"},"query-input":{"@type":"PropertyValueSpecification","valueRequired":true,"valueName":"search_term_string"}}],"inLanguage":"en-US"}]}},"_links":{"self":[{"href":"https:\/\/cgf.janz.pt\/en\/wp-json\/wp\/v2\/product\/4143","targetHints":{"allow":["GET"]}}],"collection":[{"href":"https:\/\/cgf.janz.pt\/en\/wp-json\/wp\/v2\/product"}],"about":[{"href":"https:\/\/cgf.janz.pt\/en\/wp-json\/wp\/v2\/types\/product"}],"wp:featuredmedia":[{"embeddable":true,"href":"https:\/\/cgf.janz.pt\/en\/wp-json\/wp\/v2\/media\/2866"}],"wp:attachment":[{"href":"https:\/\/cgf.janz.pt\/en\/wp-json\/wp\/v2\/media?parent=4143"}],"wp:term":[{"taxonomy":"product_brand","embeddable":true,"href":"https:\/\/cgf.janz.pt\/en\/wp-json\/wp\/v2\/product_brand?post=4143"},{"taxonomy":"product_cat","embeddable":true,"href":"https:\/\/cgf.janz.pt\/en\/wp-json\/wp\/v2\/product_cat?post=4143"},{"taxonomy":"product_tag","embeddable":true,"href":"https:\/\/cgf.janz.pt\/en\/wp-json\/wp\/v2\/product_tag?post=4143"}],"curies":[{"name":"wp","href":"https:\/\/api.w.org\/{rel}","templated":true}]}}