{"id":4115,"date":"2018-04-05T14:54:33","date_gmt":"2018-04-05T14:54:33","guid":{"rendered":"https:\/\/cgf.janz.pt\/produto\/mst\/"},"modified":"2024-12-13T09:53:40","modified_gmt":"2024-12-13T09:53:40","slug":"water-meter-multi-jet-mst","status":"publish","type":"product","link":"https:\/\/cgf.janz.pt\/en\/product\/water-meter-multi-jet-mst\/","title":{"rendered":"Water Meter MST"},"content":{"rendered":"<p>MST multi-jet water meter, with brass body, for commercial or industrial applications. Developed according to the highest standards and in line with OIML-R49 standards.<\/p>\n","protected":false},"excerpt":{"rendered":"<p>Multijet water meter for drinking water.<\/p>\n","protected":false},"featured_media":2454,"template":"","meta":{"_acf_changed":false,"_monsterinsights_skip_tracking":false,"_monsterinsights_sitenote_active":false,"_monsterinsights_sitenote_note":"","_monsterinsights_sitenote_category":0},"product_brand":[],"product_cat":[210,175],"product_tag":[],"class_list":{"0":"post-4115","1":"product","2":"type-product","3":"status-publish","4":"has-post-thumbnail","6":"product_cat-global-en","7":"product_cat-water-meters","9":"first","10":"instock","11":"shipping-taxable","12":"product-type-simple"},"acf":[],"yoast_head":"<!-- This site is optimized with the Yoast SEO plugin v26.9 - https:\/\/yoast.com\/product\/yoast-seo-wordpress\/ -->\n<title>Brass multi-jet water meter up to R100 | MST<\/title>\n<meta name=\"description\" content=\"Brass multi-jet water meter up to R100 for drinking water for commercial or industrial applications. Developed with high standards, find out more...\" \/>\n<meta name=\"robots\" content=\"index, follow, max-snippet:-1, max-image-preview:large, max-video-preview:-1\" \/>\n<link rel=\"canonical\" href=\"https:\/\/cgf.janz.pt\/en\/product\/water-meter-multi-jet-mst\/\" \/>\n<meta property=\"og:locale\" content=\"en_US\" \/>\n<meta property=\"og:type\" content=\"article\" \/>\n<meta property=\"og:title\" content=\"Brass multi-jet water meter up to R100 | MST\" \/>\n<meta property=\"og:description\" content=\"CGF Janz - Fabrica, comercializa e distribu\u00ed contadores de \u00e1gua, pe\u00e7as de precis\u00e3o e inje\u00e7\u00e3o de pl\u00e1sticos, para mercado nacional e internacional.\" \/>\n<meta property=\"og:url\" content=\"https:\/\/cgf.janz.pt\/en\/product\/water-meter-multi-jet-mst\/\" \/>\n<meta property=\"og:site_name\" content=\"Janz - Contagem e Gest\u00e3o de Flu\u00eddos S.A.\" \/>\n<meta property=\"article:modified_time\" content=\"2024-12-13T09:53:40+00:00\" \/>\n<meta property=\"og:image\" content=\"https:\/\/cgf.janz.pt\/wp-content\/uploads\/2018\/10\/cgf.janz_.pt-redes-sociais.png\" \/>\n\t<meta property=\"og:image:width\" content=\"1200\" \/>\n\t<meta property=\"og:image:height\" content=\"628\" \/>\n\t<meta property=\"og:image:type\" content=\"image\/png\" \/>\n<meta name=\"twitter:card\" content=\"summary_large_image\" \/>\n<meta name=\"twitter:label1\" content=\"Est. reading time\" \/>\n\t<meta name=\"twitter:data1\" content=\"1 minute\" \/>\n<script type=\"application\/ld+json\" class=\"yoast-schema-graph\">{\"@context\":\"https:\/\/schema.org\",\"@graph\":[{\"@type\":\"WebPage\",\"@id\":\"https:\/\/cgf.janz.pt\/en\/product\/water-meter-multi-jet-mst\/\",\"url\":\"https:\/\/cgf.janz.pt\/en\/product\/water-meter-multi-jet-mst\/\",\"name\":\"Brass multi-jet water meter up to R100 | MST\",\"isPartOf\":{\"@id\":\"https:\/\/cgf.janz.pt\/#website\"},\"primaryImageOfPage\":{\"@id\":\"https:\/\/cgf.janz.pt\/en\/product\/water-meter-multi-jet-mst\/#primaryimage\"},\"image\":{\"@id\":\"https:\/\/cgf.janz.pt\/en\/product\/water-meter-multi-jet-mst\/#primaryimage\"},\"thumbnailUrl\":\"https:\/\/cgf.janz.pt\/wp-content\/uploads\/2018\/04\/contador-de-agua-multijato-residencial-comercial-mst.png\",\"datePublished\":\"2018-04-05T14:54:33+00:00\",\"dateModified\":\"2024-12-13T09:53:40+00:00\",\"description\":\"Brass multi-jet water meter up to R100 for drinking water for commercial or industrial applications. Developed with high standards, find out more...\",\"breadcrumb\":{\"@id\":\"https:\/\/cgf.janz.pt\/en\/product\/water-meter-multi-jet-mst\/#breadcrumb\"},\"inLanguage\":\"en-US\",\"potentialAction\":[{\"@type\":\"ReadAction\",\"target\":[\"https:\/\/cgf.janz.pt\/en\/product\/water-meter-multi-jet-mst\/\"]}]},{\"@type\":\"ImageObject\",\"inLanguage\":\"en-US\",\"@id\":\"https:\/\/cgf.janz.pt\/en\/product\/water-meter-multi-jet-mst\/#primaryimage\",\"url\":\"https:\/\/cgf.janz.pt\/wp-content\/uploads\/2018\/04\/contador-de-agua-multijato-residencial-comercial-mst.png\",\"contentUrl\":\"https:\/\/cgf.janz.pt\/wp-content\/uploads\/2018\/04\/contador-de-agua-multijato-residencial-comercial-mst.png\",\"width\":612,\"height\":500,\"caption\":\"MST: Contador de \u00e1gua multijato residencial e comercial\"},{\"@type\":\"BreadcrumbList\",\"@id\":\"https:\/\/cgf.janz.pt\/en\/product\/water-meter-multi-jet-mst\/#breadcrumb\",\"itemListElement\":[{\"@type\":\"ListItem\",\"position\":1,\"name\":\"In\u00edcio\",\"item\":\"https:\/\/cgf.janz.pt\/en\/\"},{\"@type\":\"ListItem\",\"position\":2,\"name\":\"Products\",\"item\":\"https:\/\/cgf.janz.pt\/en\/contadores-de-agua\/\"},{\"@type\":\"ListItem\",\"position\":3,\"name\":\"Water Meter MST\"}]},{\"@type\":\"WebSite\",\"@id\":\"https:\/\/cgf.janz.pt\/#website\",\"url\":\"https:\/\/cgf.janz.pt\/\",\"name\":\"Janz - Contagem e Gest\u00e3o de Flu\u00eddos S.A.\",\"description\":\"Fabrica, comercializa e distribu\u00ed contadores de \u00e0gua, pe\u00e7as de precis\u00e3o e injec\u00e7\u00e3o de pl\u00e1sticos\",\"potentialAction\":[{\"@type\":\"SearchAction\",\"target\":{\"@type\":\"EntryPoint\",\"urlTemplate\":\"https:\/\/cgf.janz.pt\/?s={search_term_string}\"},\"query-input\":{\"@type\":\"PropertyValueSpecification\",\"valueRequired\":true,\"valueName\":\"search_term_string\"}}],\"inLanguage\":\"en-US\"}]}<\/script>\n<!-- \/ Yoast SEO plugin. -->","yoast_head_json":{"title":"Brass multi-jet water meter up to R100 | MST","description":"Brass multi-jet water meter up to R100 for drinking water for commercial or industrial applications. Developed with high standards, find out more...","robots":{"index":"index","follow":"follow","max-snippet":"max-snippet:-1","max-image-preview":"max-image-preview:large","max-video-preview":"max-video-preview:-1"},"canonical":"https:\/\/cgf.janz.pt\/en\/product\/water-meter-multi-jet-mst\/","og_locale":"en_US","og_type":"article","og_title":"Brass multi-jet water meter up to R100 | MST","og_description":"CGF Janz - Fabrica, comercializa e distribu\u00ed contadores de \u00e1gua, pe\u00e7as de precis\u00e3o e inje\u00e7\u00e3o de pl\u00e1sticos, para mercado nacional e internacional.","og_url":"https:\/\/cgf.janz.pt\/en\/product\/water-meter-multi-jet-mst\/","og_site_name":"Janz - Contagem e Gest\u00e3o de Flu\u00eddos S.A.","article_modified_time":"2024-12-13T09:53:40+00:00","og_image":[{"width":1200,"height":628,"url":"https:\/\/cgf.janz.pt\/wp-content\/uploads\/2018\/10\/cgf.janz_.pt-redes-sociais.png","type":"image\/png"}],"twitter_card":"summary_large_image","twitter_misc":{"Est. reading time":"1 minute"},"schema":{"@context":"https:\/\/schema.org","@graph":[{"@type":"WebPage","@id":"https:\/\/cgf.janz.pt\/en\/product\/water-meter-multi-jet-mst\/","url":"https:\/\/cgf.janz.pt\/en\/product\/water-meter-multi-jet-mst\/","name":"Brass multi-jet water meter up to R100 | MST","isPartOf":{"@id":"https:\/\/cgf.janz.pt\/#website"},"primaryImageOfPage":{"@id":"https:\/\/cgf.janz.pt\/en\/product\/water-meter-multi-jet-mst\/#primaryimage"},"image":{"@id":"https:\/\/cgf.janz.pt\/en\/product\/water-meter-multi-jet-mst\/#primaryimage"},"thumbnailUrl":"https:\/\/cgf.janz.pt\/wp-content\/uploads\/2018\/04\/contador-de-agua-multijato-residencial-comercial-mst.png","datePublished":"2018-04-05T14:54:33+00:00","dateModified":"2024-12-13T09:53:40+00:00","description":"Brass multi-jet water meter up to R100 for drinking water for commercial or industrial applications. Developed with high standards, find out more...","breadcrumb":{"@id":"https:\/\/cgf.janz.pt\/en\/product\/water-meter-multi-jet-mst\/#breadcrumb"},"inLanguage":"en-US","potentialAction":[{"@type":"ReadAction","target":["https:\/\/cgf.janz.pt\/en\/product\/water-meter-multi-jet-mst\/"]}]},{"@type":"ImageObject","inLanguage":"en-US","@id":"https:\/\/cgf.janz.pt\/en\/product\/water-meter-multi-jet-mst\/#primaryimage","url":"https:\/\/cgf.janz.pt\/wp-content\/uploads\/2018\/04\/contador-de-agua-multijato-residencial-comercial-mst.png","contentUrl":"https:\/\/cgf.janz.pt\/wp-content\/uploads\/2018\/04\/contador-de-agua-multijato-residencial-comercial-mst.png","width":612,"height":500,"caption":"MST: Contador de \u00e1gua multijato residencial e comercial"},{"@type":"BreadcrumbList","@id":"https:\/\/cgf.janz.pt\/en\/product\/water-meter-multi-jet-mst\/#breadcrumb","itemListElement":[{"@type":"ListItem","position":1,"name":"In\u00edcio","item":"https:\/\/cgf.janz.pt\/en\/"},{"@type":"ListItem","position":2,"name":"Products","item":"https:\/\/cgf.janz.pt\/en\/contadores-de-agua\/"},{"@type":"ListItem","position":3,"name":"Water Meter MST"}]},{"@type":"WebSite","@id":"https:\/\/cgf.janz.pt\/#website","url":"https:\/\/cgf.janz.pt\/","name":"Janz - Contagem e Gest\u00e3o de Flu\u00eddos S.A.","description":"Fabrica, comercializa e distribu\u00ed contadores de \u00e0gua, pe\u00e7as de precis\u00e3o e injec\u00e7\u00e3o de pl\u00e1sticos","potentialAction":[{"@type":"SearchAction","target":{"@type":"EntryPoint","urlTemplate":"https:\/\/cgf.janz.pt\/?s={search_term_string}"},"query-input":{"@type":"PropertyValueSpecification","valueRequired":true,"valueName":"search_term_string"}}],"inLanguage":"en-US"}]}},"_links":{"self":[{"href":"https:\/\/cgf.janz.pt\/en\/wp-json\/wp\/v2\/product\/4115","targetHints":{"allow":["GET"]}}],"collection":[{"href":"https:\/\/cgf.janz.pt\/en\/wp-json\/wp\/v2\/product"}],"about":[{"href":"https:\/\/cgf.janz.pt\/en\/wp-json\/wp\/v2\/types\/product"}],"wp:featuredmedia":[{"embeddable":true,"href":"https:\/\/cgf.janz.pt\/en\/wp-json\/wp\/v2\/media\/2454"}],"wp:attachment":[{"href":"https:\/\/cgf.janz.pt\/en\/wp-json\/wp\/v2\/media?parent=4115"}],"wp:term":[{"taxonomy":"product_brand","embeddable":true,"href":"https:\/\/cgf.janz.pt\/en\/wp-json\/wp\/v2\/product_brand?post=4115"},{"taxonomy":"product_cat","embeddable":true,"href":"https:\/\/cgf.janz.pt\/en\/wp-json\/wp\/v2\/product_cat?post=4115"},{"taxonomy":"product_tag","embeddable":true,"href":"https:\/\/cgf.janz.pt\/en\/wp-json\/wp\/v2\/product_tag?post=4115"}],"curies":[{"name":"wp","href":"https:\/\/api.w.org\/{rel}","templated":true}]}}