{"id":10043,"date":"2024-10-30T12:11:07","date_gmt":"2024-10-30T12:11:07","guid":{"rendered":"https:\/\/cgf.janz.pt\/produto\/contador-de-agua-totalizador-electronico-jv400e-eregister\/"},"modified":"2025-02-10T13:34:33","modified_gmt":"2025-02-10T13:34:33","slug":"water-meters-electronic-register-jv400e-eregister","status":"publish","type":"product","link":"https:\/\/cgf.janz.pt\/en\/product\/water-meters-electronic-register-jv400e-eregister\/","title":{"rendered":"Water Meter JV400e | eREGISTER"},"content":{"rendered":"<p>Volumetric Water Meter with Electronic Register with brass body, for residential or commercial applications.<\/p>\n","protected":false},"excerpt":{"rendered":"<p>Volumetric water meter with electronic register, with brass body, for drinking water. For residential or commercial applications.<\/p>\n","protected":false},"featured_media":10039,"template":"","meta":{"_acf_changed":false,"_monsterinsights_skip_tracking":false,"_monsterinsights_sitenote_active":false,"_monsterinsights_sitenote_note":"","_monsterinsights_sitenote_category":0},"product_brand":[],"product_cat":[210,175],"product_tag":[],"class_list":{"0":"post-10043","1":"product","2":"type-product","3":"status-publish","4":"has-post-thumbnail","6":"product_cat-global-en","7":"product_cat-water-meters","9":"first","10":"instock","11":"shipping-taxable","12":"product-type-simple"},"acf":[],"yoast_head":"<!-- This site is optimized with the Yoast SEO plugin v26.9 - https:\/\/yoast.com\/product\/yoast-seo-wordpress\/ -->\n<title>Water Meters Electronic Register in Brass | JV400e<\/title>\n<meta name=\"description\" content=\"Volumetric Water Meters with Electronic Register, with brass body, for drinking water for residential or commercial applications up to R800.\" \/>\n<meta name=\"robots\" content=\"index, follow, max-snippet:-1, max-image-preview:large, max-video-preview:-1\" \/>\n<link rel=\"canonical\" href=\"https:\/\/cgf.janz.pt\/en\/product\/water-meters-electronic-register-jv400e-eregister\/\" \/>\n<meta property=\"og:locale\" content=\"en_US\" \/>\n<meta property=\"og:type\" content=\"article\" \/>\n<meta property=\"og:title\" content=\"Water Meters Electronic Register in Brass | JV400e\" \/>\n<meta property=\"og:description\" content=\"Volumetric Water Meters with Electronic Register, with brass body, for drinking water for residential or commercial applications up to R800.\" \/>\n<meta property=\"og:url\" content=\"https:\/\/cgf.janz.pt\/en\/product\/water-meters-electronic-register-jv400e-eregister\/\" \/>\n<meta property=\"og:site_name\" content=\"Janz - Contagem e Gest\u00e3o de Flu\u00eddos S.A.\" \/>\n<meta property=\"article:modified_time\" content=\"2025-02-10T13:34:33+00:00\" \/>\n<meta property=\"og:image\" content=\"https:\/\/cgf.janz.pt\/wp-content\/uploads\/2024\/10\/Janz_JV400e-1_short-1024x919.png\" \/>\n\t<meta property=\"og:image:width\" content=\"1024\" \/>\n\t<meta property=\"og:image:height\" content=\"919\" \/>\n\t<meta property=\"og:image:type\" content=\"image\/png\" \/>\n<meta name=\"twitter:card\" content=\"summary_large_image\" \/>\n<meta name=\"twitter:label1\" content=\"Est. reading time\" \/>\n\t<meta name=\"twitter:data1\" content=\"1 minute\" \/>\n<script type=\"application\/ld+json\" class=\"yoast-schema-graph\">{\"@context\":\"https:\/\/schema.org\",\"@graph\":[{\"@type\":\"WebPage\",\"@id\":\"https:\/\/cgf.janz.pt\/en\/product\/water-meters-electronic-register-jv400e-eregister\/\",\"url\":\"https:\/\/cgf.janz.pt\/en\/product\/water-meters-electronic-register-jv400e-eregister\/\",\"name\":\"Water Meters Electronic Register in Brass | JV400e\",\"isPartOf\":{\"@id\":\"https:\/\/cgf.janz.pt\/#website\"},\"primaryImageOfPage\":{\"@id\":\"https:\/\/cgf.janz.pt\/en\/product\/water-meters-electronic-register-jv400e-eregister\/#primaryimage\"},\"image\":{\"@id\":\"https:\/\/cgf.janz.pt\/en\/product\/water-meters-electronic-register-jv400e-eregister\/#primaryimage\"},\"thumbnailUrl\":\"https:\/\/cgf.janz.pt\/wp-content\/uploads\/2024\/10\/Janz_JV400e-1_short.png\",\"datePublished\":\"2024-10-30T12:11:07+00:00\",\"dateModified\":\"2025-02-10T13:34:33+00:00\",\"description\":\"Volumetric Water Meters with Electronic Register, with brass body, for drinking water for residential or commercial applications up to R800.\",\"breadcrumb\":{\"@id\":\"https:\/\/cgf.janz.pt\/en\/product\/water-meters-electronic-register-jv400e-eregister\/#breadcrumb\"},\"inLanguage\":\"en-US\",\"potentialAction\":[{\"@type\":\"ReadAction\",\"target\":[\"https:\/\/cgf.janz.pt\/en\/product\/water-meters-electronic-register-jv400e-eregister\/\"]}]},{\"@type\":\"ImageObject\",\"inLanguage\":\"en-US\",\"@id\":\"https:\/\/cgf.janz.pt\/en\/product\/water-meters-electronic-register-jv400e-eregister\/#primaryimage\",\"url\":\"https:\/\/cgf.janz.pt\/wp-content\/uploads\/2024\/10\/Janz_JV400e-1_short.png\",\"contentUrl\":\"https:\/\/cgf.janz.pt\/wp-content\/uploads\/2024\/10\/Janz_JV400e-1_short.png\",\"width\":3048,\"height\":2735},{\"@type\":\"BreadcrumbList\",\"@id\":\"https:\/\/cgf.janz.pt\/en\/product\/water-meters-electronic-register-jv400e-eregister\/#breadcrumb\",\"itemListElement\":[{\"@type\":\"ListItem\",\"position\":1,\"name\":\"In\u00edcio\",\"item\":\"https:\/\/cgf.janz.pt\/en\/\"},{\"@type\":\"ListItem\",\"position\":2,\"name\":\"Products\",\"item\":\"https:\/\/cgf.janz.pt\/en\/contadores-de-agua\/\"},{\"@type\":\"ListItem\",\"position\":3,\"name\":\"Water Meter JV400e | eREGISTER\"}]},{\"@type\":\"WebSite\",\"@id\":\"https:\/\/cgf.janz.pt\/#website\",\"url\":\"https:\/\/cgf.janz.pt\/\",\"name\":\"Janz - Contagem e Gest\u00e3o de Flu\u00eddos S.A.\",\"description\":\"Fabrica, comercializa e distribu\u00ed contadores de \u00e0gua, pe\u00e7as de precis\u00e3o e injec\u00e7\u00e3o de pl\u00e1sticos\",\"potentialAction\":[{\"@type\":\"SearchAction\",\"target\":{\"@type\":\"EntryPoint\",\"urlTemplate\":\"https:\/\/cgf.janz.pt\/?s={search_term_string}\"},\"query-input\":{\"@type\":\"PropertyValueSpecification\",\"valueRequired\":true,\"valueName\":\"search_term_string\"}}],\"inLanguage\":\"en-US\"}]}<\/script>\n<!-- \/ Yoast SEO plugin. -->","yoast_head_json":{"title":"Water Meters Electronic Register in Brass | JV400e","description":"Volumetric Water Meters with Electronic Register, with brass body, for drinking water for residential or commercial applications up to R800.","robots":{"index":"index","follow":"follow","max-snippet":"max-snippet:-1","max-image-preview":"max-image-preview:large","max-video-preview":"max-video-preview:-1"},"canonical":"https:\/\/cgf.janz.pt\/en\/product\/water-meters-electronic-register-jv400e-eregister\/","og_locale":"en_US","og_type":"article","og_title":"Water Meters Electronic Register in Brass | JV400e","og_description":"Volumetric Water Meters with Electronic Register, with brass body, for drinking water for residential or commercial applications up to R800.","og_url":"https:\/\/cgf.janz.pt\/en\/product\/water-meters-electronic-register-jv400e-eregister\/","og_site_name":"Janz - Contagem e Gest\u00e3o de Flu\u00eddos S.A.","article_modified_time":"2025-02-10T13:34:33+00:00","og_image":[{"width":1024,"height":919,"url":"https:\/\/cgf.janz.pt\/wp-content\/uploads\/2024\/10\/Janz_JV400e-1_short-1024x919.png","type":"image\/png"}],"twitter_card":"summary_large_image","twitter_misc":{"Est. reading time":"1 minute"},"schema":{"@context":"https:\/\/schema.org","@graph":[{"@type":"WebPage","@id":"https:\/\/cgf.janz.pt\/en\/product\/water-meters-electronic-register-jv400e-eregister\/","url":"https:\/\/cgf.janz.pt\/en\/product\/water-meters-electronic-register-jv400e-eregister\/","name":"Water Meters Electronic Register in Brass | JV400e","isPartOf":{"@id":"https:\/\/cgf.janz.pt\/#website"},"primaryImageOfPage":{"@id":"https:\/\/cgf.janz.pt\/en\/product\/water-meters-electronic-register-jv400e-eregister\/#primaryimage"},"image":{"@id":"https:\/\/cgf.janz.pt\/en\/product\/water-meters-electronic-register-jv400e-eregister\/#primaryimage"},"thumbnailUrl":"https:\/\/cgf.janz.pt\/wp-content\/uploads\/2024\/10\/Janz_JV400e-1_short.png","datePublished":"2024-10-30T12:11:07+00:00","dateModified":"2025-02-10T13:34:33+00:00","description":"Volumetric Water Meters with Electronic Register, with brass body, for drinking water for residential or commercial applications up to R800.","breadcrumb":{"@id":"https:\/\/cgf.janz.pt\/en\/product\/water-meters-electronic-register-jv400e-eregister\/#breadcrumb"},"inLanguage":"en-US","potentialAction":[{"@type":"ReadAction","target":["https:\/\/cgf.janz.pt\/en\/product\/water-meters-electronic-register-jv400e-eregister\/"]}]},{"@type":"ImageObject","inLanguage":"en-US","@id":"https:\/\/cgf.janz.pt\/en\/product\/water-meters-electronic-register-jv400e-eregister\/#primaryimage","url":"https:\/\/cgf.janz.pt\/wp-content\/uploads\/2024\/10\/Janz_JV400e-1_short.png","contentUrl":"https:\/\/cgf.janz.pt\/wp-content\/uploads\/2024\/10\/Janz_JV400e-1_short.png","width":3048,"height":2735},{"@type":"BreadcrumbList","@id":"https:\/\/cgf.janz.pt\/en\/product\/water-meters-electronic-register-jv400e-eregister\/#breadcrumb","itemListElement":[{"@type":"ListItem","position":1,"name":"In\u00edcio","item":"https:\/\/cgf.janz.pt\/en\/"},{"@type":"ListItem","position":2,"name":"Products","item":"https:\/\/cgf.janz.pt\/en\/contadores-de-agua\/"},{"@type":"ListItem","position":3,"name":"Water Meter JV400e | eREGISTER"}]},{"@type":"WebSite","@id":"https:\/\/cgf.janz.pt\/#website","url":"https:\/\/cgf.janz.pt\/","name":"Janz - Contagem e Gest\u00e3o de Flu\u00eddos S.A.","description":"Fabrica, comercializa e distribu\u00ed contadores de \u00e0gua, pe\u00e7as de precis\u00e3o e injec\u00e7\u00e3o de pl\u00e1sticos","potentialAction":[{"@type":"SearchAction","target":{"@type":"EntryPoint","urlTemplate":"https:\/\/cgf.janz.pt\/?s={search_term_string}"},"query-input":{"@type":"PropertyValueSpecification","valueRequired":true,"valueName":"search_term_string"}}],"inLanguage":"en-US"}]}},"_links":{"self":[{"href":"https:\/\/cgf.janz.pt\/en\/wp-json\/wp\/v2\/product\/10043","targetHints":{"allow":["GET"]}}],"collection":[{"href":"https:\/\/cgf.janz.pt\/en\/wp-json\/wp\/v2\/product"}],"about":[{"href":"https:\/\/cgf.janz.pt\/en\/wp-json\/wp\/v2\/types\/product"}],"wp:featuredmedia":[{"embeddable":true,"href":"https:\/\/cgf.janz.pt\/en\/wp-json\/wp\/v2\/media\/10039"}],"wp:attachment":[{"href":"https:\/\/cgf.janz.pt\/en\/wp-json\/wp\/v2\/media?parent=10043"}],"wp:term":[{"taxonomy":"product_brand","embeddable":true,"href":"https:\/\/cgf.janz.pt\/en\/wp-json\/wp\/v2\/product_brand?post=10043"},{"taxonomy":"product_cat","embeddable":true,"href":"https:\/\/cgf.janz.pt\/en\/wp-json\/wp\/v2\/product_cat?post=10043"},{"taxonomy":"product_tag","embeddable":true,"href":"https:\/\/cgf.janz.pt\/en\/wp-json\/wp\/v2\/product_tag?post=10043"}],"curies":[{"name":"wp","href":"https:\/\/api.w.org\/{rel}","templated":true}]}}