{"id":9423,"date":"2024-05-20T11:00:09","date_gmt":"2024-05-20T10:00:09","guid":{"rendered":"https:\/\/cgf.janz.pt\/?page_id=9423"},"modified":"2024-10-29T14:56:53","modified_gmt":"2024-10-29T14:56:53","slug":"general-terms-and-conditions-of-purchase","status":"publish","type":"page","link":"https:\/\/cgf.janz.pt\/en\/quem-somos\/general-terms-and-conditions-of-purchase\/","title":{"rendered":"General Terms and Conditions of\u00a0Purchase\u00a0"},"content":{"rendered":"<div class=\"wpb-content-wrapper\"><p>[vc_row][vc_column][vc_cta h2=&#8221;General Terms and Conditions of Purchase&#8221; txt_align=&#8221;center&#8221; style=&#8221;custom&#8221; el_class=&#8221;special_h2 special_white&#8221;]General terms and conditions which regulate the supply agreement between JANZ and its suppliers.<\/p>\n<p>Download the file: <a href=\"https:\/\/cgf.janz.pt\/wp-content\/uploads\/2024\/08\/JANZ_General-purchase-conditions_-EN_-2024-08-01.pdf\">General Terms and Conditions of Purchase<\/a>[\/vc_cta][\/vc_column][\/vc_row][vc_row][vc_column][\/vc_column][\/vc_row]<\/p>\n<\/div>","protected":false},"excerpt":{"rendered":"<p>[vc_row][vc_column][vc_cta h2=&#8221;General Terms and Conditions of Purchase&#8221; txt_align=&#8221;center&#8221; style=&#8221;custom&#8221; el_class=&#8221;special_h2 special_white&#8221;]General terms and conditions which regulate the supply agreement between [&hellip;]<\/p>\n","protected":false},"author":9,"featured_media":0,"parent":2976,"menu_order":0,"comment_status":"closed","ping_status":"closed","template":"","meta":{"_acf_changed":false,"_monsterinsights_skip_tracking":false,"_monsterinsights_sitenote_active":false,"_monsterinsights_sitenote_note":"","_monsterinsights_sitenote_category":0,"footnotes":""},"class_list":["post-9423","page","type-page","status-publish","hentry"],"acf":[],"yoast_head":"<!-- This site is optimized with the Yoast SEO plugin v26.9 - https:\/\/yoast.com\/product\/yoast-seo-wordpress\/ -->\n<title>General Terms and Conditions of\u00a0Purchase\u00a0<\/title>\n<meta name=\"description\" content=\"General terms and conditions which regulate the supply agreement between JANZ and its suppliers.\" \/>\n<meta name=\"robots\" content=\"index, follow, max-snippet:-1, max-image-preview:large, max-video-preview:-1\" \/>\n<link rel=\"canonical\" href=\"https:\/\/cgf.janz.pt\/en\/quem-somos\/general-terms-and-conditions-of-purchase\/\" \/>\n<meta property=\"og:locale\" content=\"en_US\" \/>\n<meta property=\"og:type\" content=\"article\" \/>\n<meta property=\"og:title\" content=\"General Terms and Conditions of\u00a0Purchase\u00a0\" \/>\n<meta property=\"og:description\" content=\"General terms and conditions which regulate the supply agreement between JANZ and its suppliers.\" \/>\n<meta property=\"og:url\" content=\"https:\/\/cgf.janz.pt\/en\/quem-somos\/general-terms-and-conditions-of-purchase\/\" \/>\n<meta property=\"og:site_name\" content=\"Janz - Contagem e Gest\u00e3o de Flu\u00eddos S.A.\" \/>\n<meta property=\"article:modified_time\" content=\"2024-10-29T14:56:53+00:00\" \/>\n<meta name=\"twitter:card\" content=\"summary_large_image\" \/>\n<meta name=\"twitter:label1\" content=\"Est. reading time\" \/>\n\t<meta name=\"twitter:data1\" content=\"1 minute\" \/>\n<script type=\"application\/ld+json\" class=\"yoast-schema-graph\">{\"@context\":\"https:\/\/schema.org\",\"@graph\":[{\"@type\":\"WebPage\",\"@id\":\"https:\/\/cgf.janz.pt\/en\/quem-somos\/general-terms-and-conditions-of-purchase\/\",\"url\":\"https:\/\/cgf.janz.pt\/en\/quem-somos\/general-terms-and-conditions-of-purchase\/\",\"name\":\"General Terms and Conditions of\u00a0Purchase\u00a0\",\"isPartOf\":{\"@id\":\"https:\/\/cgf.janz.pt\/#website\"},\"datePublished\":\"2024-05-20T10:00:09+00:00\",\"dateModified\":\"2024-10-29T14:56:53+00:00\",\"description\":\"General terms and conditions which regulate the supply agreement between JANZ and its suppliers.\",\"breadcrumb\":{\"@id\":\"https:\/\/cgf.janz.pt\/en\/quem-somos\/general-terms-and-conditions-of-purchase\/#breadcrumb\"},\"inLanguage\":\"en-US\",\"potentialAction\":[{\"@type\":\"ReadAction\",\"target\":[\"https:\/\/cgf.janz.pt\/en\/quem-somos\/general-terms-and-conditions-of-purchase\/\"]}]},{\"@type\":\"BreadcrumbList\",\"@id\":\"https:\/\/cgf.janz.pt\/en\/quem-somos\/general-terms-and-conditions-of-purchase\/#breadcrumb\",\"itemListElement\":[{\"@type\":\"ListItem\",\"position\":1,\"name\":\"In\u00edcio\",\"item\":\"https:\/\/cgf.janz.pt\/en\/\"},{\"@type\":\"ListItem\",\"position\":2,\"name\":\"Company\",\"item\":\"https:\/\/cgf.janz.pt\/en\/quem-somos\/\"},{\"@type\":\"ListItem\",\"position\":3,\"name\":\"General Terms and Conditions of\u00a0Purchase\u00a0\"}]},{\"@type\":\"WebSite\",\"@id\":\"https:\/\/cgf.janz.pt\/#website\",\"url\":\"https:\/\/cgf.janz.pt\/\",\"name\":\"Janz - Contagem e Gest\u00e3o de Flu\u00eddos S.A.\",\"description\":\"Fabrica, comercializa e distribu\u00ed contadores de \u00e0gua, pe\u00e7as de precis\u00e3o e injec\u00e7\u00e3o de pl\u00e1sticos\",\"potentialAction\":[{\"@type\":\"SearchAction\",\"target\":{\"@type\":\"EntryPoint\",\"urlTemplate\":\"https:\/\/cgf.janz.pt\/?s={search_term_string}\"},\"query-input\":{\"@type\":\"PropertyValueSpecification\",\"valueRequired\":true,\"valueName\":\"search_term_string\"}}],\"inLanguage\":\"en-US\"}]}<\/script>\n<!-- \/ Yoast SEO plugin. -->","yoast_head_json":{"title":"General Terms and Conditions of\u00a0Purchase\u00a0","description":"General terms and conditions which regulate the supply agreement between JANZ and its suppliers.","robots":{"index":"index","follow":"follow","max-snippet":"max-snippet:-1","max-image-preview":"max-image-preview:large","max-video-preview":"max-video-preview:-1"},"canonical":"https:\/\/cgf.janz.pt\/en\/quem-somos\/general-terms-and-conditions-of-purchase\/","og_locale":"en_US","og_type":"article","og_title":"General Terms and Conditions of\u00a0Purchase\u00a0","og_description":"General terms and conditions which regulate the supply agreement between JANZ and its suppliers.","og_url":"https:\/\/cgf.janz.pt\/en\/quem-somos\/general-terms-and-conditions-of-purchase\/","og_site_name":"Janz - Contagem e Gest\u00e3o de Flu\u00eddos S.A.","article_modified_time":"2024-10-29T14:56:53+00:00","twitter_card":"summary_large_image","twitter_misc":{"Est. reading time":"1 minute"},"schema":{"@context":"https:\/\/schema.org","@graph":[{"@type":"WebPage","@id":"https:\/\/cgf.janz.pt\/en\/quem-somos\/general-terms-and-conditions-of-purchase\/","url":"https:\/\/cgf.janz.pt\/en\/quem-somos\/general-terms-and-conditions-of-purchase\/","name":"General Terms and Conditions of\u00a0Purchase\u00a0","isPartOf":{"@id":"https:\/\/cgf.janz.pt\/#website"},"datePublished":"2024-05-20T10:00:09+00:00","dateModified":"2024-10-29T14:56:53+00:00","description":"General terms and conditions which regulate the supply agreement between JANZ and its suppliers.","breadcrumb":{"@id":"https:\/\/cgf.janz.pt\/en\/quem-somos\/general-terms-and-conditions-of-purchase\/#breadcrumb"},"inLanguage":"en-US","potentialAction":[{"@type":"ReadAction","target":["https:\/\/cgf.janz.pt\/en\/quem-somos\/general-terms-and-conditions-of-purchase\/"]}]},{"@type":"BreadcrumbList","@id":"https:\/\/cgf.janz.pt\/en\/quem-somos\/general-terms-and-conditions-of-purchase\/#breadcrumb","itemListElement":[{"@type":"ListItem","position":1,"name":"In\u00edcio","item":"https:\/\/cgf.janz.pt\/en\/"},{"@type":"ListItem","position":2,"name":"Company","item":"https:\/\/cgf.janz.pt\/en\/quem-somos\/"},{"@type":"ListItem","position":3,"name":"General Terms and Conditions of\u00a0Purchase\u00a0"}]},{"@type":"WebSite","@id":"https:\/\/cgf.janz.pt\/#website","url":"https:\/\/cgf.janz.pt\/","name":"Janz - Contagem e Gest\u00e3o de Flu\u00eddos S.A.","description":"Fabrica, comercializa e distribu\u00ed contadores de \u00e0gua, pe\u00e7as de precis\u00e3o e injec\u00e7\u00e3o de pl\u00e1sticos","potentialAction":[{"@type":"SearchAction","target":{"@type":"EntryPoint","urlTemplate":"https:\/\/cgf.janz.pt\/?s={search_term_string}"},"query-input":{"@type":"PropertyValueSpecification","valueRequired":true,"valueName":"search_term_string"}}],"inLanguage":"en-US"}]}},"_links":{"self":[{"href":"https:\/\/cgf.janz.pt\/en\/wp-json\/wp\/v2\/pages\/9423","targetHints":{"allow":["GET"]}}],"collection":[{"href":"https:\/\/cgf.janz.pt\/en\/wp-json\/wp\/v2\/pages"}],"about":[{"href":"https:\/\/cgf.janz.pt\/en\/wp-json\/wp\/v2\/types\/page"}],"author":[{"embeddable":true,"href":"https:\/\/cgf.janz.pt\/en\/wp-json\/wp\/v2\/users\/9"}],"replies":[{"embeddable":true,"href":"https:\/\/cgf.janz.pt\/en\/wp-json\/wp\/v2\/comments?post=9423"}],"version-history":[{"count":9,"href":"https:\/\/cgf.janz.pt\/en\/wp-json\/wp\/v2\/pages\/9423\/revisions"}],"predecessor-version":[{"id":10019,"href":"https:\/\/cgf.janz.pt\/en\/wp-json\/wp\/v2\/pages\/9423\/revisions\/10019"}],"up":[{"embeddable":true,"href":"https:\/\/cgf.janz.pt\/en\/wp-json\/wp\/v2\/pages\/2976"}],"wp:attachment":[{"href":"https:\/\/cgf.janz.pt\/en\/wp-json\/wp\/v2\/media?parent=9423"}],"curies":[{"name":"wp","href":"https:\/\/api.w.org\/{rel}","templated":true}]}}