{"id":3930,"date":"2018-04-16T10:32:42","date_gmt":"2018-04-16T10:32:42","guid":{"rendered":"https:\/\/cgf.janz.pt\/pecas-de-precisao\/industria\/"},"modified":"2022-06-30T11:29:02","modified_gmt":"2022-06-30T10:29:02","slug":"industry","status":"publish","type":"page","link":"https:\/\/cgf.janz.pt\/en\/precision-parts\/industry\/","title":{"rendered":"Industry"},"content":{"rendered":"<div class=\"wpb-content-wrapper\"><p>[vc_row css=&#8221;.vc_custom_1524136040991{margin-bottom: 90px !important;}&#8221;][vc_column width=&#8221;1\/2&#8243;][vc_cta h2=&#8221;INDUSTRY&#8221; h2_font_container=&#8221;color:%23003139&#8243; h2_use_theme_fonts=&#8221;yes&#8221; txt_align=&#8221;center&#8221; shape=&#8221;square&#8221; style=&#8221;custom&#8221; use_custom_fonts_h2=&#8221;true&#8221; el_class=&#8221;special_h2 special_white&#8221; css=&#8221;.vc_custom_1552922650131{border-top-width: 0px !important;border-right-width: 0px !important;border-bottom-width: 0px !important;border-left-width: 0px !important;}&#8221; custom_background=&#8221;#ffffff&#8221;][\/vc_cta][vc_column_text]<span class=\"tlid-translation translation\" lang=\"en\"><span title=\"\">Having developed important skills thanks to extensive experience in the internal production of components for its equipment, Janz has been on the market since 2000 as a supplier of precision parts, and since then has seen its technical capacity increasingly recognized<\/span> <span title=\"\">nationally and internationally.<\/span> <span class=\"\" title=\"\">We take pride in actively participating in some of the industry&#8217;s most demanding industries through close relationships with all our customers, including world-renowned brands.<\/span><\/span>[\/vc_column_text][\/vc_column][vc_column width=&#8221;1\/2&#8243;]    <div class=\"pecas-img\" style=\"background-image:url('https:\/\/cgf.janz.pt\/wp-content\/uploads\/2018\/05\/8.jpg');\">\r\n    <\/div>\r\n    [\/vc_column][\/vc_row][vc_row css=&#8221;.vc_custom_1524136159556{margin-bottom: 100px !important;}&#8221;][vc_column][vc_cta h2=&#8221;Skills and Technologies&#8221; h2_font_container=&#8221;color:%23003139&#8243; h2_use_theme_fonts=&#8221;yes&#8221; txt_align=&#8221;center&#8221; shape=&#8221;square&#8221; style=&#8221;custom&#8221; use_custom_fonts_h2=&#8221;true&#8221; el_class=&#8221;special_h2 special_white&#8221; css=&#8221;.vc_custom_1552922774283{border-top-width: 0px !important;border-right-width: 0px !important;border-bottom-width: 0px !important;border-left-width: 0px !important;}&#8221; custom_text=&#8221;rgba(255,255,255,0.01)&#8221; custom_background=&#8221;#ffffff&#8221;][\/vc_cta][vc_column_text]<span class=\"tlid-translation translation\" lang=\"en\"><span class=\"\" title=\"\">Aware of the growing demands of the markets, we are based on our constant updating of our machinery fleet, a highly qualified team with an adequate training plan and in permanent contact with our business partners, for whom we operate as a support<\/span> <span class=\"\" title=\"\">looking for new solutions and new product development.<\/span><\/span><\/p>\n<p><span class=\"\" title=\"\">Specialized in the manufacture of precision parts by turning, we currently have about 20 CNC machines, equipped with different technical options (up to 11 axes, turret or mobile head, clamping or bushing, bar or piece feed to piece<\/span> <span title=\"\">) that guarantee us the necessary versatility to the rapid response in the case of new projects and also to the variations in the amplitude of the requests of our clients.<\/span>[\/vc_column_text]    <div class=\"container\">\n        <div class=\"row\">\n            <div class=\"col-12\">\n                <div class=\"gallery-container\">\n                                            <div class=\"image-wrapper\">\n                            <a href=\"https:\/\/cgf.janz.pt\/wp-content\/uploads\/2018\/05\/7.jpg\" data-lightbox=\"https:\/\/cgf.janz.pt\/wp-content\/uploads\/2018\/05\/7.jpg\">\n                                <div class=\"image\" style=\"background-image:url('https:\/\/cgf.janz.pt\/wp-content\/uploads\/2018\/05\/7.jpg')\"><\/div>\n                            <\/a>\n                        <\/div>\n                                                <div class=\"image-wrapper\">\n                            <a href=\"https:\/\/cgf.janz.pt\/wp-content\/uploads\/2018\/07\/industria-pecas-de-precisao-janz.jpg\" data-lightbox=\"https:\/\/cgf.janz.pt\/wp-content\/uploads\/2018\/07\/industria-pecas-de-precisao-janz.jpg\">\n                                <div class=\"image\" style=\"background-image:url('https:\/\/cgf.janz.pt\/wp-content\/uploads\/2018\/07\/industria-pecas-de-precisao-janz.jpg')\"><\/div>\n                            <\/a>\n                        <\/div>\n                                                <div class=\"image-wrapper\">\n                            <a href=\"https:\/\/cgf.janz.pt\/wp-content\/uploads\/2018\/05\/5.jpg\" data-lightbox=\"https:\/\/cgf.janz.pt\/wp-content\/uploads\/2018\/05\/5.jpg\">\n                                <div class=\"image\" style=\"background-image:url('https:\/\/cgf.janz.pt\/wp-content\/uploads\/2018\/05\/5.jpg')\"><\/div>\n                            <\/a>\n                        <\/div>\n                                                <div class=\"image-wrapper\">\n                            <a href=\"https:\/\/cgf.janz.pt\/wp-content\/uploads\/2018\/05\/3.jpg\" data-lightbox=\"https:\/\/cgf.janz.pt\/wp-content\/uploads\/2018\/05\/3.jpg\">\n                                <div class=\"image\" style=\"background-image:url('https:\/\/cgf.janz.pt\/wp-content\/uploads\/2018\/05\/3.jpg')\"><\/div>\n                            <\/a>\n                        <\/div>\n                                                <div class=\"image-wrapper\">\n                            <a href=\"https:\/\/cgf.janz.pt\/wp-content\/uploads\/2018\/05\/1.jpg\" data-lightbox=\"https:\/\/cgf.janz.pt\/wp-content\/uploads\/2018\/05\/1.jpg\">\n                                <div class=\"image\" style=\"background-image:url('https:\/\/cgf.janz.pt\/wp-content\/uploads\/2018\/05\/1.jpg')\"><\/div>\n                            <\/a>\n                        <\/div>\n                                                <div class=\"image-wrapper\">\n                            <a href=\"https:\/\/cgf.janz.pt\/wp-content\/uploads\/2018\/05\/2.jpg\" data-lightbox=\"https:\/\/cgf.janz.pt\/wp-content\/uploads\/2018\/05\/2.jpg\">\n                                <div class=\"image\" style=\"background-image:url('https:\/\/cgf.janz.pt\/wp-content\/uploads\/2018\/05\/2.jpg')\"><\/div>\n                            <\/a>\n                        <\/div>\n                                                <div class=\"image-wrapper\">\n                            <a href=\"https:\/\/cgf.janz.pt\/wp-content\/uploads\/2018\/05\/6.jpg\" data-lightbox=\"https:\/\/cgf.janz.pt\/wp-content\/uploads\/2018\/05\/6.jpg\">\n                                <div class=\"image\" style=\"background-image:url('https:\/\/cgf.janz.pt\/wp-content\/uploads\/2018\/05\/6.jpg')\"><\/div>\n                            <\/a>\n                        <\/div>\n                                        <\/div>\n            <\/div>\n        <\/div>\n    <\/div>\n    [\/vc_column][\/vc_row][vc_row full_width=&#8221;stretch_row&#8221; css=&#8221;.vc_custom_1524148242577{padding-top: 75px !important;padding-bottom: 75px !important;background-image: url(http:\/\/cgf.janz.pt\/wp-content\/uploads\/2018\/03\/06_fundo01.jpg?id=89) !important;background-position: center !important;background-repeat: no-repeat !important;background-size: cover !important;}&#8221;][vc_column][vc_cta h2=&#8221;DOWNLOAD OUR CERTIFICATIONS&#8221; txt_align=&#8221;center&#8221; shape=&#8221;square&#8221; style=&#8221;custom&#8221; el_class=&#8221;special_h2 special_white white-text small&#8221; css=&#8221;.vc_custom_1553162948992{margin-bottom: -70px !important;border-top-width: 0px !important;border-right-width: 0px !important;border-bottom-width: 0px !important;border-left-width: 0px !important;}&#8221; custom_background=&#8221;rgba(0,0,0,0.01)&#8221;][\/vc_cta][vc_single_image image=&#8221;7730&#8243; alignment=&#8221;center&#8221;]            <a href=\"https:\/\/cgf.janz.pt\/wp-content\/uploads\/2019\/03\/CERTIFICADO-APCER-JANZ-CGF-1.pdf\" class=\"dwnld-btn \" download=\"\">APCER &amp; IQNET<\/a>\n        [\/vc_column][\/vc_row][vc_row full_width=&#8221;stretch_row&#8221;][vc_column css=&#8221;.vc_custom_1525103968571{padding-top: 0px !important;}&#8221;]<div class=\"contact-form-wrapper\">\n    <div class=\"container\">\n        <div class=\"row\">\n            <div class=\"col-12 col-md-4\">\n                <div class=\"cf-title\">\n                    TALK TO US                <\/div>\n                <div class=\"cf-text\">\n                    Do not hesitate to contact us. We are here to answer your questions.                <\/div>\n            <\/div>\n            <div class=\"col-12 col-md-8\">\n                \n<div class=\"wpcf7 no-js\" id=\"wpcf7-f4404-o1\" lang=\"pt-PT\" dir=\"ltr\" data-wpcf7-id=\"4404\">\n<div class=\"screen-reader-response\"><p role=\"status\" aria-live=\"polite\" aria-atomic=\"true\"><\/p> <ul><\/ul><\/div>\n<form action=\"\/en\/wp-json\/wp\/v2\/pages\/3930#wpcf7-f4404-o1\" method=\"post\" class=\"wpcf7-form init\" aria-label=\"Formul\u00e1rio de contacto\" novalidate=\"novalidate\" data-status=\"init\">\n<fieldset class=\"hidden-fields-container\"><input type=\"hidden\" name=\"_wpcf7\" value=\"4404\" \/><input type=\"hidden\" name=\"_wpcf7_version\" value=\"6.1.4\" \/><input type=\"hidden\" name=\"_wpcf7_locale\" value=\"pt_PT\" \/><input type=\"hidden\" name=\"_wpcf7_unit_tag\" value=\"wpcf7-f4404-o1\" \/><input type=\"hidden\" name=\"_wpcf7_container_post\" value=\"0\" \/><input type=\"hidden\" name=\"_wpcf7_posted_data_hash\" value=\"\" \/><input type=\"hidden\" name=\"_wpcf7_recaptcha_response\" value=\"\" \/>\n<\/fieldset>\n<div class=\"form-line-template\">\n<div>\n<label>First Name*:<\/label>\n<span class=\"wpcf7-form-control-wrap\" data-name=\"your-name\"><input size=\"40\" maxlength=\"400\" class=\"wpcf7-form-control wpcf7-text wpcf7-validates-as-required\" aria-required=\"true\" aria-invalid=\"false\" value=\"\" type=\"text\" name=\"your-name\" \/><\/span>\n<\/div>\n<div>\n\n<label>Last Name*:<\/label>\n<span class=\"wpcf7-form-control-wrap\" data-name=\"last-name\"><input size=\"40\" maxlength=\"400\" class=\"wpcf7-form-control wpcf7-text wpcf7-validates-as-required\" aria-required=\"true\" aria-invalid=\"false\" value=\"\" type=\"text\" name=\"last-name\" \/><\/span>\n<\/div>\n\n<div class=\"full\">\n<label>Company*:<\/label>\n<span class=\"wpcf7-form-control-wrap\" data-name=\"company\"><input size=\"40\" maxlength=\"400\" class=\"wpcf7-form-control wpcf7-text wpcf7-validates-as-required\" aria-required=\"true\" aria-invalid=\"false\" value=\"\" type=\"text\" name=\"company\" \/><\/span>\n<\/div>\n    \n<div>\n<label>Email*:<\/label>\n<span class=\"wpcf7-form-control-wrap\" data-name=\"your-email\"><input size=\"40\" maxlength=\"400\" class=\"wpcf7-form-control wpcf7-email wpcf7-validates-as-required wpcf7-text wpcf7-validates-as-email\" aria-required=\"true\" aria-invalid=\"false\" value=\"\" type=\"email\" name=\"your-email\" \/><\/span>\n<\/div>\n\n<div>\n<label>Phone*:<\/label>\n<span class=\"wpcf7-form-control-wrap\" data-name=\"phone\"><input size=\"40\" maxlength=\"400\" class=\"wpcf7-form-control wpcf7-text wpcf7-validates-as-required\" aria-required=\"true\" aria-invalid=\"false\" value=\"\" type=\"text\" name=\"phone\" \/><\/span>\n<\/div>\n\n<div class=\"full\">\n<label>Message*:<\/label>\n<span class=\"wpcf7-form-control-wrap\" data-name=\"message\"><textarea cols=\"40\" rows=\"10\" maxlength=\"2000\" class=\"wpcf7-form-control wpcf7-textarea\" aria-invalid=\"false\" name=\"message\"><\/textarea><\/span>\n<\/div>\n<div class=\"check full\">\n<span class=\"wpcf7-form-control-wrap\" data-name=\"your-consent\"><span class=\"wpcf7-form-control wpcf7-acceptance\"><span class=\"wpcf7-list-item\"><label><input type=\"checkbox\" name=\"your-consent\" value=\"1\" aria-invalid=\"false\" \/><span class=\"wpcf7-list-item-label\">In accordance with the GDPR, I hereby authorize the processing of my personal data for purely professional purposes and confirm that the data I have provided are true, that I can be contacted at any time and that I accept the terms and conditions.*<\/span><\/label><\/span><\/span><\/span>\n<\/div>\n<div class=\"full\">\n<p>*Required fields<\/p>\n<input class=\"wpcf7-form-control wpcf7-submit has-spinner\" type=\"submit\" value=\"Send\" \/>\n<\/div>\n<\/div><div class=\"wpcf7-response-output\" aria-hidden=\"true\"><\/div>\n<\/form>\n<\/div>\n            <\/div>\n        <\/div>\n    <\/div>\n<\/div>\n[\/vc_column][\/vc_row]<\/p>\n<\/div>","protected":false},"excerpt":{"rendered":"<p>[vc_row css=&#8221;.vc_custom_1524136040991{margin-bottom: 90px !important;}&#8221;][vc_column width=&#8221;1\/2&#8243;][vc_cta h2=&#8221;INDUSTRY&#8221; h2_font_container=&#8221;color:%23003139&#8243; h2_use_theme_fonts=&#8221;yes&#8221; txt_align=&#8221;center&#8221; shape=&#8221;square&#8221; style=&#8221;custom&#8221; use_custom_fonts_h2=&#8221;true&#8221; el_class=&#8221;special_h2 special_white&#8221; css=&#8221;.vc_custom_1552922650131{border-top-width: 0px !important;border-right-width: 0px !important;border-bottom-width: 0px [&hellip;]<\/p>\n","protected":false},"author":1,"featured_media":7594,"parent":3237,"menu_order":0,"comment_status":"closed","ping_status":"closed","template":"","meta":{"_acf_changed":false,"_monsterinsights_skip_tracking":false,"_monsterinsights_sitenote_active":false,"_monsterinsights_sitenote_note":"","_monsterinsights_sitenote_category":0,"footnotes":""},"class_list":["post-3930","page","type-page","status-publish","has-post-thumbnail","hentry"],"acf":[],"yoast_head":"<!-- This site is optimized with the Yoast SEO plugin v26.9 - https:\/\/yoast.com\/product\/yoast-seo-wordpress\/ -->\n<title>Ind\u00fastria - Janz - Contagem e Gest\u00e3o de Flu\u00eddos S.A<\/title>\n<meta name=\"description\" content=\"A Janz posicionou-se no mercado, como fornecedor de pe\u00e7as de precis\u00e3o, com capacidade t\u00e9cnica reconhecida a n\u00edvel nacional e internacional.\" \/>\n<meta name=\"robots\" content=\"index, follow, max-snippet:-1, max-image-preview:large, max-video-preview:-1\" \/>\n<link rel=\"canonical\" href=\"https:\/\/cgf.janz.pt\/en\/precision-parts\/industry\/\" \/>\n<meta property=\"og:locale\" content=\"en_US\" \/>\n<meta property=\"og:type\" content=\"article\" \/>\n<meta property=\"og:title\" content=\"Ind\u00fastria - Janz - Contagem e Gest\u00e3o de Flu\u00eddos S.A\" \/>\n<meta property=\"og:description\" content=\"CGF Janz - Fabrica, comercializa e distribui\u0301 contadores de a\u0301gua, pec\u0327as de precisa\u0303o e injec\u0327a\u0303o de pla\u0301sticos, para mercado nacional e internacional.\" \/>\n<meta property=\"og:url\" content=\"https:\/\/cgf.janz.pt\/en\/precision-parts\/industry\/\" \/>\n<meta property=\"og:site_name\" content=\"Janz - Contagem e Gest\u00e3o de Flu\u00eddos S.A.\" \/>\n<meta property=\"article:modified_time\" content=\"2022-06-30T10:29:02+00:00\" \/>\n<meta property=\"og:image\" content=\"https:\/\/cgf.janz.pt\/wp-content\/uploads\/2018\/10\/cgf.janz_.pt-redes-sociais.png\" \/>\n\t<meta property=\"og:image:width\" content=\"1200\" \/>\n\t<meta property=\"og:image:height\" content=\"628\" \/>\n\t<meta property=\"og:image:type\" content=\"image\/png\" \/>\n<meta name=\"twitter:card\" content=\"summary_large_image\" \/>\n<meta name=\"twitter:label1\" content=\"Est. reading time\" \/>\n\t<meta name=\"twitter:data1\" content=\"2 minutes\" \/>\n<script type=\"application\/ld+json\" class=\"yoast-schema-graph\">{\"@context\":\"https:\/\/schema.org\",\"@graph\":[{\"@type\":\"WebPage\",\"@id\":\"https:\/\/cgf.janz.pt\/en\/precision-parts\/industry\/\",\"url\":\"https:\/\/cgf.janz.pt\/en\/precision-parts\/industry\/\",\"name\":\"Ind\u00fastria - Janz - Contagem e Gest\u00e3o de Flu\u00eddos S.A\",\"isPartOf\":{\"@id\":\"https:\/\/cgf.janz.pt\/#website\"},\"primaryImageOfPage\":{\"@id\":\"https:\/\/cgf.janz.pt\/en\/precision-parts\/industry\/#primaryimage\"},\"image\":{\"@id\":\"https:\/\/cgf.janz.pt\/en\/precision-parts\/industry\/#primaryimage\"},\"thumbnailUrl\":\"https:\/\/cgf.janz.pt\/wp-content\/uploads\/2022\/06\/IMG_1534.jpg\",\"datePublished\":\"2018-04-16T10:32:42+00:00\",\"dateModified\":\"2022-06-30T10:29:02+00:00\",\"description\":\"A Janz posicionou-se no mercado, como fornecedor de pe\u00e7as de precis\u00e3o, com capacidade t\u00e9cnica reconhecida a n\u00edvel nacional e internacional.\",\"breadcrumb\":{\"@id\":\"https:\/\/cgf.janz.pt\/en\/precision-parts\/industry\/#breadcrumb\"},\"inLanguage\":\"en-US\",\"potentialAction\":[{\"@type\":\"ReadAction\",\"target\":[\"https:\/\/cgf.janz.pt\/en\/precision-parts\/industry\/\"]}]},{\"@type\":\"ImageObject\",\"inLanguage\":\"en-US\",\"@id\":\"https:\/\/cgf.janz.pt\/en\/precision-parts\/industry\/#primaryimage\",\"url\":\"https:\/\/cgf.janz.pt\/wp-content\/uploads\/2022\/06\/IMG_1534.jpg\",\"contentUrl\":\"https:\/\/cgf.janz.pt\/wp-content\/uploads\/2022\/06\/IMG_1534.jpg\",\"width\":1500,\"height\":1000},{\"@type\":\"BreadcrumbList\",\"@id\":\"https:\/\/cgf.janz.pt\/en\/precision-parts\/industry\/#breadcrumb\",\"itemListElement\":[{\"@type\":\"ListItem\",\"position\":1,\"name\":\"In\u00edcio\",\"item\":\"https:\/\/cgf.janz.pt\/en\/\"},{\"@type\":\"ListItem\",\"position\":2,\"name\":\"Precision Parts\",\"item\":\"https:\/\/cgf.janz.pt\/en\/precision-parts\/\"},{\"@type\":\"ListItem\",\"position\":3,\"name\":\"Industry\"}]},{\"@type\":\"WebSite\",\"@id\":\"https:\/\/cgf.janz.pt\/#website\",\"url\":\"https:\/\/cgf.janz.pt\/\",\"name\":\"Janz - Contagem e Gest\u00e3o de Flu\u00eddos S.A.\",\"description\":\"Fabrica, comercializa e distribu\u00ed contadores de \u00e0gua, pe\u00e7as de precis\u00e3o e injec\u00e7\u00e3o de pl\u00e1sticos\",\"potentialAction\":[{\"@type\":\"SearchAction\",\"target\":{\"@type\":\"EntryPoint\",\"urlTemplate\":\"https:\/\/cgf.janz.pt\/?s={search_term_string}\"},\"query-input\":{\"@type\":\"PropertyValueSpecification\",\"valueRequired\":true,\"valueName\":\"search_term_string\"}}],\"inLanguage\":\"en-US\"}]}<\/script>\n<!-- \/ Yoast SEO plugin. -->","yoast_head_json":{"title":"Ind\u00fastria - Janz - Contagem e Gest\u00e3o de Flu\u00eddos S.A","description":"A Janz posicionou-se no mercado, como fornecedor de pe\u00e7as de precis\u00e3o, com capacidade t\u00e9cnica reconhecida a n\u00edvel nacional e internacional.","robots":{"index":"index","follow":"follow","max-snippet":"max-snippet:-1","max-image-preview":"max-image-preview:large","max-video-preview":"max-video-preview:-1"},"canonical":"https:\/\/cgf.janz.pt\/en\/precision-parts\/industry\/","og_locale":"en_US","og_type":"article","og_title":"Ind\u00fastria - Janz - Contagem e Gest\u00e3o de Flu\u00eddos S.A","og_description":"CGF Janz - Fabrica, comercializa e distribui\u0301 contadores de a\u0301gua, pec\u0327as de precisa\u0303o e injec\u0327a\u0303o de pla\u0301sticos, para mercado nacional e internacional.","og_url":"https:\/\/cgf.janz.pt\/en\/precision-parts\/industry\/","og_site_name":"Janz - Contagem e Gest\u00e3o de Flu\u00eddos S.A.","article_modified_time":"2022-06-30T10:29:02+00:00","og_image":[{"width":1200,"height":628,"url":"https:\/\/cgf.janz.pt\/wp-content\/uploads\/2018\/10\/cgf.janz_.pt-redes-sociais.png","type":"image\/png"}],"twitter_card":"summary_large_image","twitter_misc":{"Est. reading time":"2 minutes"},"schema":{"@context":"https:\/\/schema.org","@graph":[{"@type":"WebPage","@id":"https:\/\/cgf.janz.pt\/en\/precision-parts\/industry\/","url":"https:\/\/cgf.janz.pt\/en\/precision-parts\/industry\/","name":"Ind\u00fastria - Janz - Contagem e Gest\u00e3o de Flu\u00eddos S.A","isPartOf":{"@id":"https:\/\/cgf.janz.pt\/#website"},"primaryImageOfPage":{"@id":"https:\/\/cgf.janz.pt\/en\/precision-parts\/industry\/#primaryimage"},"image":{"@id":"https:\/\/cgf.janz.pt\/en\/precision-parts\/industry\/#primaryimage"},"thumbnailUrl":"https:\/\/cgf.janz.pt\/wp-content\/uploads\/2022\/06\/IMG_1534.jpg","datePublished":"2018-04-16T10:32:42+00:00","dateModified":"2022-06-30T10:29:02+00:00","description":"A Janz posicionou-se no mercado, como fornecedor de pe\u00e7as de precis\u00e3o, com capacidade t\u00e9cnica reconhecida a n\u00edvel nacional e internacional.","breadcrumb":{"@id":"https:\/\/cgf.janz.pt\/en\/precision-parts\/industry\/#breadcrumb"},"inLanguage":"en-US","potentialAction":[{"@type":"ReadAction","target":["https:\/\/cgf.janz.pt\/en\/precision-parts\/industry\/"]}]},{"@type":"ImageObject","inLanguage":"en-US","@id":"https:\/\/cgf.janz.pt\/en\/precision-parts\/industry\/#primaryimage","url":"https:\/\/cgf.janz.pt\/wp-content\/uploads\/2022\/06\/IMG_1534.jpg","contentUrl":"https:\/\/cgf.janz.pt\/wp-content\/uploads\/2022\/06\/IMG_1534.jpg","width":1500,"height":1000},{"@type":"BreadcrumbList","@id":"https:\/\/cgf.janz.pt\/en\/precision-parts\/industry\/#breadcrumb","itemListElement":[{"@type":"ListItem","position":1,"name":"In\u00edcio","item":"https:\/\/cgf.janz.pt\/en\/"},{"@type":"ListItem","position":2,"name":"Precision Parts","item":"https:\/\/cgf.janz.pt\/en\/precision-parts\/"},{"@type":"ListItem","position":3,"name":"Industry"}]},{"@type":"WebSite","@id":"https:\/\/cgf.janz.pt\/#website","url":"https:\/\/cgf.janz.pt\/","name":"Janz - Contagem e Gest\u00e3o de Flu\u00eddos S.A.","description":"Fabrica, comercializa e distribu\u00ed contadores de \u00e0gua, pe\u00e7as de precis\u00e3o e injec\u00e7\u00e3o de pl\u00e1sticos","potentialAction":[{"@type":"SearchAction","target":{"@type":"EntryPoint","urlTemplate":"https:\/\/cgf.janz.pt\/?s={search_term_string}"},"query-input":{"@type":"PropertyValueSpecification","valueRequired":true,"valueName":"search_term_string"}}],"inLanguage":"en-US"}]}},"_links":{"self":[{"href":"https:\/\/cgf.janz.pt\/en\/wp-json\/wp\/v2\/pages\/3930","targetHints":{"allow":["GET"]}}],"collection":[{"href":"https:\/\/cgf.janz.pt\/en\/wp-json\/wp\/v2\/pages"}],"about":[{"href":"https:\/\/cgf.janz.pt\/en\/wp-json\/wp\/v2\/types\/page"}],"author":[{"embeddable":true,"href":"https:\/\/cgf.janz.pt\/en\/wp-json\/wp\/v2\/users\/1"}],"replies":[{"embeddable":true,"href":"https:\/\/cgf.janz.pt\/en\/wp-json\/wp\/v2\/comments?post=3930"}],"version-history":[{"count":16,"href":"https:\/\/cgf.janz.pt\/en\/wp-json\/wp\/v2\/pages\/3930\/revisions"}],"predecessor-version":[{"id":7767,"href":"https:\/\/cgf.janz.pt\/en\/wp-json\/wp\/v2\/pages\/3930\/revisions\/7767"}],"up":[{"embeddable":true,"href":"https:\/\/cgf.janz.pt\/en\/wp-json\/wp\/v2\/pages\/3237"}],"wp:featuredmedia":[{"embeddable":true,"href":"https:\/\/cgf.janz.pt\/en\/wp-json\/wp\/v2\/media\/7594"}],"wp:attachment":[{"href":"https:\/\/cgf.janz.pt\/en\/wp-json\/wp\/v2\/media?parent=3930"}],"curies":[{"name":"wp","href":"https:\/\/api.w.org\/{rel}","templated":true}]}}