{"id":3907,"date":"2019-03-18T16:59:52","date_gmt":"2019-03-18T16:59:52","guid":{"rendered":"https:\/\/cgf.janz.pt\/?page_id=3907"},"modified":"2019-03-18T17:00:21","modified_gmt":"2019-03-18T17:00:21","slug":"site-map","status":"publish","type":"page","link":"https:\/\/cgf.janz.pt\/en\/site-map\/","title":{"rendered":"Site Map"},"content":{"rendered":"<p><strong>\n<!-- Page-list plugin v.4.4 wordpress.org\/plugins\/page-list\/ -->\n<ul class=\"page-list \">\n<li class=\"page_item page-item-10487\"><a href=\"https:\/\/cgf.janz.pt\/en\/installation-manual\/\">Certificates &#038; Installation Manuals<\/a><\/li>\n<li class=\"page_item page-item-2976 page_item_has_children\"><a href=\"https:\/\/cgf.janz.pt\/en\/quem-somos\/\">Company<\/a>\n<ul class='children'>\n\t<li class=\"page_item page-item-3164\"><a href=\"https:\/\/cgf.janz.pt\/en\/quem-somos\/about-us\/\">About Us<\/a><\/li>\n\t<li class=\"page_item page-item-10107\"><a href=\"https:\/\/cgf.janz.pt\/en\/quem-somos\/declaration-of-conformity-water-meters\/\">Declaration of Conformity<\/a><\/li>\n\t<li class=\"page_item page-item-9423\"><a href=\"https:\/\/cgf.janz.pt\/en\/quem-somos\/general-terms-and-conditions-of-purchase\/\">General Terms and Conditions of\u00a0Purchase\u00a0<\/a><\/li>\n\t<li class=\"page_item page-item-9263\"><a href=\"https:\/\/cgf.janz.pt\/en\/quem-somos\/general-terms-and-conditions-of-sale\/\">General Terms and Conditions of Sales<\/a><\/li>\n\t<li class=\"page_item page-item-3217\"><a href=\"https:\/\/cgf.janz.pt\/en\/quem-somos\/quality-management-system\/\">Integrated Management System<\/a><\/li>\n\t<li class=\"page_item page-item-3188\"><a href=\"https:\/\/cgf.janz.pt\/en\/quem-somos\/sit-group-and-business\/\">The Group and Business<\/a><\/li>\n<\/ul>\n<\/li>\n<li class=\"page_item page-item-2977\"><a href=\"https:\/\/cgf.janz.pt\/en\/contacts\/\">Contacts<\/a><\/li>\n<li class=\"page_item page-item-2188\"><a href=\"https:\/\/cgf.janz.pt\/en\/\">Home Page<\/a><\/li>\n<li class=\"page_item page-item-3833 page_item_has_children\"><a href=\"https:\/\/cgf.janz.pt\/en\/media-2\/\">Media<\/a>\n<ul class='children'>\n\t<li class=\"page_item page-item-3919\"><a href=\"https:\/\/cgf.janz.pt\/en\/media-2\/revista-preto-no-branco\/\">Magazine Preto no Branco<\/a><\/li>\n\t<li class=\"page_item page-item-3916\"><a href=\"https:\/\/cgf.janz.pt\/en\/media-2\/press-kit\/\">Press Kit<\/a><\/li>\n<\/ul>\n<\/li>\n<li class=\"page_item page-item-3230\"><a href=\"https:\/\/cgf.janz.pt\/en\/plastics-injection\/\">Plastics Injection<\/a><\/li>\n<li class=\"page_item page-item-3237 page_item_has_children\"><a href=\"https:\/\/cgf.janz.pt\/en\/precision-parts\/\">Precision Parts<\/a>\n<ul class='children'>\n\t<li class=\"page_item page-item-3243\"><a href=\"https:\/\/cgf.janz.pt\/en\/precision-parts\/aeronautics\/\">Aeronautics<\/a><\/li>\n\t<li class=\"page_item page-item-3930\"><a href=\"https:\/\/cgf.janz.pt\/en\/precision-parts\/industry\/\">Industry<\/a><\/li>\n\t<li class=\"page_item page-item-3924\"><a href=\"https:\/\/cgf.janz.pt\/en\/precision-parts\/medical-devices\/\">Medical Devices<\/a><\/li>\n<\/ul>\n<\/li>\n<li class=\"page_item page-item-265\"><a href=\"https:\/\/cgf.janz.pt\/en\/contadores-de-agua\/\">Products<\/a><\/li>\n<li class=\"page_item page-item-973\"><a href=\"https:\/\/cgf.janz.pt\/en\/servicos\/\">Services<\/a><\/li>\n<li class=\"page_item page-item-3908\"><a href=\"https:\/\/cgf.janz.pt\/en\/mapa-do-site\/\">Site Map<\/a><\/li>\n<li class=\"page_item page-item-3907\"><a href=\"https:\/\/cgf.janz.pt\/en\/site-map\/\">Site Map<\/a><\/li>\n<li class=\"page_item page-item-3936 page_item_has_children\"><a href=\"https:\/\/cgf.janz.pt\/en\/technology\/\">Technology<\/a>\n<ul class='children'>\n\t<li class=\"page_item page-item-3250\"><a href=\"https:\/\/cgf.janz.pt\/en\/technology\/mywater\/\">MyWater<\/a><\/li>\n<\/ul>\n<\/li>\n<li class=\"page_item page-item-4049\"><a href=\"https:\/\/cgf.janz.pt\/en\/terms-conditions\/\">Terms &#038; Conditions<\/a><\/li>\n<li class=\"page_item page-item-7738\"><a href=\"https:\/\/cgf.janz.pt\/en\/janz-webletters\/\">Webletters<\/a><\/li>\n\n<\/ul><\/strong><\/p>\n","protected":false},"excerpt":{"rendered":"Certificates &#038; Installation Manuals Company About Us Declaration of Conformity General Terms and Conditions of\u00a0Purchase\u00a0 General Terms and Conditions of [...]","protected":false},"author":7,"featured_media":0,"parent":0,"menu_order":0,"comment_status":"closed","ping_status":"closed","template":"","meta":{"_acf_changed":false,"_monsterinsights_skip_tracking":false,"_monsterinsights_sitenote_active":false,"_monsterinsights_sitenote_note":"","_monsterinsights_sitenote_category":0,"footnotes":""},"class_list":["post-3907","page","type-page","status-publish","hentry"],"acf":[],"yoast_head":"<!-- This site is optimized with the Yoast SEO plugin v26.9 - https:\/\/yoast.com\/product\/yoast-seo-wordpress\/ -->\n<title>Site Map - Janz - Contagem e Gest\u00e3o de Flu\u00eddos S.A.<\/title>\n<meta name=\"robots\" content=\"index, follow, max-snippet:-1, max-image-preview:large, max-video-preview:-1\" \/>\n<link rel=\"canonical\" href=\"https:\/\/cgf.janz.pt\/en\/site-map\/\" \/>\n<meta property=\"og:locale\" content=\"en_US\" \/>\n<meta property=\"og:type\" content=\"article\" \/>\n<meta property=\"og:title\" content=\"Site Map - Janz - Contagem e Gest\u00e3o de Flu\u00eddos S.A.\" \/>\n<meta property=\"og:url\" content=\"https:\/\/cgf.janz.pt\/en\/site-map\/\" \/>\n<meta property=\"og:site_name\" content=\"Janz - Contagem e Gest\u00e3o de Flu\u00eddos S.A.\" \/>\n<meta property=\"article:modified_time\" content=\"2019-03-18T17:00:21+00:00\" \/>\n<meta name=\"twitter:card\" content=\"summary_large_image\" \/>\n<script type=\"application\/ld+json\" class=\"yoast-schema-graph\">{\"@context\":\"https:\/\/schema.org\",\"@graph\":[{\"@type\":\"WebPage\",\"@id\":\"https:\/\/cgf.janz.pt\/en\/site-map\/\",\"url\":\"https:\/\/cgf.janz.pt\/en\/site-map\/\",\"name\":\"Site Map - Janz - Contagem e Gest\u00e3o de Flu\u00eddos S.A.\",\"isPartOf\":{\"@id\":\"https:\/\/cgf.janz.pt\/#website\"},\"datePublished\":\"2019-03-18T16:59:52+00:00\",\"dateModified\":\"2019-03-18T17:00:21+00:00\",\"breadcrumb\":{\"@id\":\"https:\/\/cgf.janz.pt\/en\/site-map\/#breadcrumb\"},\"inLanguage\":\"en-US\",\"potentialAction\":[{\"@type\":\"ReadAction\",\"target\":[\"https:\/\/cgf.janz.pt\/en\/site-map\/\"]}]},{\"@type\":\"BreadcrumbList\",\"@id\":\"https:\/\/cgf.janz.pt\/en\/site-map\/#breadcrumb\",\"itemListElement\":[{\"@type\":\"ListItem\",\"position\":1,\"name\":\"In\u00edcio\",\"item\":\"https:\/\/cgf.janz.pt\/en\/\"},{\"@type\":\"ListItem\",\"position\":2,\"name\":\"Site Map\"}]},{\"@type\":\"WebSite\",\"@id\":\"https:\/\/cgf.janz.pt\/#website\",\"url\":\"https:\/\/cgf.janz.pt\/\",\"name\":\"Janz - Contagem e Gest\u00e3o de Flu\u00eddos S.A.\",\"description\":\"Fabrica, comercializa e distribu\u00ed contadores de \u00e0gua, pe\u00e7as de precis\u00e3o e injec\u00e7\u00e3o de pl\u00e1sticos\",\"potentialAction\":[{\"@type\":\"SearchAction\",\"target\":{\"@type\":\"EntryPoint\",\"urlTemplate\":\"https:\/\/cgf.janz.pt\/?s={search_term_string}\"},\"query-input\":{\"@type\":\"PropertyValueSpecification\",\"valueRequired\":true,\"valueName\":\"search_term_string\"}}],\"inLanguage\":\"en-US\"}]}<\/script>\n<!-- \/ Yoast SEO plugin. -->","yoast_head_json":{"title":"Site Map - Janz - Contagem e Gest\u00e3o de Flu\u00eddos S.A.","robots":{"index":"index","follow":"follow","max-snippet":"max-snippet:-1","max-image-preview":"max-image-preview:large","max-video-preview":"max-video-preview:-1"},"canonical":"https:\/\/cgf.janz.pt\/en\/site-map\/","og_locale":"en_US","og_type":"article","og_title":"Site Map - Janz - Contagem e Gest\u00e3o de Flu\u00eddos S.A.","og_url":"https:\/\/cgf.janz.pt\/en\/site-map\/","og_site_name":"Janz - Contagem e Gest\u00e3o de Flu\u00eddos S.A.","article_modified_time":"2019-03-18T17:00:21+00:00","twitter_card":"summary_large_image","schema":{"@context":"https:\/\/schema.org","@graph":[{"@type":"WebPage","@id":"https:\/\/cgf.janz.pt\/en\/site-map\/","url":"https:\/\/cgf.janz.pt\/en\/site-map\/","name":"Site Map - Janz - Contagem e Gest\u00e3o de Flu\u00eddos S.A.","isPartOf":{"@id":"https:\/\/cgf.janz.pt\/#website"},"datePublished":"2019-03-18T16:59:52+00:00","dateModified":"2019-03-18T17:00:21+00:00","breadcrumb":{"@id":"https:\/\/cgf.janz.pt\/en\/site-map\/#breadcrumb"},"inLanguage":"en-US","potentialAction":[{"@type":"ReadAction","target":["https:\/\/cgf.janz.pt\/en\/site-map\/"]}]},{"@type":"BreadcrumbList","@id":"https:\/\/cgf.janz.pt\/en\/site-map\/#breadcrumb","itemListElement":[{"@type":"ListItem","position":1,"name":"In\u00edcio","item":"https:\/\/cgf.janz.pt\/en\/"},{"@type":"ListItem","position":2,"name":"Site Map"}]},{"@type":"WebSite","@id":"https:\/\/cgf.janz.pt\/#website","url":"https:\/\/cgf.janz.pt\/","name":"Janz - Contagem e Gest\u00e3o de Flu\u00eddos S.A.","description":"Fabrica, comercializa e distribu\u00ed contadores de \u00e0gua, pe\u00e7as de precis\u00e3o e injec\u00e7\u00e3o de pl\u00e1sticos","potentialAction":[{"@type":"SearchAction","target":{"@type":"EntryPoint","urlTemplate":"https:\/\/cgf.janz.pt\/?s={search_term_string}"},"query-input":{"@type":"PropertyValueSpecification","valueRequired":true,"valueName":"search_term_string"}}],"inLanguage":"en-US"}]}},"_links":{"self":[{"href":"https:\/\/cgf.janz.pt\/en\/wp-json\/wp\/v2\/pages\/3907","targetHints":{"allow":["GET"]}}],"collection":[{"href":"https:\/\/cgf.janz.pt\/en\/wp-json\/wp\/v2\/pages"}],"about":[{"href":"https:\/\/cgf.janz.pt\/en\/wp-json\/wp\/v2\/types\/page"}],"author":[{"embeddable":true,"href":"https:\/\/cgf.janz.pt\/en\/wp-json\/wp\/v2\/users\/7"}],"replies":[{"embeddable":true,"href":"https:\/\/cgf.janz.pt\/en\/wp-json\/wp\/v2\/comments?post=3907"}],"version-history":[{"count":1,"href":"https:\/\/cgf.janz.pt\/en\/wp-json\/wp\/v2\/pages\/3907\/revisions"}],"predecessor-version":[{"id":4031,"href":"https:\/\/cgf.janz.pt\/en\/wp-json\/wp\/v2\/pages\/3907\/revisions\/4031"}],"wp:attachment":[{"href":"https:\/\/cgf.janz.pt\/en\/wp-json\/wp\/v2\/media?parent=3907"}],"curies":[{"name":"wp","href":"https:\/\/api.w.org\/{rel}","templated":true}]}}