{"id":3243,"date":"2019-02-06T09:53:25","date_gmt":"2019-02-06T09:53:25","guid":{"rendered":"https:\/\/cgf.janz.pt\/?page_id=3243"},"modified":"2022-06-23T15:46:24","modified_gmt":"2022-06-23T14:46:24","slug":"aeronautics","status":"publish","type":"page","link":"https:\/\/cgf.janz.pt\/en\/precision-parts\/aeronautics\/","title":{"rendered":"Aeronautics"},"content":{"rendered":"<div class=\"wpb-content-wrapper\"><p>[vc_row css=&#8221;.vc_custom_1524136040991{margin-bottom: 90px !important;}&#8221;][vc_column width=&#8221;1\/2&#8243;][vc_cta h2=&#8221;Aeronautics&#8221; h2_font_container=&#8221;color:%23003139&#8243; h2_use_theme_fonts=&#8221;yes&#8221; txt_align=&#8221;center&#8221; shape=&#8221;square&#8221; style=&#8221;custom&#8221; use_custom_fonts_h2=&#8221;true&#8221; el_class=&#8221;special_h2 special_white&#8221; css=&#8221;.vc_custom_1549446845927{border-top-width: 0px !important;border-right-width: 0px !important;border-bottom-width: 0px !important;border-left-width: 0px !important;}&#8221; custom_background=&#8221;#ffffff&#8221;][\/vc_cta][vc_column_text]JANZ is proud to be one of the most experienced manufacturers of components for the aeronautical industry at national level, an activity that began in 2003 and which continued in continuous growth thanks to the development and permanent improvement of specific skills and production processes that allowed it to EN ISO 9100 certification and the fulfillment of the additional requirements of each client.[\/vc_column_text][\/vc_column][vc_column width=&#8221;1\/2&#8243;]    <div class=\"pecas-img\" style=\"background-image:url('https:\/\/cgf.janz.pt\/wp-content\/uploads\/2018\/05\/1-1-e1526055007123.jpg');\">\r\n    <\/div>\r\n    [\/vc_column][\/vc_row][vc_row css=&#8221;.vc_custom_1524136159556{margin-bottom: 100px !important;}&#8221;][vc_column][vc_cta h2=&#8221;Skills and Technologies&#8221; h2_font_container=&#8221;color:%23003139&#8243; h2_use_theme_fonts=&#8221;yes&#8221; txt_align=&#8221;center&#8221; shape=&#8221;square&#8221; style=&#8221;custom&#8221; use_custom_fonts_h2=&#8221;true&#8221; el_class=&#8221;special_h2 special_white&#8221; css=&#8221;.vc_custom_1552919420594{border-top-width: 0px !important;border-right-width: 0px !important;border-bottom-width: 0px !important;border-left-width: 0px !important;}&#8221; custom_background=&#8221;#ffffff&#8221;][\/vc_cta][vc_column_text]Meeting the high demands of this industry is guaranteed in a delimited working space where dedicated machines and specialized people operate. In order to enable synchronization and constant updating with standardization and regulation, we have implemented manufacturing processes with specific work procedures and instructions that are oriented to the requirements of the aeronautical industry: High dimensional rigor, Permanent manufacturing process control, Safety and Analysis of Risk.<\/p>\n<p>The manufacturing sector for aeronautical parts is equipped with automated machines (robotized since 2004), use of software for Statistical Process Control (SPC), use of three-dimensional Measuring Machine (CMM) and temperature and humidity control throughout the space production and control.[\/vc_column_text]    <div class=\"container\">\n        <div class=\"row\">\n            <div class=\"col-12\">\n                <div class=\"gallery-container\">\n                                            <div class=\"image-wrapper\">\n                            <a href=\"https:\/\/cgf.janz.pt\/wp-content\/uploads\/2018\/05\/7-1.jpg\" data-lightbox=\"https:\/\/cgf.janz.pt\/wp-content\/uploads\/2018\/05\/7-1.jpg\">\n                                <div class=\"image\" style=\"background-image:url('https:\/\/cgf.janz.pt\/wp-content\/uploads\/2018\/05\/7-1.jpg')\"><\/div>\n                            <\/a>\n                        <\/div>\n                                                <div class=\"image-wrapper\">\n                            <a href=\"https:\/\/cgf.janz.pt\/wp-content\/uploads\/2018\/05\/6-1.jpg\" data-lightbox=\"https:\/\/cgf.janz.pt\/wp-content\/uploads\/2018\/05\/6-1.jpg\">\n                                <div class=\"image\" style=\"background-image:url('https:\/\/cgf.janz.pt\/wp-content\/uploads\/2018\/05\/6-1.jpg')\"><\/div>\n                            <\/a>\n                        <\/div>\n                                                <div class=\"image-wrapper\">\n                            <a href=\"https:\/\/cgf.janz.pt\/wp-content\/uploads\/2018\/05\/5-1.jpg\" data-lightbox=\"https:\/\/cgf.janz.pt\/wp-content\/uploads\/2018\/05\/5-1.jpg\">\n                                <div class=\"image\" style=\"background-image:url('https:\/\/cgf.janz.pt\/wp-content\/uploads\/2018\/05\/5-1.jpg')\"><\/div>\n                            <\/a>\n                        <\/div>\n                                                <div class=\"image-wrapper\">\n                            <a href=\"https:\/\/cgf.janz.pt\/wp-content\/uploads\/2018\/05\/4.jpg\" data-lightbox=\"https:\/\/cgf.janz.pt\/wp-content\/uploads\/2018\/05\/4.jpg\">\n                                <div class=\"image\" style=\"background-image:url('https:\/\/cgf.janz.pt\/wp-content\/uploads\/2018\/05\/4.jpg')\"><\/div>\n                            <\/a>\n                        <\/div>\n                                                <div class=\"image-wrapper\">\n                            <a href=\"https:\/\/cgf.janz.pt\/wp-content\/uploads\/2018\/05\/3-1.jpg\" data-lightbox=\"https:\/\/cgf.janz.pt\/wp-content\/uploads\/2018\/05\/3-1.jpg\">\n                                <div class=\"image\" style=\"background-image:url('https:\/\/cgf.janz.pt\/wp-content\/uploads\/2018\/05\/3-1.jpg')\"><\/div>\n                            <\/a>\n                        <\/div>\n                                                <div class=\"image-wrapper\">\n                            <a href=\"https:\/\/cgf.janz.pt\/wp-content\/uploads\/2018\/05\/2-1.jpg\" data-lightbox=\"https:\/\/cgf.janz.pt\/wp-content\/uploads\/2018\/05\/2-1.jpg\">\n                                <div class=\"image\" style=\"background-image:url('https:\/\/cgf.janz.pt\/wp-content\/uploads\/2018\/05\/2-1.jpg')\"><\/div>\n                            <\/a>\n                        <\/div>\n                                        <\/div>\n            <\/div>\n        <\/div>\n    <\/div>\n    [\/vc_column][\/vc_row][vc_row full_width=&#8221;stretch_row&#8221; css=&#8221;.vc_custom_1524148242577{padding-top: 75px !important;padding-bottom: 75px !important;background-image: url(http:\/\/cgf.janz.pt\/wp-content\/uploads\/2018\/03\/06_fundo01.jpg?id=89) !important;background-position: center !important;background-repeat: no-repeat !important;background-size: cover !important;}&#8221;][vc_column][vc_cta h2=&#8221;DOWNLOAD OUR CERTIFICATIONS&#8221; txt_align=&#8221;center&#8221; shape=&#8221;square&#8221; style=&#8221;custom&#8221; el_class=&#8221;special_h2 special_white white-text small&#8221; css=&#8221;.vc_custom_1552919750109{margin-bottom: -70px !important;border-top-width: 0px !important;border-right-width: 0px !important;border-bottom-width: 0px !important;border-left-width: 0px !important;}&#8221; custom_background=&#8221;rgba(0,0,0,0.01)&#8221;][\/vc_cta][\/vc_column][vc_column width=&#8221;1\/6&#8243;][\/vc_column][vc_column width=&#8221;1\/6&#8243;][vc_single_image image=&#8221;7721&#8243; alignment=&#8221;center&#8221;]            <a href=\"https:\/\/cgf.janz.pt\/wp-content\/uploads\/2019\/03\/CERTIFICADO-APCER-JANZ-CGF-1.pdf\" class=\"dwnld-btn \" download=\"\">Apcer&amp;IQnet<\/a>\n        [\/vc_column][vc_column width=&#8221;1\/6&#8243;][\/vc_column][vc_column width=&#8221;1\/6&#8243;][\/vc_column][vc_column width=&#8221;1\/6&#8243;][vc_single_image image=&#8221;3932&#8243; alignment=&#8221;center&#8221;]            <a href=\"https:\/\/cgf.janz.pt\/wp-content\/uploads\/2019\/03\/Certificado-AFNOR-EN9100_2016.pdf\" class=\"dwnld-btn \" download=\"\">AFAQ<\/a>\n        [\/vc_column][vc_column width=&#8221;1\/6&#8243;][\/vc_column][\/vc_row][vc_row full_width=&#8221;stretch_row&#8221;][vc_column css=&#8221;.vc_custom_1525103968571{padding-top: 0px !important;}&#8221;]<div class=\"contact-form-wrapper\">\n    <div class=\"container\">\n        <div class=\"row\">\n            <div class=\"col-12 col-md-4\">\n                <div class=\"cf-title\">\n                    TALK TO US                <\/div>\n                <div class=\"cf-text\">\n                    Do not hesitate to contact us. We are here to answer your questions.                <\/div>\n            <\/div>\n            <div class=\"col-12 col-md-8\">\n                \n<div class=\"wpcf7 no-js\" id=\"wpcf7-f4404-o1\" lang=\"pt-PT\" dir=\"ltr\" data-wpcf7-id=\"4404\">\n<div class=\"screen-reader-response\"><p role=\"status\" aria-live=\"polite\" aria-atomic=\"true\"><\/p> <ul><\/ul><\/div>\n<form action=\"\/en\/wp-json\/wp\/v2\/pages\/3243#wpcf7-f4404-o1\" method=\"post\" class=\"wpcf7-form init\" aria-label=\"Formul\u00e1rio de contacto\" novalidate=\"novalidate\" data-status=\"init\">\n<fieldset class=\"hidden-fields-container\"><input type=\"hidden\" name=\"_wpcf7\" value=\"4404\" \/><input type=\"hidden\" name=\"_wpcf7_version\" value=\"6.1.4\" \/><input type=\"hidden\" name=\"_wpcf7_locale\" value=\"pt_PT\" \/><input type=\"hidden\" name=\"_wpcf7_unit_tag\" value=\"wpcf7-f4404-o1\" \/><input type=\"hidden\" name=\"_wpcf7_container_post\" value=\"0\" \/><input type=\"hidden\" name=\"_wpcf7_posted_data_hash\" value=\"\" \/><input type=\"hidden\" name=\"_wpcf7_recaptcha_response\" value=\"\" \/>\n<\/fieldset>\n<div class=\"form-line-template\">\n<div>\n<label>First Name*:<\/label>\n<span class=\"wpcf7-form-control-wrap\" data-name=\"your-name\"><input size=\"40\" maxlength=\"400\" class=\"wpcf7-form-control wpcf7-text wpcf7-validates-as-required\" aria-required=\"true\" aria-invalid=\"false\" value=\"\" type=\"text\" name=\"your-name\" \/><\/span>\n<\/div>\n<div>\n\n<label>Last Name*:<\/label>\n<span class=\"wpcf7-form-control-wrap\" data-name=\"last-name\"><input size=\"40\" maxlength=\"400\" class=\"wpcf7-form-control wpcf7-text wpcf7-validates-as-required\" aria-required=\"true\" aria-invalid=\"false\" value=\"\" type=\"text\" name=\"last-name\" \/><\/span>\n<\/div>\n\n<div class=\"full\">\n<label>Company*:<\/label>\n<span class=\"wpcf7-form-control-wrap\" data-name=\"company\"><input size=\"40\" maxlength=\"400\" class=\"wpcf7-form-control wpcf7-text wpcf7-validates-as-required\" aria-required=\"true\" aria-invalid=\"false\" value=\"\" type=\"text\" name=\"company\" \/><\/span>\n<\/div>\n    \n<div>\n<label>Email*:<\/label>\n<span class=\"wpcf7-form-control-wrap\" data-name=\"your-email\"><input size=\"40\" maxlength=\"400\" class=\"wpcf7-form-control wpcf7-email wpcf7-validates-as-required wpcf7-text wpcf7-validates-as-email\" aria-required=\"true\" aria-invalid=\"false\" value=\"\" type=\"email\" name=\"your-email\" \/><\/span>\n<\/div>\n\n<div>\n<label>Phone*:<\/label>\n<span class=\"wpcf7-form-control-wrap\" data-name=\"phone\"><input size=\"40\" maxlength=\"400\" class=\"wpcf7-form-control wpcf7-text wpcf7-validates-as-required\" aria-required=\"true\" aria-invalid=\"false\" value=\"\" type=\"text\" name=\"phone\" \/><\/span>\n<\/div>\n\n<div class=\"full\">\n<label>Message*:<\/label>\n<span class=\"wpcf7-form-control-wrap\" data-name=\"message\"><textarea cols=\"40\" rows=\"10\" maxlength=\"2000\" class=\"wpcf7-form-control wpcf7-textarea\" aria-invalid=\"false\" name=\"message\"><\/textarea><\/span>\n<\/div>\n<div class=\"check full\">\n<span class=\"wpcf7-form-control-wrap\" data-name=\"your-consent\"><span class=\"wpcf7-form-control wpcf7-acceptance\"><span class=\"wpcf7-list-item\"><label><input type=\"checkbox\" name=\"your-consent\" value=\"1\" aria-invalid=\"false\" \/><span class=\"wpcf7-list-item-label\">In accordance with the GDPR, I hereby authorize the processing of my personal data for purely professional purposes and confirm that the data I have provided are true, that I can be contacted at any time and that I accept the terms and conditions.*<\/span><\/label><\/span><\/span><\/span>\n<\/div>\n<div class=\"full\">\n<p>*Required fields<\/p>\n<input class=\"wpcf7-form-control wpcf7-submit has-spinner\" type=\"submit\" value=\"Send\" \/>\n<\/div>\n<\/div><div class=\"wpcf7-response-output\" aria-hidden=\"true\"><\/div>\n<\/form>\n<\/div>\n            <\/div>\n        <\/div>\n    <\/div>\n<\/div>\n[\/vc_column][\/vc_row]<\/p>\n<\/div>","protected":false},"excerpt":{"rendered":"<p>[vc_row css=&#8221;.vc_custom_1524136040991{margin-bottom: 90px !important;}&#8221;][vc_column width=&#8221;1\/2&#8243;][vc_cta h2=&#8221;Aeronautics&#8221; h2_font_container=&#8221;color:%23003139&#8243; h2_use_theme_fonts=&#8221;yes&#8221; txt_align=&#8221;center&#8221; shape=&#8221;square&#8221; style=&#8221;custom&#8221; use_custom_fonts_h2=&#8221;true&#8221; el_class=&#8221;special_h2 special_white&#8221; css=&#8221;.vc_custom_1549446845927{border-top-width: 0px !important;border-right-width: 0px !important;border-bottom-width: 0px [&hellip;]<\/p>\n","protected":false},"author":7,"featured_media":7585,"parent":3237,"menu_order":0,"comment_status":"closed","ping_status":"closed","template":"","meta":{"_acf_changed":false,"_monsterinsights_skip_tracking":false,"_monsterinsights_sitenote_active":false,"_monsterinsights_sitenote_note":"","_monsterinsights_sitenote_category":0,"footnotes":""},"class_list":["post-3243","page","type-page","status-publish","has-post-thumbnail","hentry"],"acf":[],"yoast_head":"<!-- This site is optimized with the Yoast SEO plugin v26.9 - https:\/\/yoast.com\/product\/yoast-seo-wordpress\/ -->\n<title>Aeronautics | JANZ<\/title>\n<meta name=\"description\" content=\"JANZ is one of the most experienced manufacturers of precision parts for the aeronautical industry in Portugal. Visit us ...\" \/>\n<meta name=\"robots\" content=\"index, follow, max-snippet:-1, max-image-preview:large, max-video-preview:-1\" \/>\n<link rel=\"canonical\" href=\"https:\/\/cgf.janz.pt\/en\/precision-parts\/aeronautics\/\" \/>\n<meta property=\"og:locale\" content=\"en_US\" \/>\n<meta property=\"og:type\" content=\"article\" \/>\n<meta property=\"og:title\" content=\"Aeronautics | JANZ\" \/>\n<meta property=\"og:description\" content=\"JANZ is one of the most experienced manufacturers of precision parts for the aeronautical industry in Portugal. Visit us ...\" \/>\n<meta property=\"og:url\" content=\"https:\/\/cgf.janz.pt\/en\/precision-parts\/aeronautics\/\" \/>\n<meta property=\"og:site_name\" content=\"Janz - Contagem e Gest\u00e3o de Flu\u00eddos S.A.\" \/>\n<meta property=\"article:modified_time\" content=\"2022-06-23T14:46:24+00:00\" \/>\n<meta property=\"og:image\" content=\"https:\/\/cgf.janz.pt\/wp-content\/uploads\/2018\/10\/cgf.janz_.pt-redes-sociais.png\" \/>\n\t<meta property=\"og:image:width\" content=\"1200\" \/>\n\t<meta property=\"og:image:height\" content=\"628\" \/>\n\t<meta property=\"og:image:type\" content=\"image\/png\" \/>\n<meta name=\"twitter:card\" content=\"summary_large_image\" \/>\n<meta name=\"twitter:label1\" content=\"Est. reading time\" \/>\n\t<meta name=\"twitter:data1\" content=\"2 minutes\" \/>\n<script type=\"application\/ld+json\" class=\"yoast-schema-graph\">{\"@context\":\"https:\/\/schema.org\",\"@graph\":[{\"@type\":\"WebPage\",\"@id\":\"https:\/\/cgf.janz.pt\/en\/precision-parts\/aeronautics\/\",\"url\":\"https:\/\/cgf.janz.pt\/en\/precision-parts\/aeronautics\/\",\"name\":\"Aeronautics | JANZ\",\"isPartOf\":{\"@id\":\"https:\/\/cgf.janz.pt\/#website\"},\"primaryImageOfPage\":{\"@id\":\"https:\/\/cgf.janz.pt\/en\/precision-parts\/aeronautics\/#primaryimage\"},\"image\":{\"@id\":\"https:\/\/cgf.janz.pt\/en\/precision-parts\/aeronautics\/#primaryimage\"},\"thumbnailUrl\":\"https:\/\/cgf.janz.pt\/wp-content\/uploads\/2022\/06\/IMG_1692.jpg\",\"datePublished\":\"2019-02-06T09:53:25+00:00\",\"dateModified\":\"2022-06-23T14:46:24+00:00\",\"description\":\"JANZ is one of the most experienced manufacturers of precision parts for the aeronautical industry in Portugal. Visit us ...\",\"breadcrumb\":{\"@id\":\"https:\/\/cgf.janz.pt\/en\/precision-parts\/aeronautics\/#breadcrumb\"},\"inLanguage\":\"en-US\",\"potentialAction\":[{\"@type\":\"ReadAction\",\"target\":[\"https:\/\/cgf.janz.pt\/en\/precision-parts\/aeronautics\/\"]}]},{\"@type\":\"ImageObject\",\"inLanguage\":\"en-US\",\"@id\":\"https:\/\/cgf.janz.pt\/en\/precision-parts\/aeronautics\/#primaryimage\",\"url\":\"https:\/\/cgf.janz.pt\/wp-content\/uploads\/2022\/06\/IMG_1692.jpg\",\"contentUrl\":\"https:\/\/cgf.janz.pt\/wp-content\/uploads\/2022\/06\/IMG_1692.jpg\",\"width\":1000,\"height\":1500},{\"@type\":\"BreadcrumbList\",\"@id\":\"https:\/\/cgf.janz.pt\/en\/precision-parts\/aeronautics\/#breadcrumb\",\"itemListElement\":[{\"@type\":\"ListItem\",\"position\":1,\"name\":\"In\u00edcio\",\"item\":\"https:\/\/cgf.janz.pt\/en\/\"},{\"@type\":\"ListItem\",\"position\":2,\"name\":\"Precision Parts\",\"item\":\"https:\/\/cgf.janz.pt\/en\/precision-parts\/\"},{\"@type\":\"ListItem\",\"position\":3,\"name\":\"Aeronautics\"}]},{\"@type\":\"WebSite\",\"@id\":\"https:\/\/cgf.janz.pt\/#website\",\"url\":\"https:\/\/cgf.janz.pt\/\",\"name\":\"Janz - Contagem e Gest\u00e3o de Flu\u00eddos S.A.\",\"description\":\"Fabrica, comercializa e distribu\u00ed contadores de \u00e0gua, pe\u00e7as de precis\u00e3o e injec\u00e7\u00e3o de pl\u00e1sticos\",\"potentialAction\":[{\"@type\":\"SearchAction\",\"target\":{\"@type\":\"EntryPoint\",\"urlTemplate\":\"https:\/\/cgf.janz.pt\/?s={search_term_string}\"},\"query-input\":{\"@type\":\"PropertyValueSpecification\",\"valueRequired\":true,\"valueName\":\"search_term_string\"}}],\"inLanguage\":\"en-US\"}]}<\/script>\n<!-- \/ Yoast SEO plugin. -->","yoast_head_json":{"title":"Aeronautics | JANZ","description":"JANZ is one of the most experienced manufacturers of precision parts for the aeronautical industry in Portugal. Visit us ...","robots":{"index":"index","follow":"follow","max-snippet":"max-snippet:-1","max-image-preview":"max-image-preview:large","max-video-preview":"max-video-preview:-1"},"canonical":"https:\/\/cgf.janz.pt\/en\/precision-parts\/aeronautics\/","og_locale":"en_US","og_type":"article","og_title":"Aeronautics | JANZ","og_description":"JANZ is one of the most experienced manufacturers of precision parts for the aeronautical industry in Portugal. Visit us ...","og_url":"https:\/\/cgf.janz.pt\/en\/precision-parts\/aeronautics\/","og_site_name":"Janz - Contagem e Gest\u00e3o de Flu\u00eddos S.A.","article_modified_time":"2022-06-23T14:46:24+00:00","og_image":[{"width":1200,"height":628,"url":"https:\/\/cgf.janz.pt\/wp-content\/uploads\/2018\/10\/cgf.janz_.pt-redes-sociais.png","type":"image\/png"}],"twitter_card":"summary_large_image","twitter_misc":{"Est. reading time":"2 minutes"},"schema":{"@context":"https:\/\/schema.org","@graph":[{"@type":"WebPage","@id":"https:\/\/cgf.janz.pt\/en\/precision-parts\/aeronautics\/","url":"https:\/\/cgf.janz.pt\/en\/precision-parts\/aeronautics\/","name":"Aeronautics | JANZ","isPartOf":{"@id":"https:\/\/cgf.janz.pt\/#website"},"primaryImageOfPage":{"@id":"https:\/\/cgf.janz.pt\/en\/precision-parts\/aeronautics\/#primaryimage"},"image":{"@id":"https:\/\/cgf.janz.pt\/en\/precision-parts\/aeronautics\/#primaryimage"},"thumbnailUrl":"https:\/\/cgf.janz.pt\/wp-content\/uploads\/2022\/06\/IMG_1692.jpg","datePublished":"2019-02-06T09:53:25+00:00","dateModified":"2022-06-23T14:46:24+00:00","description":"JANZ is one of the most experienced manufacturers of precision parts for the aeronautical industry in Portugal. Visit us ...","breadcrumb":{"@id":"https:\/\/cgf.janz.pt\/en\/precision-parts\/aeronautics\/#breadcrumb"},"inLanguage":"en-US","potentialAction":[{"@type":"ReadAction","target":["https:\/\/cgf.janz.pt\/en\/precision-parts\/aeronautics\/"]}]},{"@type":"ImageObject","inLanguage":"en-US","@id":"https:\/\/cgf.janz.pt\/en\/precision-parts\/aeronautics\/#primaryimage","url":"https:\/\/cgf.janz.pt\/wp-content\/uploads\/2022\/06\/IMG_1692.jpg","contentUrl":"https:\/\/cgf.janz.pt\/wp-content\/uploads\/2022\/06\/IMG_1692.jpg","width":1000,"height":1500},{"@type":"BreadcrumbList","@id":"https:\/\/cgf.janz.pt\/en\/precision-parts\/aeronautics\/#breadcrumb","itemListElement":[{"@type":"ListItem","position":1,"name":"In\u00edcio","item":"https:\/\/cgf.janz.pt\/en\/"},{"@type":"ListItem","position":2,"name":"Precision Parts","item":"https:\/\/cgf.janz.pt\/en\/precision-parts\/"},{"@type":"ListItem","position":3,"name":"Aeronautics"}]},{"@type":"WebSite","@id":"https:\/\/cgf.janz.pt\/#website","url":"https:\/\/cgf.janz.pt\/","name":"Janz - Contagem e Gest\u00e3o de Flu\u00eddos S.A.","description":"Fabrica, comercializa e distribu\u00ed contadores de \u00e0gua, pe\u00e7as de precis\u00e3o e injec\u00e7\u00e3o de pl\u00e1sticos","potentialAction":[{"@type":"SearchAction","target":{"@type":"EntryPoint","urlTemplate":"https:\/\/cgf.janz.pt\/?s={search_term_string}"},"query-input":{"@type":"PropertyValueSpecification","valueRequired":true,"valueName":"search_term_string"}}],"inLanguage":"en-US"}]}},"_links":{"self":[{"href":"https:\/\/cgf.janz.pt\/en\/wp-json\/wp\/v2\/pages\/3243","targetHints":{"allow":["GET"]}}],"collection":[{"href":"https:\/\/cgf.janz.pt\/en\/wp-json\/wp\/v2\/pages"}],"about":[{"href":"https:\/\/cgf.janz.pt\/en\/wp-json\/wp\/v2\/types\/page"}],"author":[{"embeddable":true,"href":"https:\/\/cgf.janz.pt\/en\/wp-json\/wp\/v2\/users\/7"}],"replies":[{"embeddable":true,"href":"https:\/\/cgf.janz.pt\/en\/wp-json\/wp\/v2\/comments?post=3243"}],"version-history":[{"count":18,"href":"https:\/\/cgf.janz.pt\/en\/wp-json\/wp\/v2\/pages\/3243\/revisions"}],"predecessor-version":[{"id":7726,"href":"https:\/\/cgf.janz.pt\/en\/wp-json\/wp\/v2\/pages\/3243\/revisions\/7726"}],"up":[{"embeddable":true,"href":"https:\/\/cgf.janz.pt\/en\/wp-json\/wp\/v2\/pages\/3237"}],"wp:featuredmedia":[{"embeddable":true,"href":"https:\/\/cgf.janz.pt\/en\/wp-json\/wp\/v2\/media\/7585"}],"wp:attachment":[{"href":"https:\/\/cgf.janz.pt\/en\/wp-json\/wp\/v2\/media?parent=3243"}],"curies":[{"name":"wp","href":"https:\/\/api.w.org\/{rel}","templated":true}]}}