{"id":3237,"date":"2018-04-16T10:22:48","date_gmt":"2018-04-16T10:22:48","guid":{"rendered":"https:\/\/cgf.janz.pt\/?page_id=3237"},"modified":"2021-04-16T17:19:23","modified_gmt":"2021-04-16T16:19:23","slug":"precision-parts","status":"publish","type":"page","link":"https:\/\/cgf.janz.pt\/en\/precision-parts\/","title":{"rendered":"Precision Parts"},"content":{"rendered":"<div class=\"wpb-content-wrapper\"><p>[vc_row][vc_column][vc_cta h2=&#8221;PRECISION PARTS&#8221; h2_font_container=&#8221;color:%23003139&#8243; h2_use_theme_fonts=&#8221;yes&#8221; txt_align=&#8221;center&#8221; shape=&#8221;square&#8221; style=&#8221;custom&#8221; use_custom_fonts_h2=&#8221;true&#8221; el_class=&#8221;special_h2 special_white&#8221; css=&#8221;.vc_custom_1549446640639{border-top-width: 0px !important;border-right-width: 0px !important;border-bottom-width: 0px !important;border-left-width: 0px !important;}&#8221; custom_background=&#8221;#ffffff&#8221;][\/vc_cta][vc_column_text]Janz currently has equipment, technical skills and experience suitable for the production of metallic and non-metallic parts for 3 major business sectors: Industry; Aeronautics and Medical Devices.<\/p>\n<p>Experience working in these sectors means that the processes of series machining of a great diversity of materials are fully mastered.[\/vc_column_text][\/vc_column][\/vc_row][vc_row][vc_column]<div class=\"ds-child-display\">\n    <div class=\"container\">\n        <div class=\"row\">\n                            <div class=\"ds-child col-12 col-md-4 mt-3 mt-md-0\">\n                    <div class=\"thumb\" style=\"background-image:url('https:\/\/cgf.janz.pt\/wp-content\/uploads\/2022\/06\/IMG_1692.jpg');\">\n                        <a href=\"https:\/\/cgf.janz.pt\/en\/precision-parts\/aeronautics\/\">\n                            <div class=\"title\">\n                                Aeronautics                            <\/div>\n                        <\/a>\n                    <\/div>\n                    <div class=\"excerpt\">\n                                        <\/div>\n                <\/div>\n                                <div class=\"ds-child col-12 col-md-4 mt-3 mt-md-0\">\n                    <div class=\"thumb\" style=\"background-image:url('https:\/\/cgf.janz.pt\/wp-content\/uploads\/2022\/06\/IMG_1718.jpg');\">\n                        <a href=\"https:\/\/cgf.janz.pt\/en\/precision-parts\/medical-devices\/\">\n                            <div class=\"title\">\n                                Medical Devices                            <\/div>\n                        <\/a>\n                    <\/div>\n                    <div class=\"excerpt\">\n                                        <\/div>\n                <\/div>\n                                <div class=\"ds-child col-12 col-md-4 mt-3 mt-md-0\">\n                    <div class=\"thumb\" style=\"background-image:url('https:\/\/cgf.janz.pt\/wp-content\/uploads\/2022\/06\/IMG_1534.jpg');\">\n                        <a href=\"https:\/\/cgf.janz.pt\/en\/precision-parts\/industry\/\">\n                            <div class=\"title\">\n                                Industry                            <\/div>\n                        <\/a>\n                    <\/div>\n                    <div class=\"excerpt\">\n                                        <\/div>\n                <\/div>\n                        <\/div>\n    <\/div>\n<\/div>\n[\/vc_column][\/vc_row]<\/p>\n<\/div>","protected":false},"excerpt":{"rendered":"<p>[vc_row][vc_column][vc_cta h2=&#8221;PRECISION PARTS&#8221; h2_font_container=&#8221;color:%23003139&#8243; h2_use_theme_fonts=&#8221;yes&#8221; txt_align=&#8221;center&#8221; shape=&#8221;square&#8221; style=&#8221;custom&#8221; use_custom_fonts_h2=&#8221;true&#8221; el_class=&#8221;special_h2 special_white&#8221; css=&#8221;.vc_custom_1549446640639{border-top-width: 0px !important;border-right-width: 0px !important;border-bottom-width: 0px !important;border-left-width: 0px !important;}&#8221; [&hellip;]<\/p>\n","protected":false},"author":1,"featured_media":0,"parent":0,"menu_order":0,"comment_status":"closed","ping_status":"closed","template":"","meta":{"_acf_changed":false,"_monsterinsights_skip_tracking":false,"_monsterinsights_sitenote_active":false,"_monsterinsights_sitenote_note":"","_monsterinsights_sitenote_category":0,"footnotes":""},"class_list":["post-3237","page","type-page","status-publish","hentry"],"acf":[],"yoast_head":"<!-- This site is optimized with the Yoast SEO plugin v26.9 - https:\/\/yoast.com\/product\/yoast-seo-wordpress\/ -->\n<title>Precision Parts | JANZ<\/title>\n<meta name=\"description\" content=\"JANZ has equipment and experience in the production of metallic and non-metallic precision parts for industry, aeronautics and medical devices.\" \/>\n<meta name=\"robots\" content=\"index, follow, max-snippet:-1, max-image-preview:large, max-video-preview:-1\" \/>\n<link rel=\"canonical\" href=\"https:\/\/cgf.janz.pt\/en\/precision-parts\/\" \/>\n<meta property=\"og:locale\" content=\"en_US\" \/>\n<meta property=\"og:type\" content=\"article\" \/>\n<meta property=\"og:title\" content=\"Pe\u00e7as de Precis\u00e3o - CGF Janz - Contagem e Gest\u00e3o de Flu\u00eddos\" \/>\n<meta property=\"og:description\" content=\"Dispomos de equipamentos e experi\u00eancia na produ\u00e7\u00e3o de pe\u00e7as met\u00e1licas e n\u00e3o met\u00e1licas para Ind\u00fastria, Aeron\u00e1utica e Dispositivos M\u00e9dicos\" \/>\n<meta property=\"og:url\" content=\"https:\/\/cgf.janz.pt\/en\/precision-parts\/\" \/>\n<meta property=\"og:site_name\" content=\"Janz - Contagem e Gest\u00e3o de Flu\u00eddos S.A.\" \/>\n<meta property=\"article:modified_time\" content=\"2021-04-16T16:19:23+00:00\" \/>\n<meta property=\"og:image\" content=\"https:\/\/cgf.janz.pt\/wp-content\/uploads\/2018\/10\/cgf.janz_.pt-redes-sociais.png\" \/>\n\t<meta property=\"og:image:width\" content=\"1200\" \/>\n\t<meta property=\"og:image:height\" content=\"628\" \/>\n\t<meta property=\"og:image:type\" content=\"image\/png\" \/>\n<meta name=\"twitter:card\" content=\"summary_large_image\" \/>\n<meta name=\"twitter:label1\" content=\"Est. reading time\" \/>\n\t<meta name=\"twitter:data1\" content=\"1 minute\" \/>\n<script type=\"application\/ld+json\" class=\"yoast-schema-graph\">{\"@context\":\"https:\/\/schema.org\",\"@graph\":[{\"@type\":\"WebPage\",\"@id\":\"https:\/\/cgf.janz.pt\/en\/precision-parts\/\",\"url\":\"https:\/\/cgf.janz.pt\/en\/precision-parts\/\",\"name\":\"Precision Parts | JANZ\",\"isPartOf\":{\"@id\":\"https:\/\/cgf.janz.pt\/#website\"},\"datePublished\":\"2018-04-16T10:22:48+00:00\",\"dateModified\":\"2021-04-16T16:19:23+00:00\",\"description\":\"JANZ has equipment and experience in the production of metallic and non-metallic precision parts for industry, aeronautics and medical devices.\",\"breadcrumb\":{\"@id\":\"https:\/\/cgf.janz.pt\/en\/precision-parts\/#breadcrumb\"},\"inLanguage\":\"en-US\",\"potentialAction\":[{\"@type\":\"ReadAction\",\"target\":[\"https:\/\/cgf.janz.pt\/en\/precision-parts\/\"]}]},{\"@type\":\"BreadcrumbList\",\"@id\":\"https:\/\/cgf.janz.pt\/en\/precision-parts\/#breadcrumb\",\"itemListElement\":[{\"@type\":\"ListItem\",\"position\":1,\"name\":\"In\u00edcio\",\"item\":\"https:\/\/cgf.janz.pt\/en\/\"},{\"@type\":\"ListItem\",\"position\":2,\"name\":\"Precision Parts\"}]},{\"@type\":\"WebSite\",\"@id\":\"https:\/\/cgf.janz.pt\/#website\",\"url\":\"https:\/\/cgf.janz.pt\/\",\"name\":\"Janz - Contagem e Gest\u00e3o de Flu\u00eddos S.A.\",\"description\":\"Fabrica, comercializa e distribu\u00ed contadores de \u00e0gua, pe\u00e7as de precis\u00e3o e injec\u00e7\u00e3o de pl\u00e1sticos\",\"potentialAction\":[{\"@type\":\"SearchAction\",\"target\":{\"@type\":\"EntryPoint\",\"urlTemplate\":\"https:\/\/cgf.janz.pt\/?s={search_term_string}\"},\"query-input\":{\"@type\":\"PropertyValueSpecification\",\"valueRequired\":true,\"valueName\":\"search_term_string\"}}],\"inLanguage\":\"en-US\"}]}<\/script>\n<!-- \/ Yoast SEO plugin. -->","yoast_head_json":{"title":"Precision Parts | JANZ","description":"JANZ has equipment and experience in the production of metallic and non-metallic precision parts for industry, aeronautics and medical devices.","robots":{"index":"index","follow":"follow","max-snippet":"max-snippet:-1","max-image-preview":"max-image-preview:large","max-video-preview":"max-video-preview:-1"},"canonical":"https:\/\/cgf.janz.pt\/en\/precision-parts\/","og_locale":"en_US","og_type":"article","og_title":"Pe\u00e7as de Precis\u00e3o - CGF Janz - Contagem e Gest\u00e3o de Flu\u00eddos","og_description":"Dispomos de equipamentos e experi\u00eancia na produ\u00e7\u00e3o de pe\u00e7as met\u00e1licas e n\u00e3o met\u00e1licas para Ind\u00fastria, Aeron\u00e1utica e Dispositivos M\u00e9dicos","og_url":"https:\/\/cgf.janz.pt\/en\/precision-parts\/","og_site_name":"Janz - Contagem e Gest\u00e3o de Flu\u00eddos S.A.","article_modified_time":"2021-04-16T16:19:23+00:00","og_image":[{"width":1200,"height":628,"url":"https:\/\/cgf.janz.pt\/wp-content\/uploads\/2018\/10\/cgf.janz_.pt-redes-sociais.png","type":"image\/png"}],"twitter_card":"summary_large_image","twitter_misc":{"Est. reading time":"1 minute"},"schema":{"@context":"https:\/\/schema.org","@graph":[{"@type":"WebPage","@id":"https:\/\/cgf.janz.pt\/en\/precision-parts\/","url":"https:\/\/cgf.janz.pt\/en\/precision-parts\/","name":"Precision Parts | JANZ","isPartOf":{"@id":"https:\/\/cgf.janz.pt\/#website"},"datePublished":"2018-04-16T10:22:48+00:00","dateModified":"2021-04-16T16:19:23+00:00","description":"JANZ has equipment and experience in the production of metallic and non-metallic precision parts for industry, aeronautics and medical devices.","breadcrumb":{"@id":"https:\/\/cgf.janz.pt\/en\/precision-parts\/#breadcrumb"},"inLanguage":"en-US","potentialAction":[{"@type":"ReadAction","target":["https:\/\/cgf.janz.pt\/en\/precision-parts\/"]}]},{"@type":"BreadcrumbList","@id":"https:\/\/cgf.janz.pt\/en\/precision-parts\/#breadcrumb","itemListElement":[{"@type":"ListItem","position":1,"name":"In\u00edcio","item":"https:\/\/cgf.janz.pt\/en\/"},{"@type":"ListItem","position":2,"name":"Precision Parts"}]},{"@type":"WebSite","@id":"https:\/\/cgf.janz.pt\/#website","url":"https:\/\/cgf.janz.pt\/","name":"Janz - Contagem e Gest\u00e3o de Flu\u00eddos S.A.","description":"Fabrica, comercializa e distribu\u00ed contadores de \u00e0gua, pe\u00e7as de precis\u00e3o e injec\u00e7\u00e3o de pl\u00e1sticos","potentialAction":[{"@type":"SearchAction","target":{"@type":"EntryPoint","urlTemplate":"https:\/\/cgf.janz.pt\/?s={search_term_string}"},"query-input":{"@type":"PropertyValueSpecification","valueRequired":true,"valueName":"search_term_string"}}],"inLanguage":"en-US"}]}},"_links":{"self":[{"href":"https:\/\/cgf.janz.pt\/en\/wp-json\/wp\/v2\/pages\/3237","targetHints":{"allow":["GET"]}}],"collection":[{"href":"https:\/\/cgf.janz.pt\/en\/wp-json\/wp\/v2\/pages"}],"about":[{"href":"https:\/\/cgf.janz.pt\/en\/wp-json\/wp\/v2\/types\/page"}],"author":[{"embeddable":true,"href":"https:\/\/cgf.janz.pt\/en\/wp-json\/wp\/v2\/users\/1"}],"replies":[{"embeddable":true,"href":"https:\/\/cgf.janz.pt\/en\/wp-json\/wp\/v2\/comments?post=3237"}],"version-history":[{"count":6,"href":"https:\/\/cgf.janz.pt\/en\/wp-json\/wp\/v2\/pages\/3237\/revisions"}],"predecessor-version":[{"id":4032,"href":"https:\/\/cgf.janz.pt\/en\/wp-json\/wp\/v2\/pages\/3237\/revisions\/4032"}],"wp:attachment":[{"href":"https:\/\/cgf.janz.pt\/en\/wp-json\/wp\/v2\/media?parent=3237"}],"curies":[{"name":"wp","href":"https:\/\/api.w.org\/{rel}","templated":true}]}}