{"id":10107,"date":"2024-11-06T09:27:36","date_gmt":"2024-11-06T09:27:36","guid":{"rendered":"https:\/\/cgf.janz.pt\/?page_id=10107"},"modified":"2026-04-16T15:01:09","modified_gmt":"2026-04-16T14:01:09","slug":"declaration-of-conformity-water-meters","status":"publish","type":"page","link":"https:\/\/cgf.janz.pt\/en\/quem-somos\/declaration-of-conformity-water-meters\/","title":{"rendered":"Declaration of Conformity"},"content":{"rendered":"<div class=\"wpb-content-wrapper\"><p>[vc_row][vc_column][vc_cta h2=&#8221;Declaration of Conformity&#8221; style=&#8221;custom&#8221; css=&#8221;&#8221; el_class=&#8221;special_h2 special_white&#8221;]JANZ water meters are developed according to the highest standards, see their Declarations of Conformity here:<\/p>\n<ul>\n<li><a href=\"https:\/\/cgf.janz.pt\/wp-content\/uploads\/2024\/11\/Declaracao-de-Conformidade-_-SMARTIO.pdf\">SmartIO product range<\/a><\/li>\n<li><a href=\"https:\/\/cgf.janz.pt\/wp-content\/uploads\/2024\/11\/Declaracao-de-Conformidade-_-JV400-JV400e.pdf\">JV400 and JV400e product ranges\u00a0<\/a><\/li>\n<li><a href=\"https:\/\/cgf.janz.pt\/wp-content\/uploads\/2024\/11\/Declaracao-de-Conformidade-_-JV600-JV600e-JV800-JV800e.pdf\">JV600, JV600e, JV800 and JV800e product ranges<\/a><\/li>\n<li><a href=\"https:\/\/cgf.janz.pt\/wp-content\/uploads\/2024\/11\/Declaracao-de-Conformidade-_-JM600-JM300-C300-JM600e-JM300e-C300e.pdf\">JM300, JM300e, JM600 and JM600e product ranges<\/a><\/li>\n<li><a href=\"https:\/\/cgf.janz.pt\/wp-content\/uploads\/2024\/11\/Declaracao-de-Conformidade-_-JT200.pdf\">JT200 product range<\/a><\/li>\n<li><a href=\"https:\/\/cgf.janz.pt\/wp-content\/uploads\/2024\/11\/Declaracao-de-Conformidade-_-JT250.pdf\">JT250 product range<\/a><\/li>\n<li><a href=\"https:\/\/cgf.janz.pt\/wp-content\/uploads\/2024\/11\/Declaracao-de-Conformidade-_-CU_.pdf\">Combi product range<\/a><\/li>\n<li><a href=\"https:\/\/cgf.janz.pt\/wp-content\/uploads\/2024\/11\/Declaracao-de-Conformidade-_-MST_.pdf\">MST product range<\/a><\/li>\n<li><a href=\"https:\/\/cgf.janz.pt\/wp-content\/uploads\/2024\/11\/Declaracao-de-Conformidade-_-MSV-1515-MSV2520-MSV-2525-MSV-3525.pdf\">MSV product range<\/a><\/li>\n<li><a href=\"https:\/\/cgf.janz.pt\/wp-content\/uploads\/2026\/04\/Declaracao-de-Conformidade_MYDATA.pdf\">MYDATA Data Collector<\/a><\/li>\n<\/ul>\n<p>[\/vc_cta][\/vc_column][\/vc_row]<\/p>\n<\/div>","protected":false},"excerpt":{"rendered":"<p>[vc_row][vc_column][vc_cta h2=&#8221;Declaration of Conformity&#8221; style=&#8221;custom&#8221; css=&#8221;&#8221; el_class=&#8221;special_h2 special_white&#8221;]JANZ water meters are developed according to the highest standards, see their Declarations [&hellip;]<\/p>\n","protected":false},"author":9,"featured_media":9787,"parent":2976,"menu_order":0,"comment_status":"closed","ping_status":"closed","template":"","meta":{"_acf_changed":false,"_monsterinsights_skip_tracking":false,"_monsterinsights_sitenote_active":false,"_monsterinsights_sitenote_note":"","_monsterinsights_sitenote_category":0,"footnotes":""},"class_list":["post-10107","page","type-page","status-publish","has-post-thumbnail","hentry"],"acf":[],"yoast_head":"<!-- This site is optimized with the Yoast SEO plugin v26.9 - https:\/\/yoast.com\/product\/yoast-seo-wordpress\/ -->\n<title>Declarations of Conformity Water Meters - JANZ<\/title>\n<meta name=\"description\" content=\"JANZ water meters are developed according to the highest standards, see their Declarations of Conformity here.\" \/>\n<meta name=\"robots\" content=\"index, follow, max-snippet:-1, max-image-preview:large, max-video-preview:-1\" \/>\n<link rel=\"canonical\" href=\"https:\/\/cgf.janz.pt\/en\/quem-somos\/declaration-of-conformity-water-meters\/\" \/>\n<meta property=\"og:locale\" content=\"en_US\" \/>\n<meta property=\"og:type\" content=\"article\" \/>\n<meta property=\"og:title\" content=\"Declarations of Conformity Water Meters - JANZ\" \/>\n<meta property=\"og:description\" content=\"JANZ water meters are developed according to the highest standards, see their Declarations of Conformity here.\" \/>\n<meta property=\"og:url\" content=\"https:\/\/cgf.janz.pt\/en\/quem-somos\/declaration-of-conformity-water-meters\/\" \/>\n<meta property=\"og:site_name\" content=\"Janz - Contagem e Gest\u00e3o de Flu\u00eddos S.A.\" \/>\n<meta property=\"article:modified_time\" content=\"2026-04-16T14:01:09+00:00\" \/>\n<meta property=\"og:image\" content=\"https:\/\/cgf.janz.pt\/wp-content\/uploads\/2024\/10\/Janz_Smartio_DN15-1-1024x683.png\" \/>\n\t<meta property=\"og:image:width\" content=\"1024\" \/>\n\t<meta property=\"og:image:height\" content=\"683\" \/>\n\t<meta property=\"og:image:type\" content=\"image\/png\" \/>\n<meta name=\"twitter:card\" content=\"summary_large_image\" \/>\n<meta name=\"twitter:label1\" content=\"Est. reading time\" \/>\n\t<meta name=\"twitter:data1\" content=\"1 minute\" \/>\n<script type=\"application\/ld+json\" class=\"yoast-schema-graph\">{\"@context\":\"https:\/\/schema.org\",\"@graph\":[{\"@type\":\"WebPage\",\"@id\":\"https:\/\/cgf.janz.pt\/en\/quem-somos\/declaration-of-conformity-water-meters\/\",\"url\":\"https:\/\/cgf.janz.pt\/en\/quem-somos\/declaration-of-conformity-water-meters\/\",\"name\":\"Declarations of Conformity Water Meters - JANZ\",\"isPartOf\":{\"@id\":\"https:\/\/cgf.janz.pt\/#website\"},\"primaryImageOfPage\":{\"@id\":\"https:\/\/cgf.janz.pt\/en\/quem-somos\/declaration-of-conformity-water-meters\/#primaryimage\"},\"image\":{\"@id\":\"https:\/\/cgf.janz.pt\/en\/quem-somos\/declaration-of-conformity-water-meters\/#primaryimage\"},\"thumbnailUrl\":\"https:\/\/cgf.janz.pt\/wp-content\/uploads\/2024\/10\/Janz_Smartio_DN15-1.png\",\"datePublished\":\"2024-11-06T09:27:36+00:00\",\"dateModified\":\"2026-04-16T14:01:09+00:00\",\"description\":\"JANZ water meters are developed according to the highest standards, see their Declarations of Conformity here.\",\"breadcrumb\":{\"@id\":\"https:\/\/cgf.janz.pt\/en\/quem-somos\/declaration-of-conformity-water-meters\/#breadcrumb\"},\"inLanguage\":\"en-US\",\"potentialAction\":[{\"@type\":\"ReadAction\",\"target\":[\"https:\/\/cgf.janz.pt\/en\/quem-somos\/declaration-of-conformity-water-meters\/\"]}]},{\"@type\":\"ImageObject\",\"inLanguage\":\"en-US\",\"@id\":\"https:\/\/cgf.janz.pt\/en\/quem-somos\/declaration-of-conformity-water-meters\/#primaryimage\",\"url\":\"https:\/\/cgf.janz.pt\/wp-content\/uploads\/2024\/10\/Janz_Smartio_DN15-1.png\",\"contentUrl\":\"https:\/\/cgf.janz.pt\/wp-content\/uploads\/2024\/10\/Janz_Smartio_DN15-1.png\",\"width\":5760,\"height\":3840,\"caption\":\"Ultrasonic water meter\"},{\"@type\":\"BreadcrumbList\",\"@id\":\"https:\/\/cgf.janz.pt\/en\/quem-somos\/declaration-of-conformity-water-meters\/#breadcrumb\",\"itemListElement\":[{\"@type\":\"ListItem\",\"position\":1,\"name\":\"In\u00edcio\",\"item\":\"https:\/\/cgf.janz.pt\/en\/\"},{\"@type\":\"ListItem\",\"position\":2,\"name\":\"Company\",\"item\":\"https:\/\/cgf.janz.pt\/en\/quem-somos\/\"},{\"@type\":\"ListItem\",\"position\":3,\"name\":\"Declaration of Conformity\"}]},{\"@type\":\"WebSite\",\"@id\":\"https:\/\/cgf.janz.pt\/#website\",\"url\":\"https:\/\/cgf.janz.pt\/\",\"name\":\"Janz - Contagem e Gest\u00e3o de Flu\u00eddos S.A.\",\"description\":\"Fabrica, comercializa e distribu\u00ed contadores de \u00e0gua, pe\u00e7as de precis\u00e3o e injec\u00e7\u00e3o de pl\u00e1sticos\",\"potentialAction\":[{\"@type\":\"SearchAction\",\"target\":{\"@type\":\"EntryPoint\",\"urlTemplate\":\"https:\/\/cgf.janz.pt\/?s={search_term_string}\"},\"query-input\":{\"@type\":\"PropertyValueSpecification\",\"valueRequired\":true,\"valueName\":\"search_term_string\"}}],\"inLanguage\":\"en-US\"}]}<\/script>\n<!-- \/ Yoast SEO plugin. -->","yoast_head_json":{"title":"Declarations of Conformity Water Meters - JANZ","description":"JANZ water meters are developed according to the highest standards, see their Declarations of Conformity here.","robots":{"index":"index","follow":"follow","max-snippet":"max-snippet:-1","max-image-preview":"max-image-preview:large","max-video-preview":"max-video-preview:-1"},"canonical":"https:\/\/cgf.janz.pt\/en\/quem-somos\/declaration-of-conformity-water-meters\/","og_locale":"en_US","og_type":"article","og_title":"Declarations of Conformity Water Meters - JANZ","og_description":"JANZ water meters are developed according to the highest standards, see their Declarations of Conformity here.","og_url":"https:\/\/cgf.janz.pt\/en\/quem-somos\/declaration-of-conformity-water-meters\/","og_site_name":"Janz - Contagem e Gest\u00e3o de Flu\u00eddos S.A.","article_modified_time":"2026-04-16T14:01:09+00:00","og_image":[{"width":1024,"height":683,"url":"https:\/\/cgf.janz.pt\/wp-content\/uploads\/2024\/10\/Janz_Smartio_DN15-1-1024x683.png","type":"image\/png"}],"twitter_card":"summary_large_image","twitter_misc":{"Est. reading time":"1 minute"},"schema":{"@context":"https:\/\/schema.org","@graph":[{"@type":"WebPage","@id":"https:\/\/cgf.janz.pt\/en\/quem-somos\/declaration-of-conformity-water-meters\/","url":"https:\/\/cgf.janz.pt\/en\/quem-somos\/declaration-of-conformity-water-meters\/","name":"Declarations of Conformity Water Meters - JANZ","isPartOf":{"@id":"https:\/\/cgf.janz.pt\/#website"},"primaryImageOfPage":{"@id":"https:\/\/cgf.janz.pt\/en\/quem-somos\/declaration-of-conformity-water-meters\/#primaryimage"},"image":{"@id":"https:\/\/cgf.janz.pt\/en\/quem-somos\/declaration-of-conformity-water-meters\/#primaryimage"},"thumbnailUrl":"https:\/\/cgf.janz.pt\/wp-content\/uploads\/2024\/10\/Janz_Smartio_DN15-1.png","datePublished":"2024-11-06T09:27:36+00:00","dateModified":"2026-04-16T14:01:09+00:00","description":"JANZ water meters are developed according to the highest standards, see their Declarations of Conformity here.","breadcrumb":{"@id":"https:\/\/cgf.janz.pt\/en\/quem-somos\/declaration-of-conformity-water-meters\/#breadcrumb"},"inLanguage":"en-US","potentialAction":[{"@type":"ReadAction","target":["https:\/\/cgf.janz.pt\/en\/quem-somos\/declaration-of-conformity-water-meters\/"]}]},{"@type":"ImageObject","inLanguage":"en-US","@id":"https:\/\/cgf.janz.pt\/en\/quem-somos\/declaration-of-conformity-water-meters\/#primaryimage","url":"https:\/\/cgf.janz.pt\/wp-content\/uploads\/2024\/10\/Janz_Smartio_DN15-1.png","contentUrl":"https:\/\/cgf.janz.pt\/wp-content\/uploads\/2024\/10\/Janz_Smartio_DN15-1.png","width":5760,"height":3840,"caption":"Ultrasonic water meter"},{"@type":"BreadcrumbList","@id":"https:\/\/cgf.janz.pt\/en\/quem-somos\/declaration-of-conformity-water-meters\/#breadcrumb","itemListElement":[{"@type":"ListItem","position":1,"name":"In\u00edcio","item":"https:\/\/cgf.janz.pt\/en\/"},{"@type":"ListItem","position":2,"name":"Company","item":"https:\/\/cgf.janz.pt\/en\/quem-somos\/"},{"@type":"ListItem","position":3,"name":"Declaration of Conformity"}]},{"@type":"WebSite","@id":"https:\/\/cgf.janz.pt\/#website","url":"https:\/\/cgf.janz.pt\/","name":"Janz - Contagem e Gest\u00e3o de Flu\u00eddos S.A.","description":"Fabrica, comercializa e distribu\u00ed contadores de \u00e0gua, pe\u00e7as de precis\u00e3o e injec\u00e7\u00e3o de pl\u00e1sticos","potentialAction":[{"@type":"SearchAction","target":{"@type":"EntryPoint","urlTemplate":"https:\/\/cgf.janz.pt\/?s={search_term_string}"},"query-input":{"@type":"PropertyValueSpecification","valueRequired":true,"valueName":"search_term_string"}}],"inLanguage":"en-US"}]}},"_links":{"self":[{"href":"https:\/\/cgf.janz.pt\/en\/wp-json\/wp\/v2\/pages\/10107","targetHints":{"allow":["GET"]}}],"collection":[{"href":"https:\/\/cgf.janz.pt\/en\/wp-json\/wp\/v2\/pages"}],"about":[{"href":"https:\/\/cgf.janz.pt\/en\/wp-json\/wp\/v2\/types\/page"}],"author":[{"embeddable":true,"href":"https:\/\/cgf.janz.pt\/en\/wp-json\/wp\/v2\/users\/9"}],"replies":[{"embeddable":true,"href":"https:\/\/cgf.janz.pt\/en\/wp-json\/wp\/v2\/comments?post=10107"}],"version-history":[{"count":9,"href":"https:\/\/cgf.janz.pt\/en\/wp-json\/wp\/v2\/pages\/10107\/revisions"}],"predecessor-version":[{"id":11980,"href":"https:\/\/cgf.janz.pt\/en\/wp-json\/wp\/v2\/pages\/10107\/revisions\/11980"}],"up":[{"embeddable":true,"href":"https:\/\/cgf.janz.pt\/en\/wp-json\/wp\/v2\/pages\/2976"}],"wp:featuredmedia":[{"embeddable":true,"href":"https:\/\/cgf.janz.pt\/en\/wp-json\/wp\/v2\/media\/9787"}],"wp:attachment":[{"href":"https:\/\/cgf.janz.pt\/en\/wp-json\/wp\/v2\/media?parent=10107"}],"curies":[{"name":"wp","href":"https:\/\/api.w.org\/{rel}","templated":true}]}}